{"id":135,"date":"2020-04-01T20:45:45","date_gmt":"2020-04-02T01:45:45","guid":{"rendered":"http:\/\/190.121.143.197\/atencionalusuario\/?page_id=135"},"modified":"2020-04-02T09:33:38","modified_gmt":"2020-04-02T14:33:38","slug":"chat-en-linea","status":"publish","type":"page","link":"https:\/\/www.iser.edu.co\/index.php\/chat-en-linea\/","title":{"rendered":"CHAT EN LINEA"},"content":{"rendered":"\n<p class=\"has-text-align-left\"> El chat en\u00a0l\u00ednea ofrece al visitante a su sitio una inmediatez que el tel\u00e9fono, el correo electr\u00f3nico, o incluso las redes sociales no ofrecen.\u00a0En el momento en que el cliente tiene una consulta, ya sea de alg\u00fan producto o servicio, o quiz\u00e1s una pregunta t\u00e9cnica sobre la p\u00e1gina o las formas de pago, el acceso a una persona real es inmediato por medio del chat. \u00a0Es una forma de contacto simple y de muy bajo riesgo para un visitante a su sitio web.<\/p>\n\n\n\n<p class=\"has-text-align-left\">Para iniciar el chat en linea ubicamos la burbuja de chat al lado derecho de nuestra pantalla.<\/p>\n\n\n\n<figure class=\"wp-block-image size-large\"><img fetchpriority=\"high\" decoding=\"async\" width=\"1024\" height=\"452\" src=\"data:image\/gif;base64,R0lGODlhAQABAAAAACH5BAEKAAEALAAAAAABAAEAAAICTAEAOw==\" alt=\"\" class=\"wp-image-158 lazyload\" sizes=\"(max-width: 1024px) 100vw, 1024px\" data-src=\"http:\/\/190.121.143.197\/atencionalusuario\/wp-content\/uploads\/2020\/04\/image-1024x452.png\" data-srcset=\"https:\/\/www.iser.edu.co\/wp-content\/uploads\/2020\/04\/image-1024x452.png 1024w, https:\/\/www.iser.edu.co\/wp-content\/uploads\/2020\/04\/image-300x133.png 300w, https:\/\/www.iser.edu.co\/wp-content\/uploads\/2020\/04\/image-768x339.png 768w, https:\/\/www.iser.edu.co\/wp-content\/uploads\/2020\/04\/image.png 1365w\"><\/figure>\n\n\n\n<p>Al ingresar escribimos un mensaje y seleccionamos enviar, el chat nos pedir\u00e1 nuestros datos de acceso.<\/p>\n\n\n\n<div class=\"wp-block-image\"><figure class=\"aligncenter size-large is-resized\"><img decoding=\"async\" src=\"data:image\/gif;base64,R0lGODlhAQABAAAAACH5BAEKAAEALAAAAAABAAEAAAICTAEAOw==\" alt=\"\" class=\"wp-image-159 lazyload\" width=\"251\" height=\"356\" sizes=\"(max-width: 251px) 100vw, 251px\" data-src=\"http:\/\/190.121.143.197\/atencionalusuario\/wp-content\/uploads\/2020\/04\/image-1.png\" data-srcset=\"https:\/\/www.iser.edu.co\/wp-content\/uploads\/2020\/04\/image-1.png 443w, https:\/\/www.iser.edu.co\/wp-content\/uploads\/2020\/04\/image-1-212x300.png 212w\"><\/figure><\/div>\n\n\n\n<p class=\"has-text-align-left\"> <script src=\"\/\/code.tidio.co\/mfkb3tlaixnqelyzfq9kiqgktfs4a1dt.js\" async=\"\">&lt;\/p><\/script><\/p>\n\n\n\n<div class=\"wp-block-image\"><figure class=\"aligncenter size-large is-resized\"><img decoding=\"async\" src=\"data:image\/gif;base64,R0lGODlhAQABAAAAACH5BAEKAAEALAAAAAABAAEAAAICTAEAOw==\" alt=\"\" class=\"wp-image-160 lazyload\" width=\"286\" height=\"382\" sizes=\"(max-width: 286px) 100vw, 286px\" data-src=\"http:\/\/190.121.143.197\/atencionalusuario\/wp-content\/uploads\/2020\/04\/image-2.png\" data-srcset=\"https:\/\/www.iser.edu.co\/wp-content\/uploads\/2020\/04\/image-2.png 449w, https:\/\/www.iser.edu.co\/wp-content\/uploads\/2020\/04\/image-2-224x300.png 224w\"><\/figure><\/div>\n\n\n\n<p>Ya una ves nos registramos iniciamos el chat.<\/p>\n\n\n\n<div class=\"wp-block-image\"><figure class=\"aligncenter size-large is-resized\"><img loading=\"lazy\" decoding=\"async\" src=\"data:image\/gif;base64,R0lGODlhAQABAAAAACH5BAEKAAEALAAAAAABAAEAAAICTAEAOw==\" alt=\"\" class=\"wp-image-161 lazyload\" width=\"272\" height=\"400\" sizes=\"(max-width: 272px) 100vw, 272px\" data-src=\"http:\/\/190.121.143.197\/atencionalusuario\/wp-content\/uploads\/2020\/04\/image-3.png\" data-srcset=\"https:\/\/www.iser.edu.co\/wp-content\/uploads\/2020\/04\/image-3.png 409w, https:\/\/www.iser.edu.co\/wp-content\/uploads\/2020\/04\/image-3-205x300.png 205w\"><\/figure><\/div>\n\n\n\n<p><\/p>\n<div class=\"pvc_clear\"><\/div><p id=\"pvc_stats_135\" class=\"pvc_stats all  \" data-element-id=\"135\" style=\"\"><i class=\"pvc-stats-icon medium\" aria-hidden=\"true\"><svg aria-hidden=\"true\" focusable=\"false\" data-prefix=\"far\" data-icon=\"chart-bar\" role=\"img\" xmlns=\"http:\/\/www.w3.org\/2000\/svg\" viewBox=\"0 0 512 512\" class=\"svg-inline--fa fa-chart-bar fa-w-16 fa-2x\"><path fill=\"currentColor\" d=\"M396.8 352h22.4c6.4 0 12.8-6.4 12.8-12.8V108.8c0-6.4-6.4-12.8-12.8-12.8h-22.4c-6.4 0-12.8 6.4-12.8 12.8v230.4c0 6.4 6.4 12.8 12.8 12.8zm-192 0h22.4c6.4 0 12.8-6.4 12.8-12.8V140.8c0-6.4-6.4-12.8-12.8-12.8h-22.4c-6.4 0-12.8 6.4-12.8 12.8v198.4c0 6.4 6.4 12.8 12.8 12.8zm96 0h22.4c6.4 0 12.8-6.4 12.8-12.8V204.8c0-6.4-6.4-12.8-12.8-12.8h-22.4c-6.4 0-12.8 6.4-12.8 12.8v134.4c0 6.4 6.4 12.8 12.8 12.8zM496 400H48V80c0-8.84-7.16-16-16-16H16C7.16 64 0 71.16 0 80v336c0 17.67 14.33 32 32 32h464c8.84 0 16-7.16 16-16v-16c0-8.84-7.16-16-16-16zm-387.2-48h22.4c6.4 0 12.8-6.4 12.8-12.8v-70.4c0-6.4-6.4-12.8-12.8-12.8h-22.4c-6.4 0-12.8 6.4-12.8 12.8v70.4c0 6.4 6.4 12.8 12.8 12.8z\" class=\"\"><\/path><\/svg><\/i> <img loading=\"lazy\" decoding=\"async\" width=\"16\" height=\"16\" alt=\"Loading\" src=\"data:image\/gif;base64,R0lGODlhAQABAAAAACH5BAEKAAEALAAAAAABAAEAAAICTAEAOw==\" class=\"lazyload\" data-src=\"https:\/\/www.iser.edu.co\/wp-content\/plugins\/page-views-count\/ajax-loader-2x.gif\"><\/p><div class=\"pvc_clear\"><\/div>","protected":false},"excerpt":{"rendered":"<p>El chat en\u00a0l\u00ednea ofrece al visitante a su sitio una inmediatez que el tel\u00e9fono, el correo electr\u00f3nico, o incluso las redes sociales no ofrecen.\u00a0En el momento en que el cliente tiene una consulta, ya sea de alg\u00fan producto o servicio, o quiz\u00e1s una pregunta t\u00e9cnica sobre la p\u00e1gina o las formas de pago, el acceso&#8230;<\/p>\n<div class=\"pvc_clear\"><\/div>\n<p id=\"pvc_stats_135\" class=\"pvc_stats all  \" data-element-id=\"135\" style=\"\"><i class=\"pvc-stats-icon medium\" aria-hidden=\"true\"><svg aria-hidden=\"true\" focusable=\"false\" data-prefix=\"far\" data-icon=\"chart-bar\" role=\"img\" xmlns=\"http:\/\/www.w3.org\/2000\/svg\" viewBox=\"0 0 512 512\" class=\"svg-inline--fa fa-chart-bar fa-w-16 fa-2x\"><path fill=\"currentColor\" d=\"M396.8 352h22.4c6.4 0 12.8-6.4 12.8-12.8V108.8c0-6.4-6.4-12.8-12.8-12.8h-22.4c-6.4 0-12.8 6.4-12.8 12.8v230.4c0 6.4 6.4 12.8 12.8 12.8zm-192 0h22.4c6.4 0 12.8-6.4 12.8-12.8V140.8c0-6.4-6.4-12.8-12.8-12.8h-22.4c-6.4 0-12.8 6.4-12.8 12.8v198.4c0 6.4 6.4 12.8 12.8 12.8zm96 0h22.4c6.4 0 12.8-6.4 12.8-12.8V204.8c0-6.4-6.4-12.8-12.8-12.8h-22.4c-6.4 0-12.8 6.4-12.8 12.8v134.4c0 6.4 6.4 12.8 12.8 12.8zM496 400H48V80c0-8.84-7.16-16-16-16H16C7.16 64 0 71.16 0 80v336c0 17.67 14.33 32 32 32h464c8.84 0 16-7.16 16-16v-16c0-8.84-7.16-16-16-16zm-387.2-48h22.4c6.4 0 12.8-6.4 12.8-12.8v-70.4c0-6.4-6.4-12.8-12.8-12.8h-22.4c-6.4 0-12.8 6.4-12.8 12.8v70.4c0 6.4 6.4 12.8 12.8 12.8z\" class=\"\"><\/path><\/svg><\/i> <img loading=\"lazy\" decoding=\"async\" width=\"16\" height=\"16\" alt=\"Loading\" src=\"https:\/\/www.iser.edu.co\/wp-content\/plugins\/page-views-count\/ajax-loader-2x.gif\" border=0 \/><\/p>\n<div class=\"pvc_clear\"><\/div>\n","protected":false},"author":1,"featured_media":0,"parent":0,"menu_order":0,"comment_status":"closed","ping_status":"closed","template":"","meta":{"_kadence_starter_templates_imported_post":false,"_kad_post_transparent":"","_kad_post_title":"","_kad_post_layout":"","_kad_post_sidebar_id":"","_kad_post_content_style":"","_kad_post_vertical_padding":"","_kad_post_feature":"","_kad_post_feature_position":"","_kad_post_header":false,"_kad_post_footer":false,"footnotes":""},"_links":{"self":[{"href":"https:\/\/www.iser.edu.co\/index.php\/wp-json\/wp\/v2\/pages\/135"}],"collection":[{"href":"https:\/\/www.iser.edu.co\/index.php\/wp-json\/wp\/v2\/pages"}],"about":[{"href":"https:\/\/www.iser.edu.co\/index.php\/wp-json\/wp\/v2\/types\/page"}],"author":[{"embeddable":true,"href":"https:\/\/www.iser.edu.co\/index.php\/wp-json\/wp\/v2\/users\/1"}],"replies":[{"embeddable":true,"href":"https:\/\/www.iser.edu.co\/index.php\/wp-json\/wp\/v2\/comments?post=135"}],"version-history":[{"count":0,"href":"https:\/\/www.iser.edu.co\/index.php\/wp-json\/wp\/v2\/pages\/135\/revisions"}],"wp:attachment":[{"href":"https:\/\/www.iser.edu.co\/index.php\/wp-json\/wp\/v2\/media?parent=135"}],"curies":[{"name":"wp","href":"https:\/\/api.w.org\/{rel}","templated":true}]}}