{"id":13637,"date":"2024-08-06T17:27:02","date_gmt":"2024-08-06T22:27:02","guid":{"rendered":"https:\/\/www.iser.edu.co\/?page_id=13637"},"modified":"2024-09-13T12:11:00","modified_gmt":"2024-09-13T17:11:00","slug":"vi-cvi-congreso-nacional-de-evaluacion-calidad-y-acreditacion-en-educacion-superior-el-enfoque-intercultural-en-educacion","status":"publish","type":"page","link":"https:\/\/www.iser.edu.co\/index.php\/vi-cvi-congreso-nacional-de-evaluacion-calidad-y-acreditacion-en-educacion-superior-el-enfoque-intercultural-en-educacion\/","title":{"rendered":"VI CONGRESO NACIONAL DE EVALUACI\u00d3N, CALIDAD Y ACREDITACI\u00d3N EN EDUCACI\u00d3N SUPERIOR: el enfoque intercultural en educaci\u00f3n"},"content":{"rendered":"\t\t<div data-elementor-type=\"wp-page\" data-elementor-id=\"13637\" class=\"elementor elementor-13637\" data-elementor-post-type=\"page\">\n\t\t\t\t\t\t<section class=\"elementor-section elementor-top-section elementor-element elementor-element-d4e75b4 elementor-section-boxed elementor-section-height-default elementor-section-height-default\" data-id=\"d4e75b4\" data-element_type=\"section\" data-settings=\"{&quot;jet_parallax_layout_list&quot;:[],&quot;_ha_eqh_enable&quot;:false}\">\n\t\t\t\t\t\t<div class=\"elementor-container elementor-column-gap-default\">\n\t\t\t\t\t<div class=\"elementor-column elementor-col-100 elementor-top-column elementor-element elementor-element-5d25571\" data-id=\"5d25571\" data-element_type=\"column\">\n\t\t\t<div class=\"elementor-widget-wrap elementor-element-populated\">\n\t\t\t\t\t\t<div class=\"elementor-element elementor-element-ae609d0 elementor-widget elementor-widget-image\" data-id=\"ae609d0\" data-element_type=\"widget\" data-widget_type=\"image.default\">\n\t\t\t\t<div class=\"elementor-widget-container\">\n\t\t\t\t\t\t\t\t\t\t\t\t\t<img fetchpriority=\"high\" decoding=\"async\" width=\"1024\" height=\"384\" src=\"data:image\/gif;base64,R0lGODlhAQABAAAAACH5BAEKAAEALAAAAAABAAEAAAICTAEAOw==\" class=\"attachment-large size-large wp-image-14517 lazyload\" alt=\"\" sizes=\"(max-width: 1024px) 100vw, 1024px\" data-src=\"https:\/\/www.iser.edu.co\/wp-content\/uploads\/2024\/09\/BANNER-CONGRESO-INVESTIGACION-01-1024x384.jpg\" data-srcset=\"https:\/\/www.iser.edu.co\/wp-content\/uploads\/2024\/09\/BANNER-CONGRESO-INVESTIGACION-01-1024x384.jpg 1024w, https:\/\/www.iser.edu.co\/wp-content\/uploads\/2024\/09\/BANNER-CONGRESO-INVESTIGACION-01-300x112.jpg 300w, https:\/\/www.iser.edu.co\/wp-content\/uploads\/2024\/09\/BANNER-CONGRESO-INVESTIGACION-01-768x288.jpg 768w, https:\/\/www.iser.edu.co\/wp-content\/uploads\/2024\/09\/BANNER-CONGRESO-INVESTIGACION-01-1536x576.jpg 1536w, https:\/\/www.iser.edu.co\/wp-content\/uploads\/2024\/09\/BANNER-CONGRESO-INVESTIGACION-01-2048x768.jpg 2048w\">\t\t\t\t\t\t\t\t\t\t\t\t\t<\/div>\n\t\t\t\t<\/div>\n\t\t\t\t\t<\/div>\n\t\t<\/div>\n\t\t\t\t\t<\/div>\n\t\t<\/section>\n\t\t\t\t<section class=\"elementor-section elementor-top-section elementor-element elementor-element-878fef3 elementor-section-boxed elementor-section-height-default elementor-section-height-default\" data-id=\"878fef3\" data-element_type=\"section\" data-settings=\"{&quot;jet_parallax_layout_list&quot;:[],&quot;_ha_eqh_enable&quot;:false}\">\n\t\t\t\t\t\t<div class=\"elementor-container elementor-column-gap-default\">\n\t\t\t\t\t<div class=\"elementor-column elementor-col-100 elementor-top-column elementor-element elementor-element-b5aa404\" data-id=\"b5aa404\" data-element_type=\"column\">\n\t\t\t<div class=\"elementor-widget-wrap elementor-element-populated\">\n\t\t\t\t\t\t<div class=\"elementor-element elementor-element-fceaf3a elementor-widget-divider--view-line elementor-widget elementor-widget-divider\" data-id=\"fceaf3a\" data-element_type=\"widget\" data-widget_type=\"divider.default\">\n\t\t\t\t<div class=\"elementor-widget-container\">\n\t\t\t\t\t<div class=\"elementor-divider\">\n\t\t\t<span class=\"elementor-divider-separator\">\n\t\t\t\t\t\t<\/span>\n\t\t<\/div>\n\t\t\t\t<\/div>\n\t\t\t\t<\/div>\n\t\t\t\t\t<\/div>\n\t\t<\/div>\n\t\t\t\t\t<\/div>\n\t\t<\/section>\n\t\t\t\t<section class=\"elementor-section elementor-top-section elementor-element elementor-element-5c0739f elementor-section-boxed elementor-section-height-default elementor-section-height-default\" data-id=\"5c0739f\" data-element_type=\"section\" data-settings=\"{&quot;jet_parallax_layout_list&quot;:[],&quot;_ha_eqh_enable&quot;:false}\">\n\t\t\t\t\t\t<div class=\"elementor-container elementor-column-gap-default\">\n\t\t\t\t\t<div class=\"elementor-column elementor-col-100 elementor-top-column elementor-element elementor-element-c0ed609\" data-id=\"c0ed609\" data-element_type=\"column\">\n\t\t\t<div class=\"elementor-widget-wrap elementor-element-populated\">\n\t\t\t\t\t\t<div class=\"elementor-element elementor-element-9577e90 elementor-widget elementor-widget-text-editor\" data-id=\"9577e90\" data-element_type=\"widget\" data-widget_type=\"text-editor.default\">\n\t\t\t\t<div class=\"elementor-widget-container\">\n\t\t\t\t\t\t\t<p><span style=\"color: #1b9e88;\"><strong>Informaci\u00f3n<\/strong><\/span><br \/>Proceso de investigaci\u00f3n &#8211; Bloque administrativo segundo piso<br \/><strong>Tel\u00e9fono<\/strong>: 607 568 6868 Ext. 137<br \/><strong>Correo electr\u00f3nico:<\/strong> investigacion@iser.edu.co<\/p><p><strong><span style=\"color: #1b9e88;\">Coordinadores generales del Congreso:<\/span><\/strong><br \/><strong>Jos\u00e9 Javier Bustos Cort\u00e9s<\/strong>, rector\u00a0<br \/><strong>Mauricio Alfredo Zafra Aycardi<\/strong>, vicerrector acad\u00e9mico\u00a0<br \/><strong>Blanca Hern\u00e1ndez<\/strong>, directora GIESD\u00a0<br \/><strong>Mauricio Alfredo Zafra Aycardi<\/strong>, director GICTIN\u00a0<br \/><strong>Albert Carvajal<\/strong>, profesional universitario de investigaci\u00f3n\u00a0<\/p><p><strong><span style=\"color: #1b9e88;\">Organizadores<\/span><\/strong><br \/>Rector\u00eda ISER, GICTIN-GIESD del ISER.<\/p><p><strong><span style=\"color: #1b9e88;\">Objetivo General: <\/span><\/strong>generar espacios de discusi\u00f3n, an\u00e1lisis conceptual y reflexi\u00f3n te\u00f3rica sobre el rol y contexto de la evaluaci\u00f3n, la calidad y la acreditaci\u00f3n en educaci\u00f3n superior; en la garant\u00eda del derecho a la educaci\u00f3n en un enfoque intercultural que busca la construcci\u00f3n de subjetividades y sociedades otras.<\/p><p><strong><span style=\"color: #1b9e88;\">Objetivos Espec\u00edficos<\/span><\/strong><\/p><ul><li>Identificar los elementos conceptuales de las experiencias exitosas de las IES en su pol\u00edticas, pr\u00e1cticas y culturas de educaci\u00f3n inclusiva mediante pensamientos y pr\u00e1cticas otras con un enfoque intercultural.<\/li><li>Visibilizar las categor\u00edas de evaluaci\u00f3n, calidad y acreditaci\u00f3n de las IES en la construcci\u00f3n de una cultura de la paz, la equidad y justicia social en el reconocimiento, respeto y valoraci\u00f3n de los saberes, experiencias y conocimientos de sus actores.<\/li><li>Analizar los retos y oportunidades del ecosistema de educaci\u00f3n superior en su corresponsabilidad hacia trayectorias educativas pertinentes y de calidad producto del fortalecimiento del di\u00e1logo intercultural y la superaci\u00f3n de las barreras para el aprendizaje y la participaci\u00f3n.<\/li><\/ul><p><strong><span style=\"color: #1b9e88;\">Ejes tem\u00e1ticos<\/span><\/strong><\/p><ul><li>Educaci\u00f3n Superior e interculturalidad<br \/>Pol\u00edticas, pr\u00e1cticas y culturas inclusivas en Educaci\u00f3n Superior.<\/li><li>Modos de producci\u00f3n de conocimiento intercultural en educaci\u00f3n superior.<\/li><li>Trayectorias e itinerarios educativos interculturales<\/li><li>Educaci\u00f3n Rural y modelos educativos flexibles<\/li><\/ul><p><strong><span style=\"color: #1b9e88;\">Tipos de participaci\u00f3n<\/span><\/strong><br \/>Los interesados en asistir al <strong>VI<\/strong> CONGRESO NACIONAL DE EVALUACI\u00d3N, CALIDAD Y ACREDITACI\u00d3N EN EDUCACI\u00d3N SUPERIOR <strong>I<\/strong> CONGRESO INTERNACIONAL EN RURALIDADES Y DESAF\u00cdOS EN LA EDUCACI\u00d3N: el enfoque intercultural en educaci\u00f3n, lo podr\u00e1n hacer en las siguientes modalidades:<\/p><p><strong>Conferencistas invitados<\/strong><br \/>Son los invitados nacionales o locales seg\u00fan cada uno de los \u00e9nfasis tem\u00e1ticos a desarrollar, tendr\u00e1n 45 minutos para presentar su exposici\u00f3n y veinte minutos para dar respuesta a las preguntas realizadas por los asistentes<\/p><p><strong>Ponente presentaci\u00f3n de POSTER<\/strong><br \/>Participantes que presentaran sus trabajos en modalidad poster, deben presentarlo en f\u00edsico y remitir su trabajo al email del congreso.<\/p><p><strong>Asistentes<\/strong><br \/>Profesores, estudiantes, egresados, profesionales de diferentes \u00e1reas del saber interesados en los ejes tem\u00e1ticos del congreso, y dem\u00e1s personas que se hayan inscrito a este evento acad\u00e9mico.<\/p><p><strong><span style=\"color: #1b9e88;\">Criterios para presentar ponencias<\/span><\/strong><\/p><ul><li>La presentaci\u00f3n de las ponencias se realizar\u00e1 seg\u00fan los criterios del formato adjunto (<strong><span style=\"color: #1b9e88;\"><a style=\"color: #1b9e88;\" href=\"https:\/\/www.iser.edu.co\/wp-content\/uploads\/2024\/08\/ANEXO-A-PRESENTACION-PONNECIA-VI-CONGRESO-NACIONAL-ISER.docx\">Ver anexo A<\/a><\/span><\/strong>).<\/li><li>Las ponencias se enviar\u00e1n al correo investigacion@iser.edu.co destacando en el asunto el EJE TEM\u00c1TICO en el que desea participar seg\u00fan el tema elegido, teniendo en cuenta las fechas de presentaci\u00f3n<\/li><li>El Comit\u00e9 Acad\u00e9mico comunicar\u00e1 a los remitentes de ponencias la aprobaci\u00f3n o no aprobaci\u00f3n de la ponencia, seg\u00fan el calendario establecido.<\/li><li>Las ponencias aprobadas deber\u00e1n remitir el formato de CESI\u00d3N DE DERECHOS Y APROBACI\u00d3N DE PUBLICACI\u00d3N (<span style=\"color: #1b9e88;\"><strong><a style=\"color: #1b9e88;\" href=\"https:\/\/www.iser.edu.co\/wp-content\/uploads\/2024\/08\/ANEXO-B-AUT-PUBLICACION-PONENCIAS-VI-CONGRESO-NACIONAL-ISER.docx\">Ver anexo B<\/a><\/strong><\/span>).\u00a0<\/li><\/ul><p><strong><span style=\"color: #1b9e88;\">Calendario para la presentaci\u00f3n de ponencia y poster<\/span><\/strong><\/p><ul><li><strong>Resumen de ponencias:<\/strong> 05 de septiembre de 2024<\/li><li><strong>Resultados de res\u00famenes aprobados:<\/strong> 07 de septiembre de 2024<\/li><li><strong>Recepci\u00f3n de formato de extenso de la ponencia:<\/strong> 13 de septiembre de 2024<\/li><li><strong>Inscripci\u00f3n al evento:<\/strong>\u00a0hasta el 16 de septiembre de 2024<\/li><\/ul><p><span style=\"color: #1b9e88;\"><strong>La inscripci\u00f3n incluye<\/strong><\/span><br \/>Asistencia a todas las actividades programadas en el congreso.<br \/>Certificado de ponente o asistente.<\/p><p style=\"text-align: center;\"><a href=\"https:\/\/forms.office.com\/r\/0ABYZ3XNxM\" rel=\"nofollow noopener\" target=\"_blank\"><span style=\"color: #1b9e88;\"><strong>Inscr\u00edbete GRATIS aqu\u00ed antes del 16 de septiembre\u00a0<\/strong><\/span><\/a><\/p>\t\t\t\t\t\t<\/div>\n\t\t\t\t<\/div>\n\t\t\t\t\t<\/div>\n\t\t<\/div>\n\t\t\t\t\t<\/div>\n\t\t<\/section>\n\t\t\t\t<\/div>\n\t\t","protected":false},"excerpt":{"rendered":"<p>Informaci\u00f3nProceso de investigaci\u00f3n &#8211; Bloque administrativo segundo pisoTel\u00e9fono: 607 568 6868 Ext. 137Correo electr\u00f3nico: investigacion@iser.edu.co Coordinadores generales del Congreso:Jos\u00e9 Javier Bustos Cort\u00e9s, rector\u00a0Mauricio Alfredo Zafra Aycardi, vicerrector acad\u00e9mico\u00a0Blanca Hern\u00e1ndez, directora GIESD\u00a0Mauricio Alfredo Zafra Aycardi, director GICTIN\u00a0Albert Carvajal, profesional universitario de investigaci\u00f3n\u00a0 OrganizadoresRector\u00eda ISER, GICTIN-GIESD del ISER. Objetivo General: generar espacios de discusi\u00f3n, an\u00e1lisis conceptual y&#8230;<\/p>\n<div class=\"pvc_clear\"><\/div>\n<p id=\"pvc_stats_13637\" class=\"pvc_stats all  \" data-element-id=\"13637\" style=\"\"><i class=\"pvc-stats-icon medium\" aria-hidden=\"true\"><svg aria-hidden=\"true\" focusable=\"false\" data-prefix=\"far\" data-icon=\"chart-bar\" role=\"img\" xmlns=\"http:\/\/www.w3.org\/2000\/svg\" viewBox=\"0 0 512 512\" class=\"svg-inline--fa fa-chart-bar fa-w-16 fa-2x\"><path fill=\"currentColor\" d=\"M396.8 352h22.4c6.4 0 12.8-6.4 12.8-12.8V108.8c0-6.4-6.4-12.8-12.8-12.8h-22.4c-6.4 0-12.8 6.4-12.8 12.8v230.4c0 6.4 6.4 12.8 12.8 12.8zm-192 0h22.4c6.4 0 12.8-6.4 12.8-12.8V140.8c0-6.4-6.4-12.8-12.8-12.8h-22.4c-6.4 0-12.8 6.4-12.8 12.8v198.4c0 6.4 6.4 12.8 12.8 12.8zm96 0h22.4c6.4 0 12.8-6.4 12.8-12.8V204.8c0-6.4-6.4-12.8-12.8-12.8h-22.4c-6.4 0-12.8 6.4-12.8 12.8v134.4c0 6.4 6.4 12.8 12.8 12.8zM496 400H48V80c0-8.84-7.16-16-16-16H16C7.16 64 0 71.16 0 80v336c0 17.67 14.33 32 32 32h464c8.84 0 16-7.16 16-16v-16c0-8.84-7.16-16-16-16zm-387.2-48h22.4c6.4 0 12.8-6.4 12.8-12.8v-70.4c0-6.4-6.4-12.8-12.8-12.8h-22.4c-6.4 0-12.8 6.4-12.8 12.8v70.4c0 6.4 6.4 12.8 12.8 12.8z\" class=\"\"><\/path><\/svg><\/i> <img decoding=\"async\" width=\"16\" height=\"16\" alt=\"Loading\" src=\"https:\/\/www.iser.edu.co\/wp-content\/plugins\/page-views-count\/ajax-loader-2x.gif\" border=0 \/><\/p>\n<div class=\"pvc_clear\"><\/div>\n","protected":false},"author":1,"featured_media":0,"parent":0,"menu_order":0,"comment_status":"closed","ping_status":"closed","template":"","meta":{"_kadence_starter_templates_imported_post":false,"_kad_post_transparent":"","_kad_post_title":"hide","_kad_post_layout":"fullwidth","_kad_post_sidebar_id":"","_kad_post_content_style":"unboxed","_kad_post_vertical_padding":"hide","_kad_post_feature":"hide","_kad_post_feature_position":"","_kad_post_header":false,"_kad_post_footer":false,"footnotes":""},"_links":{"self":[{"href":"https:\/\/www.iser.edu.co\/index.php\/wp-json\/wp\/v2\/pages\/13637"}],"collection":[{"href":"https:\/\/www.iser.edu.co\/index.php\/wp-json\/wp\/v2\/pages"}],"about":[{"href":"https:\/\/www.iser.edu.co\/index.php\/wp-json\/wp\/v2\/types\/page"}],"author":[{"embeddable":true,"href":"https:\/\/www.iser.edu.co\/index.php\/wp-json\/wp\/v2\/users\/1"}],"replies":[{"embeddable":true,"href":"https:\/\/www.iser.edu.co\/index.php\/wp-json\/wp\/v2\/comments?post=13637"}],"version-history":[{"count":0,"href":"https:\/\/www.iser.edu.co\/index.php\/wp-json\/wp\/v2\/pages\/13637\/revisions"}],"wp:attachment":[{"href":"https:\/\/www.iser.edu.co\/index.php\/wp-json\/wp\/v2\/media?parent=13637"}],"curies":[{"name":"wp","href":"https:\/\/api.w.org\/{rel}","templated":true}]}}