{"id":15662,"date":"2025-08-28T11:36:12","date_gmt":"2025-08-28T16:36:12","guid":{"rendered":"https:\/\/www.iser.edu.co\/?page_id=15662"},"modified":"2025-08-28T11:53:25","modified_gmt":"2025-08-28T16:53:25","slug":"terminos-y-condiciones-de-uso-del-portal-webatencion-al-usuario","status":"publish","type":"page","link":"https:\/\/www.iser.edu.co\/index.php\/terminos-y-condiciones-de-uso-del-portal-webatencion-al-usuario\/","title":{"rendered":"T\u00e9rminos y condiciones de uso del portal web"},"content":{"rendered":"\t\t<div data-elementor-type=\"wp-page\" data-elementor-id=\"15662\" class=\"elementor elementor-15662\" data-elementor-post-type=\"page\">\n\t\t\t\t\t\t<section class=\"elementor-section elementor-top-section elementor-element elementor-element-8af3441 elementor-section-boxed elementor-section-height-default elementor-section-height-default\" data-id=\"8af3441\" data-element_type=\"section\" data-settings=\"{&quot;jet_parallax_layout_list&quot;:[],&quot;_ha_eqh_enable&quot;:false}\">\n\t\t\t\t\t\t<div class=\"elementor-container elementor-column-gap-default\">\n\t\t\t\t\t<div class=\"elementor-column elementor-col-100 elementor-top-column elementor-element elementor-element-551d3e5\" data-id=\"551d3e5\" data-element_type=\"column\">\n\t\t\t<div class=\"elementor-widget-wrap elementor-element-populated\">\n\t\t\t\t\t\t<div class=\"elementor-element elementor-element-695f273 elementor-widget-divider--view-line elementor-widget elementor-widget-divider\" data-id=\"695f273\" data-element_type=\"widget\" data-widget_type=\"divider.default\">\n\t\t\t\t<div class=\"elementor-widget-container\">\n\t\t\t\t\t<div class=\"elementor-divider\">\n\t\t\t<span class=\"elementor-divider-separator\">\n\t\t\t\t\t\t<\/span>\n\t\t<\/div>\n\t\t\t\t<\/div>\n\t\t\t\t<\/div>\n\t\t\t\t\t<\/div>\n\t\t<\/div>\n\t\t\t\t\t<\/div>\n\t\t<\/section>\n\t\t\t\t<section class=\"elementor-section elementor-top-section elementor-element elementor-element-327645e elementor-section-boxed elementor-section-height-default elementor-section-height-default\" data-id=\"327645e\" data-element_type=\"section\" data-settings=\"{&quot;jet_parallax_layout_list&quot;:[],&quot;_ha_eqh_enable&quot;:false}\">\n\t\t\t\t\t\t<div class=\"elementor-container elementor-column-gap-default\">\n\t\t\t\t\t<div class=\"elementor-column elementor-col-100 elementor-top-column elementor-element elementor-element-fe35bf6\" data-id=\"fe35bf6\" data-element_type=\"column\">\n\t\t\t<div class=\"elementor-widget-wrap elementor-element-populated\">\n\t\t\t\t\t\t<div class=\"elementor-element elementor-element-2939f2e elementor-widget elementor-widget-heading\" data-id=\"2939f2e\" data-element_type=\"widget\" data-widget_type=\"heading.default\">\n\t\t\t\t<div class=\"elementor-widget-container\">\n\t\t\t<h2 class=\"elementor-heading-title elementor-size-default\">T\u00e9rminos y condiciones de uso del portal web<\/h2>\t\t<\/div>\n\t\t\t\t<\/div>\n\t\t\t\t<div class=\"elementor-element elementor-element-f64c047 elementor-widget-divider--view-line elementor-widget elementor-widget-divider\" data-id=\"f64c047\" data-element_type=\"widget\" data-widget_type=\"divider.default\">\n\t\t\t\t<div class=\"elementor-widget-container\">\n\t\t\t\t\t<div class=\"elementor-divider\">\n\t\t\t<span class=\"elementor-divider-separator\">\n\t\t\t\t\t\t<\/span>\n\t\t<\/div>\n\t\t\t\t<\/div>\n\t\t\t\t<\/div>\n\t\t\t\t\t<\/div>\n\t\t<\/div>\n\t\t\t\t\t<\/div>\n\t\t<\/section>\n\t\t\t\t<section class=\"elementor-section elementor-top-section elementor-element elementor-element-46ecf2b elementor-section-boxed elementor-section-height-default elementor-section-height-default\" data-id=\"46ecf2b\" data-element_type=\"section\" data-settings=\"{&quot;jet_parallax_layout_list&quot;:[],&quot;_ha_eqh_enable&quot;:false}\">\n\t\t\t\t\t\t<div class=\"elementor-container elementor-column-gap-default\">\n\t\t\t\t\t<div class=\"elementor-column elementor-col-100 elementor-top-column elementor-element elementor-element-abadca8\" data-id=\"abadca8\" data-element_type=\"column\">\n\t\t\t<div class=\"elementor-widget-wrap elementor-element-populated\">\n\t\t\t\t\t\t<div class=\"elementor-element elementor-element-fd73948 elementor-widget elementor-widget-text-editor\" data-id=\"fd73948\" data-element_type=\"widget\" data-widget_type=\"text-editor.default\">\n\t\t\t\t<div class=\"elementor-widget-container\">\n\t\t\t\t\t\t\t<p>El portal web del Instituto Superior de Educaci\u00f3n Rural ISER, instituci\u00f3n de educaci\u00f3n superior, con sede en Pamplona, Norte de Santander, ofrece informaci\u00f3n de sobre su misi\u00f3n, sus programas acad\u00e9micos, ofertas formativas y la gesti\u00f3n institucional.<\/p><p>A trav\u00e9s de su portal web la instituci\u00f3n da a conocer informaci\u00f3n sobre pol\u00edticas, planes, programas y proyectos institucionales, Tr\u00e1mites; Servicios; Indicadores de Gesti\u00f3n; Planes y Programas; Publicaciones; Normas; Convocatorias; Informaci\u00f3n presupuestal y de contrataci\u00f3n; p\u00e1ginas recomendadas, y, en general, informaci\u00f3n relacionada con el hacer del Instituto Superior de Educaci\u00f3n Rural ISER a la comunidad acad\u00e9mica y ciudadan\u00eda en general.<\/p><p>El Instituto Superior de Educaci\u00f3n Rural ISER solicita al visitante y usuario de esta p\u00e1gina, leer detallada y juiciosamente estas condiciones y la pol\u00edtica de privacidad, antes de iniciar su exploraci\u00f3n o utilizaci\u00f3n, y en caso de no estar de acuerdo con estas condiciones o con cualquier disposici\u00f3n de la pol\u00edtica de privacidad, le sugerimos que se abstenga de acceder o navegar por en el portal web institucional.<\/p><p>\u00a0<\/p><p><strong>Aceptaci\u00f3n de T\u00e9rminos<\/strong><\/p><p>Cuando un usuario accede al portal web del Instituto Superior de Educaci\u00f3n Rural ISER lo hace bajo su total responsabilidad y, por tanto, acepta plenamente y sin reservas el contenido de los t\u00e9rminos y condiciones de uso de este. El Instituto Superior de Educaci\u00f3n Rural ISER se reserva, el derecho de actualizar y modificar en cualquier momento y, de cualquier forma, de manera unilateral y sin previo aviso, las presentes condiciones de uso de los contenidos del sitio web.<\/p><p>La prestaci\u00f3n del servicio del portal web es de car\u00e1cter libre y gratuito para los usuarios y se rige por los t\u00e9rminos y condiciones que se incluyen a continuaci\u00f3n, los cuales se entienden como conocidos y aceptados por los usuarios del sitio:<\/p><p>\u00a0<\/p><p><strong>Copyright<\/strong><\/p><p>Este portal web y su contenido, incluyendo\u00a0<em>software<\/em>\u00a0son de propiedad del Instituto Superior de Educaci\u00f3n Rural ISER. Est\u00e1 prohibida su reproducci\u00f3n total o parcial, su traducci\u00f3n, inclusi\u00f3n, transmisi\u00f3n, almacenamiento o acceso a trav\u00e9s de medios anal\u00f3gicos, digitales o de cualquier otro sistema o tecnolog\u00eda creada, sin autorizaci\u00f3n previa y escrita de la instituci\u00f3n.<\/p><p>Los usuarios pueden recuperar, exhibir, imprimir, copiar o descargar cualquier material de este sitio exclusivamente para uso personal y no comercial, siempre y cuando se haga expresa menci\u00f3n de la propiedad en cabeza del Instituto Superior de Educaci\u00f3n Rural ISER.<\/p><p>Con respecto a los contenidos que aparecen en el portal del Instituto Superior de Educaci\u00f3n Rural ISER, el usuario se obliga a:<\/p><ul><li>Usarlos de forma diligente, correcta y l\u00edcita.<\/li><li>No suprimir, eludir, o manipular el copyright (derechos de autor) y dem\u00e1s datos que identifican los derechos del Instituto Superior de Educaci\u00f3n Rural ISER.<\/li><li>El Instituto Superior de Educaci\u00f3n Rural ISER no ser\u00e1 responsable por el uso indebido que hagan los usuarios del contenido de su sitio web.<\/li><li>El visitante o usuario de portal se har\u00e1 responsable por cualquier uso indebido, il\u00edcito o anormal que haga de los contenidos, informaci\u00f3n o servicios de este. El visitante o usuario del sitio, directa o por interpuesta persona, no atentar\u00e1 de ninguna manera contra el portal web del Instituto Superior de Educaci\u00f3n Rural ISER, contra su plataforma tecnol\u00f3gica, contra sus sistemas de informaci\u00f3n ni tampoco interferir\u00e1 en su normal funcionamiento.<\/li><li>El visitante o el usuario del sitio, no alterar\u00e1, bloquear\u00e1 o realizar\u00e1 cualquier otro acto que impida mostrar o acceder a cualquier contenido, informaci\u00f3n o servicios del sitio web del Instituto Superior de Educaci\u00f3n Rural ISER o que est\u00e9n incorporados en las p\u00e1ginas web que est\u00e9n vinculadas al portal institucional.<\/li><li>El visitante o el usuario de portal web no enviar\u00e1 o transmitir\u00e1 en este sitio o hacia el mismo, a otros usuarios o a cualquier persona, cualquier informaci\u00f3n de alcance obsceno, difamatorio, injuriante, calumniante o discriminatorio contra la Instituci\u00f3n o contra sus funcionarios.<\/li><li>El visitante o el usuario del portal web del Instituto Superior de Educaci\u00f3n Rural ISER, no incurrir\u00e1 en y desde el mismo, en conductas il\u00edcitas como da\u00f1os o ataques inform\u00e1ticos, interceptaci\u00f3n de comunicaciones, infracciones al derecho de autor, uso no autorizado de terminales, usurpaci\u00f3n de identidad, revelaci\u00f3n de secretos o falsedad en los documentos.<\/li><li>\u00a0<\/li><\/ul><p><strong>Privacidad<\/strong><\/p><p>El Instituto Superior de Educaci\u00f3n Rural ISER se comprometen a salvaguardar la privacidad de la informaci\u00f3n personal del usuario obtenida a trav\u00e9s del portal web, conforme a la Pol\u00edtica de Tratamiento de la Informaci\u00f3n aprobada por la entidad y que se puede consultar en el siguiente hiperv\u00ednculo:<\/p><p>\u00a0<\/p><p><a href=\"https:\/\/www.iser.edu.co\/wp-content\/uploads\/2024\/05\/resolucion_474_08_octubre.pdf\" target=\"_blank\" rel=\"noopener\"><strong>Pol\u00edtica de Tratamiento de Datos Personales.<\/strong><\/a><\/p><p>\u00a0<\/p><ol><li><strong>Informaci\u00f3n y sitios web de terceros<\/strong><\/li><\/ol><p>El portal web puede ofrecer hiperv\u00ednculos o acceso a p\u00e1ginas web y contenidos de otras personas o entidades, con el\u00a0prop\u00f3sito de informar al usuario sobre la existencia de otras fuentes susceptibles de ampliar los contenidos que \u00e9sta ofrece, o que guardan relaci\u00f3n con aqu\u00e9llos. El Instituto Superior de Educaci\u00f3n Rural ISER no se responsabilizan del funcionamiento o accesibilidad de las p\u00e1ginas vinculadas, ni por los contenidos publicados y por la seguridad de estos sitios enlazados, porque la instituci\u00f3n no controla, refrenda ni garantiza el contenido incluido en dichos sitios, ni sugiere, invita o recomienda la visita a las mismas, por lo que tampoco ser\u00e1 responsable del resultado obtenido.<\/p><p>El usuario acepta que la instituci\u00f3n no es responsable de ning\u00fan contenido, enlace asociado, recurso o servicio relacionado con el sitio de un tercero. Asimismo, el usuario acepta que el Instituto Superior de Educaci\u00f3n Rural ISER \u00a0no ser\u00e1n responsable de ninguna p\u00e9rdida o da\u00f1o de cualquier tipo que se derive del uso que se realice de los contenidos de un tercero.<\/p><p>El Instituto Superior de Educaci\u00f3n Rural ISER ha adoptado los mecanismos de seguridad razonables en su p\u00e1gina web, por tanto, no se responsabilizan por cualquier consecuencia derivada del ingreso indebido de terceros a la base de datos y\/o por alguna falla t\u00e9cnica en el funcionamiento y\/o conservaci\u00f3n de datos en el sistema en cualquiera de los men\u00fas de su portal web.<\/p><p>Sin perjuicio de lo anterior, el Instituto Superior de Educaci\u00f3n Rural ISER \u00a0no responder\u00e1n en ning\u00fan caso y en ninguna circunstancia, por los ataques o incidentes contra la seguridad de su portal web o contra sus sistemas de informaci\u00f3n; o por cualquier exposici\u00f3n o acceso no autorizado, fraudulento o il\u00edcito a su sitio web y que puedan afectar la confidencialidad, integridad o autenticidad de la informaci\u00f3n publicada o asociada con los contenidos y servicios que se ofrecen en ella.<\/p><p>Igualmente, el Instituto Superior de Educaci\u00f3n Rural ISER ha adoptado un programa de continuidad del negocio, no obstante, la Instituci\u00f3n no podr\u00e1 garantizar la plena disponibilidad de los servicios en l\u00ednea y de la informaci\u00f3n que los usuarios requieran en determinado momento. Tampoco incurrir\u00e1 en responsabilidad con el usuario o terceros, cuando su portal web no se encuentre disponible.<\/p><p>\u00a0<\/p><p><strong>Responsabilidad por la informaci\u00f3n contenida<\/strong><\/p><p>No obstante haberse adoptado los medios t\u00e9cnicos que permitan evitar el acceso no autorizado, no es posible garantizar la absoluta falta de injerencia de la acci\u00f3n de terceras personas en los portales web, por tal raz\u00f3n la Instituci\u00f3n de ninguna manera asegura la exactitud y\/o veracidad de todo o parte de la informaci\u00f3n contenida en su p\u00e1gina, ni su actualizaci\u00f3n, ni que dicha informaci\u00f3n haya sido alterada o modificada en todo o en parte, luego de haber sido publicada en la p\u00e1gina, ni cualquier otro aspecto o caracter\u00edstica de lo publicado en el sitio o en los enlaces, respectivamente. Asi mismo, el Instituto Superior de Educaci\u00f3n Rural ISER no controla ni garantiza la ausencia de virus ni de otros elementos en los contenidos que puedan producir alteraciones en su sistema inform\u00e1tico (software y hardware) o en los documentos electr\u00f3nicos y ficheros almacenados en su sistema inform\u00e1tico. Por tal raz\u00f3n quien navegue en la p\u00e1gina web asume de manera exclusiva los riesgos que se deriven de las circunstancias descritas en este numeral.<\/p>\t\t\t\t\t\t<\/div>\n\t\t\t\t<\/div>\n\t\t\t\t\t<\/div>\n\t\t<\/div>\n\t\t\t\t\t<\/div>\n\t\t<\/section>\n\t\t\t\t<\/div>\n\t\t","protected":false},"excerpt":{"rendered":"<p>T\u00e9rminos y condiciones de uso del portal web El portal web del Instituto Superior de Educaci\u00f3n Rural ISER, instituci\u00f3n de educaci\u00f3n superior, con sede en Pamplona, Norte de Santander, ofrece informaci\u00f3n de sobre su misi\u00f3n, sus programas acad\u00e9micos, ofertas formativas y la gesti\u00f3n institucional. A trav\u00e9s de su portal web la instituci\u00f3n da a conocer&#8230;<\/p>\n<div class=\"pvc_clear\"><\/div>\n<p id=\"pvc_stats_15662\" class=\"pvc_stats all  \" data-element-id=\"15662\" style=\"\"><i class=\"pvc-stats-icon medium\" aria-hidden=\"true\"><svg aria-hidden=\"true\" focusable=\"false\" data-prefix=\"far\" data-icon=\"chart-bar\" role=\"img\" xmlns=\"http:\/\/www.w3.org\/2000\/svg\" viewBox=\"0 0 512 512\" class=\"svg-inline--fa fa-chart-bar fa-w-16 fa-2x\"><path fill=\"currentColor\" d=\"M396.8 352h22.4c6.4 0 12.8-6.4 12.8-12.8V108.8c0-6.4-6.4-12.8-12.8-12.8h-22.4c-6.4 0-12.8 6.4-12.8 12.8v230.4c0 6.4 6.4 12.8 12.8 12.8zm-192 0h22.4c6.4 0 12.8-6.4 12.8-12.8V140.8c0-6.4-6.4-12.8-12.8-12.8h-22.4c-6.4 0-12.8 6.4-12.8 12.8v198.4c0 6.4 6.4 12.8 12.8 12.8zm96 0h22.4c6.4 0 12.8-6.4 12.8-12.8V204.8c0-6.4-6.4-12.8-12.8-12.8h-22.4c-6.4 0-12.8 6.4-12.8 12.8v134.4c0 6.4 6.4 12.8 12.8 12.8zM496 400H48V80c0-8.84-7.16-16-16-16H16C7.16 64 0 71.16 0 80v336c0 17.67 14.33 32 32 32h464c8.84 0 16-7.16 16-16v-16c0-8.84-7.16-16-16-16zm-387.2-48h22.4c6.4 0 12.8-6.4 12.8-12.8v-70.4c0-6.4-6.4-12.8-12.8-12.8h-22.4c-6.4 0-12.8 6.4-12.8 12.8v70.4c0 6.4 6.4 12.8 12.8 12.8z\" class=\"\"><\/path><\/svg><\/i> <img decoding=\"async\" width=\"16\" height=\"16\" alt=\"Loading\" src=\"https:\/\/www.iser.edu.co\/wp-content\/plugins\/page-views-count\/ajax-loader-2x.gif\" border=0 \/><\/p>\n<div class=\"pvc_clear\"><\/div>\n","protected":false},"author":1,"featured_media":0,"parent":0,"menu_order":0,"comment_status":"closed","ping_status":"closed","template":"","meta":{"_kadence_starter_templates_imported_post":false,"_kad_post_transparent":"","_kad_post_title":"hide","_kad_post_layout":"fullwidth","_kad_post_sidebar_id":"","_kad_post_content_style":"unboxed","_kad_post_vertical_padding":"hide","_kad_post_feature":"hide","_kad_post_feature_position":"","_kad_post_header":false,"_kad_post_footer":false,"footnotes":""},"_links":{"self":[{"href":"https:\/\/www.iser.edu.co\/index.php\/wp-json\/wp\/v2\/pages\/15662"}],"collection":[{"href":"https:\/\/www.iser.edu.co\/index.php\/wp-json\/wp\/v2\/pages"}],"about":[{"href":"https:\/\/www.iser.edu.co\/index.php\/wp-json\/wp\/v2\/types\/page"}],"author":[{"embeddable":true,"href":"https:\/\/www.iser.edu.co\/index.php\/wp-json\/wp\/v2\/users\/1"}],"replies":[{"embeddable":true,"href":"https:\/\/www.iser.edu.co\/index.php\/wp-json\/wp\/v2\/comments?post=15662"}],"version-history":[{"count":0,"href":"https:\/\/www.iser.edu.co\/index.php\/wp-json\/wp\/v2\/pages\/15662\/revisions"}],"wp:attachment":[{"href":"https:\/\/www.iser.edu.co\/index.php\/wp-json\/wp\/v2\/media?parent=15662"}],"curies":[{"name":"wp","href":"https:\/\/api.w.org\/{rel}","templated":true}]}}