{"id":172,"date":"2020-04-02T11:09:10","date_gmt":"2020-04-02T16:09:10","guid":{"rendered":"http:\/\/190.121.143.197\/atencionalusuario\/?page_id=172"},"modified":"2025-05-21T11:25:00","modified_gmt":"2025-05-21T16:25:00","slug":"acceso-via-whatssap","status":"publish","type":"page","link":"https:\/\/www.iser.edu.co\/index.php\/acceso-via-whatssap\/","title":{"rendered":"ACCESO V\u00cdA WHATSSAP"},"content":{"rendered":"\n<p>Mediante el acceso v\u00eda whatssap los estudiantes, docentes y publico en general podr\u00e1n realizar consultas directamente a la linea de whatssap asignada  por la instituci\u00f3n, en donde encontrara un funcionario que lo guiara y dar\u00e1 soluciones a sus solicitudes.<\/p>\n\n\n\n<p>Para iniciar una conversaci\u00f3n por whatssap con nuestro funcionario de atenci\u00f3n al usuario debes seguir los siguientes pasos:<\/p>\n\n\n\n<p>Nos ubicamos en la pagina principal al lado inferior derecho ubicamos el icono de whatssap.<\/p>\n\n\n\n<figure class=\"wp-block-image size-large\"><img fetchpriority=\"high\" decoding=\"async\" width=\"1024\" height=\"548\" src=\"data:image\/gif;base64,R0lGODlhAQABAAAAACH5BAEKAAEALAAAAAABAAEAAAICTAEAOw==\" alt=\"\" class=\"wp-image-203 lazyload\" sizes=\"(max-width: 1024px) 100vw, 1024px\" data-src=\"http:\/\/190.121.143.197\/atencionalusuario\/wp-content\/uploads\/2020\/04\/image-4-1024x548.png\" data-srcset=\"https:\/\/www.iser.edu.co\/wp-content\/uploads\/2020\/04\/image-4-1024x548.png 1024w, https:\/\/www.iser.edu.co\/wp-content\/uploads\/2020\/04\/image-4-300x160.png 300w, https:\/\/www.iser.edu.co\/wp-content\/uploads\/2020\/04\/image-4-768x411.png 768w, https:\/\/www.iser.edu.co\/wp-content\/uploads\/2020\/04\/image-4.png 1365w\"><\/figure>\n\n\n\n<p>Escaneamos el c\u00f3digo QR con nuestro tel\u00e9fono celular en la opci\u00f3n whatssap web, e iniciamos la conversaci\u00f3n con el funcionario de atenci\u00f3n al usuario.<\/p>\n\n\n\n<figure class=\"wp-block-image size-large\"><img decoding=\"async\" width=\"1024\" height=\"648\" src=\"data:image\/gif;base64,R0lGODlhAQABAAAAACH5BAEKAAEALAAAAAABAAEAAAICTAEAOw==\" alt=\"\" class=\"wp-image-204 lazyload\" sizes=\"(max-width: 1024px) 100vw, 1024px\" data-src=\"http:\/\/190.121.143.197\/atencionalusuario\/wp-content\/uploads\/2020\/04\/image-5-1024x648.png\" data-srcset=\"https:\/\/www.iser.edu.co\/wp-content\/uploads\/2020\/04\/image-5-1024x648.png 1024w, https:\/\/www.iser.edu.co\/wp-content\/uploads\/2020\/04\/image-5-300x190.png 300w, https:\/\/www.iser.edu.co\/wp-content\/uploads\/2020\/04\/image-5-768x486.png 768w, https:\/\/www.iser.edu.co\/wp-content\/uploads\/2020\/04\/image-5.png 1089w\"><\/figure>\n\n\n\n<figure class=\"wp-block-image size-large\"><img decoding=\"async\" width=\"837\" height=\"484\" src=\"data:image\/gif;base64,R0lGODlhAQABAAAAACH5BAEKAAEALAAAAAABAAEAAAICTAEAOw==\" alt=\"\" class=\"wp-image-206 lazyload\" sizes=\"(max-width: 837px) 100vw, 837px\" data-src=\"http:\/\/190.121.143.197\/atencionalusuario\/wp-content\/uploads\/2020\/04\/image-6.png\" data-srcset=\"https:\/\/www.iser.edu.co\/wp-content\/uploads\/2020\/04\/image-6.png 837w, https:\/\/www.iser.edu.co\/wp-content\/uploads\/2020\/04\/image-6-300x173.png 300w, https:\/\/www.iser.edu.co\/wp-content\/uploads\/2020\/04\/image-6-768x444.png 768w\"><\/figure>\n<div class=\"pvc_clear\"><\/div><p id=\"pvc_stats_172\" class=\"pvc_stats all  \" data-element-id=\"172\" style=\"\"><i class=\"pvc-stats-icon medium\" aria-hidden=\"true\"><svg aria-hidden=\"true\" focusable=\"false\" data-prefix=\"far\" data-icon=\"chart-bar\" role=\"img\" xmlns=\"http:\/\/www.w3.org\/2000\/svg\" viewBox=\"0 0 512 512\" class=\"svg-inline--fa fa-chart-bar fa-w-16 fa-2x\"><path fill=\"currentColor\" d=\"M396.8 352h22.4c6.4 0 12.8-6.4 12.8-12.8V108.8c0-6.4-6.4-12.8-12.8-12.8h-22.4c-6.4 0-12.8 6.4-12.8 12.8v230.4c0 6.4 6.4 12.8 12.8 12.8zm-192 0h22.4c6.4 0 12.8-6.4 12.8-12.8V140.8c0-6.4-6.4-12.8-12.8-12.8h-22.4c-6.4 0-12.8 6.4-12.8 12.8v198.4c0 6.4 6.4 12.8 12.8 12.8zm96 0h22.4c6.4 0 12.8-6.4 12.8-12.8V204.8c0-6.4-6.4-12.8-12.8-12.8h-22.4c-6.4 0-12.8 6.4-12.8 12.8v134.4c0 6.4 6.4 12.8 12.8 12.8zM496 400H48V80c0-8.84-7.16-16-16-16H16C7.16 64 0 71.16 0 80v336c0 17.67 14.33 32 32 32h464c8.84 0 16-7.16 16-16v-16c0-8.84-7.16-16-16-16zm-387.2-48h22.4c6.4 0 12.8-6.4 12.8-12.8v-70.4c0-6.4-6.4-12.8-12.8-12.8h-22.4c-6.4 0-12.8 6.4-12.8 12.8v70.4c0 6.4 6.4 12.8 12.8 12.8z\" class=\"\"><\/path><\/svg><\/i> <img loading=\"lazy\" decoding=\"async\" width=\"16\" height=\"16\" alt=\"Loading\" src=\"data:image\/gif;base64,R0lGODlhAQABAAAAACH5BAEKAAEALAAAAAABAAEAAAICTAEAOw==\" class=\"lazyload\" data-src=\"https:\/\/www.iser.edu.co\/wp-content\/plugins\/page-views-count\/ajax-loader-2x.gif\"><\/p><div class=\"pvc_clear\"><\/div>","protected":false},"excerpt":{"rendered":"<p>Mediante el acceso v\u00eda whatssap los estudiantes, docentes y publico en general podr\u00e1n realizar consultas directamente a la linea de whatssap asignada por la instituci\u00f3n, en donde encontrara un funcionario que lo guiara y dar\u00e1 soluciones a sus solicitudes. Para iniciar una conversaci\u00f3n por whatssap con nuestro funcionario de atenci\u00f3n al usuario debes seguir los&#8230;<\/p>\n<div class=\"pvc_clear\"><\/div>\n<p id=\"pvc_stats_172\" class=\"pvc_stats all  \" data-element-id=\"172\" style=\"\"><i class=\"pvc-stats-icon medium\" aria-hidden=\"true\"><svg aria-hidden=\"true\" focusable=\"false\" data-prefix=\"far\" data-icon=\"chart-bar\" role=\"img\" xmlns=\"http:\/\/www.w3.org\/2000\/svg\" viewBox=\"0 0 512 512\" class=\"svg-inline--fa fa-chart-bar fa-w-16 fa-2x\"><path fill=\"currentColor\" d=\"M396.8 352h22.4c6.4 0 12.8-6.4 12.8-12.8V108.8c0-6.4-6.4-12.8-12.8-12.8h-22.4c-6.4 0-12.8 6.4-12.8 12.8v230.4c0 6.4 6.4 12.8 12.8 12.8zm-192 0h22.4c6.4 0 12.8-6.4 12.8-12.8V140.8c0-6.4-6.4-12.8-12.8-12.8h-22.4c-6.4 0-12.8 6.4-12.8 12.8v198.4c0 6.4 6.4 12.8 12.8 12.8zm96 0h22.4c6.4 0 12.8-6.4 12.8-12.8V204.8c0-6.4-6.4-12.8-12.8-12.8h-22.4c-6.4 0-12.8 6.4-12.8 12.8v134.4c0 6.4 6.4 12.8 12.8 12.8zM496 400H48V80c0-8.84-7.16-16-16-16H16C7.16 64 0 71.16 0 80v336c0 17.67 14.33 32 32 32h464c8.84 0 16-7.16 16-16v-16c0-8.84-7.16-16-16-16zm-387.2-48h22.4c6.4 0 12.8-6.4 12.8-12.8v-70.4c0-6.4-6.4-12.8-12.8-12.8h-22.4c-6.4 0-12.8 6.4-12.8 12.8v70.4c0 6.4 6.4 12.8 12.8 12.8z\" class=\"\"><\/path><\/svg><\/i> <img loading=\"lazy\" decoding=\"async\" width=\"16\" height=\"16\" alt=\"Loading\" src=\"https:\/\/www.iser.edu.co\/wp-content\/plugins\/page-views-count\/ajax-loader-2x.gif\" border=0 \/><\/p>\n<div class=\"pvc_clear\"><\/div>\n","protected":false},"author":1,"featured_media":0,"parent":0,"menu_order":0,"comment_status":"closed","ping_status":"closed","template":"","meta":{"_kadence_starter_templates_imported_post":false,"_kad_post_transparent":"","_kad_post_title":"","_kad_post_layout":"","_kad_post_sidebar_id":"","_kad_post_content_style":"","_kad_post_vertical_padding":"","_kad_post_feature":"","_kad_post_feature_position":"","_kad_post_header":false,"_kad_post_footer":false,"footnotes":""},"_links":{"self":[{"href":"https:\/\/www.iser.edu.co\/index.php\/wp-json\/wp\/v2\/pages\/172"}],"collection":[{"href":"https:\/\/www.iser.edu.co\/index.php\/wp-json\/wp\/v2\/pages"}],"about":[{"href":"https:\/\/www.iser.edu.co\/index.php\/wp-json\/wp\/v2\/types\/page"}],"author":[{"embeddable":true,"href":"https:\/\/www.iser.edu.co\/index.php\/wp-json\/wp\/v2\/users\/1"}],"replies":[{"embeddable":true,"href":"https:\/\/www.iser.edu.co\/index.php\/wp-json\/wp\/v2\/comments?post=172"}],"version-history":[{"count":0,"href":"https:\/\/www.iser.edu.co\/index.php\/wp-json\/wp\/v2\/pages\/172\/revisions"}],"wp:attachment":[{"href":"https:\/\/www.iser.edu.co\/index.php\/wp-json\/wp\/v2\/media?parent=172"}],"curies":[{"name":"wp","href":"https:\/\/api.w.org\/{rel}","templated":true}]}}