{"id":1826,"date":"2024-03-02T10:40:32","date_gmt":"2024-03-02T15:40:32","guid":{"rendered":"https:\/\/ww3.iser.edu.co\/?page_id=1826"},"modified":"2024-03-14T10:04:29","modified_gmt":"2024-03-14T15:04:29","slug":"tecnologia-en-procesos-agroindustriales","status":"publish","type":"page","link":"https:\/\/www.iser.edu.co\/index.php\/tecnologia-en-procesos-agroindustriales\/","title":{"rendered":"Tecnolog\u00eda en Procesos Agroindustriales &#8211; Distancia"},"content":{"rendered":"\t\t<div data-elementor-type=\"wp-page\" data-elementor-id=\"1826\" class=\"elementor elementor-1826\" data-elementor-post-type=\"page\">\n\t\t\t\t\t\t<section class=\"elementor-section elementor-top-section elementor-element elementor-element-f884222 elementor-section-boxed elementor-section-height-default elementor-section-height-default\" data-id=\"f884222\" data-element_type=\"section\" data-settings=\"{&quot;jet_parallax_layout_list&quot;:[],&quot;_ha_eqh_enable&quot;:false}\">\n\t\t\t\t\t\t<div class=\"elementor-container elementor-column-gap-default\">\n\t\t\t\t\t<div class=\"elementor-column elementor-col-100 elementor-top-column elementor-element elementor-element-8f8c229\" data-id=\"8f8c229\" data-element_type=\"column\">\n\t\t\t<div class=\"elementor-widget-wrap elementor-element-populated\">\n\t\t\t\t\t\t\t<\/div>\n\t\t<\/div>\n\t\t\t\t\t<\/div>\n\t\t<\/section>\n\t\t\t\t<section class=\"elementor-section elementor-top-section elementor-element elementor-element-0b92ece elementor-section-boxed elementor-section-height-default elementor-section-height-default\" data-id=\"0b92ece\" data-element_type=\"section\" data-settings=\"{&quot;jet_parallax_layout_list&quot;:[],&quot;_ha_eqh_enable&quot;:false}\">\n\t\t\t\t\t\t<div class=\"elementor-container elementor-column-gap-default\">\n\t\t\t\t\t<div class=\"elementor-column elementor-col-100 elementor-top-column elementor-element elementor-element-f445a7b\" data-id=\"f445a7b\" data-element_type=\"column\">\n\t\t\t<div class=\"elementor-widget-wrap elementor-element-populated\">\n\t\t\t\t\t\t<div class=\"elementor-element elementor-element-9c3075a elementor-widget elementor-widget-text-editor\" data-id=\"9c3075a\" data-element_type=\"widget\" data-widget_type=\"text-editor.default\">\n\t\t\t\t<div class=\"elementor-widget-container\">\n\t\t\t\t\t\t\t<p style=\"text-align: center;\"><span style=\"font-family: Arial, Helvetica, sans-serif; color: #277227; font-size: 24px; font-weight: bold;\">Tecnolog\u00eda en Procesos Agroindustriales &#8211; Distancia<\/span><\/p><p><img fetchpriority=\"high\" decoding=\"async\" class=\"wp-image-2236 size-large aligncenter lazyload\" src=\"data:image\/gif;base64,R0lGODlhAQABAAAAACH5BAEKAAEALAAAAAABAAEAAAICTAEAOw==\" alt=\"\" width=\"1024\" height=\"427\" data-src=\"https:\/\/www.iser.edu.co\/wp-content\/uploads\/2024\/03\/firma-correo-electronico-coordinadores-05-1024x427.jpg\"><\/p><div id=\"texto\" style=\"margin: 0px 0px 0px 50px; line-height: 18px; color: #333333; font-family: Arial, Helvetica, sans-serif; font-size: 12px; font-style: normal; font-variant-ligatures: normal; font-variant-caps: normal; font-weight: 400; letter-spacing: normal; orphans: 2; text-indent: 0px; text-transform: none; widows: 2; word-spacing: 0px; -webkit-text-stroke-width: 0px; white-space: normal; background-color: #ffffff; text-decoration-thickness: initial; text-decoration-style: initial; text-decoration-color: initial; text-align: center;\">\u00a0<\/div><h3 style=\"text-align: center;\"><a href=\"https:\/\/academicoiser.q10.com\/ISER\/Preinscripcion\" target=\"_blank\" rel=\"noopener nofollow\">Inscripci\u00f3n en L\u00ednea Estudiantes Nuevos<\/a><\/h3><h6>\u00a0<\/h6><p>\u00a0<\/p><h6 style=\"text-align: left;\"><span style=\"color: #008000;\">C\u00f3digo SNIES:\u00a0<\/span>104261<\/h6><p>\u00a0<\/p><p><a href=\"http:\/\/www.iser.edu.co\/iser\/hermesoft\/portalIG\/home_1\/recursos\/documentos_generales\/2022\/08042022\/resolucion_rrc_agroindustria.pdf\">R<\/a><a href=\"https:\/\/www.iser.edu.co\/wp-content\/uploads\/2024\/03\/resolucion_rrc_agroindustria.pdf\" target=\"_blank\" rel=\"noopener\">esoluci\u00f3n 005267 del 07 de abril de 2022<\/a>\u00a0&#8220;Por medio de la cual se resuelve la solicitud de renovaci\u00f3n y modificaci\u00f3n del registro calificado para el programa de TECNOLOG\u00cdA EN PROCESOS AGROINDUSTRIALES del INSTITUTO SUPERIOR DE EDUCACI\u00d3N RURAL &#8211; ISER, en modalidad PRESENCIAL, en PAMPLONA &#8211; NORTE DE SANTANDER&#8221;<\/p><p>\u00a0<\/p><h6><span style=\"color: #008000;\"><a style=\"color: #008000;\" href=\"http:\/\/www.iser.edu.co\/iser\/hermesoft\/portalIG\/home_1\/recursos\/documentos_generales\/2022\/29042022\/plan_est_agroindustriales_2022.pdf\">P<\/a><a style=\"color: #008000;\" href=\"https:\/\/www.iser.edu.co\/wp-content\/uploads\/2024\/03\/plan_est_agroindustriales_2022.pdf\" target=\"_blank\" rel=\"noopener\">lan de Estudios 2022<\/a><\/span><\/h6><h6>\u00a0<\/h6><p><span style=\"color: #008000;\">Nombre del Programa:\u00a0<\/span>Tecnolog\u00eda en Procesos Agroindustriales<br \/><span style=\"color: #008000;\">T\u00edtulo que Otorga:\u00a0<\/span>Tecn\u00f3logo en Procesos Agroindustriales<br \/><span style=\"color: #008000;\">Duraci\u00f3n:<\/span>\u00a06 (seis) Semestres<br \/><span style=\"color: #008000;\">Lugar de Desarrollo:<\/span>\u00a0Pamplona, Norte de Santander<br \/><span style=\"color: #008000;\">Modalidad:<\/span>\u00a0Presencial y a Distancia<br \/><span style=\"color: #008000;\">Tipo de Formaci\u00f3n:<\/span>\u00a0Tecnol\u00f3gica<br \/><span style=\"color: #008000;\">N\u00famero de Cr\u00e9ditos Acad\u00e9micos:<\/span>\u00a094 (noventa y cuatro)<br \/><span style=\"color: #008000;\">Costo de Matr\u00edcula:\u00a0<\/span>1 SMMLV<\/p><p>\u00a0<\/p><ul><li><p><span style=\"color: #008000;\"><a style=\"color: #008000;\" href=\"https:\/\/www.iser.edu.co\/wp-content\/uploads\/2024\/03\/res_renovacion_agroindus_dist.pdf\" target=\"_blank\" rel=\"noopener\">Ver Resoluci\u00f3n 02491 Registro Calificado Distancia 2015<\/a><\/span><\/p><\/li><li><p><span style=\"color: #008000;\"><a style=\"color: #008000;\" href=\"https:\/\/www.iser.edu.co\/wp-content\/uploads\/2024\/03\/plan_est_agroindustria.jpg\" target=\"_blank\" rel=\"noopener\">Ver Plan de Estudios 2015<\/a><\/span><\/p><\/li><\/ul><p><span style=\"color: #008000;\">\u00a0<\/span><\/p><p style=\"text-align: center;\"><span style=\"color: #008000;\">Misi\u00f3n<\/span><\/p><p><span style=\"color: #008000;\">\u00a0<\/span><\/p><p>Formar un Tecn\u00f3logo capaz de planear, dirigir y promover el conjunto actividades relacionadas con la producci\u00f3n, transformaci\u00f3n y distribuci\u00f3n de los productos agroindustriales, dise\u00f1ando, aplicando y evaluando los procesos tecnol\u00f3gicos, que permitan la transformaci\u00f3n adecuada de los productos; generando la puesta en marcha de empresas que propicien el desarrollo socio-econ\u00f3mico y sostenible de la regi\u00f3n.<\/p><p>\u00a0<\/p><p style=\"text-align: center;\"><span style=\"color: #008000;\">Visi\u00f3n<\/span><\/p><p><span style=\"color: #008000;\">\u00a0<\/span><\/p><p>El Instituto Superior de Educaci\u00f3n Rural \u2013 ISER de Pamplona ser\u00e1 \u00a0el primer Instituto Tecnol\u00f3gico De Educaci\u00f3n Superior m\u00e1s reconocido por sus procesos de formaci\u00f3n acad\u00e9mica en el pa\u00eds.<\/p><p>\u00a0<\/p><p style=\"text-align: center;\"><span style=\"color: #008000;\">Perfil Profesional<\/span><\/p><p><span style=\"color: #008000;\">\u00a0<\/span><\/p><p>El Tecn\u00f3logo Agroindustrial\u00a0 del ISER se capacita en forma integral, human\u00edstica y t\u00e9cnica en\u00a0 tener competencias en el \u00e1rea de manejo de materias primas agroindustriales de modo que pueda ser un factor de cambio que asesore e implemente estrategias de producci\u00f3n, mercadeo y conservaci\u00f3n de productos agropecuarios en busca de una mayor productividad y generaci\u00f3n de ingresos a las unidades de producci\u00f3n y estar\u00e1 capacitado para:<\/p><ul><li><p>Orienta, Gestiona y Desarrolla el conjunto de actividades relacionadas con la producci\u00f3n, transformaci\u00f3n y distribuci\u00f3n de los productos agroindustriales<\/p><\/li><li><p>Dise\u00f1ar, Aplicar soluciones y evaluar procesos tecnol\u00f3gicos de producci\u00f3n que permitan la transformaci\u00f3n adecuada de los productos agropecuarios.<\/p><\/li><li><p>Participar interdisciplinariamente coordinando, Gestionando y ejecutando \u00a0la formulaci\u00f3n y evaluaci\u00f3n de proyectos agroindustriales que propicien en el desarrollo socioecon\u00f3mico de la regi\u00f3n.<\/p><\/li><\/ul><p style=\"text-align: center;\"><span style=\"color: #008000;\">Perfil Ocupacional<\/span><\/p><p>La orientaci\u00f3n y el desarrollo del plan de estudios, le proporcionar\u00e1n al TECNOLOGO AGROINDUSTRIAL, los conocimientos te\u00f3rico-pr\u00e1cticos, adem\u00e1s de las habilidades y destrezas necesarias que se requieren para laborar en todas las entidades y unidades agroindustriales\u00a0 privadas y oficiales del orden nacional e internacional, estar\u00e1 en capacidad de desempe\u00f1arse como:<\/p><ul><li><p>Gestor, creador y gerente de su propia empresa.<\/p><\/li><li><p>Coordinador y supervisor\u00a0 de proyectos en producci\u00f3n Agro-Industrial (alimenticia y no alimenticia).<\/p><\/li><li><p>Fundador y promotor de empresas del sector solidario que tengan que ver con procesamiento, transformaci\u00f3n y mercadeo en el \u00e1rea de su estudio.<\/p><\/li><li><p>Brindando apoyo en todo tipo de empresas agroindustriales, a los profesionales en \u00e1reas de procesamiento, control de calidad y mercadeo<\/p><\/li><li><p>Ejecuta, Coordina y Gerencia, adapta y selecciona procesos, plantas y productos agroindustriales en diferentes niveles de transformaci\u00f3n, desde la producci\u00f3n hasta el final de la cadena agroindustrial.<\/p><\/li><li><p>Desarrolla y diversifica productos de acuerdo con las exigencias del mercado, nacional o internacional.<\/p><\/li><li><p>Determina la factibilidad t\u00e9cnica, econ\u00f3mica, social y ambiental de proyectos agroindustriales.<\/p><\/li><li><p>Genera y adapta la tecnolog\u00eda con respecto al beneficio y manejo de especies promisorias y a la normalizaci\u00f3n, certificaci\u00f3n, calidad, metodolog\u00eda y reducci\u00f3n de p\u00e9rdidas de materias primas y productos derivados de recursos agr\u00edcolas, pecuarios y pesqueros.<\/p><\/li><li><p>Estudia sistemas de aprovechamiento de materias primas, productos y coproductos de los procesos y plantas dentro del concepto de sostenibilidad y amabilidad con el medio ambiente.<\/p><\/li><\/ul>\t\t\t\t\t\t<\/div>\n\t\t\t\t<\/div>\n\t\t\t\t\t<\/div>\n\t\t<\/div>\n\t\t\t\t\t<\/div>\n\t\t<\/section>\n\t\t\t\t<\/div>\n\t\t","protected":false},"excerpt":{"rendered":"<p>Tecnolog\u00eda en Procesos Agroindustriales &#8211; Distancia \u00a0 Inscripci\u00f3n en L\u00ednea Estudiantes Nuevos \u00a0 \u00a0 C\u00f3digo SNIES:\u00a0104261 \u00a0 Resoluci\u00f3n 005267 del 07 de abril de 2022\u00a0&#8220;Por medio de la cual se resuelve la solicitud de renovaci\u00f3n y modificaci\u00f3n del registro calificado para el programa de TECNOLOG\u00cdA EN PROCESOS AGROINDUSTRIALES del INSTITUTO SUPERIOR DE EDUCACI\u00d3N RURAL &#8211;&#8230;<\/p>\n<div class=\"pvc_clear\"><\/div>\n<p id=\"pvc_stats_1826\" class=\"pvc_stats all  \" data-element-id=\"1826\" style=\"\"><i class=\"pvc-stats-icon medium\" aria-hidden=\"true\"><svg aria-hidden=\"true\" focusable=\"false\" data-prefix=\"far\" data-icon=\"chart-bar\" role=\"img\" xmlns=\"http:\/\/www.w3.org\/2000\/svg\" viewBox=\"0 0 512 512\" class=\"svg-inline--fa fa-chart-bar fa-w-16 fa-2x\"><path fill=\"currentColor\" d=\"M396.8 352h22.4c6.4 0 12.8-6.4 12.8-12.8V108.8c0-6.4-6.4-12.8-12.8-12.8h-22.4c-6.4 0-12.8 6.4-12.8 12.8v230.4c0 6.4 6.4 12.8 12.8 12.8zm-192 0h22.4c6.4 0 12.8-6.4 12.8-12.8V140.8c0-6.4-6.4-12.8-12.8-12.8h-22.4c-6.4 0-12.8 6.4-12.8 12.8v198.4c0 6.4 6.4 12.8 12.8 12.8zm96 0h22.4c6.4 0 12.8-6.4 12.8-12.8V204.8c0-6.4-6.4-12.8-12.8-12.8h-22.4c-6.4 0-12.8 6.4-12.8 12.8v134.4c0 6.4 6.4 12.8 12.8 12.8zM496 400H48V80c0-8.84-7.16-16-16-16H16C7.16 64 0 71.16 0 80v336c0 17.67 14.33 32 32 32h464c8.84 0 16-7.16 16-16v-16c0-8.84-7.16-16-16-16zm-387.2-48h22.4c6.4 0 12.8-6.4 12.8-12.8v-70.4c0-6.4-6.4-12.8-12.8-12.8h-22.4c-6.4 0-12.8 6.4-12.8 12.8v70.4c0 6.4 6.4 12.8 12.8 12.8z\" class=\"\"><\/path><\/svg><\/i> <img decoding=\"async\" width=\"16\" height=\"16\" alt=\"Loading\" src=\"https:\/\/www.iser.edu.co\/wp-content\/plugins\/page-views-count\/ajax-loader-2x.gif\" border=0 \/><\/p>\n<div class=\"pvc_clear\"><\/div>\n","protected":false},"author":1,"featured_media":0,"parent":0,"menu_order":0,"comment_status":"closed","ping_status":"closed","template":"","meta":{"_kadence_starter_templates_imported_post":false,"_kad_post_transparent":"","_kad_post_title":"hide","_kad_post_layout":"fullwidth","_kad_post_sidebar_id":"","_kad_post_content_style":"unboxed","_kad_post_vertical_padding":"hide","_kad_post_feature":"hide","_kad_post_feature_position":"","_kad_post_header":false,"_kad_post_footer":false,"footnotes":""},"_links":{"self":[{"href":"https:\/\/www.iser.edu.co\/index.php\/wp-json\/wp\/v2\/pages\/1826"}],"collection":[{"href":"https:\/\/www.iser.edu.co\/index.php\/wp-json\/wp\/v2\/pages"}],"about":[{"href":"https:\/\/www.iser.edu.co\/index.php\/wp-json\/wp\/v2\/types\/page"}],"author":[{"embeddable":true,"href":"https:\/\/www.iser.edu.co\/index.php\/wp-json\/wp\/v2\/users\/1"}],"replies":[{"embeddable":true,"href":"https:\/\/www.iser.edu.co\/index.php\/wp-json\/wp\/v2\/comments?post=1826"}],"version-history":[{"count":0,"href":"https:\/\/www.iser.edu.co\/index.php\/wp-json\/wp\/v2\/pages\/1826\/revisions"}],"wp:attachment":[{"href":"https:\/\/www.iser.edu.co\/index.php\/wp-json\/wp\/v2\/media?parent=1826"}],"curies":[{"name":"wp","href":"https:\/\/api.w.org\/{rel}","templated":true}]}}