{"id":1831,"date":"2024-03-02T10:52:32","date_gmt":"2024-03-02T15:52:32","guid":{"rendered":"https:\/\/ww3.iser.edu.co\/?page_id=1831"},"modified":"2024-03-16T22:23:35","modified_gmt":"2024-03-17T03:23:35","slug":"tecnologia-en-gestion-industrial","status":"publish","type":"page","link":"https:\/\/www.iser.edu.co\/index.php\/tecnologia-en-gestion-industrial\/","title":{"rendered":"Tecnolog\u00eda en Gesti\u00f3n Industrial"},"content":{"rendered":"\t\t<div data-elementor-type=\"wp-page\" data-elementor-id=\"1831\" class=\"elementor elementor-1831\" data-elementor-post-type=\"page\">\n\t\t\t\t\t\t<section class=\"elementor-section elementor-top-section elementor-element elementor-element-5bf3fc9 elementor-section-boxed elementor-section-height-default elementor-section-height-default\" data-id=\"5bf3fc9\" data-element_type=\"section\" data-settings=\"{&quot;jet_parallax_layout_list&quot;:[],&quot;_ha_eqh_enable&quot;:false}\">\n\t\t\t\t\t\t<div class=\"elementor-container elementor-column-gap-default\">\n\t\t\t\t\t<div class=\"elementor-column elementor-col-100 elementor-top-column elementor-element elementor-element-9dd6e9c\" data-id=\"9dd6e9c\" data-element_type=\"column\">\n\t\t\t<div class=\"elementor-widget-wrap elementor-element-populated\">\n\t\t\t\t\t\t<div class=\"elementor-element elementor-element-1691e75 elementor-widget elementor-widget-text-editor\" data-id=\"1691e75\" data-element_type=\"widget\" data-widget_type=\"text-editor.default\">\n\t\t\t\t<div class=\"elementor-widget-container\">\n\t\t\t\t\t\t\t<h1 style=\"font-family: Arial, Helvetica, sans-serif; margin-bottom: 20px; font-size: 24px; color: #277227; text-align: center;\">Tecnolog\u00eda en Gesti\u00f3n Industrial<\/h1><div><img fetchpriority=\"high\" decoding=\"async\" class=\"aligncenter wp-image-2232 size-large lazyload\" src=\"data:image\/gif;base64,R0lGODlhAQABAAAAACH5BAEKAAEALAAAAAABAAEAAAICTAEAOw==\" alt=\"\" width=\"1024\" height=\"428\" data-src=\"https:\/\/www.iser.edu.co\/wp-content\/uploads\/2024\/03\/firma-correo-electronico-coordinadores-02-1024x428.jpg\"><\/div><div>\u00a0<\/div><div><h6 style=\"text-align: center;\"><span style=\"color: #008000;\"><a style=\"color: #008000;\" href=\"https:\/\/academicoiser.q10.com\/ISER\/Preinscripcion\" target=\"_blank\" rel=\"noopener nofollow\">Inscripci\u00f3n en L\u00ednea Estudiantes Nuevos<\/a><\/span><\/h6><\/div><p>\u00a0<\/p><div><h6 style=\"margin: 0px 0px 20px; color: #333333; font-family: Arial, Helvetica, sans-serif; font-size: 12px; text-align: center;\"><span style=\"font-family: arial, helvetica, sans-serif;\"><span style=\"font-size: small;\"><span style=\"color: #287328;\"><strong>C\u00f3digo SNIES:\u00a0<\/strong><\/span>103716<\/span><\/span><\/h6><p style=\"margin: 0px 0px 20px; color: #333333; font-family: Arial, Helvetica, sans-serif; font-size: 12px; text-align: justify;\"><span style=\"font-size: small;\"><strong style=\"color: #006699;\"><a href=\"https:\/\/www.iser.edu.co\/iser\/hermesoft\/portalIG\/home_1\/recursos\/documentos_generales\/2023\/07062023\/resolucion_industrial.pdf\">R<\/a><\/strong><\/span><a href=\"https:\/\/www.iser.edu.co\/wp-content\/uploads\/2024\/03\/resolucion_industrial.pdf\" target=\"_blank\" rel=\"noopener\">esoluci\u00f3n 002556 del 21 de febrero del 2023<\/a><span style=\"font-size: small;\">&#8220;Por medio de la cual se resuelve la solicitud de renovaci\u00f3n y modificaci\u00f3n del registro calificado para el programa de TECNOLOG\u00cdA EN GESTI\u00d3N INDUSTRIAL del INSTITUTO SUPERIOR DE EDUCACI\u00d3N RURAL -ISER-, en modalidad PRESENCIAL, en PAMPLONA &#8211; NORTE DE SANTANDER &#8220;<\/span><\/p><p><strong><span style=\"color: #008000;\"><a style=\"color: #008000;\" href=\"https:\/\/www.iser.edu.co\/wp-content\/uploads\/2024\/03\/planindustrial2023.xls\" target=\"_blank\" rel=\"noopener\">P<\/a><a style=\"color: #008000;\" href=\"https:\/\/www.iser.edu.co\/wp-content\/uploads\/2024\/03\/planindustrial2023.xls\" target=\"_blank\" rel=\"noopener\">l<\/a><a style=\"color: #008000;\" href=\"https:\/\/www.iser.edu.co\/wp-content\/uploads\/2024\/03\/planindustrial2023.xls\" target=\"_blank\" rel=\"noopener\">an de Estudios 2023<\/a><\/span><\/strong><\/p><p style=\"margin: 0px 0px 20px; color: #333333; font-family: Arial, Helvetica, sans-serif; font-size: 12px; text-align: justify;\"><span style=\"font-size: small;\"><span style=\"color: #008000;\"><strong>Nombre del Programa:<\/strong><\/span>Tecnolog\u00eda en Gesti\u00f3n Industrial<br \/><\/span><span style=\"font-size: small;\"><span style=\"color: #008000;\"><strong>T\u00edtulo que Otorga:\u00a0<\/strong><\/span>Tecn\u00f3logo en Gesti\u00f3n Industrial<br \/><\/span><span style=\"font-size: small;\"><strong><span style=\"color: #008000;\">Duraci\u00f3n:<\/span><\/strong>6 (seis) Semestres<br \/><\/span><span style=\"font-size: small;\"><span style=\"color: #008000;\"><strong>Lugar de Desarrollo:<\/strong><\/span>\u00a0Pamplona, Norte de Santander<br \/><\/span><span style=\"font-size: small;\"><span style=\"color: #008000;\"><strong>Modalidad:<\/strong><\/span>Presencial<br \/><\/span><span style=\"font-size: small;\"><span style=\"color: #008000;\"><strong>Tipo de Formaci\u00f3n:<\/strong><\/span>Tecnol\u00f3gica<br \/><\/span><span style=\"font-size: small;\"><span style=\"color: #008000;\"><strong>N\u00famero de Cr\u00e9ditos Acad\u00e9micos:<\/strong><\/span>\u00a092 (noventa y dos)<br \/><\/span><span style=\"font-size: small;\"><span style=\"color: #008000;\"><strong>Costo de Matr\u00edcula:<\/strong><\/span>\u00a01 SMMLV<\/span><\/p><h6 style=\"margin: 0px 0px 20px; color: #333333; font-family: Arial, Helvetica, sans-serif; font-size: 12px; text-align: justify;\"><span style=\"font-size: small; color: #008000;\"><strong>Perfil ocupacional<\/strong><\/span><\/h6><ul style=\"color: #333333; font-family: Arial, Helvetica, sans-serif; font-size: 12px; text-align: justify;\"><li><p><span style=\"font-size: small;\">Asistente manufactura\u00a0<\/span><\/p><\/li><li><p><span style=\"font-size: small;\">Auxiliar HSEQ\u00a0<\/span><\/p><\/li><li><p><span style=\"font-size: small;\">Analista tiempos y movimientos.\u00a0<\/span><\/p><\/li><li><p><span style=\"font-size: small;\">Programador de producci\u00f3n.\u00a0<\/span><\/p><\/li><li><p><span style=\"font-size: small;\">Tecn\u00f3logo control de calidad\u00a0<\/span><\/p><\/li><li><p><span style=\"font-size: small;\">Tecn\u00f3logo Ingenier\u00eda Industrial\u00a0<\/span><\/p><\/li><li><p><span style=\"font-size: small;\">Tecn\u00f3logo fabricaci\u00f3n industrial\u00a0<\/span><\/p><\/li><li><p><span style=\"font-size: small;\">Programador m\u00e1quina herramienta de control num\u00e9rico\u00a0<\/span><span style=\"font-size: small;\"><strong><br \/><\/strong><\/span><\/p><\/li><\/ul><h6 style=\"margin: 0px 0px 20px; color: #333333; font-family: Arial, Helvetica, sans-serif; font-size: 12px; text-align: justify;\"><span style=\"font-size: small; color: #008000;\"><strong>Perfil de Egreso<\/strong><\/span><\/h6><ul style=\"color: #333333; font-family: Arial, Helvetica, sans-serif; font-size: 12px; text-align: justify;\"><li><p style=\"text-align: left;\"><span style=\"font-size: small;\">Analizar la utilizaci\u00f3n de fuerza de trabajo, el dise\u00f1o de las instalaciones, los datos operativos y los programas de producci\u00f3n y costos para determinar el nivel \u00f3ptimo de eficiencia de los trabajadores y equipos.<\/span><\/p><\/li><li style=\"text-align: left;\"><p><span style=\"font-size: small;\">Apoyar el dise\u00f1o, implementaci\u00f3n y seguimiento de los planes de producci\u00f3n y compras; de manera que se garantice el cumplimiento de compromisos dentro de niveles de calidad aceptables acatando los procedimientos de la organizaci\u00f3n.<\/span><\/p><\/li><li style=\"text-align: left;\"><p><span style=\"font-size: small;\">Supervisar el movimiento de inventario mediante el registro adecuado de entradas y salidas; basados en \u00f3rdenes de compra, \u00f3rdenes de producci\u00f3n, reintegros y actas de baja; de manera que no se afecte la funci\u00f3n productiva.<\/span><\/p><\/li><li style=\"text-align: left;\"><p><span style=\"font-size: small;\">Apoyar t\u00e9cnicamente la disposici\u00f3n eficiente de las instalaciones de planta, y estudios de m\u00e9todos, tiempos y movimientos.<\/span><\/p><\/li><li style=\"text-align: left;\"><p><span style=\"font-size: small;\">Controlar procesos de producci\u00f3n mediante sistemas y especificaciones de inspecci\u00f3n, as\u00ed como el uso de instrumentos para el control de calidad, que aseguren la calidad exigida del producto y\/o servicio.<\/span><\/p><\/li><li style=\"text-align: left;\"><p><span style=\"font-size: small;\">Apoyar en el monitoreo y seguimiento a procesos organizacionales de manera que se cumplan los sistemas integrados de gesti\u00f3n de calidad, procedimientos y pol\u00edticas empresariales.<\/span><\/p><\/li><li style=\"text-align: left;\"><p><span style=\"font-size: small;\">Gestionar los procesos de la organizaci\u00f3n de forma que se cumpla con responsabilidad social y ambiental.<\/span><\/p><\/li><li style=\"text-align: left;\"><p><span style=\"font-size: small;\">Apoyar la implementaci\u00f3n de programas de salud ocupacional y seguridad industrial; promoviendo actividades de prevenci\u00f3n y promoci\u00f3n de la seguridad y salud en el trabajo.\u00a0<\/span><\/p><\/li><li style=\"text-align: left;\"><p><span style=\"font-size: small;\">Estudiar la tecnolog\u00eda de procesos de fabricaci\u00f3n especiales, desarrollar sistemas y procesos de producci\u00f3n flexibles y asesorar al respecto.<\/span><\/p><\/li><li><p style=\"text-align: left;\"><span style=\"font-size: small;\">Coordinar programas de mantenimiento preventivo y correctivo mediante sistemas industriales de control y monitoreo de m\u00e1quinas o equipos, de tal forma que garanticen el cumplimiento de la funci\u00f3n productiva. Formular proyectos de inversi\u00f3n, investigaci\u00f3n y productivos.<\/span><\/p><\/li><\/ul><\/div>\t\t\t\t\t\t<\/div>\n\t\t\t\t<\/div>\n\t\t\t\t\t<\/div>\n\t\t<\/div>\n\t\t\t\t\t<\/div>\n\t\t<\/section>\n\t\t\t\t<\/div>\n\t\t","protected":false},"excerpt":{"rendered":"<p>Tecnolog\u00eda en Gesti\u00f3n Industrial \u00a0 Inscripci\u00f3n en L\u00ednea Estudiantes Nuevos \u00a0 C\u00f3digo SNIES:\u00a0103716 Resoluci\u00f3n 002556 del 21 de febrero del 2023&#8220;Por medio de la cual se resuelve la solicitud de renovaci\u00f3n y modificaci\u00f3n del registro calificado para el programa de TECNOLOG\u00cdA EN GESTI\u00d3N INDUSTRIAL del INSTITUTO SUPERIOR DE EDUCACI\u00d3N RURAL -ISER-, en modalidad PRESENCIAL, en&#8230;<\/p>\n<div class=\"pvc_clear\"><\/div>\n<p id=\"pvc_stats_1831\" class=\"pvc_stats all  \" data-element-id=\"1831\" style=\"\"><i class=\"pvc-stats-icon medium\" aria-hidden=\"true\"><svg aria-hidden=\"true\" focusable=\"false\" data-prefix=\"far\" data-icon=\"chart-bar\" role=\"img\" xmlns=\"http:\/\/www.w3.org\/2000\/svg\" viewBox=\"0 0 512 512\" class=\"svg-inline--fa fa-chart-bar fa-w-16 fa-2x\"><path fill=\"currentColor\" d=\"M396.8 352h22.4c6.4 0 12.8-6.4 12.8-12.8V108.8c0-6.4-6.4-12.8-12.8-12.8h-22.4c-6.4 0-12.8 6.4-12.8 12.8v230.4c0 6.4 6.4 12.8 12.8 12.8zm-192 0h22.4c6.4 0 12.8-6.4 12.8-12.8V140.8c0-6.4-6.4-12.8-12.8-12.8h-22.4c-6.4 0-12.8 6.4-12.8 12.8v198.4c0 6.4 6.4 12.8 12.8 12.8zm96 0h22.4c6.4 0 12.8-6.4 12.8-12.8V204.8c0-6.4-6.4-12.8-12.8-12.8h-22.4c-6.4 0-12.8 6.4-12.8 12.8v134.4c0 6.4 6.4 12.8 12.8 12.8zM496 400H48V80c0-8.84-7.16-16-16-16H16C7.16 64 0 71.16 0 80v336c0 17.67 14.33 32 32 32h464c8.84 0 16-7.16 16-16v-16c0-8.84-7.16-16-16-16zm-387.2-48h22.4c6.4 0 12.8-6.4 12.8-12.8v-70.4c0-6.4-6.4-12.8-12.8-12.8h-22.4c-6.4 0-12.8 6.4-12.8 12.8v70.4c0 6.4 6.4 12.8 12.8 12.8z\" class=\"\"><\/path><\/svg><\/i> <img decoding=\"async\" width=\"16\" height=\"16\" alt=\"Loading\" src=\"https:\/\/www.iser.edu.co\/wp-content\/plugins\/page-views-count\/ajax-loader-2x.gif\" border=0 \/><\/p>\n<div class=\"pvc_clear\"><\/div>\n","protected":false},"author":1,"featured_media":0,"parent":0,"menu_order":0,"comment_status":"closed","ping_status":"closed","template":"","meta":{"_kadence_starter_templates_imported_post":false,"_kad_post_transparent":"","_kad_post_title":"hide","_kad_post_layout":"fullwidth","_kad_post_sidebar_id":"","_kad_post_content_style":"unboxed","_kad_post_vertical_padding":"hide","_kad_post_feature":"hide","_kad_post_feature_position":"","_kad_post_header":false,"_kad_post_footer":false,"footnotes":""},"_links":{"self":[{"href":"https:\/\/www.iser.edu.co\/index.php\/wp-json\/wp\/v2\/pages\/1831"}],"collection":[{"href":"https:\/\/www.iser.edu.co\/index.php\/wp-json\/wp\/v2\/pages"}],"about":[{"href":"https:\/\/www.iser.edu.co\/index.php\/wp-json\/wp\/v2\/types\/page"}],"author":[{"embeddable":true,"href":"https:\/\/www.iser.edu.co\/index.php\/wp-json\/wp\/v2\/users\/1"}],"replies":[{"embeddable":true,"href":"https:\/\/www.iser.edu.co\/index.php\/wp-json\/wp\/v2\/comments?post=1831"}],"version-history":[{"count":0,"href":"https:\/\/www.iser.edu.co\/index.php\/wp-json\/wp\/v2\/pages\/1831\/revisions"}],"wp:attachment":[{"href":"https:\/\/www.iser.edu.co\/index.php\/wp-json\/wp\/v2\/media?parent=1831"}],"curies":[{"name":"wp","href":"https:\/\/api.w.org\/{rel}","templated":true}]}}