{"id":1849,"date":"2024-03-02T10:55:56","date_gmt":"2024-03-02T15:55:56","guid":{"rendered":"https:\/\/ww3.iser.edu.co\/?page_id=1849"},"modified":"2024-03-14T10:16:32","modified_gmt":"2024-03-14T15:16:32","slug":"tecnologia-en-gestion-y-construccion-de-obras-civiles","status":"publish","type":"page","link":"https:\/\/www.iser.edu.co\/index.php\/tecnologia-en-gestion-y-construccion-de-obras-civiles\/","title":{"rendered":"Tecnolog\u00eda en Construcci\u00f3n de Obras Civiles"},"content":{"rendered":"\t\t<div data-elementor-type=\"wp-page\" data-elementor-id=\"1849\" class=\"elementor elementor-1849\" data-elementor-post-type=\"page\">\n\t\t\t\t\t\t<section class=\"elementor-section elementor-top-section elementor-element elementor-element-d1c996a elementor-section-full_width elementor-section-height-default elementor-section-height-default\" data-id=\"d1c996a\" data-element_type=\"section\" data-settings=\"{&quot;jet_parallax_layout_list&quot;:[],&quot;background_background&quot;:&quot;classic&quot;,&quot;_ha_eqh_enable&quot;:false}\">\n\t\t\t\t\t\t<div class=\"elementor-container elementor-column-gap-default\">\n\t\t\t\t\t<div class=\"elementor-column elementor-col-100 elementor-top-column elementor-element elementor-element-1169002\" data-id=\"1169002\" data-element_type=\"column\">\n\t\t\t<div class=\"elementor-widget-wrap elementor-element-populated\">\n\t\t\t\t\t\t<div class=\"elementor-element elementor-element-a0faf0c elementor-widget__width-inherit elementor-widget elementor-widget-jet-animated-text\" data-id=\"a0faf0c\" data-element_type=\"widget\" data-widget_type=\"jet-animated-text.default\">\n\t\t\t\t<div class=\"elementor-widget-container\">\n\t\t\t<div class=\"elementor-jet-animated-text jet-elements\">\n<div class=\"jet-animated-text jet-animated-text--effect-fx2\" data-settings='{\"effect\":\"fx2\",\"delay\":3000}'>\n\t<div class=\"jet-animated-text__before-text\">\n\t<span>Tecnolog\u00eda<\/span>&nbsp;<span>en<\/span>&nbsp;<span><\/span>&nbsp;<\/div>\n\t<div class=\"jet-animated-text__animated-text\">\n<div class=\"jet-animated-text__animated-text-item active visible\" dir=\"ltr\">\n\t<span>C<\/span><span>o<\/span><span>n<\/span><span>s<\/span><span>t<\/span><span>r<\/span><span>u<\/span><span>c<\/span><span>c<\/span><span>i<\/span><span>\u00f3<\/span><span>n<\/span><span>&nbsp;<\/span><span>d<\/span><span>e<\/span><span>&nbsp;<\/span><span>O<\/span><span>b<\/span><span>r<\/span><span>a<\/span><span>s<\/span>&nbsp;<\/div>\n<\/div>\t<div class=\"jet-animated-text__after-text\">\n\t<span>Civiles<\/span>&nbsp;<span><\/span><\/div><\/div><\/div>\t\t<\/div>\n\t\t\t\t<\/div>\n\t\t\t\t\t<\/div>\n\t\t<\/div>\n\t\t\t\t\t<\/div>\n\t\t<\/section>\n\t\t\t\t<section class=\"elementor-section elementor-top-section elementor-element elementor-element-bcd90f3 elementor-section-boxed elementor-section-height-default elementor-section-height-default\" data-id=\"bcd90f3\" data-element_type=\"section\" data-settings=\"{&quot;jet_parallax_layout_list&quot;:[],&quot;_ha_eqh_enable&quot;:false}\">\n\t\t\t\t\t\t\t<div class=\"elementor-background-overlay\"><\/div>\n\t\t\t\t\t\t\t<div class=\"elementor-container elementor-column-gap-default\">\n\t\t\t\t\t<div class=\"elementor-column elementor-col-100 elementor-top-column elementor-element elementor-element-e71d7c8\" data-id=\"e71d7c8\" data-element_type=\"column\">\n\t\t\t<div class=\"elementor-widget-wrap elementor-element-populated\">\n\t\t\t\t\t\t<div class=\"elementor-element elementor-element-44787b8 elementor-widget elementor-widget-heading\" data-id=\"44787b8\" data-element_type=\"widget\" data-widget_type=\"heading.default\">\n\t\t\t\t<div class=\"elementor-widget-container\">\n\t\t\t<h2 class=\"elementor-heading-title elementor-size-default\"> Inscripci\u00f3n en L\u00ednea Estudiantes Nuevos<\/h2>\t\t<\/div>\n\t\t\t\t<\/div>\n\t\t\t\t\t<\/div>\n\t\t<\/div>\n\t\t\t\t\t<\/div>\n\t\t<\/section>\n\t\t\t\t<section class=\"elementor-section elementor-top-section elementor-element elementor-element-f11a2b3 elementor-section-boxed elementor-section-height-default elementor-section-height-default\" data-id=\"f11a2b3\" data-element_type=\"section\" data-settings=\"{&quot;jet_parallax_layout_list&quot;:[],&quot;_ha_eqh_enable&quot;:false}\">\n\t\t\t\t\t\t<div class=\"elementor-container elementor-column-gap-default\">\n\t\t\t\t\t<div class=\"elementor-column elementor-col-100 elementor-top-column elementor-element elementor-element-32f5d1d\" data-id=\"32f5d1d\" data-element_type=\"column\">\n\t\t\t<div class=\"elementor-widget-wrap elementor-element-populated\">\n\t\t\t\t\t\t<div class=\"elementor-element elementor-element-105625a elementor-widget elementor-widget-image\" data-id=\"105625a\" data-element_type=\"widget\" data-widget_type=\"image.default\">\n\t\t\t\t<div class=\"elementor-widget-container\">\n\t\t\t\t\t\t\t\t\t\t\t\t\t<img fetchpriority=\"high\" decoding=\"async\" width=\"768\" height=\"321\" src=\"data:image\/gif;base64,R0lGODlhAQABAAAAACH5BAEKAAEALAAAAAABAAEAAAICTAEAOw==\" class=\"attachment-medium_large size-medium_large wp-image-2176 lazyload\" alt=\"\" sizes=\"(max-width: 768px) 100vw, 768px\" data-src=\"https:\/\/www.iser.edu.co\/wp-content\/uploads\/2024\/03\/firma-correo-electronico-coordinadores-06-768x321.webp\" data-srcset=\"https:\/\/www.iser.edu.co\/wp-content\/uploads\/2024\/03\/firma-correo-electronico-coordinadores-06-768x321.webp 768w, https:\/\/www.iser.edu.co\/wp-content\/uploads\/2024\/03\/firma-correo-electronico-coordinadores-06-300x125.webp 300w, https:\/\/www.iser.edu.co\/wp-content\/uploads\/2024\/03\/firma-correo-electronico-coordinadores-06-1024x428.webp 1024w, https:\/\/www.iser.edu.co\/wp-content\/uploads\/2024\/03\/firma-correo-electronico-coordinadores-06-1536x641.webp 1536w, https:\/\/www.iser.edu.co\/wp-content\/uploads\/2024\/03\/firma-correo-electronico-coordinadores-06.webp 1920w\">\t\t\t\t\t\t\t\t\t\t\t\t\t<\/div>\n\t\t\t\t<\/div>\n\t\t\t\t\t<\/div>\n\t\t<\/div>\n\t\t\t\t\t<\/div>\n\t\t<\/section>\n\t\t\t\t<section class=\"elementor-section elementor-top-section elementor-element elementor-element-ebc7ba1 elementor-section-boxed elementor-section-height-default elementor-section-height-default\" data-id=\"ebc7ba1\" data-element_type=\"section\" data-settings=\"{&quot;jet_parallax_layout_list&quot;:[],&quot;_ha_eqh_enable&quot;:false}\">\n\t\t\t\t\t\t<div class=\"elementor-container elementor-column-gap-default\">\n\t\t\t\t\t<div class=\"elementor-column elementor-col-50 elementor-top-column elementor-element elementor-element-08dc1b4\" data-id=\"08dc1b4\" data-element_type=\"column\">\n\t\t\t<div class=\"elementor-widget-wrap elementor-element-populated\">\n\t\t\t\t\t\t<div class=\"elementor-element elementor-element-43593e7 elementor-widget__width-initial elementor-widget elementor-widget-text-editor\" data-id=\"43593e7\" data-element_type=\"widget\" data-widget_type=\"text-editor.default\">\n\t\t\t\t<div class=\"elementor-widget-container\">\n\t\t\t\t\t\t\t<p><span style=\"font-weight: bold; text-align: left; color: #339966;\"><a style=\"color: #339966;\" href=\"https:\/\/www.iser.edu.co\/wp-content\/uploads\/2024\/03\/res_renovacion_obras_civiles.pdf\" target=\"_blank\" rel=\"noopener\">Resoluci\u00f3n 09190 del 24 de junio de 2015<\/a><\/span><span style=\"font-weight: bold; text-align: left; font-family: arial, helvetica, sans-serif;\"><span style=\"font-size: small;\">&nbsp;Ministerio de Educaci\u00f3n Nacional &#8220;Por medio de la cual se resuelve la solicitud de renovaci\u00f3n del Registro Calificado del Programa de Tecnolog\u00eda en Gesti\u00f3n y Construcci\u00f3n de Obras Civiles del Instituto Superior de Educaci\u00f3n Rural &#8211; ISER, ofrecido bajo la metodolog\u00eda presencial en la ciudad de Pamplona (Norte de Santander) y se aprueban modificaciones&#8221; &#8211; Por el t\u00e9rmino de 7 (siete) a\u00f1os.<\/span><\/span><\/p>\n<ul>\n<li><span style=\"color: #237823; font-family: arial, helvetica, sans-serif; font-size: small; font-weight: var( --e-global-typography-text-font-weight );\">C\u00f3digo SNIES:<\/span><span style=\"font-family: arial, helvetica, sans-serif;\"><span style=\"font-size: small;\">&nbsp;53542<\/span><\/span><\/li>\n<li><span style=\"font-family: arial, helvetica, sans-serif; font-size: small; color: #237823;\">Nombre del Programa:<\/span><span style=\"font-family: arial, helvetica, sans-serif; font-size: small;\">&nbsp;Tecnolog\u00eda en Gesti\u00f3n y Construcci\u00f3n de Obras Civiles<\/span><\/li>\n<li><span style=\"font-family: arial, helvetica, sans-serif;\"><span style=\"font-size: small;\"><span style=\"color: #237823;\">T\u00edtulo que Otorga:<\/span>&nbsp;Tecn\u00f3logo en Gesti\u00f3n y Construcci\u00f3n de Obras Civiles<\/span><\/span><\/li>\n<li><span style=\"font-family: arial, helvetica, sans-serif;\"><span style=\"font-size: small;\"><span style=\"color: #237823;\">Duraci\u00f3n:<\/span>&nbsp;6 (seis) Semestres<\/span><\/span><\/li>\n<li><span style=\"font-family: arial, helvetica, sans-serif;\"><span style=\"font-size: small;\"><span style=\"color: #237823;\">Lugar de Desarrollo:<\/span>&nbsp;Pamplona, Norte de Santander<\/span><\/span><\/li>\n<li><span style=\"font-family: arial, helvetica, sans-serif;\"><span style=\"font-size: small;\"><span style=\"color: #237823;\">Metodolog\u00eda:<\/span>&nbsp;Presencial<\/span><\/span><\/li>\n<li><span style=\"font-family: arial, helvetica, sans-serif;\"><span style=\"font-size: small;\"><span style=\"color: #237823;\">Tipo de Formaci\u00f3n:<\/span>&nbsp;Tecnol\u00f3gica<\/span><\/span><\/li>\n<li><span style=\"font-family: arial, helvetica, sans-serif;\"><span style=\"font-size: small;\"><span style=\"color: #237823;\">N\u00famero de Cr\u00e9ditos Acad\u00e9micos:<\/span>&nbsp;104 (ciento cuatro)<\/span><\/span><\/li>\n<li><span style=\"font-family: arial, helvetica, sans-serif;\"><span style=\"font-size: small;\"><span style=\"color: #237823;\">Costo de Matr\u00edcula:<\/span>&nbsp;1 SMMLV<\/span><\/span>&nbsp;<\/li><\/ul>\n<h6><span style=\"color: #339966;\"><a style=\"color: #339966;\" href=\"https:\/\/www.iser.edu.co\/wp-content\/uploads\/2024\/03\/plan_est_obras_civiles.jpg\" target=\"_blank\" rel=\"noopener\">Ver Plan de Estudios<\/a><\/span><\/h6>\t\t\t\t\t\t<\/div>\n\t\t\t\t<\/div>\n\t\t\t\t\t<\/div>\n\t\t<\/div>\n\t\t\t\t<div class=\"elementor-column elementor-col-50 elementor-top-column elementor-element elementor-element-56c9756\" data-id=\"56c9756\" data-element_type=\"column\">\n\t\t\t<div class=\"elementor-widget-wrap elementor-element-populated\">\n\t\t\t\t\t\t<div class=\"elementor-element elementor-element-5b15087 elementor-widget elementor-widget-text-editor\" data-id=\"5b15087\" data-element_type=\"widget\" data-widget_type=\"text-editor.default\">\n\t\t\t\t<div class=\"elementor-widget-container\">\n\t\t\t\t\t\t\t<p><strong style=\"color: #287328; font-size: medium; font-family: arial, helvetica, sans-serif;\">Perfil Profesional<\/strong><span style=\"color: #287328; font-family: arial, helvetica, sans-serif; font-size: medium;\"><br \/><\/span><\/p><p style=\"margin-bottom: 20px; font-family: Arial, Helvetica, sans-serif; font-size: 12px; color: #333333; text-align: left;\"><span style=\"font-family: arial, helvetica, sans-serif;\"><span style=\"font-size: small;\">La Tecnolog\u00eda en Gesti\u00f3n y Construcci\u00f3n de Obras Civiles del ISER,\u00a0 tiene como prop\u00f3sito el desarrollo de competencias cognitivas, socio\u00a0 afectivas y comunicativas de sus egresados, para el ejercicio integral de su profesi\u00f3n con \u00e9nfasis no solo en la construcci\u00f3n sino tambi\u00e9n en la gesti\u00f3n\u00a0 de Obras Civiles; para que pueda redefinirse en un contexto laboral flexible;\u00a0\u00a0 y para que como ser global y local pueda participar con mentalidad abierta, flexible, anal\u00edtica y cr\u00edtica, en la dial\u00e9ctica del oficio, apoyado en sus valores axiol\u00f3gicos, cognitivos, cognoscitivos y metodol\u00f3gicos necesarios para producir conocimiento tecnol\u00f3gico que le permita:<br \/><\/span><\/span><\/p><ul><li style=\"font-family: var(--global-heading-font-family);\"><span style=\"font-family: arial, helvetica, sans-serif;\"><span style=\"font-size: small;\">Coordinar actividades interdisciplinarias e interinstitucionales en los Campos de la tecnolog\u00eda<\/span><\/span><\/li><li style=\"font-family: var(--global-heading-font-family);\"><span style=\"font-family: arial, helvetica, sans-serif;\"><span style=\"font-size: small;\">Respetar el medio ambiente<\/span><\/span><\/li><li style=\"font-family: var(--global-heading-font-family);\"><span style=\"font-family: arial, helvetica, sans-serif;\"><span style=\"font-size: small;\">Estructurar proyectos productivos innovadores<\/span><\/span><\/li><li style=\"font-family: var(--global-heading-font-family);\"><span style=\"font-family: arial, helvetica, sans-serif;\"><span style=\"font-size: small;\">Integrar en equipo interdisciplinarios<\/span><\/span><\/li><li style=\"font-family: var(--global-heading-font-family);\"><span style=\"font-family: arial, helvetica, sans-serif;\"><span style=\"font-size: small;\">Aplicar decisiones fundamentadas<\/span><\/span><\/li><li style=\"font-family: var(--global-heading-font-family);\"><span style=\"font-family: arial, helvetica, sans-serif;\"><span style=\"font-size: small;\">Organizar y estructurar grupos con el fin de desarrollar aptitudes para el desempe\u00f1o profesional<\/span><\/span><\/li><li style=\"font-family: var(--global-heading-font-family);\"><span style=\"font-family: arial, helvetica, sans-serif;\"><span style=\"font-size: small;\">Asumir con \u00e9tica los roles sociales y organizacionales propios de su entorno<\/span><\/span><\/li><\/ul><h6 style=\"margin-bottom: 20px; font-family: Arial, Helvetica, sans-serif; font-size: 12px; color: #333333;\"><span style=\"font-family: arial, helvetica, sans-serif;\"><span style=\"font-size: small;\"><span style=\"font-size: medium;\"><span style=\"color: #237823;\"><strong>Perfil Ocupacional<\/strong><\/span><\/span><br \/><\/span><\/span><\/h6><p style=\"margin-bottom: 20px; font-family: Arial, Helvetica, sans-serif; font-size: 12px; color: #333333;\"><span style=\"font-family: arial, helvetica, sans-serif;\"><span style=\"font-size: small;\">El Tecn\u00f3logo en Gesti\u00f3n y Construcci\u00f3n de Obras civiles del ISER ser\u00e1 capaz de desempe\u00f1arse efectivamente en las diferentes etapas de Proyectos de Obras civiles del quehacer en la construcci\u00f3n, a partir de los conceptos que adquiri\u00f3 durante la orientaci\u00f3n y\u00a0 desarrollo del plan de estudio\u00a0 y podr\u00e1 desempe\u00f1arse laboralmente en:<br \/><\/span><\/span><\/p><ul><li style=\"font-family: var(--global-heading-font-family);\"><span style=\"font-family: arial, helvetica, sans-serif;\"><span style=\"font-size: small;\">Apoyo T\u00e9cnico en firmas Constructoras<\/span><\/span><\/li><li style=\"font-family: var(--global-heading-font-family);\"><span style=\"font-family: arial, helvetica, sans-serif;\"><span style=\"font-size: small;\">Auxiliar de Ingenier\u00edas en las Oficinas de Obras p\u00fablicas<\/span><\/span><\/li><li style=\"font-family: var(--global-heading-font-family);\"><span style=\"font-family: arial, helvetica, sans-serif;\"><span style=\"font-size: small;\">Apoyo T\u00e9cnico en Institutos de medio ambiente<\/span><\/span><\/li><li style=\"font-family: var(--global-heading-font-family);\"><span style=\"font-family: arial, helvetica, sans-serif;\"><span style=\"font-size: small;\">Apoyo t\u00e9cnico en Empresas prestadoras de servicios p\u00fablicos domiciliarios<\/span><\/span><\/li><li style=\"font-family: var(--global-heading-font-family);\"><span style=\"font-family: arial, helvetica, sans-serif;\"><span style=\"font-size: small;\">Auxiliar en Centros de Investigaci\u00f3n en t\u00e9cnicas y tecnolog\u00edas de la construcci\u00f3n.<\/span><\/span><\/li><li style=\"font-family: var(--global-heading-font-family);\"><span style=\"font-family: arial, helvetica, sans-serif;\"><span style=\"font-size: small;\">Docente<\/span><\/span><\/li><li style=\"font-family: var(--global-heading-font-family);\"><span style=\"font-family: arial, helvetica, sans-serif;\"><span style=\"font-size: small;\">Supervisi\u00f3n de Obras civiles<\/span><\/span><\/li><li style=\"font-family: var(--global-heading-font-family);\"><span style=\"font-family: arial, helvetica, sans-serif;\"><span style=\"font-size: small;\">Inspecci\u00f3n de Obras civiles<\/span><\/span><\/li><li style=\"font-family: var(--global-heading-font-family);\"><span style=\"font-family: arial, helvetica, sans-serif;\"><span style=\"font-size: small;\">Veedur\u00eda de Obras Civiles<\/span><\/span><\/li><\/ul><h6 style=\"margin-bottom: 20px; font-family: Arial, Helvetica, sans-serif; font-size: 12px; color: #333333;\"><span style=\"font-family: arial, helvetica, sans-serif;\"><span style=\"font-size: small;\"><span style=\"color: #287328;\"><strong>Con la capacidad de desarrollar, supervisar\u00a0 y materializar:<\/strong><\/span><br \/><\/span><\/span><\/h6><ul><li style=\"font-family: var(--global-heading-font-family);\"><span style=\"font-family: arial, helvetica, sans-serif;\"><span style=\"font-size: small;\">V\u00edas de comunicaci\u00f3n.<\/span><\/span><\/li><li style=\"font-family: var(--global-heading-font-family);\"><span style=\"font-family: arial, helvetica, sans-serif;\"><span style=\"font-size: small;\">Acueductos<\/span><\/span><\/li><li style=\"font-family: var(--global-heading-font-family);\"><span style=\"font-family: arial, helvetica, sans-serif;\"><span style=\"font-size: small;\">Alcantarillados<\/span><\/span><\/li><li style=\"font-family: var(--global-heading-font-family);\"><span style=\"font-family: arial, helvetica, sans-serif;\"><span style=\"font-size: small;\">Obras de contenci\u00f3n.<\/span><\/span><\/li><li style=\"font-family: var(--global-heading-font-family);\"><span style=\"font-family: arial, helvetica, sans-serif;\"><span style=\"font-size: small;\">Estructuras sismo resistente de edificaciones en general.<\/span><\/span><\/li><li style=\"font-family: var(--global-heading-font-family);\"><span style=\"font-family: arial, helvetica, sans-serif;\"><span style=\"font-size: small;\">Construcci\u00f3n general de Edificaciones<\/span><\/span><\/li><li style=\"font-family: var(--global-heading-font-family);\"><span style=\"font-family: arial, helvetica, sans-serif;\"><span style=\"font-size: small;\">Programaci\u00f3n y presupuestos de obras civiles.<\/span><\/span><\/li><li style=\"font-family: var(--global-heading-font-family);\"><span style=\"font-family: arial, helvetica, sans-serif;\"><span style=\"font-size: small;\">Manejo de personal obrero en construcciones Civiles<\/span><\/span><\/li><\/ul>\t\t\t\t\t\t<\/div>\n\t\t\t\t<\/div>\n\t\t\t\t\t<\/div>\n\t\t<\/div>\n\t\t\t\t\t<\/div>\n\t\t<\/section>\n\t\t\t\t<\/div>\n\t\t","protected":false},"excerpt":{"rendered":"<p>Tecnolog\u00eda&nbsp;en&nbsp;&nbsp; Construcci\u00f3n&nbsp;de&nbsp;Obras&nbsp; Civiles&nbsp; Inscripci\u00f3n en L\u00ednea Estudiantes Nuevos Resoluci\u00f3n 09190 del 24 de junio de 2015&nbsp;Ministerio de Educaci\u00f3n Nacional &#8220;Por medio de la cual se resuelve la solicitud de renovaci\u00f3n del Registro Calificado del Programa de Tecnolog\u00eda en Gesti\u00f3n y Construcci\u00f3n de Obras Civiles del Instituto Superior de Educaci\u00f3n Rural &#8211; ISER, ofrecido bajo la&#8230;<\/p>\n<div class=\"pvc_clear\"><\/div>\n<p id=\"pvc_stats_1849\" class=\"pvc_stats all  \" data-element-id=\"1849\" style=\"\"><i class=\"pvc-stats-icon medium\" aria-hidden=\"true\"><svg aria-hidden=\"true\" focusable=\"false\" data-prefix=\"far\" data-icon=\"chart-bar\" role=\"img\" xmlns=\"http:\/\/www.w3.org\/2000\/svg\" viewBox=\"0 0 512 512\" class=\"svg-inline--fa fa-chart-bar fa-w-16 fa-2x\"><path fill=\"currentColor\" d=\"M396.8 352h22.4c6.4 0 12.8-6.4 12.8-12.8V108.8c0-6.4-6.4-12.8-12.8-12.8h-22.4c-6.4 0-12.8 6.4-12.8 12.8v230.4c0 6.4 6.4 12.8 12.8 12.8zm-192 0h22.4c6.4 0 12.8-6.4 12.8-12.8V140.8c0-6.4-6.4-12.8-12.8-12.8h-22.4c-6.4 0-12.8 6.4-12.8 12.8v198.4c0 6.4 6.4 12.8 12.8 12.8zm96 0h22.4c6.4 0 12.8-6.4 12.8-12.8V204.8c0-6.4-6.4-12.8-12.8-12.8h-22.4c-6.4 0-12.8 6.4-12.8 12.8v134.4c0 6.4 6.4 12.8 12.8 12.8zM496 400H48V80c0-8.84-7.16-16-16-16H16C7.16 64 0 71.16 0 80v336c0 17.67 14.33 32 32 32h464c8.84 0 16-7.16 16-16v-16c0-8.84-7.16-16-16-16zm-387.2-48h22.4c6.4 0 12.8-6.4 12.8-12.8v-70.4c0-6.4-6.4-12.8-12.8-12.8h-22.4c-6.4 0-12.8 6.4-12.8 12.8v70.4c0 6.4 6.4 12.8 12.8 12.8z\" class=\"\"><\/path><\/svg><\/i> <img decoding=\"async\" width=\"16\" height=\"16\" alt=\"Loading\" src=\"https:\/\/www.iser.edu.co\/wp-content\/plugins\/page-views-count\/ajax-loader-2x.gif\" border=0 \/><\/p>\n<div class=\"pvc_clear\"><\/div>\n","protected":false},"author":1,"featured_media":0,"parent":0,"menu_order":0,"comment_status":"closed","ping_status":"closed","template":"","meta":{"_kadence_starter_templates_imported_post":false,"_kad_post_transparent":"","_kad_post_title":"hide","_kad_post_layout":"fullwidth","_kad_post_sidebar_id":"","_kad_post_content_style":"unboxed","_kad_post_vertical_padding":"hide","_kad_post_feature":"hide","_kad_post_feature_position":"","_kad_post_header":false,"_kad_post_footer":false,"footnotes":""},"_links":{"self":[{"href":"https:\/\/www.iser.edu.co\/index.php\/wp-json\/wp\/v2\/pages\/1849"}],"collection":[{"href":"https:\/\/www.iser.edu.co\/index.php\/wp-json\/wp\/v2\/pages"}],"about":[{"href":"https:\/\/www.iser.edu.co\/index.php\/wp-json\/wp\/v2\/types\/page"}],"author":[{"embeddable":true,"href":"https:\/\/www.iser.edu.co\/index.php\/wp-json\/wp\/v2\/users\/1"}],"replies":[{"embeddable":true,"href":"https:\/\/www.iser.edu.co\/index.php\/wp-json\/wp\/v2\/comments?post=1849"}],"version-history":[{"count":0,"href":"https:\/\/www.iser.edu.co\/index.php\/wp-json\/wp\/v2\/pages\/1849\/revisions"}],"wp:attachment":[{"href":"https:\/\/www.iser.edu.co\/index.php\/wp-json\/wp\/v2\/media?parent=1849"}],"curies":[{"name":"wp","href":"https:\/\/api.w.org\/{rel}","templated":true}]}}