{"id":191,"date":"2020-04-02T15:08:34","date_gmt":"2020-04-02T20:08:34","guid":{"rendered":"http:\/\/190.121.143.197\/atencionalusuario\/?page_id=191"},"modified":"2020-04-02T15:08:34","modified_gmt":"2020-04-02T20:08:34","slug":"lineas-de-telefono-celular","status":"publish","type":"page","link":"https:\/\/www.iser.edu.co\/index.php\/lineas-de-telefono-celular\/","title":{"rendered":"Lineas de Tel\u00e9fono celular"},"content":{"rendered":"\n<p>En esta secci\u00f3n encontraras las diferentes lineas de tel\u00e9fono celular para comunicarte con los diferentes funcionarios de nuestra instituci\u00f3n.<\/p>\n\n\n\n<h1 class=\"wp-block-heading\">Directorio Administrativo<\/h1>\n\n\n\n<p><strong>Mario Augusto Contreras Medina<\/strong>\u00a0<\/p>\n\n\n\n<p>Rector<\/p>\n\n\n\n<p>rectoria@iser.edu.co<\/p>\n\n\n\n<ul><li> Cel. 321 492 3021<\/li><\/ul>\n\n\n\n<p><strong>Gloria Yubid Coronado Sep\u00falveda<\/strong><br>Secretaria General<br><\/p>\n\n\n\n<ul><li>secretariageneral@iser.edu.co<\/li><li>Ext. 105 <\/li><li>Cel. 314 414 0476<br><\/li><\/ul>\n\n\n\n<p><strong>Jose Javier Bustos Cort\u00e9s<\/strong><br>Vicerrector Acad\u00e9mico<br><\/p>\n\n\n\n<ul><li>vicerrectoria@iser.edu.co<\/li><li>Ext. 117<\/li><\/ul>\n\n\n\n<p><strong>Matilde Villamizar Rivera<\/strong><br>Decana Facultad Ciencias&nbsp;Administrativas&nbsp;y Sociales<\/p>\n\n\n\n<ul><li>facultadadministrativas@iser.edu.co<\/li><li>Ext. 116 \/ Cel. 316 791 9368<\/li><\/ul>\n\n\n\n<p><strong>Carlos Rafael Villamizar J\u00e1uregui<\/strong><br>Decano Facultad Ingenier\u00edas e Inform\u00e1tica<br><\/p>\n\n\n\n<ul><li>facultadingenierias@iser.edu.co<\/li><li>Ext. 122 \/ Cel. 316 665 9718<\/li><\/ul>\n\n\n\n<p><strong>Gabriel Fernando G\u00f3mez Carrillo<\/strong><br>Profesional Especializado de Planeaci\u00f3n<br><\/p>\n\n\n\n<ul><li>planeacion@iser.edu.co<\/li><li>Ext. 110<br><\/li><\/ul>\n\n\n\n<p><strong>Cender Benilda Jaimes Monta\u00f1ez<\/strong><br>Profesional Especializado de Control Interno<br><\/p>\n\n\n\n<ul><li>controlinterno@iser.edu.co<\/li><li>Ext. 124<br><\/li><\/ul>\n\n\n\n<p><strong>Janeth Le\u00f3n Tarazona<\/strong><br>Profesional Especializada de Jur\u00eddica<br><\/p>\n\n\n\n<ul><li>juridica@iser.edu.co<\/li><\/ul>\n\n\n\n<p><strong>Nubia Yanneth Molina P\u00e9rez<\/strong><br>Profesional Universitario Admisiones, Registro y Control Acad\u00e9mico<br><\/p>\n\n\n\n<ul><li>directorregistro@iser.edu.co<\/li><li>Ext. 102 \/ Cel. 316 791 0373<br><\/li><\/ul>\n\n\n\n<p><strong>Yuli Adriana Carrillo Pab\u00f3n<\/strong><br>Profesional Universitario de Talento Humano<br><\/p>\n\n\n\n<ul><li>talentohumano@iser.edu.co<\/li><li>Ext. 104<\/li><\/ul>\n\n\n\n<p><strong>H\u00e9ctor Jes\u00fas Quintero Quintero<\/strong><br>Profesional Universitario de Presupuesto<br><\/p>\n\n\n\n<ul><li>presupuesto@iser.edu.co<\/li><li>Ext. 109 \/ Cel. 317 492 7919<br><\/li><\/ul>\n\n\n\n<p><strong>Nora Marina Villamizar<\/strong><br>Profesional Universitario de Contabilidad<br><\/p>\n\n\n\n<ul><li>financiera@iser.edu.co<\/li><li>Ext. 112<\/li><\/ul>\n\n\n\n<p><strong>Jos\u00e9 Dar\u00edo Guerrero Silva<\/strong><br>Profesional Universitario de MTIC<br><\/p>\n\n\n\n<ul><li>mtic@iser.edu.co<\/li><li>Ext. 120\/ 3134813018<\/li><\/ul>\n\n\n\n<p><strong>Yesenia Campo Vera<\/strong><br>Profesional Universitario de Investigaciones<br><\/p>\n\n\n\n<ul><li>investigacion@iser.edu.co<\/li><li>Ext. 111<\/li><\/ul>\n\n\n\n<p><strong>Judith Lorena Bautista Rico<\/strong><br>Profesional Universitario de Extensi\u00f3n y Proyecci\u00f3n Social<br><\/p>\n\n\n\n<ul><li>extension@iser.edu.co<\/li><li>Ext. 115 \/ Cel. 316 669 9361<br><\/li><\/ul>\n\n\n\n<p><strong>Lorena Contreras Arenas<\/strong><br>Profesional Universitario de Bienestar<br><\/p>\n\n\n\n<ul><li>bienestaruniversitario@iser.edu.co<\/li><li>Ext. 119<\/li><\/ul>\n\n\n\n<p><strong>Fernando Jos\u00e9 Moreno Arrieta<\/strong><br>Profesional Universitario de Autoevaluaci\u00f3n, Calidad y Acreditaci\u00f3n<br><\/p>\n\n\n\n<ul><li>acreditacion@iser.edu.co<\/li><\/ul>\n\n\n\n<p><strong>Erika Patricia Pacheco&nbsp;P\u00e9rez<\/strong><br>T\u00e9cnico Administrativo de Pagadur\u00eda<br><\/p>\n\n\n\n<ul><li>pagaduria@iser.edu.co<\/li><li>Ext. 106<\/li><\/ul>\n\n\n\n<p><strong>Ruth Yanira Buitrago<\/strong><br>T\u00e9cnico Administrativo de Biblioteca<br><\/p>\n\n\n\n<ul><li>Biblioteca@iser.edu.co<\/li><li>Ext. 114<\/li><\/ul>\n\n\n\n<p><strong>Javier Fl\u00f3rez Fl\u00f3rez<\/strong><br>T\u00e9cnico Administrativo de Suministros, Bienes e Inventarios<br><\/p>\n\n\n\n<ul><li>almacen@iser.edu.co<\/li><li>Ext. 125<\/li><\/ul>\n\n\n\n<p><br><\/p>\n\n\n\n<p><\/p>\n\n\n\n<ul><li><\/li><\/ul>\n<div class=\"pvc_clear\"><\/div><p id=\"pvc_stats_191\" class=\"pvc_stats all  \" data-element-id=\"191\" style=\"\"><i class=\"pvc-stats-icon medium\" aria-hidden=\"true\"><svg aria-hidden=\"true\" focusable=\"false\" data-prefix=\"far\" data-icon=\"chart-bar\" role=\"img\" xmlns=\"http:\/\/www.w3.org\/2000\/svg\" viewBox=\"0 0 512 512\" class=\"svg-inline--fa fa-chart-bar fa-w-16 fa-2x\"><path fill=\"currentColor\" d=\"M396.8 352h22.4c6.4 0 12.8-6.4 12.8-12.8V108.8c0-6.4-6.4-12.8-12.8-12.8h-22.4c-6.4 0-12.8 6.4-12.8 12.8v230.4c0 6.4 6.4 12.8 12.8 12.8zm-192 0h22.4c6.4 0 12.8-6.4 12.8-12.8V140.8c0-6.4-6.4-12.8-12.8-12.8h-22.4c-6.4 0-12.8 6.4-12.8 12.8v198.4c0 6.4 6.4 12.8 12.8 12.8zm96 0h22.4c6.4 0 12.8-6.4 12.8-12.8V204.8c0-6.4-6.4-12.8-12.8-12.8h-22.4c-6.4 0-12.8 6.4-12.8 12.8v134.4c0 6.4 6.4 12.8 12.8 12.8zM496 400H48V80c0-8.84-7.16-16-16-16H16C7.16 64 0 71.16 0 80v336c0 17.67 14.33 32 32 32h464c8.84 0 16-7.16 16-16v-16c0-8.84-7.16-16-16-16zm-387.2-48h22.4c6.4 0 12.8-6.4 12.8-12.8v-70.4c0-6.4-6.4-12.8-12.8-12.8h-22.4c-6.4 0-12.8 6.4-12.8 12.8v70.4c0 6.4 6.4 12.8 12.8 12.8z\" class=\"\"><\/path><\/svg><\/i> <img decoding=\"async\" width=\"16\" height=\"16\" alt=\"Loading\" src=\"data:image\/gif;base64,R0lGODlhAQABAAAAACH5BAEKAAEALAAAAAABAAEAAAICTAEAOw==\" class=\"lazyload\" data-src=\"https:\/\/www.iser.edu.co\/wp-content\/plugins\/page-views-count\/ajax-loader-2x.gif\"><\/p><div class=\"pvc_clear\"><\/div>","protected":false},"excerpt":{"rendered":"<p>En esta secci\u00f3n encontraras las diferentes lineas de tel\u00e9fono celular para comunicarte con los diferentes funcionarios de nuestra instituci\u00f3n. Directorio Administrativo Mario Augusto Contreras Medina\u00a0 Rector rectoria@iser.edu.co Cel. 321 492 3021 Gloria Yubid Coronado Sep\u00falvedaSecretaria General secretariageneral@iser.edu.co Ext. 105 Cel. 314 414 0476 Jose Javier Bustos Cort\u00e9sVicerrector Acad\u00e9mico vicerrectoria@iser.edu.co Ext. 117 Matilde Villamizar RiveraDecana Facultad&#8230;<\/p>\n<div class=\"pvc_clear\"><\/div>\n<p id=\"pvc_stats_191\" class=\"pvc_stats all  \" data-element-id=\"191\" style=\"\"><i class=\"pvc-stats-icon medium\" aria-hidden=\"true\"><svg aria-hidden=\"true\" focusable=\"false\" data-prefix=\"far\" data-icon=\"chart-bar\" role=\"img\" xmlns=\"http:\/\/www.w3.org\/2000\/svg\" viewBox=\"0 0 512 512\" class=\"svg-inline--fa fa-chart-bar fa-w-16 fa-2x\"><path fill=\"currentColor\" d=\"M396.8 352h22.4c6.4 0 12.8-6.4 12.8-12.8V108.8c0-6.4-6.4-12.8-12.8-12.8h-22.4c-6.4 0-12.8 6.4-12.8 12.8v230.4c0 6.4 6.4 12.8 12.8 12.8zm-192 0h22.4c6.4 0 12.8-6.4 12.8-12.8V140.8c0-6.4-6.4-12.8-12.8-12.8h-22.4c-6.4 0-12.8 6.4-12.8 12.8v198.4c0 6.4 6.4 12.8 12.8 12.8zm96 0h22.4c6.4 0 12.8-6.4 12.8-12.8V204.8c0-6.4-6.4-12.8-12.8-12.8h-22.4c-6.4 0-12.8 6.4-12.8 12.8v134.4c0 6.4 6.4 12.8 12.8 12.8zM496 400H48V80c0-8.84-7.16-16-16-16H16C7.16 64 0 71.16 0 80v336c0 17.67 14.33 32 32 32h464c8.84 0 16-7.16 16-16v-16c0-8.84-7.16-16-16-16zm-387.2-48h22.4c6.4 0 12.8-6.4 12.8-12.8v-70.4c0-6.4-6.4-12.8-12.8-12.8h-22.4c-6.4 0-12.8 6.4-12.8 12.8v70.4c0 6.4 6.4 12.8 12.8 12.8z\" class=\"\"><\/path><\/svg><\/i> <img decoding=\"async\" width=\"16\" height=\"16\" alt=\"Loading\" src=\"https:\/\/www.iser.edu.co\/wp-content\/plugins\/page-views-count\/ajax-loader-2x.gif\" border=0 \/><\/p>\n<div class=\"pvc_clear\"><\/div>\n","protected":false},"author":1,"featured_media":0,"parent":0,"menu_order":0,"comment_status":"closed","ping_status":"closed","template":"","meta":{"_kadence_starter_templates_imported_post":false,"_kad_post_transparent":"","_kad_post_title":"","_kad_post_layout":"","_kad_post_sidebar_id":"","_kad_post_content_style":"","_kad_post_vertical_padding":"","_kad_post_feature":"","_kad_post_feature_position":"","_kad_post_header":false,"_kad_post_footer":false,"footnotes":""},"_links":{"self":[{"href":"https:\/\/www.iser.edu.co\/index.php\/wp-json\/wp\/v2\/pages\/191"}],"collection":[{"href":"https:\/\/www.iser.edu.co\/index.php\/wp-json\/wp\/v2\/pages"}],"about":[{"href":"https:\/\/www.iser.edu.co\/index.php\/wp-json\/wp\/v2\/types\/page"}],"author":[{"embeddable":true,"href":"https:\/\/www.iser.edu.co\/index.php\/wp-json\/wp\/v2\/users\/1"}],"replies":[{"embeddable":true,"href":"https:\/\/www.iser.edu.co\/index.php\/wp-json\/wp\/v2\/comments?post=191"}],"version-history":[{"count":0,"href":"https:\/\/www.iser.edu.co\/index.php\/wp-json\/wp\/v2\/pages\/191\/revisions"}],"wp:attachment":[{"href":"https:\/\/www.iser.edu.co\/index.php\/wp-json\/wp\/v2\/media?parent=191"}],"curies":[{"name":"wp","href":"https:\/\/api.w.org\/{rel}","templated":true}]}}