{"id":1922,"date":"2024-03-02T14:56:50","date_gmt":"2024-03-02T19:56:50","guid":{"rendered":"https:\/\/ww3.iser.edu.co\/?page_id=1922"},"modified":"2024-04-29T16:41:34","modified_gmt":"2024-04-29T21:41:34","slug":"tecnologia-en-gestion-de-redes-y-sistemas-teleinformaticos","status":"publish","type":"page","link":"https:\/\/www.iser.edu.co\/index.php\/tecnologia-en-gestion-de-redes-y-sistemas-teleinformaticos\/","title":{"rendered":"Tecnolog\u00eda en Gesti\u00f3n de Redes y Sistemas Teleinform\u00e1ticos"},"content":{"rendered":"\t\t<div data-elementor-type=\"wp-page\" data-elementor-id=\"1922\" class=\"elementor elementor-1922\" data-elementor-post-type=\"page\">\n\t\t\t\t\t\t<section class=\"elementor-section elementor-top-section elementor-element elementor-element-c6edb8f elementor-section-boxed elementor-section-height-default elementor-section-height-default\" data-id=\"c6edb8f\" data-element_type=\"section\" data-settings=\"{&quot;jet_parallax_layout_list&quot;:[],&quot;_ha_eqh_enable&quot;:false}\">\n\t\t\t\t\t\t<div class=\"elementor-container elementor-column-gap-default\">\n\t\t\t\t\t<div class=\"elementor-column elementor-col-100 elementor-top-column elementor-element elementor-element-33979fa\" data-id=\"33979fa\" data-element_type=\"column\">\n\t\t\t<div class=\"elementor-widget-wrap elementor-element-populated\">\n\t\t\t\t\t\t<div class=\"elementor-element elementor-element-caa93ac elementor-widget-divider--view-line elementor-widget elementor-widget-divider\" data-id=\"caa93ac\" data-element_type=\"widget\" data-widget_type=\"divider.default\">\n\t\t\t\t<div class=\"elementor-widget-container\">\n\t\t\t\t\t<div class=\"elementor-divider\">\n\t\t\t<span class=\"elementor-divider-separator\">\n\t\t\t\t\t\t<\/span>\n\t\t<\/div>\n\t\t\t\t<\/div>\n\t\t\t\t<\/div>\n\t\t\t\t\t<\/div>\n\t\t<\/div>\n\t\t\t\t\t<\/div>\n\t\t<\/section>\n\t\t\t\t<section class=\"elementor-section elementor-top-section elementor-element elementor-element-75b457a elementor-section-boxed elementor-section-height-default elementor-section-height-default\" data-id=\"75b457a\" data-element_type=\"section\" data-settings=\"{&quot;jet_parallax_layout_list&quot;:[],&quot;_ha_eqh_enable&quot;:false}\">\n\t\t\t\t\t\t<div class=\"elementor-container elementor-column-gap-default\">\n\t\t\t\t\t<div class=\"elementor-column elementor-col-100 elementor-top-column elementor-element elementor-element-b4a81ab\" data-id=\"b4a81ab\" data-element_type=\"column\">\n\t\t\t<div class=\"elementor-widget-wrap elementor-element-populated\">\n\t\t\t\t\t\t<div class=\"elementor-element elementor-element-a9a9cf2 elementor-widget elementor-widget-heading\" data-id=\"a9a9cf2\" data-element_type=\"widget\" data-widget_type=\"heading.default\">\n\t\t\t\t<div class=\"elementor-widget-container\">\n\t\t\t<h2 class=\"elementor-heading-title elementor-size-default\">Tecnolog\u00eda en Gesti\u00f3n de redes y sistemas teleinform\u00e1ticos<\/h2>\t\t<\/div>\n\t\t\t\t<\/div>\n\t\t\t\t\t<\/div>\n\t\t<\/div>\n\t\t\t\t\t<\/div>\n\t\t<\/section>\n\t\t\t\t<section class=\"elementor-section elementor-top-section elementor-element elementor-element-81920cb elementor-section-boxed elementor-section-height-default elementor-section-height-default\" data-id=\"81920cb\" data-element_type=\"section\" data-settings=\"{&quot;jet_parallax_layout_list&quot;:[],&quot;_ha_eqh_enable&quot;:false}\">\n\t\t\t\t\t\t<div class=\"elementor-container elementor-column-gap-default\">\n\t\t\t\t\t<div class=\"elementor-column elementor-col-100 elementor-top-column elementor-element elementor-element-734f254\" data-id=\"734f254\" data-element_type=\"column\">\n\t\t\t<div class=\"elementor-widget-wrap elementor-element-populated\">\n\t\t\t\t\t\t<div class=\"elementor-element elementor-element-26fec70 elementor-widget-divider--view-line elementor-widget elementor-widget-divider\" data-id=\"26fec70\" data-element_type=\"widget\" data-widget_type=\"divider.default\">\n\t\t\t\t<div class=\"elementor-widget-container\">\n\t\t\t\t\t<div class=\"elementor-divider\">\n\t\t\t<span class=\"elementor-divider-separator\">\n\t\t\t\t\t\t<\/span>\n\t\t<\/div>\n\t\t\t\t<\/div>\n\t\t\t\t<\/div>\n\t\t\t\t<div class=\"elementor-element elementor-element-4748a86 elementor-widget elementor-widget-image\" data-id=\"4748a86\" data-element_type=\"widget\" data-widget_type=\"image.default\">\n\t\t\t\t<div class=\"elementor-widget-container\">\n\t\t\t\t\t\t\t\t\t\t\t\t\t<img fetchpriority=\"high\" decoding=\"async\" width=\"768\" height=\"321\" src=\"data:image\/gif;base64,R0lGODlhAQABAAAAACH5BAEKAAEALAAAAAABAAEAAAICTAEAOw==\" class=\"attachment-medium_large size-medium_large wp-image-2220 lazyload\" alt=\"\" sizes=\"(max-width: 768px) 100vw, 768px\" data-src=\"https:\/\/www.iser.edu.co\/wp-content\/uploads\/2024\/03\/firma-correo-electronico-coordinadores-10-768x321.webp\" data-srcset=\"https:\/\/www.iser.edu.co\/wp-content\/uploads\/2024\/03\/firma-correo-electronico-coordinadores-10-768x321.webp 768w, https:\/\/www.iser.edu.co\/wp-content\/uploads\/2024\/03\/firma-correo-electronico-coordinadores-10-300x125.webp 300w, https:\/\/www.iser.edu.co\/wp-content\/uploads\/2024\/03\/firma-correo-electronico-coordinadores-10-1024x428.webp 1024w, https:\/\/www.iser.edu.co\/wp-content\/uploads\/2024\/03\/firma-correo-electronico-coordinadores-10-1536x641.webp 1536w, https:\/\/www.iser.edu.co\/wp-content\/uploads\/2024\/03\/firma-correo-electronico-coordinadores-10.webp 1920w\">\t\t\t\t\t\t\t\t\t\t\t\t\t<\/div>\n\t\t\t\t<\/div>\n\t\t\t\t\t<\/div>\n\t\t<\/div>\n\t\t\t\t\t<\/div>\n\t\t<\/section>\n\t\t\t\t<section class=\"elementor-section elementor-top-section elementor-element elementor-element-f46e411 elementor-section-boxed elementor-section-height-default elementor-section-height-default\" data-id=\"f46e411\" data-element_type=\"section\" data-settings=\"{&quot;jet_parallax_layout_list&quot;:[],&quot;_ha_eqh_enable&quot;:false}\">\n\t\t\t\t\t\t<div class=\"elementor-container elementor-column-gap-default\">\n\t\t\t\t\t<div class=\"elementor-column elementor-col-100 elementor-top-column elementor-element elementor-element-36585f4\" data-id=\"36585f4\" data-element_type=\"column\">\n\t\t\t<div class=\"elementor-widget-wrap elementor-element-populated\">\n\t\t\t\t\t\t<div class=\"elementor-element elementor-element-49303a0 elementor-widget elementor-widget-text-editor\" data-id=\"49303a0\" data-element_type=\"widget\" data-widget_type=\"text-editor.default\">\n\t\t\t\t<div class=\"elementor-widget-container\">\n\t\t\t\t\t\t\t<p><strong>\u00a0<\/strong><strong>C\u00f3digo SNIES:<\/strong><strong>\u00a010397<\/strong><\/p><p><a href=\"https:\/\/www.iser.edu.co\/wp-content\/uploads\/2024\/03\/resolucion_rrc_redes_y_sistema.pdf\">Resoluci\u00f3n 003695 del 18 de marzo de 2022<\/a>Ministerio de Educaci\u00f3n Nacional\u00a0&#8220;Por medio de la cual se resuelve la solicitud de renovaci\u00f3n y modificaci\u00f3n del registro calificado del programa de Tecnolog\u00eda en Gesti\u00f3n de Redes y Sistemas Teleinform\u00e1ticos ofrecido por el Instituto Superior de Educaci\u00f3n Rural ISER en modalidad Presencial en Pamplona (Norte de Santander)&#8221;<\/p><p>\u00a0<\/p><p><strong><a href=\"https:\/\/www.iser.edu.co\/wp-content\/uploads\/2024\/03\/plan_estudio_redesysist_2022.pdf\">Plan de Estudios 2022<\/a><\/strong><\/p><p>\u00a0<\/p><p><strong>Nombre del Programa:<\/strong>\u00a0Tecnolog\u00eda en Gesti\u00f3n de Redes y Sistemas Teleinform\u00e1ticos<br \/><strong>T\u00edtulo que Otorga:<\/strong>\u00a0Tecn\u00f3logo en Gesti\u00f3n de Redes y Sistemas Teleinform\u00e1ticos<br \/><strong>Duraci\u00f3n:<\/strong>\u00a06 (seis) Semestres<br \/><strong>Lugar de Desarrollo:<\/strong>\u00a0Pamplona, Norte de Santander<br \/><strong>Modalidad:<\/strong>\u00a0Presencial<br \/><strong>Tipo de Formaci\u00f3n:<\/strong>\u00a0Tecnol\u00f3gica<br \/><strong>N\u00famero de Cr\u00e9ditos Acad\u00e9micos:\u00a0<\/strong>93 (noventa y tres)<br \/><strong>Costo de Matr\u00edcula:<\/strong>\u00a01 SMMLV<\/p><p>\u00a0<\/p><p><strong>MISI\u00d3N<\/strong><\/p><p><strong>\u00a0<\/strong><\/p><p>El programa busca formar un Tecn\u00f3logo en Gesti\u00f3n de Redes y Sistemas\u00a0Teleinform\u00e1ticos que contribuya al desarrollo del talento humano y que responda a las\u00a0demandas en el \u00e1rea del conocimiento de las tecnolog\u00edas de la informaci\u00f3n y las\u00a0comunicaciones de acuerdo a los resultados de aprendizaje definidos en las\u00a0cualificaciones adoptadas, con conocimientos disciplinares b\u00e1sicos y habilidades\u00a0comunicativas, conducentes a la formaci\u00f3n integral que le permita desarrollar procesos\u00a0formativos, de extensi\u00f3n e investigativos y con sentido \u00e9tico y moral, conscientes de su\u00a0responsabilidad social en el desarrollo del entorno urbano y rural.<\/p><p>\u00a0<\/p><p><strong>VISI\u00d3N<\/strong><\/p><p><strong>\u00a0<\/strong><\/p><p>Para el a\u00f1o 2025 ser reconocido como un programa competitivo, acreditado en alta\u00a0calidad que contribuye al desarrollo del talento humano y que responde a las demandas\u00a0en el \u00e1rea del conocimiento de las tecnolog\u00edas de informaci\u00f3n y las comunicaciones, con\u00a0un enfoque incluyente que impacte en el desarrollo urbano y rural.<\/p><p>\u00a0<\/p><p><strong>Perfil de egreso:<\/strong><\/p><p><strong>\u00a0<\/strong><\/p><ul><li>Gestionar, interpretar y apoyar proyectos de TI en entornos corporativos o en \u00e1mbitos de desarrollo a la medida.<\/li><li>Administrar, instalar y configurar redes de c\u00f3mputo y sistemas Teleinform\u00e1ticos, servicios de acceso a internet, servidores y redes corporativas de informaci\u00f3n como Intranet y Extranet.<\/li><li>Administrar e Investigar sobre tecnolog\u00edas y pol\u00edticas de seguridad inform\u00e1tica en redes de datos.<\/li><li>Atender mesas de ayuda para atender solicitudes de soporte tecnol\u00f3gico sobre problemas relacionados con el \u00e1rea TI.\u00a0<\/li><li>Realizar mantenimiento de infraestructura tecnol\u00f3gica y de servicios TI de acuerdo a los requerimientos del cliente.\u00a0\u00a0<\/li><li>Elaborar informes detallados sobre el estado y mantenimiento infraestructura tecnol\u00f3gica.\u00a0\u00a0<\/li><li>Supervisar la planificaci\u00f3n, dise\u00f1o y montaje de redes de comunicaciones cumpliendo con procesos de certificaci\u00f3n.\u00a0<\/li><li>Programador de sistemas y aplicaciones capacitado para codificar, mantener y actualizar los programas asociados a un proyecto TI.<\/li><li>Gestor de bases de datos capacitado para mantener grandes vol\u00famenes de informaci\u00f3n respetando los est\u00e1ndares que aseguren la satisfacci\u00f3n de las necesidades del cliente.<\/li><\/ul><p><strong>Perfil Profesional:<\/strong><\/p>\t\t\t\t\t\t<\/div>\n\t\t\t\t<\/div>\n\t\t\t\t<div class=\"elementor-element elementor-element-914db9c elementor-widget elementor-widget-image\" data-id=\"914db9c\" data-element_type=\"widget\" data-widget_type=\"image.default\">\n\t\t\t\t<div class=\"elementor-widget-container\">\n\t\t\t\t\t\t\t\t\t\t\t\t\t<img decoding=\"async\" width=\"672\" height=\"424\" src=\"data:image\/gif;base64,R0lGODlhAQABAAAAACH5BAEKAAEALAAAAAABAAEAAAICTAEAOw==\" class=\"attachment-large size-large wp-image-4445 lazyload\" alt=\"\" sizes=\"(max-width: 672px) 100vw, 672px\" data-src=\"https:\/\/www.iser.edu.co\/wp-content\/uploads\/2024\/03\/redes.jpg\" data-srcset=\"https:\/\/www.iser.edu.co\/wp-content\/uploads\/2024\/03\/redes.jpg 672w, https:\/\/www.iser.edu.co\/wp-content\/uploads\/2024\/03\/redes-300x189.jpg 300w\">\t\t\t\t\t\t\t\t\t\t\t\t\t<\/div>\n\t\t\t\t<\/div>\n\t\t\t\t<div class=\"elementor-element elementor-element-f61662c elementor-widget elementor-widget-text-editor\" data-id=\"f61662c\" data-element_type=\"widget\" data-widget_type=\"text-editor.default\">\n\t\t\t\t<div class=\"elementor-widget-container\">\n\t\t\t\t\t\t\t<p><strong>Proyecto Educativo del Programa<\/strong><\/p><p><strong>\u00a0<\/strong><\/p><ul><li><a href=\"https:\/\/www.iser.edu.co\/wp-content\/uploads\/2024\/03\/pepredes.pdf\">Ver PEP<\/a><\/li><\/ul><p style=\"text-align: center;\"><strong>Plan de Estudios 2013<\/strong><\/p><p>\u00a0<\/p><ul><li><strong><a href=\"https:\/\/www.iser.edu.co\/wp-content\/uploads\/2024\/03\/res_renovacion_redes_sis.pdf\">Resoluci\u00f3n 14485 Registro Calificado 2013<\/a><\/strong><\/li><\/ul><ul><li><strong><a href=\"https:\/\/www.iser.edu.co\/wp-content\/uploads\/2024\/03\/plan_est_redes_y_sistemas.jpg\">Ver Plan de Estudios 2013<\/a><\/strong><\/li><\/ul><p><strong>*<em>El dominio oficial para correos electr\u00f3nicos de estudiantes y profesores del programa es: iser.edu.co<\/em><\/strong><\/p><p><em>\u00a0<\/em><\/p><p><em>\u00a0<\/em><\/p><p><strong>Perfil Profesional<\/strong><\/p><p>El Tecn\u00f3logo en Gesti\u00f3n de Redes y Sistema Teleinform\u00e1ticos del ISER, se capacita en \u00a0forma \u00a0integral, \u00a0human\u00edstica \u00a0y \u00a0t\u00e9cnica \u00a0en \u00a0las \u00a0\u00e1reas \u00a0de \u00a0la \u00a0programaci\u00f3n, \u00a0las \u00a0redes \u00a0de comunicaciones y la adaptaci\u00f3n de las nuevas tecnolog\u00edas a su entorno, soportado en un modelo pedag\u00f3gico que incorpora un alto componente de integralidad del curr\u00edculo para:<\/p><ul><li>Coordinar, \u00a0Supervisar \u00a0y \u00a0promover \u00a0el \u00a0conjunto \u00a0de \u00a0actividades \u00a0relacionadas \u00a0con \u00a0el manejo \u00a0de herramientas \u00a0software, \u00a0desarrollo \u00a0de \u00a0software \u00a0e \u00a0implementaci\u00f3n \u00a0de Redes de Comunicaci\u00f3n.<\/li><li>Estructurar, y evaluar \u00a0procesos tecnol\u00f3gicos \u00a0para \u00a0el \u00a0desarrollo \u00a0e \u00a0implementaci\u00f3n de software.<\/li><li>Estructurar, \u00a0y \u00a0evaluar \u00a0procesos \u00a0tecnol\u00f3gicos \u00a0en \u00a0la \u00a0implementaci\u00f3n \u00a0de \u00a0Redes \u00a0de Comunicaciones.<\/li><li>Integrar \u00a0interdisciplinariamente \u00a0en \u00a0la \u00a0formulaci\u00f3n \u00a0y \u00a0evaluaci\u00f3n \u00a0de \u00a0proyectos \u00a0de Redes y Sistemas Teleinform\u00e1ticos.<\/li><li>Supervisar \u00a0las \u00a0operaciones \u00a0de adaptaci\u00f3n \u00a0de \u00a0nuevas \u00a0tecnolog\u00edas \u00a0en \u00a0entornos organizacionales.<\/li><li>Supervisar \u00a0y \u00a0coordinar \u00a0las \u00a0actividades \u00a0de \u00a0los \u00a0trabajadores \u00a0encargados \u00a0de \u00a0las diversas operaciones en el campo de las redes y sistemas.<\/li><li>Organiza establecimientos que proveen servicios t\u00e9cnicos en el campo de las redes de comunicaciones, Sistema Teleinform\u00e1ticos y Sistemas de Informaci\u00f3n<\/li><\/ul><p><strong>Perfil Ocupacional<\/strong><\/p><p>La \u00a0orientaci\u00f3n \u00a0y \u00a0el \u00a0desarrollo \u00a0del \u00a0plan \u00a0de estudios,\u00a0 \u00a0le\u00a0 \u00a0proporcionar\u00e1n\u00a0 \u00a0al\u00a0\u00a0 Tecn\u00f3logo en Gesti\u00f3n de Redes y Sistemas Teleinform\u00e1ticos\u00a0 los \u00a0conocimientos \u00a0te\u00f3rico-pr\u00e1cticos, \u00a0adem\u00e1s \u00a0de \u00a0las \u00a0habilidades \u00a0y destrezas necesarias \u00a0que \u00a0se \u00a0requieren \u00a0para \u00a0laborar \u00a0en \u00a0todas \u00a0las \u00a0entidades \u00a0privadas \u00a0u oficiales, pudiendo realizar las siguientes actividades:<\/p><ul><li>Ejecutor de metodolog\u00edas de desarrollo tecnol\u00f3gico para el correcto desempe\u00f1o laboral en empresas del sector de las tecnolog\u00edas.<\/li><li>Desarrollador de soluciones inform\u00e1ticas.<\/li><li>Dirigir y controlar operaciones en las organizaciones.<\/li><li>Dise\u00f1ador \u00a0de \u00a0soluciones\u00a0 \u00a0de\u00a0 \u00a0acuerdo\u00a0 \u00a0a\u00a0 \u00a0los \u00a0procesos\u00a0 \u00a0de\u00a0 \u00a0la\u00a0 \u00a0ingenier\u00eda \u00a0del software.<\/li><li>Gestor de infraestructuras hardware y software en las organizaciones.<\/li><li>Conocedor \u00a0de \u00a0las \u00a0normas \u00a0relacionadas \u00a0con\u00a0 la\u00a0 implementaci\u00f3n \u00a0de \u00a0redes \u00a0de comunicaci\u00f3n en organizaciones.<\/li><li>Constructor de arquitecturas tecnol\u00f3gicas \u00a0para desarrollos de soluciones en el \u00e1rea inform\u00e1tica y de las redes de comunicaciones.<\/li><li>Integrador de procesos de\u00a0 \u00a0i+D+&amp;\u00a0 \u00a0en\u00a0 \u00a0funci\u00f3n\u00a0 \u00a0de\u00a0 \u00a0los\u00a0 \u00a0desarrollos organizacionales.<\/li><\/ul><p>\u00a0<\/p><p>\u00a0<\/p>\t\t\t\t\t\t<\/div>\n\t\t\t\t<\/div>\n\t\t\t\t\t<\/div>\n\t\t<\/div>\n\t\t\t\t\t<\/div>\n\t\t<\/section>\n\t\t\t\t<\/div>\n\t\t","protected":false},"excerpt":{"rendered":"<p>Tecnolog\u00eda en Gesti\u00f3n de redes y sistemas teleinform\u00e1ticos \u00a0C\u00f3digo SNIES:\u00a010397 Resoluci\u00f3n 003695 del 18 de marzo de 2022Ministerio de Educaci\u00f3n Nacional\u00a0&#8220;Por medio de la cual se resuelve la solicitud de renovaci\u00f3n y modificaci\u00f3n del registro calificado del programa de Tecnolog\u00eda en Gesti\u00f3n de Redes y Sistemas Teleinform\u00e1ticos ofrecido por el Instituto Superior de Educaci\u00f3n Rural&#8230;<\/p>\n<div class=\"pvc_clear\"><\/div>\n<p id=\"pvc_stats_1922\" class=\"pvc_stats all  \" data-element-id=\"1922\" style=\"\"><i class=\"pvc-stats-icon medium\" aria-hidden=\"true\"><svg aria-hidden=\"true\" focusable=\"false\" data-prefix=\"far\" data-icon=\"chart-bar\" role=\"img\" xmlns=\"http:\/\/www.w3.org\/2000\/svg\" viewBox=\"0 0 512 512\" class=\"svg-inline--fa fa-chart-bar fa-w-16 fa-2x\"><path fill=\"currentColor\" d=\"M396.8 352h22.4c6.4 0 12.8-6.4 12.8-12.8V108.8c0-6.4-6.4-12.8-12.8-12.8h-22.4c-6.4 0-12.8 6.4-12.8 12.8v230.4c0 6.4 6.4 12.8 12.8 12.8zm-192 0h22.4c6.4 0 12.8-6.4 12.8-12.8V140.8c0-6.4-6.4-12.8-12.8-12.8h-22.4c-6.4 0-12.8 6.4-12.8 12.8v198.4c0 6.4 6.4 12.8 12.8 12.8zm96 0h22.4c6.4 0 12.8-6.4 12.8-12.8V204.8c0-6.4-6.4-12.8-12.8-12.8h-22.4c-6.4 0-12.8 6.4-12.8 12.8v134.4c0 6.4 6.4 12.8 12.8 12.8zM496 400H48V80c0-8.84-7.16-16-16-16H16C7.16 64 0 71.16 0 80v336c0 17.67 14.33 32 32 32h464c8.84 0 16-7.16 16-16v-16c0-8.84-7.16-16-16-16zm-387.2-48h22.4c6.4 0 12.8-6.4 12.8-12.8v-70.4c0-6.4-6.4-12.8-12.8-12.8h-22.4c-6.4 0-12.8 6.4-12.8 12.8v70.4c0 6.4 6.4 12.8 12.8 12.8z\" class=\"\"><\/path><\/svg><\/i> <img decoding=\"async\" width=\"16\" height=\"16\" alt=\"Loading\" src=\"https:\/\/www.iser.edu.co\/wp-content\/plugins\/page-views-count\/ajax-loader-2x.gif\" border=0 \/><\/p>\n<div class=\"pvc_clear\"><\/div>\n","protected":false},"author":1,"featured_media":0,"parent":0,"menu_order":0,"comment_status":"closed","ping_status":"closed","template":"","meta":{"_kadence_starter_templates_imported_post":false,"_kad_post_transparent":"","_kad_post_title":"hide","_kad_post_layout":"fullwidth","_kad_post_sidebar_id":"","_kad_post_content_style":"unboxed","_kad_post_vertical_padding":"hide","_kad_post_feature":"hide","_kad_post_feature_position":"","_kad_post_header":false,"_kad_post_footer":false,"footnotes":""},"_links":{"self":[{"href":"https:\/\/www.iser.edu.co\/index.php\/wp-json\/wp\/v2\/pages\/1922"}],"collection":[{"href":"https:\/\/www.iser.edu.co\/index.php\/wp-json\/wp\/v2\/pages"}],"about":[{"href":"https:\/\/www.iser.edu.co\/index.php\/wp-json\/wp\/v2\/types\/page"}],"author":[{"embeddable":true,"href":"https:\/\/www.iser.edu.co\/index.php\/wp-json\/wp\/v2\/users\/1"}],"replies":[{"embeddable":true,"href":"https:\/\/www.iser.edu.co\/index.php\/wp-json\/wp\/v2\/comments?post=1922"}],"version-history":[{"count":0,"href":"https:\/\/www.iser.edu.co\/index.php\/wp-json\/wp\/v2\/pages\/1922\/revisions"}],"wp:attachment":[{"href":"https:\/\/www.iser.edu.co\/index.php\/wp-json\/wp\/v2\/media?parent=1922"}],"curies":[{"name":"wp","href":"https:\/\/api.w.org\/{rel}","templated":true}]}}