{"id":2083,"date":"2024-03-02T16:25:42","date_gmt":"2024-03-02T21:25:42","guid":{"rendered":"https:\/\/ww3.iser.edu.co\/?page_id=2083"},"modified":"2024-03-14T10:15:55","modified_gmt":"2024-03-14T15:15:55","slug":"tecnologia-en-procesos-agroindustriales-presencial","status":"publish","type":"page","link":"https:\/\/www.iser.edu.co\/index.php\/tecnologia-en-procesos-agroindustriales-presencial\/","title":{"rendered":"Tecnolog\u00eda en Procesos Agroindustriales &#8211; Presencial"},"content":{"rendered":"\t\t<div data-elementor-type=\"wp-page\" data-elementor-id=\"2083\" class=\"elementor elementor-2083\" data-elementor-post-type=\"page\">\n\t\t\t\t\t\t<section class=\"elementor-section elementor-top-section elementor-element elementor-element-db3282b elementor-section-boxed elementor-section-height-default elementor-section-height-default\" data-id=\"db3282b\" data-element_type=\"section\" data-settings=\"{&quot;jet_parallax_layout_list&quot;:[],&quot;_ha_eqh_enable&quot;:false}\">\n\t\t\t\t\t\t<div class=\"elementor-container elementor-column-gap-default\">\n\t\t\t\t\t<div class=\"elementor-column elementor-col-100 elementor-top-column elementor-element elementor-element-92c45e4\" data-id=\"92c45e4\" data-element_type=\"column\">\n\t\t\t<div class=\"elementor-widget-wrap elementor-element-populated\">\n\t\t\t\t\t\t<div class=\"elementor-element elementor-element-fa83459 elementor-widget elementor-widget-text-editor\" data-id=\"fa83459\" data-element_type=\"widget\" data-widget_type=\"text-editor.default\">\n\t\t\t\t<div class=\"elementor-widget-container\">\n\t\t\t\t\t\t\t<h1 style=\"font-family: Arial, Helvetica, sans-serif; margin-bottom: 20px; font-size: 24px; color: #277227; text-align: center;\">Tecnolog\u00eda en Procesos Agroindustriales &#8211; Presencial<\/h1><div><img fetchpriority=\"high\" decoding=\"async\" class=\"aligncenter wp-image-2243 size-large lazyload\" src=\"data:image\/gif;base64,R0lGODlhAQABAAAAACH5BAEKAAEALAAAAAABAAEAAAICTAEAOw==\" alt=\"\" width=\"1024\" height=\"427\" data-src=\"https:\/\/www.iser.edu.co\/wp-content\/uploads\/2024\/03\/firma-correo-electronico-coordinadores-09-1024x427.jpg\"><\/div><div>\u00a0<\/div><h5 style=\"margin: 0px 0px 20px; text-align: center;\"><span style=\"color: #008000;\"><a style=\"color: #008000;\" href=\"https:\/\/academicoiser.q10.com\/ISER\/Preinscripcion\" target=\"_blank\" rel=\"noopener nofollow\">Inscripci\u00f3n en L\u00ednea Estudiantes Nuevos<\/a><\/span><\/h5><h6 style=\"margin: 0px 0px 20px;\"><span style=\"font-family: arial, helvetica, sans-serif;\"><span style=\"color: #287328;\"><span style=\"font-size: small;\"><strong>\u00a0 \u00a0 \u00a0 \u00a0 \u00a0 \u00a0 \u00a0 <\/strong><\/span><\/span><\/span><\/h6><h6 style=\"margin: 0px 0px 20px; text-align: left;\"><span style=\"font-family: arial, helvetica, sans-serif;\"><span style=\"color: #287328;\"><span style=\"font-size: small;\"><strong>\u00a0 \u00a0 \u00a0 \u00a0 \u00a0 \u00a0 \u00a0 C\u00f3digo SNIES:<\/strong><\/span><\/span><\/span>\u00a0<span style=\"font-size: small;\"><span style=\"color: #000000;\">104261<\/span><\/span><\/h6><p>\u00a0<\/p><p style=\"margin: 0px 0px 0px 50px; line-height: 18px; color: #333333; font-family: Arial, Helvetica, sans-serif; font-size: 12px; text-align: left;\"><span style=\"color: #008000;\"><a style=\"font-weight: var( --e-global-typography-text-font-weight ); color: #008000;\" href=\"https:\/\/www.iser.edu.co\/wp-content\/uploads\/2024\/03\/resolucion_rrc_agroindustria.pdf\" target=\"_blank\" rel=\"noopener\">Resoluci\u00f3n 005267 del 07 de abril de 2022<\/a><\/span><span style=\"font-family: arial, helvetica, sans-serif;\"><span style=\"font-size: medium;\"><span style=\"color: #287328;\"><span style=\"color: #000000; font-size: small;\">\u00a0&#8220;Por medio de la cual se resuelve la solicitud de renovaci\u00f3n y modificaci\u00f3n del registro calificado para el programa de TECNOLOG\u00cdA EN PROCESOS AGROINDUSTRIALES del INSTITUTO SUPERIOR DE EDUCACI\u00d3N RURAL &#8211; ISER, en modalidad PRESENCIAL, en PAMPLONA &#8211; NORTE DE SANTANDER&#8221;<\/span><\/span><\/span><\/span><\/p><p>\u00a0<\/p><div style=\"margin: 0px 0px 0px 50px; line-height: 18px; text-align: justify; color: #333333; font-family: Arial, Helvetica, sans-serif; font-size: 12px;\"><h6 style=\"margin: 0px 0px 20px;\"><span style=\"color: #008000;\"><a style=\"color: #008000;\" href=\"https:\/\/www.iser.edu.co\/wp-content\/uploads\/2024\/03\/plan_est_agroindustriales_2022.pdf\" target=\"_blank\" rel=\"noopener\">Plan de Estudios 2022<\/a><\/span><span style=\"font-family: arial, helvetica, sans-serif;\"><span style=\"font-size: medium;\"><span style=\"color: #287328;\"><span style=\"color: #000000; font-size: small;\"><br \/><\/span><\/span><\/span><\/span><\/h6><p style=\"margin: 0px 0px 20px;\"><span style=\"font-family: arial, helvetica, sans-serif;\"><span style=\"font-size: medium;\"><span style=\"color: #287328;\"><span style=\"color: #000000; font-size: small;\"><span style=\"color: #237823;\"><strong>Nombre del Programa:<\/strong><\/span>\u00a0Tecnolog\u00eda en Procesos Agroindustriales<br \/><strong><span style=\"color: #237823;\">T\u00edtulo que Otorga:\u00a0<\/span><\/strong>Tecn\u00f3logo en Procesos Agroindustriales<br \/><span style=\"color: #237823;\"><strong>Duraci\u00f3n:\u00a0<\/strong><\/span>6 (seis) Semestres<br \/><strong><span style=\"color: #237823;\">Lugar de Desarrollo:<\/span><\/strong>\u00a0Pamplona, Norte de Santander<br \/><span style=\"color: #237823;\"><strong>Modalidad:<\/strong><\/span>\u00a0Presencial y a Distancia<br \/><span style=\"color: #237823;\"><strong>Tipo de Formaci\u00f3n:<\/strong><\/span>\u00a0Tecnol\u00f3gica<br \/><span style=\"color: #237823;\"><strong>N\u00famero de Cr\u00e9ditos Acad\u00e9micos:<\/strong><\/span>\u00a094 (noventa y cuatro)<br \/><span style=\"color: #237823;\"><strong>Costo de Matr\u00edcula:<\/strong><\/span>\u00a01 SMMLV<br \/><\/span><\/span><\/span><\/span><\/p><ul><li><p><span style=\"color: #008000;\"><a style=\"color: #008000;\" href=\"https:\/\/www.iser.edu.co\/wp-content\/uploads\/2024\/03\/res_renovacion_agroindustrial.pdf\" target=\"_blank\" rel=\"noopener\">Ver Resoluci\u00f3n 02055 Registro Calificado Presencial 2015<\/a><\/span><\/p><\/li><li><p><span style=\"color: #008000;\"><a style=\"color: #008000;\" href=\"https:\/\/www.iser.edu.co\/wp-content\/uploads\/2024\/03\/plan_est_agroindustria.jpg\" target=\"_blank\" rel=\"noopener\">Ver Plan de Estudios 2015<\/a><\/span><span style=\"font-family: arial, helvetica, sans-serif;\"><span style=\"color: #237823;\"><strong><span style=\"font-size: medium;\"><span style=\"font-size: small;\"><br \/><\/span><\/span><\/strong><\/span><\/span><\/p><\/li><\/ul><h6 style=\"margin: 0px 0px 20px; text-align: left;\"><span style=\"color: #287328;\"><span style=\"font-size: small;\"><strong>Misi\u00f3n<\/strong><\/span><\/span><\/h6><p style=\"margin: 0px 0px 20px;\"><span style=\"font-family: arial, helvetica, sans-serif;\"><span style=\"font-size: small;\">Formar un Tecn\u00f3logo capaz de planear, dirigir y promover el conjunto actividades relacionadas con la producci\u00f3n, transformaci\u00f3n y distribuci\u00f3n de los productos agroindustriales, dise\u00f1ando, aplicando y evaluando los procesos tecnol\u00f3gicos, que permitan la transformaci\u00f3n adecuada de los productos; generando la puesta en marcha de empresas que propicien el desarrollo socio-econ\u00f3mico y sostenible de la regi\u00f3n.<\/span><\/span><\/p><h6 style=\"margin: 0px 0px 20px;\"><span style=\"color: #287328;\"><span style=\"font-size: small;\"><strong>Visi\u00f3n<\/strong><\/span><\/span><\/h6><p style=\"margin: 0px 0px 20px;\"><span style=\"font-family: arial, helvetica, sans-serif;\"><span style=\"font-size: small;\">El Instituto Superior de Educaci\u00f3n Rural \u2013 ISER de Pamplona ser\u00e1 \u00a0el primer Instituto Tecnol\u00f3gico De Educaci\u00f3n Superior m\u00e1s reconocido por sus procesos de formaci\u00f3n acad\u00e9mica en el pa\u00eds.<\/span><\/span><\/p><h6 style=\"margin: 0px 0px 20px; text-align: left;\"><span style=\"font-family: arial, helvetica, sans-serif;\"><span style=\"font-size: small;\"><strong><span style=\"color: #287328;\">Perfil Profesional<\/span><br \/><\/strong><\/span><\/span><\/h6><p style=\"margin: 0px 0px 20px;\"><span style=\"font-family: arial, helvetica, sans-serif;\"><span style=\"font-size: small;\">El Tecn\u00f3logo Agroindustrial\u00a0 del ISER se capacita en forma integral, human\u00edstica y t\u00e9cnica en\u00a0 tener competencias en el \u00e1rea de manejo de materias primas agroindustriales de modo que pueda ser un factor de cambio que asesore e implemente estrategias de producci\u00f3n, mercadeo y conservaci\u00f3n de productos agropecuarios en busca de una mayor productividad y generaci\u00f3n de ingresos a las unidades de producci\u00f3n y estar\u00e1 capacitado para:<\/span><\/span><\/p><ul><li style=\"text-align: justify;\"><p><span style=\"font-family: arial, helvetica, sans-serif;\"><span style=\"font-size: small;\">Orienta, Gestiona y Desarrolla el conjunto de actividades relacionadas con la producci\u00f3n, transformaci\u00f3n y distribuci\u00f3n de los productos agroindustriales<\/span><\/span><\/p><\/li><li style=\"text-align: justify;\"><p><span style=\"font-family: arial, helvetica, sans-serif;\"><span style=\"font-size: small;\">Dise\u00f1ar, Aplicar soluciones y evaluar procesos tecnol\u00f3gicos de producci\u00f3n que permitan la transformaci\u00f3n adecuada de los productos agropecuarios.<\/span><\/span><\/p><\/li><li style=\"text-align: justify;\"><p><span style=\"font-family: arial, helvetica, sans-serif;\"><span style=\"font-size: small;\">Participar interdisciplinariamente coordinando, Gestionando y ejecutando \u00a0la formulaci\u00f3n y evaluaci\u00f3n de proyectos agroindustriales que propicien en el desarrollo socioecon\u00f3mico de la regi\u00f3n.<\/span><\/span><\/p><\/li><\/ul><h6 style=\"margin: 0px 0px 20px; text-align: left;\"><span style=\"font-family: arial, helvetica, sans-serif;\"><span style=\"font-size: small;\"><strong>\u00a0<span style=\"color: #287328;\">Perfil Ocupacional<br \/><\/span><\/strong><\/span><\/span><\/h6><p style=\"margin: 0px 0px 20px;\"><span style=\"font-family: arial, helvetica, sans-serif;\"><span style=\"font-size: small;\">La orientaci\u00f3n y el desarrollo del plan de estudios, le proporcionar\u00e1n al TECNOLOGO AGROINDUSTRIAL, los conocimientos te\u00f3rico-pr\u00e1cticos, adem\u00e1s de las habilidades y destrezas necesarias que se requieren para laborar en todas las entidades y unidades agroindustriales\u00a0 privadas y oficiales del orden nacional e internacional, estar\u00e1 en capacidad de desempe\u00f1arse como:<\/span><\/span><\/p><ul><li style=\"text-align: justify;\"><p><span style=\"font-family: arial, helvetica, sans-serif;\"><span style=\"font-size: small;\">Gestor, creador y gerente de su propia empresa.<\/span><\/span><\/p><\/li><li style=\"text-align: justify;\"><p><span style=\"font-family: arial, helvetica, sans-serif;\"><span style=\"font-size: small;\">Coordinador y supervisor\u00a0 de proyectos en producci\u00f3n Agro-Industrial (alimenticia y no alimenticia).<\/span><\/span><\/p><\/li><li style=\"text-align: justify;\"><p><span style=\"font-family: arial, helvetica, sans-serif;\"><span style=\"font-size: small;\">Fundador y promotor de empresas del sector solidario que tengan que ver con procesamiento, transformaci\u00f3n y mercadeo en el \u00e1rea de su estudio.<\/span><\/span><\/p><\/li><li style=\"text-align: justify;\"><p><span style=\"font-family: arial, helvetica, sans-serif;\"><span style=\"font-size: small;\">Brindando apoyo en todo tipo de empresas agroindustriales, a los profesionales en \u00e1reas de procesamiento, control de calidad y mercadeo<\/span><\/span><\/p><\/li><li style=\"text-align: justify;\"><p><span style=\"font-family: arial, helvetica, sans-serif;\"><span style=\"font-size: small;\">Ejecuta, Coordina y Gerencia, adapta y selecciona procesos, plantas y productos agroindustriales en diferentes niveles de transformaci\u00f3n, desde la producci\u00f3n hasta el final de la cadena agroindustrial.<\/span><\/span><\/p><\/li><li style=\"text-align: justify;\"><p><span style=\"font-family: arial, helvetica, sans-serif;\"><span style=\"font-size: small;\">Desarrolla y diversifica productos de acuerdo con las exigencias del mercado, nacional o internacional.<\/span><\/span><\/p><\/li><li style=\"text-align: justify;\"><p><span style=\"font-family: arial, helvetica, sans-serif;\"><span style=\"font-size: small;\">Determina la factibilidad t\u00e9cnica, econ\u00f3mica, social y ambiental de proyectos agroindustriales.<\/span><\/span><\/p><\/li><li style=\"text-align: justify;\"><p><span style=\"font-family: arial, helvetica, sans-serif;\"><span style=\"font-size: small;\">Genera y adapta la tecnolog\u00eda con respecto al beneficio y manejo de especies promisorias y a la normalizaci\u00f3n, certificaci\u00f3n, calidad, metodolog\u00eda y reducci\u00f3n de p\u00e9rdidas de materias primas y productos derivados de recursos agr\u00edcolas, pecuarios y pesqueros.<\/span><\/span><\/p><\/li><li style=\"text-align: justify;\"><p><span style=\"font-family: arial, helvetica, sans-serif;\"><span style=\"font-size: small;\">Estudia sistemas de aprovechamiento de materias primas, productos y coproductos de los procesos y plantas dentro del concepto de sostenibilidad y amabilidad con el medio ambiente.<\/span><\/span><\/p><\/li><\/ul><\/div>\t\t\t\t\t\t<\/div>\n\t\t\t\t<\/div>\n\t\t\t\t\t<\/div>\n\t\t<\/div>\n\t\t\t\t\t<\/div>\n\t\t<\/section>\n\t\t\t\t<\/div>\n\t\t","protected":false},"excerpt":{"rendered":"<p>Tecnolog\u00eda en Procesos Agroindustriales &#8211; Presencial \u00a0 Inscripci\u00f3n en L\u00ednea Estudiantes Nuevos \u00a0 \u00a0 \u00a0 \u00a0 \u00a0 \u00a0 \u00a0 \u00a0 \u00a0 \u00a0 \u00a0 \u00a0 \u00a0 \u00a0 C\u00f3digo SNIES:\u00a0104261 \u00a0 Resoluci\u00f3n 005267 del 07 de abril de 2022\u00a0&#8220;Por medio de la cual se resuelve la solicitud de renovaci\u00f3n y modificaci\u00f3n del registro calificado para el programa&#8230;<\/p>\n<div class=\"pvc_clear\"><\/div>\n<p id=\"pvc_stats_2083\" class=\"pvc_stats all  \" data-element-id=\"2083\" style=\"\"><i class=\"pvc-stats-icon medium\" aria-hidden=\"true\"><svg aria-hidden=\"true\" focusable=\"false\" data-prefix=\"far\" data-icon=\"chart-bar\" role=\"img\" xmlns=\"http:\/\/www.w3.org\/2000\/svg\" viewBox=\"0 0 512 512\" class=\"svg-inline--fa fa-chart-bar fa-w-16 fa-2x\"><path fill=\"currentColor\" d=\"M396.8 352h22.4c6.4 0 12.8-6.4 12.8-12.8V108.8c0-6.4-6.4-12.8-12.8-12.8h-22.4c-6.4 0-12.8 6.4-12.8 12.8v230.4c0 6.4 6.4 12.8 12.8 12.8zm-192 0h22.4c6.4 0 12.8-6.4 12.8-12.8V140.8c0-6.4-6.4-12.8-12.8-12.8h-22.4c-6.4 0-12.8 6.4-12.8 12.8v198.4c0 6.4 6.4 12.8 12.8 12.8zm96 0h22.4c6.4 0 12.8-6.4 12.8-12.8V204.8c0-6.4-6.4-12.8-12.8-12.8h-22.4c-6.4 0-12.8 6.4-12.8 12.8v134.4c0 6.4 6.4 12.8 12.8 12.8zM496 400H48V80c0-8.84-7.16-16-16-16H16C7.16 64 0 71.16 0 80v336c0 17.67 14.33 32 32 32h464c8.84 0 16-7.16 16-16v-16c0-8.84-7.16-16-16-16zm-387.2-48h22.4c6.4 0 12.8-6.4 12.8-12.8v-70.4c0-6.4-6.4-12.8-12.8-12.8h-22.4c-6.4 0-12.8 6.4-12.8 12.8v70.4c0 6.4 6.4 12.8 12.8 12.8z\" class=\"\"><\/path><\/svg><\/i> <img decoding=\"async\" width=\"16\" height=\"16\" alt=\"Loading\" src=\"https:\/\/www.iser.edu.co\/wp-content\/plugins\/page-views-count\/ajax-loader-2x.gif\" border=0 \/><\/p>\n<div class=\"pvc_clear\"><\/div>\n","protected":false},"author":1,"featured_media":0,"parent":0,"menu_order":0,"comment_status":"closed","ping_status":"closed","template":"","meta":{"_kadence_starter_templates_imported_post":false,"_kad_post_transparent":"","_kad_post_title":"hide","_kad_post_layout":"fullwidth","_kad_post_sidebar_id":"","_kad_post_content_style":"unboxed","_kad_post_vertical_padding":"hide","_kad_post_feature":"hide","_kad_post_feature_position":"","_kad_post_header":false,"_kad_post_footer":false,"footnotes":""},"_links":{"self":[{"href":"https:\/\/www.iser.edu.co\/index.php\/wp-json\/wp\/v2\/pages\/2083"}],"collection":[{"href":"https:\/\/www.iser.edu.co\/index.php\/wp-json\/wp\/v2\/pages"}],"about":[{"href":"https:\/\/www.iser.edu.co\/index.php\/wp-json\/wp\/v2\/types\/page"}],"author":[{"embeddable":true,"href":"https:\/\/www.iser.edu.co\/index.php\/wp-json\/wp\/v2\/users\/1"}],"replies":[{"embeddable":true,"href":"https:\/\/www.iser.edu.co\/index.php\/wp-json\/wp\/v2\/comments?post=2083"}],"version-history":[{"count":0,"href":"https:\/\/www.iser.edu.co\/index.php\/wp-json\/wp\/v2\/pages\/2083\/revisions"}],"wp:attachment":[{"href":"https:\/\/www.iser.edu.co\/index.php\/wp-json\/wp\/v2\/media?parent=2083"}],"curies":[{"name":"wp","href":"https:\/\/api.w.org\/{rel}","templated":true}]}}