{"id":22305,"date":"2025-12-17T15:18:02","date_gmt":"2025-12-17T20:18:02","guid":{"rendered":"https:\/\/www.iser.edu.co\/?page_id=22305"},"modified":"2025-12-17T16:11:10","modified_gmt":"2025-12-17T21:11:10","slug":"convocatoria-repositorio-de-hojas-de-vida-profesores-2026","status":"publish","type":"page","link":"https:\/\/www.iser.edu.co\/index.php\/convocatoria-repositorio-de-hojas-de-vida-profesores-2026\/","title":{"rendered":"Convocatoria Repositorio de Hojas de Vida Profesores 2026"},"content":{"rendered":"\t\t<div data-elementor-type=\"wp-page\" data-elementor-id=\"22305\" class=\"elementor elementor-22305\" data-elementor-post-type=\"page\">\n\t\t\t\t\t\t<section class=\"elementor-section elementor-top-section elementor-element elementor-element-a7bb725 elementor-section-boxed elementor-section-height-default elementor-section-height-default\" data-id=\"a7bb725\" data-element_type=\"section\" data-settings=\"{&quot;jet_parallax_layout_list&quot;:[],&quot;_ha_eqh_enable&quot;:false}\">\n\t\t\t\t\t\t<div class=\"elementor-container elementor-column-gap-default\">\n\t\t\t\t\t<div class=\"elementor-column elementor-col-100 elementor-top-column elementor-element elementor-element-bfc10b3\" data-id=\"bfc10b3\" data-element_type=\"column\">\n\t\t\t<div class=\"elementor-widget-wrap elementor-element-populated\">\n\t\t\t\t\t\t<div class=\"elementor-element elementor-element-e89101b elementor-widget-divider--view-line elementor-widget elementor-widget-divider\" data-id=\"e89101b\" data-element_type=\"widget\" data-widget_type=\"divider.default\">\n\t\t\t\t<div class=\"elementor-widget-container\">\n\t\t\t\t\t<div class=\"elementor-divider\">\n\t\t\t<span class=\"elementor-divider-separator\">\n\t\t\t\t\t\t<\/span>\n\t\t<\/div>\n\t\t\t\t<\/div>\n\t\t\t\t<\/div>\n\t\t\t\t\t<\/div>\n\t\t<\/div>\n\t\t\t\t\t<\/div>\n\t\t<\/section>\n\t\t\t\t<section class=\"elementor-section elementor-top-section elementor-element elementor-element-83cc2a5 elementor-section-boxed elementor-section-height-default elementor-section-height-default\" data-id=\"83cc2a5\" data-element_type=\"section\" data-settings=\"{&quot;jet_parallax_layout_list&quot;:[],&quot;_ha_eqh_enable&quot;:false}\">\n\t\t\t\t\t\t<div class=\"elementor-container elementor-column-gap-default\">\n\t\t\t\t\t<div class=\"elementor-column elementor-col-100 elementor-top-column elementor-element elementor-element-29a8b31\" data-id=\"29a8b31\" data-element_type=\"column\">\n\t\t\t<div class=\"elementor-widget-wrap elementor-element-populated\">\n\t\t\t\t\t\t<div class=\"elementor-element elementor-element-781e596 elementor-widget elementor-widget-heading\" data-id=\"781e596\" data-element_type=\"widget\" data-widget_type=\"heading.default\">\n\t\t\t\t<div class=\"elementor-widget-container\">\n\t\t\t<h2 class=\"elementor-heading-title elementor-size-default\">Repositorio de Hojas de Vida 2026<\/h2>\t\t<\/div>\n\t\t\t\t<\/div>\n\t\t\t\t<div class=\"elementor-element elementor-element-8078bab elementor-widget-divider--view-line elementor-widget elementor-widget-divider\" data-id=\"8078bab\" data-element_type=\"widget\" data-widget_type=\"divider.default\">\n\t\t\t\t<div class=\"elementor-widget-container\">\n\t\t\t\t\t<div class=\"elementor-divider\">\n\t\t\t<span class=\"elementor-divider-separator\">\n\t\t\t\t\t\t<\/span>\n\t\t<\/div>\n\t\t\t\t<\/div>\n\t\t\t\t<\/div>\n\t\t\t\t\t<\/div>\n\t\t<\/div>\n\t\t\t\t\t<\/div>\n\t\t<\/section>\n\t\t\t\t<section class=\"elementor-section elementor-top-section elementor-element elementor-element-279513b elementor-section-boxed elementor-section-height-default elementor-section-height-default\" data-id=\"279513b\" data-element_type=\"section\" data-settings=\"{&quot;jet_parallax_layout_list&quot;:[],&quot;_ha_eqh_enable&quot;:false}\">\n\t\t\t\t\t\t<div class=\"elementor-container elementor-column-gap-default\">\n\t\t\t\t\t<div class=\"elementor-column elementor-col-100 elementor-top-column elementor-element elementor-element-902522d\" data-id=\"902522d\" data-element_type=\"column\">\n\t\t\t<div class=\"elementor-widget-wrap elementor-element-populated\">\n\t\t\t\t\t\t<div class=\"elementor-element elementor-element-2fc4148 elementor-widget elementor-widget-image\" data-id=\"2fc4148\" data-element_type=\"widget\" data-widget_type=\"image.default\">\n\t\t\t\t<div class=\"elementor-widget-container\">\n\t\t\t\t\t\t\t\t\t\t\t\t\t<img fetchpriority=\"high\" decoding=\"async\" width=\"768\" height=\"288\" src=\"data:image\/gif;base64,R0lGODlhAQABAAAAACH5BAEKAAEALAAAAAABAAEAAAICTAEAOw==\" class=\"attachment-medium_large size-medium_large wp-image-22332 lazyload\" alt=\"\" sizes=\"(max-width: 768px) 100vw, 768px\" data-src=\"https:\/\/www.iser.edu.co\/wp-content\/uploads\/2025\/12\/banner-768x288.png\" data-srcset=\"https:\/\/www.iser.edu.co\/wp-content\/uploads\/2025\/12\/banner-768x288.png 768w, https:\/\/www.iser.edu.co\/wp-content\/uploads\/2025\/12\/banner-300x113.png 300w, https:\/\/www.iser.edu.co\/wp-content\/uploads\/2025\/12\/banner-1024x384.png 1024w, https:\/\/www.iser.edu.co\/wp-content\/uploads\/2025\/12\/banner-1536x576.png 1536w, https:\/\/www.iser.edu.co\/wp-content\/uploads\/2025\/12\/banner-2048x768.png 2048w\">\t\t\t\t\t\t\t\t\t\t\t\t\t<\/div>\n\t\t\t\t<\/div>\n\t\t\t\t\t<\/div>\n\t\t<\/div>\n\t\t\t\t\t<\/div>\n\t\t<\/section>\n\t\t\t\t<section class=\"elementor-section elementor-top-section elementor-element elementor-element-e212112 elementor-section-boxed elementor-section-height-default elementor-section-height-default\" data-id=\"e212112\" data-element_type=\"section\" data-settings=\"{&quot;jet_parallax_layout_list&quot;:[],&quot;_ha_eqh_enable&quot;:false}\">\n\t\t\t\t\t\t<div class=\"elementor-container elementor-column-gap-default\">\n\t\t\t\t\t<div class=\"elementor-column elementor-col-100 elementor-top-column elementor-element elementor-element-f084f9c\" data-id=\"f084f9c\" data-element_type=\"column\">\n\t\t\t<div class=\"elementor-widget-wrap elementor-element-populated\">\n\t\t\t\t\t\t<div class=\"elementor-element elementor-element-7dfc1b1 elementor-widget__width-initial elementor-widget elementor-widget-text-editor\" data-id=\"7dfc1b1\" data-element_type=\"widget\" data-widget_type=\"text-editor.default\">\n\t\t\t\t<div class=\"elementor-widget-container\">\n\t\t\t\t\t\t\t<p style=\"text-align: center;\"><em><strong>Antes de participar en la convocatoria por favor lea atentamente los t\u00e9rminos y requisitos m\u00ednimos<\/strong><\/em><\/p><p style=\"text-align: center;\"><em><strong>\u00a0<\/strong><\/em><\/p><ul><li><a href=\"https:\/\/www.iser.edu.co\/wp-content\/uploads\/2025\/12\/Acuerdo-050-del-15-dic-2025.pdf\"><strong>Acuerdo 050 del 15 de diciembre de 2025<\/strong><\/a> &#8220;Por el cual se modifica los art\u00edculos sexto y octavo del acuerdo 053 del 29 de noviembre de 2023, Por el cual se reglamenta la conformaci\u00f3n del repositorio de hojas de vida de Profesores de Hora C\u00e1tedra, Tiempo completo Ocasional y Medio tiempo Ocasional, afines a los Programas Acad\u00e9micos ofertados por el Instituto Superior de Educaci\u00f3n Rural ISER de Pamplona y Centros Tutoriales&#8221;<\/li><\/ul><ul><li><p><strong><span style=\"font-family: var(--global-body-font-family);\"><a href=\"https:\/\/www.iser.edu.co\/wp-content\/uploads\/2025\/12\/TERMINOS-REPOSITORIO-DE-HOJAS-DE-VIDA_2026-1.pdf\">Ver t\u00e9rminos de la convocatoria<\/a>\u00a0 &#8211; <\/span><\/strong>T\u00e9rminos de apertura para registro del Repositorio de Hojas de Vida de profesores de hora catedra, tiempo completo ocasional y medio tiempo ocasional, afines a los programas acad\u00e9micos ofertados en las diferentes modalidades por el Instituto Superior de Educaci\u00f3n Rural \u2013 ISER de pamplona y los centros tutoriales para la vigencia 2026<\/p><\/li><\/ul><ul><li>Convocatoria abierta desde el 17 de diciembre de 2025 hasta las 11:59 pm del 11 de enero de 2026<\/li><\/ul><h1 style=\"text-align: center;\"><a href=\"https:\/\/virtual.iser.edu.co\/local\/jobboard\/index.php?view=public\" rel=\"nofollow noopener\" target=\"_blank\"><strong>REALICE SU POSTULACI\u00d3N HACIENDO CLICK AQU\u00cd<\/strong><\/a><\/h1><div><p><strong>Nota importante:<\/strong> El cronograma podr\u00e1 ser objeto de las modificaciones que determine el Consejo Acad\u00e9mico del ISER\u00a0<\/p><\/div>\t\t\t\t\t\t<\/div>\n\t\t\t\t<\/div>\n\t\t\t\t\t<\/div>\n\t\t<\/div>\n\t\t\t\t\t<\/div>\n\t\t<\/section>\n\t\t\t\t<\/div>\n\t\t","protected":false},"excerpt":{"rendered":"<p>Repositorio de Hojas de Vida 2026 Antes de participar en la convocatoria por favor lea atentamente los t\u00e9rminos y requisitos m\u00ednimos \u00a0 Acuerdo 050 del 15 de diciembre de 2025 &#8220;Por el cual se modifica los art\u00edculos sexto y octavo del acuerdo 053 del 29 de noviembre de 2023, Por el cual se reglamenta la&#8230;<\/p>\n<div class=\"pvc_clear\"><\/div>\n<p id=\"pvc_stats_22305\" class=\"pvc_stats all  \" data-element-id=\"22305\" style=\"\"><i class=\"pvc-stats-icon medium\" aria-hidden=\"true\"><svg aria-hidden=\"true\" focusable=\"false\" data-prefix=\"far\" data-icon=\"chart-bar\" role=\"img\" xmlns=\"http:\/\/www.w3.org\/2000\/svg\" viewBox=\"0 0 512 512\" class=\"svg-inline--fa fa-chart-bar fa-w-16 fa-2x\"><path fill=\"currentColor\" d=\"M396.8 352h22.4c6.4 0 12.8-6.4 12.8-12.8V108.8c0-6.4-6.4-12.8-12.8-12.8h-22.4c-6.4 0-12.8 6.4-12.8 12.8v230.4c0 6.4 6.4 12.8 12.8 12.8zm-192 0h22.4c6.4 0 12.8-6.4 12.8-12.8V140.8c0-6.4-6.4-12.8-12.8-12.8h-22.4c-6.4 0-12.8 6.4-12.8 12.8v198.4c0 6.4 6.4 12.8 12.8 12.8zm96 0h22.4c6.4 0 12.8-6.4 12.8-12.8V204.8c0-6.4-6.4-12.8-12.8-12.8h-22.4c-6.4 0-12.8 6.4-12.8 12.8v134.4c0 6.4 6.4 12.8 12.8 12.8zM496 400H48V80c0-8.84-7.16-16-16-16H16C7.16 64 0 71.16 0 80v336c0 17.67 14.33 32 32 32h464c8.84 0 16-7.16 16-16v-16c0-8.84-7.16-16-16-16zm-387.2-48h22.4c6.4 0 12.8-6.4 12.8-12.8v-70.4c0-6.4-6.4-12.8-12.8-12.8h-22.4c-6.4 0-12.8 6.4-12.8 12.8v70.4c0 6.4 6.4 12.8 12.8 12.8z\" class=\"\"><\/path><\/svg><\/i> <img decoding=\"async\" width=\"16\" height=\"16\" alt=\"Loading\" src=\"https:\/\/www.iser.edu.co\/wp-content\/plugins\/page-views-count\/ajax-loader-2x.gif\" border=0 \/><\/p>\n<div class=\"pvc_clear\"><\/div>\n","protected":false},"author":3,"featured_media":8184,"parent":0,"menu_order":0,"comment_status":"closed","ping_status":"closed","template":"","meta":{"_kadence_starter_templates_imported_post":false,"_kad_post_transparent":"","_kad_post_title":"hide","_kad_post_layout":"fullwidth","_kad_post_sidebar_id":"","_kad_post_content_style":"unboxed","_kad_post_vertical_padding":"hide","_kad_post_feature":"hide","_kad_post_feature_position":"","_kad_post_header":false,"_kad_post_footer":false,"footnotes":""},"_links":{"self":[{"href":"https:\/\/www.iser.edu.co\/index.php\/wp-json\/wp\/v2\/pages\/22305"}],"collection":[{"href":"https:\/\/www.iser.edu.co\/index.php\/wp-json\/wp\/v2\/pages"}],"about":[{"href":"https:\/\/www.iser.edu.co\/index.php\/wp-json\/wp\/v2\/types\/page"}],"author":[{"embeddable":true,"href":"https:\/\/www.iser.edu.co\/index.php\/wp-json\/wp\/v2\/users\/3"}],"replies":[{"embeddable":true,"href":"https:\/\/www.iser.edu.co\/index.php\/wp-json\/wp\/v2\/comments?post=22305"}],"version-history":[{"count":0,"href":"https:\/\/www.iser.edu.co\/index.php\/wp-json\/wp\/v2\/pages\/22305\/revisions"}],"wp:featuredmedia":[{"embeddable":true,"href":"https:\/\/www.iser.edu.co\/index.php\/wp-json\/wp\/v2\/media\/8184"}],"wp:attachment":[{"href":"https:\/\/www.iser.edu.co\/index.php\/wp-json\/wp\/v2\/media?parent=22305"}],"curies":[{"name":"wp","href":"https:\/\/api.w.org\/{rel}","templated":true}]}}