{"id":23114,"date":"2026-02-18T23:12:30","date_gmt":"2026-02-19T04:12:30","guid":{"rendered":"https:\/\/www.iser.edu.co\/?page_id=23114"},"modified":"2026-02-19T22:12:40","modified_gmt":"2026-02-20T03:12:40","slug":"tres-programas-del-iser-avanzan-en-la-ruta-hacia-la-acreditacion-en-alta-calidad-tras-concepto-favorable-del-cna","status":"publish","type":"page","link":"https:\/\/www.iser.edu.co\/index.php\/tres-programas-del-iser-avanzan-en-la-ruta-hacia-la-acreditacion-en-alta-calidad-tras-concepto-favorable-del-cna\/","title":{"rendered":"TRES PROGRAMAS DEL ISER AVANZAN EN LA RUTA HACIA LA ACREDITACI\u00d3N EN ALTA CALIDAD TRAS CONCEPTO FAVORABLE DEL CNA"},"content":{"rendered":"\t\t<div data-elementor-type=\"wp-page\" data-elementor-id=\"23114\" class=\"elementor elementor-23114\" data-elementor-post-type=\"page\">\n\t\t\t\t\t\t<section class=\"elementor-section elementor-top-section elementor-element elementor-element-5655c11 elementor-section-full_width elementor-section-height-default elementor-section-height-default\" data-id=\"5655c11\" data-element_type=\"section\" data-settings=\"{&quot;jet_parallax_layout_list&quot;:[],&quot;_ha_eqh_enable&quot;:false}\">\n\t\t\t\t\t\t<div class=\"elementor-container elementor-column-gap-default\">\n\t\t\t\t\t<div class=\"elementor-column elementor-col-100 elementor-top-column elementor-element elementor-element-6ab2708\" data-id=\"6ab2708\" data-element_type=\"column\">\n\t\t\t<div class=\"elementor-widget-wrap elementor-element-populated\">\n\t\t\t\t\t\t<div class=\"elementor-element elementor-element-37b9bfb elementor-widget-divider--view-line elementor-widget elementor-widget-divider\" data-id=\"37b9bfb\" data-element_type=\"widget\" data-widget_type=\"divider.default\">\n\t\t\t\t<div class=\"elementor-widget-container\">\n\t\t\t\t\t<div class=\"elementor-divider\">\n\t\t\t<span class=\"elementor-divider-separator\">\n\t\t\t\t\t\t<\/span>\n\t\t<\/div>\n\t\t\t\t<\/div>\n\t\t\t\t<\/div>\n\t\t\t\t\t<\/div>\n\t\t<\/div>\n\t\t\t\t\t<\/div>\n\t\t<\/section>\n\t\t\t\t<section class=\"elementor-section elementor-top-section elementor-element elementor-element-2210d54 animated-slow elementor-section-full_width elementor-section-height-default elementor-section-height-default elementor-invisible\" data-id=\"2210d54\" data-element_type=\"section\" data-settings=\"{&quot;jet_parallax_layout_list&quot;:[],&quot;animation&quot;:&quot;fadeInDown&quot;,&quot;_ha_eqh_enable&quot;:false}\">\n\t\t\t\t\t\t<div class=\"elementor-container elementor-column-gap-default\">\n\t\t\t\t\t<div class=\"elementor-column elementor-col-100 elementor-top-column elementor-element elementor-element-7700621\" data-id=\"7700621\" data-element_type=\"column\">\n\t\t\t<div class=\"elementor-widget-wrap elementor-element-populated\">\n\t\t\t\t\t\t<div class=\"elementor-element elementor-element-d539904 elementor-widget elementor-widget-image\" data-id=\"d539904\" data-element_type=\"widget\" data-widget_type=\"image.default\">\n\t\t\t\t<div class=\"elementor-widget-container\">\n\t\t\t\t\t\t\t\t\t\t\t\t\t<img fetchpriority=\"high\" decoding=\"async\" width=\"768\" height=\"288\" src=\"data:image\/gif;base64,R0lGODlhAQABAAAAACH5BAEKAAEALAAAAAABAAEAAAICTAEAOw==\" class=\"attachment-medium_large size-medium_large wp-image-23203 lazyload\" alt=\"Banner-cna\" sizes=\"(max-width: 768px) 100vw, 768px\" data-src=\"https:\/\/www.iser.edu.co\/wp-content\/uploads\/2026\/02\/Banner-cna-768x288.png\" data-srcset=\"https:\/\/www.iser.edu.co\/wp-content\/uploads\/2026\/02\/Banner-cna-768x288.png 768w, https:\/\/www.iser.edu.co\/wp-content\/uploads\/2026\/02\/Banner-cna-300x113.png 300w, https:\/\/www.iser.edu.co\/wp-content\/uploads\/2026\/02\/Banner-cna-1024x384.png 1024w, https:\/\/www.iser.edu.co\/wp-content\/uploads\/2026\/02\/Banner-cna-1536x576.png 1536w, https:\/\/www.iser.edu.co\/wp-content\/uploads\/2026\/02\/Banner-cna-2048x768.png 2048w\">\t\t\t\t\t\t\t\t\t\t\t\t\t<\/div>\n\t\t\t\t<\/div>\n\t\t\t\t\t<\/div>\n\t\t<\/div>\n\t\t\t\t\t<\/div>\n\t\t<\/section>\n\t\t\t\t<section class=\"elementor-section elementor-top-section elementor-element elementor-element-e7d2ad0 elementor-section-boxed elementor-section-height-default elementor-section-height-default\" data-id=\"e7d2ad0\" data-element_type=\"section\" data-settings=\"{&quot;jet_parallax_layout_list&quot;:[],&quot;_ha_eqh_enable&quot;:false}\">\n\t\t\t\t\t\t<div class=\"elementor-container elementor-column-gap-default\">\n\t\t\t\t\t<div class=\"elementor-column elementor-col-100 elementor-top-column elementor-element elementor-element-b337e36\" data-id=\"b337e36\" data-element_type=\"column\">\n\t\t\t<div class=\"elementor-widget-wrap elementor-element-populated\">\n\t\t\t\t\t\t<div class=\"elementor-element elementor-element-2a2f4bc elementor-widget elementor-widget-text-editor\" data-id=\"2a2f4bc\" data-element_type=\"widget\" data-widget_type=\"text-editor.default\">\n\t\t\t\t<div class=\"elementor-widget-container\">\n\t\t\t\t\t\t\t<div class=\"x_elementToProof\" data-ogsc=\"rgb(0, 0, 0)\"><span class=\"x_elementToProof\" data-ogsc=\"\" data-olk-copy-source=\"MessageBody\">El Instituto Superior de Educaci\u00f3n Rural ISER recibe con satisfacci\u00f3n y profundo sentido de responsabilidad el concepto favorable de apreciaci\u00f3n de condiciones iniciales emitido por el Consejo Nacional de Acreditaci\u00f3n CNA para los programas de Tecnolog\u00eda en Gesti\u00f3n Comunitaria, Tecnolog\u00eda en Procesos Agroindustriales y Tecnolog\u00eda en Gesti\u00f3n Empresarial.<\/span><\/div><div class=\"x_elementToProof\" data-ogsc=\"rgb(0, 0, 0)\">\u00a0<\/div><div class=\"x_elementToProof\" data-ogsc=\"rgb(0, 0, 0)\"><span class=\"x_elementToProof\" data-ogsc=\"\">Este concepto representa un hito estrat\u00e9gico en la ruta hacia la Acreditaci\u00f3n en Alta Calidad, al reconocer que los programas re\u00fanen las condiciones necesarias para avanzar a la etapa de autoevaluaci\u00f3n con fines de acreditaci\u00f3n, conforme al modelo establecido por el CESU.<\/span><\/div><div class=\"x_elementToProof\" data-ogsc=\"rgb(0, 0, 0)\">\u00a0<\/div><div class=\"x_elementToProof\" data-ogsc=\"rgb(0, 0, 0)\"><span class=\"x_elementToProof\" data-ogsc=\"\">Este resultado es un reconocimiento a la coherencia institucional y al trabajo en equipo. El concepto favorable de condiciones iniciales no constituye a\u00fan la acreditaci\u00f3n, pero s\u00ed valida que los programas cuentan con bases acad\u00e9micas, investigativas, administrativas, de extensi\u00f3n y bienestar s\u00f3lidas para emprender la fase de autoevaluaci\u00f3n rigurosa, participativa y orientada al mejoramiento continuo.<\/span><\/div><div class=\"x_elementToProof\" data-ogsc=\"rgb(0, 0, 0)\">\u00a0<\/div><div class=\"x_elementToProof\" data-ogsc=\"rgb(0, 0, 0)\"><span class=\"x_elementToProof\" data-ogsc=\"\">Este avance es resultado del trabajo articulado de directivos, profesores, estudiantes, graduados, miembros del sector productivo y personal administrativo, que han sostenido con convicci\u00f3n el prop\u00f3sito institucional de formar talento humano competente, con enfoque en el desarrollo humano y compromiso con la ruralidad y los territorios.<\/span><\/div><div class=\"x_elementToProof\" data-ogsc=\"rgb(0, 0, 0)\">\u00a0<\/div><div class=\"x_elementToProof\" data-ogsc=\"rgb(0, 0, 0)\"><span class=\"x_elementToProof\" data-ogsc=\"\">Para el ISER, avanzar en la ruta de Acreditaci\u00f3n en Alta Calidad significa fortalecer la confianza, elevar los niveles de calidad acad\u00e9mica y reafirmar su responsabilidad con la regi\u00f3n y el pa\u00eds. Es, ante todo, una expresi\u00f3n concreta de coherencia entre lo que somos, lo que hacemos y el impacto que generamos.<\/span><\/div><div class=\"x_elementToProof\" data-ogsc=\"rgb(0, 0, 0)\">\u00a0<\/div><div class=\"x_elementToProof\" data-ogsc=\"rgb(0, 0, 0)\"><span class=\"x_elementToProof\" data-ogsc=\"\">Hoy celebramos este paso con esperanza, pero tambi\u00e9n con la claridad de que la calidad es un proceso permanente. La autoevaluaci\u00f3n que inicia ser\u00e1 una oportunidad para escucharnos, medirnos, proyectarnos y consolidar programas acad\u00e9micos cada vez m\u00e1s pertinentes, incluyentes y transformadores.<\/span><\/div>\t\t\t\t\t\t<\/div>\n\t\t\t\t<\/div>\n\t\t\t\t\t<\/div>\n\t\t<\/div>\n\t\t\t\t\t<\/div>\n\t\t<\/section>\n\t\t\t\t<section class=\"elementor-section elementor-top-section elementor-element elementor-element-1bd8965 elementor-section-boxed elementor-section-height-default elementor-section-height-default\" data-id=\"1bd8965\" data-element_type=\"section\" data-settings=\"{&quot;jet_parallax_layout_list&quot;:[],&quot;_ha_eqh_enable&quot;:false}\">\n\t\t\t\t\t\t<div class=\"elementor-container elementor-column-gap-default\">\n\t\t\t\t\t<div class=\"elementor-column elementor-col-100 elementor-top-column elementor-element elementor-element-a382820\" data-id=\"a382820\" data-element_type=\"column\">\n\t\t\t<div class=\"elementor-widget-wrap elementor-element-populated\">\n\t\t\t\t\t\t<div class=\"elementor-element elementor-element-b08e388 elementor-widget-divider--view-line elementor-widget elementor-widget-divider\" data-id=\"b08e388\" data-element_type=\"widget\" data-widget_type=\"divider.default\">\n\t\t\t\t<div class=\"elementor-widget-container\">\n\t\t\t\t\t<div class=\"elementor-divider\">\n\t\t\t<span class=\"elementor-divider-separator\">\n\t\t\t\t\t\t<\/span>\n\t\t<\/div>\n\t\t\t\t<\/div>\n\t\t\t\t<\/div>\n\t\t\t\t\t<\/div>\n\t\t<\/div>\n\t\t\t\t\t<\/div>\n\t\t<\/section>\n\t\t\t\t<\/div>\n\t\t","protected":false},"excerpt":{"rendered":"<p>El Instituto Superior de Educaci\u00f3n Rural ISER recibe con satisfacci\u00f3n y profundo sentido de responsabilidad el concepto favorable de apreciaci\u00f3n de condiciones iniciales emitido por el Consejo Nacional de Acreditaci\u00f3n CNA para los programas de Tecnolog\u00eda en Gesti\u00f3n Comunitaria, Tecnolog\u00eda en Procesos Agroindustriales y Tecnolog\u00eda en Gesti\u00f3n Empresarial.\u00a0Este concepto representa un hito estrat\u00e9gico en la&#8230;<\/p>\n<div class=\"pvc_clear\"><\/div>\n<p id=\"pvc_stats_23114\" class=\"pvc_stats all  \" data-element-id=\"23114\" style=\"\"><i class=\"pvc-stats-icon medium\" aria-hidden=\"true\"><svg aria-hidden=\"true\" focusable=\"false\" data-prefix=\"far\" data-icon=\"chart-bar\" role=\"img\" xmlns=\"http:\/\/www.w3.org\/2000\/svg\" viewBox=\"0 0 512 512\" class=\"svg-inline--fa fa-chart-bar fa-w-16 fa-2x\"><path fill=\"currentColor\" d=\"M396.8 352h22.4c6.4 0 12.8-6.4 12.8-12.8V108.8c0-6.4-6.4-12.8-12.8-12.8h-22.4c-6.4 0-12.8 6.4-12.8 12.8v230.4c0 6.4 6.4 12.8 12.8 12.8zm-192 0h22.4c6.4 0 12.8-6.4 12.8-12.8V140.8c0-6.4-6.4-12.8-12.8-12.8h-22.4c-6.4 0-12.8 6.4-12.8 12.8v198.4c0 6.4 6.4 12.8 12.8 12.8zm96 0h22.4c6.4 0 12.8-6.4 12.8-12.8V204.8c0-6.4-6.4-12.8-12.8-12.8h-22.4c-6.4 0-12.8 6.4-12.8 12.8v134.4c0 6.4 6.4 12.8 12.8 12.8zM496 400H48V80c0-8.84-7.16-16-16-16H16C7.16 64 0 71.16 0 80v336c0 17.67 14.33 32 32 32h464c8.84 0 16-7.16 16-16v-16c0-8.84-7.16-16-16-16zm-387.2-48h22.4c6.4 0 12.8-6.4 12.8-12.8v-70.4c0-6.4-6.4-12.8-12.8-12.8h-22.4c-6.4 0-12.8 6.4-12.8 12.8v70.4c0 6.4 6.4 12.8 12.8 12.8z\" class=\"\"><\/path><\/svg><\/i> <img decoding=\"async\" width=\"16\" height=\"16\" alt=\"Loading\" src=\"https:\/\/www.iser.edu.co\/wp-content\/plugins\/page-views-count\/ajax-loader-2x.gif\" border=0 \/><\/p>\n<div class=\"pvc_clear\"><\/div>\n","protected":false},"author":5,"featured_media":0,"parent":0,"menu_order":0,"comment_status":"closed","ping_status":"closed","template":"","meta":{"_kadence_starter_templates_imported_post":false,"_kad_post_transparent":"","_kad_post_title":"hide","_kad_post_layout":"fullwidth","_kad_post_sidebar_id":"","_kad_post_content_style":"unboxed","_kad_post_vertical_padding":"hide","_kad_post_feature":"hide","_kad_post_feature_position":"","_kad_post_header":false,"_kad_post_footer":false,"footnotes":""},"_links":{"self":[{"href":"https:\/\/www.iser.edu.co\/index.php\/wp-json\/wp\/v2\/pages\/23114"}],"collection":[{"href":"https:\/\/www.iser.edu.co\/index.php\/wp-json\/wp\/v2\/pages"}],"about":[{"href":"https:\/\/www.iser.edu.co\/index.php\/wp-json\/wp\/v2\/types\/page"}],"author":[{"embeddable":true,"href":"https:\/\/www.iser.edu.co\/index.php\/wp-json\/wp\/v2\/users\/5"}],"replies":[{"embeddable":true,"href":"https:\/\/www.iser.edu.co\/index.php\/wp-json\/wp\/v2\/comments?post=23114"}],"version-history":[{"count":11,"href":"https:\/\/www.iser.edu.co\/index.php\/wp-json\/wp\/v2\/pages\/23114\/revisions"}],"predecessor-version":[{"id":23209,"href":"https:\/\/www.iser.edu.co\/index.php\/wp-json\/wp\/v2\/pages\/23114\/revisions\/23209"}],"wp:attachment":[{"href":"https:\/\/www.iser.edu.co\/index.php\/wp-json\/wp\/v2\/media?parent=23114"}],"curies":[{"name":"wp","href":"https:\/\/api.w.org\/{rel}","templated":true}]}}