{"id":23214,"date":"2026-02-20T18:30:08","date_gmt":"2026-02-20T23:30:08","guid":{"rendered":"https:\/\/www.iser.edu.co\/?page_id=23214"},"modified":"2026-02-20T18:47:50","modified_gmt":"2026-02-20T23:47:50","slug":"iser-habilitado-como-epsea-en-todo-el-territorio-nacional","status":"publish","type":"page","link":"https:\/\/www.iser.edu.co\/index.php\/iser-habilitado-como-epsea-en-todo-el-territorio-nacional\/","title":{"rendered":"ISER, HABILITADO COMO EPSEA EN TODO EL TERRITORIO NACIONAL"},"content":{"rendered":"\t\t<div data-elementor-type=\"wp-page\" data-elementor-id=\"23214\" class=\"elementor elementor-23214\" data-elementor-post-type=\"page\">\n\t\t\t\t\t\t<section class=\"elementor-section elementor-top-section elementor-element elementor-element-5655c11 elementor-section-full_width elementor-section-height-default elementor-section-height-default\" data-id=\"5655c11\" data-element_type=\"section\" data-settings=\"{&quot;jet_parallax_layout_list&quot;:[],&quot;_ha_eqh_enable&quot;:false}\">\n\t\t\t\t\t\t<div class=\"elementor-container elementor-column-gap-default\">\n\t\t\t\t\t<div class=\"elementor-column elementor-col-100 elementor-top-column elementor-element elementor-element-6ab2708\" data-id=\"6ab2708\" data-element_type=\"column\">\n\t\t\t<div class=\"elementor-widget-wrap elementor-element-populated\">\n\t\t\t\t\t\t<div class=\"elementor-element elementor-element-37b9bfb elementor-widget-divider--view-line elementor-widget elementor-widget-divider\" data-id=\"37b9bfb\" data-element_type=\"widget\" data-widget_type=\"divider.default\">\n\t\t\t\t<div class=\"elementor-widget-container\">\n\t\t\t\t\t<div class=\"elementor-divider\">\n\t\t\t<span class=\"elementor-divider-separator\">\n\t\t\t\t\t\t<\/span>\n\t\t<\/div>\n\t\t\t\t<\/div>\n\t\t\t\t<\/div>\n\t\t\t\t\t<\/div>\n\t\t<\/div>\n\t\t\t\t\t<\/div>\n\t\t<\/section>\n\t\t\t\t<section class=\"elementor-section elementor-top-section elementor-element elementor-element-2210d54 animated-slow elementor-section-full_width elementor-section-height-default elementor-section-height-default elementor-invisible\" data-id=\"2210d54\" data-element_type=\"section\" data-settings=\"{&quot;jet_parallax_layout_list&quot;:[],&quot;animation&quot;:&quot;fadeInDown&quot;,&quot;_ha_eqh_enable&quot;:false}\">\n\t\t\t\t\t\t<div class=\"elementor-container elementor-column-gap-default\">\n\t\t\t\t\t<div class=\"elementor-column elementor-col-100 elementor-top-column elementor-element elementor-element-7700621\" data-id=\"7700621\" data-element_type=\"column\">\n\t\t\t<div class=\"elementor-widget-wrap elementor-element-populated\">\n\t\t\t\t\t\t<div class=\"elementor-element elementor-element-d539904 elementor-widget elementor-widget-image\" data-id=\"d539904\" data-element_type=\"widget\" data-widget_type=\"image.default\">\n\t\t\t\t<div class=\"elementor-widget-container\">\n\t\t\t\t\t\t\t\t\t\t\t\t\t<img fetchpriority=\"high\" decoding=\"async\" width=\"768\" height=\"288\" src=\"data:image\/gif;base64,R0lGODlhAQABAAAAACH5BAEKAAEALAAAAAABAAEAAAICTAEAOw==\" class=\"attachment-medium_large size-medium_large wp-image-23216 lazyload\" alt=\"BANNER EPSEA\" sizes=\"(max-width: 768px) 100vw, 768px\" data-src=\"https:\/\/www.iser.edu.co\/wp-content\/uploads\/2026\/02\/BANNER-EPSEA-768x288.png\" data-srcset=\"https:\/\/www.iser.edu.co\/wp-content\/uploads\/2026\/02\/BANNER-EPSEA-768x288.png 768w, https:\/\/www.iser.edu.co\/wp-content\/uploads\/2026\/02\/BANNER-EPSEA-300x113.png 300w, https:\/\/www.iser.edu.co\/wp-content\/uploads\/2026\/02\/BANNER-EPSEA-1024x384.png 1024w, https:\/\/www.iser.edu.co\/wp-content\/uploads\/2026\/02\/BANNER-EPSEA-1536x576.png 1536w, https:\/\/www.iser.edu.co\/wp-content\/uploads\/2026\/02\/BANNER-EPSEA-2048x768.png 2048w\">\t\t\t\t\t\t\t\t\t\t\t\t\t<\/div>\n\t\t\t\t<\/div>\n\t\t\t\t\t<\/div>\n\t\t<\/div>\n\t\t\t\t\t<\/div>\n\t\t<\/section>\n\t\t\t\t<section class=\"elementor-section elementor-top-section elementor-element elementor-element-e7d2ad0 elementor-section-boxed elementor-section-height-default elementor-section-height-default\" data-id=\"e7d2ad0\" data-element_type=\"section\" data-settings=\"{&quot;jet_parallax_layout_list&quot;:[],&quot;_ha_eqh_enable&quot;:false}\">\n\t\t\t\t\t\t<div class=\"elementor-container elementor-column-gap-default\">\n\t\t\t\t\t<div class=\"elementor-column elementor-col-100 elementor-top-column elementor-element elementor-element-b337e36\" data-id=\"b337e36\" data-element_type=\"column\">\n\t\t\t<div class=\"elementor-widget-wrap elementor-element-populated\">\n\t\t\t\t\t\t<div class=\"elementor-element elementor-element-2a2f4bc elementor-widget elementor-widget-text-editor\" data-id=\"2a2f4bc\" data-element_type=\"widget\" data-widget_type=\"text-editor.default\">\n\t\t\t\t<div class=\"elementor-widget-container\">\n\t\t\t\t\t\t\t<div class=\"x_elementToProof\" data-ogsc=\"rgb(0, 0, 0)\"><div class=\"x_elementToProof\" data-ogsc=\"rgb(0, 0, 0)\" data-olk-copy-source=\"MessageBody\">La Agencia de Desarrollo Rural \u2013 ADR otorg\u00f3 al Instituto Superior de Educaci\u00f3n Rural \u2013 ISER la habilitaci\u00f3n como Entidad Prestadora del Servicio P\u00fablico de Extensi\u00f3n Agropecuaria (EPSEA), reconocimiento que le permite prestar este servicio en todo el territorio nacional, conforme a lo establecido en la Ley 1876 de 2017.<\/div><div data-ogsc=\"rgb(0, 0, 0)\" data-olk-copy-source=\"MessageBody\">\u00a0<\/div><div class=\"x_elementToProof\" data-ogsc=\"rgb(0, 0, 0)\">La habilitaci\u00f3n fue concedida tras un proceso formal de validaci\u00f3n y evaluaci\u00f3n t\u00e9cnica adelantado por la ADR, en el que el ISER acredit\u00f3 el cumplimiento integral de los requisitos exigidos en materia de idoneidad del recurso humano, experiencia, capacidad financiera, v\u00ednculo con organizaciones de formaci\u00f3n, ciencia y tecnolog\u00eda, as\u00ed como su constituci\u00f3n y situaci\u00f3n legal conforme.<span style=\"letter-spacing: 0px;\">\u00a0<\/span><\/div><\/div>\t\t\t\t\t\t<\/div>\n\t\t\t\t<\/div>\n\t\t\t\t\t<\/div>\n\t\t<\/div>\n\t\t\t\t\t<\/div>\n\t\t<\/section>\n\t\t\t\t<section class=\"elementor-section elementor-top-section elementor-element elementor-element-5dc48d7 elementor-section-boxed elementor-section-height-default elementor-section-height-default\" data-id=\"5dc48d7\" data-element_type=\"section\" data-settings=\"{&quot;jet_parallax_layout_list&quot;:[],&quot;_ha_eqh_enable&quot;:false}\">\n\t\t\t\t\t\t<div class=\"elementor-container elementor-column-gap-default\">\n\t\t\t\t\t<div class=\"elementor-column elementor-col-100 elementor-top-column elementor-element elementor-element-0664c46\" data-id=\"0664c46\" data-element_type=\"column\">\n\t\t\t<div class=\"elementor-widget-wrap elementor-element-populated\">\n\t\t\t\t\t\t<div class=\"elementor-element elementor-element-036978d elementor-widget elementor-widget-heading\" data-id=\"036978d\" data-element_type=\"widget\" data-widget_type=\"heading.default\">\n\t\t\t\t<div class=\"elementor-widget-container\">\n\t\t\t<p class=\"elementor-heading-title elementor-size-default\">\u00bfQu\u00e9 significa que el ISER sea EPSEA?<\/p>\t\t<\/div>\n\t\t\t\t<\/div>\n\t\t\t\t\t<\/div>\n\t\t<\/div>\n\t\t\t\t\t<\/div>\n\t\t<\/section>\n\t\t\t\t<section class=\"elementor-section elementor-top-section elementor-element elementor-element-4e450c0 elementor-section-boxed elementor-section-height-default elementor-section-height-default\" data-id=\"4e450c0\" data-element_type=\"section\" data-settings=\"{&quot;jet_parallax_layout_list&quot;:[],&quot;_ha_eqh_enable&quot;:false}\">\n\t\t\t\t\t\t<div class=\"elementor-container elementor-column-gap-default\">\n\t\t\t\t\t<div class=\"elementor-column elementor-col-100 elementor-top-column elementor-element elementor-element-cd08218\" data-id=\"cd08218\" data-element_type=\"column\">\n\t\t\t<div class=\"elementor-widget-wrap elementor-element-populated\">\n\t\t\t\t\t\t<div class=\"elementor-element elementor-element-398e596 elementor-widget elementor-widget-text-editor\" data-id=\"398e596\" data-element_type=\"widget\" data-widget_type=\"text-editor.default\">\n\t\t\t\t<div class=\"elementor-widget-container\">\n\t\t\t\t\t\t\t<div class=\"x_elementToProof\" data-ogsc=\"rgb(0, 0, 0)\">El Servicio P\u00fablico de Extensi\u00f3n Agropecuaria es de car\u00e1cter permanente y descentralizado que comprende acciones de acompa\u00f1amiento integral a productores rurales, orientadas a:<\/div><ol><li class=\"x_elementToProof\" data-ogsc=\"rgb(0, 0, 0)\">Diagnosticar y recomendar mejoras productivas.<\/li><li data-ogsc=\"rgb(0, 0, 0)\">Transferir tecnolog\u00eda y conocimientos.<\/li><li data-ogsc=\"rgb(0, 0, 0)\">Fortalecer capacidades y competencias.<\/li><li data-ogsc=\"rgb(0, 0, 0)\">Promover pr\u00e1cticas sostenibles y competitivas.<\/li><li data-ogsc=\"rgb(0, 0, 0)\">Contribuir a la seguridad alimentaria y al desarrollo humano integral<\/li><\/ol><div class=\"x_elementToProof\" data-ogsc=\"rgb(0, 0, 0)\">Al ser habilitado como EPSEA, el ISER queda oficialmente facultado para ejecutar proyectos de extensi\u00f3n agropecuaria en el marco de los Planes Departamentales de Extensi\u00f3n Agropecuaria (PDEA), aportando asistencia t\u00e9cnica especializada, fortalecimiento organizativo, acompa\u00f1amiento ambiental y apoyo jur\u00eddico a productores y organizaciones del sector rural.<\/div><div data-ogsc=\"rgb(0, 0, 0)\">\u00a0<\/div><div class=\"x_elementToProof\" data-ogsc=\"rgb(0, 0, 0)\">Con esta habilitaci\u00f3n, el ISER fortalece su misi\u00f3n institucional de aportar al desarrollo humano con enfoque rural, ampliando su capacidad de incidencia en los territorios y consolid\u00e1ndose como actor estrat\u00e9gico en el Sistema Nacional de Innovaci\u00f3n Agropecuaria.<\/div>\t\t\t\t\t\t<\/div>\n\t\t\t\t<\/div>\n\t\t\t\t\t<\/div>\n\t\t<\/div>\n\t\t\t\t\t<\/div>\n\t\t<\/section>\n\t\t\t\t<section class=\"elementor-section elementor-top-section elementor-element elementor-element-1bd8965 elementor-section-boxed elementor-section-height-default elementor-section-height-default\" data-id=\"1bd8965\" data-element_type=\"section\" data-settings=\"{&quot;jet_parallax_layout_list&quot;:[],&quot;_ha_eqh_enable&quot;:false}\">\n\t\t\t\t\t\t<div class=\"elementor-container elementor-column-gap-default\">\n\t\t\t\t\t<div class=\"elementor-column elementor-col-100 elementor-top-column elementor-element elementor-element-a382820\" data-id=\"a382820\" data-element_type=\"column\">\n\t\t\t<div class=\"elementor-widget-wrap elementor-element-populated\">\n\t\t\t\t\t\t<div class=\"elementor-element elementor-element-b08e388 elementor-widget-divider--view-line elementor-widget elementor-widget-divider\" data-id=\"b08e388\" data-element_type=\"widget\" data-widget_type=\"divider.default\">\n\t\t\t\t<div class=\"elementor-widget-container\">\n\t\t\t\t\t<div class=\"elementor-divider\">\n\t\t\t<span class=\"elementor-divider-separator\">\n\t\t\t\t\t\t<\/span>\n\t\t<\/div>\n\t\t\t\t<\/div>\n\t\t\t\t<\/div>\n\t\t\t\t\t<\/div>\n\t\t<\/div>\n\t\t\t\t\t<\/div>\n\t\t<\/section>\n\t\t\t\t<\/div>\n\t\t","protected":false},"excerpt":{"rendered":"<p>La Agencia de Desarrollo Rural \u2013 ADR otorg\u00f3 al Instituto Superior de Educaci\u00f3n Rural \u2013 ISER la habilitaci\u00f3n como Entidad Prestadora del Servicio P\u00fablico de Extensi\u00f3n Agropecuaria (EPSEA), reconocimiento que le permite prestar este servicio en todo el territorio nacional, conforme a lo establecido en la Ley 1876 de 2017.\u00a0La habilitaci\u00f3n fue concedida tras un&#8230;<\/p>\n<div class=\"pvc_clear\"><\/div>\n<p id=\"pvc_stats_23214\" class=\"pvc_stats all  \" data-element-id=\"23214\" style=\"\"><i class=\"pvc-stats-icon medium\" aria-hidden=\"true\"><svg aria-hidden=\"true\" focusable=\"false\" data-prefix=\"far\" data-icon=\"chart-bar\" role=\"img\" xmlns=\"http:\/\/www.w3.org\/2000\/svg\" viewBox=\"0 0 512 512\" class=\"svg-inline--fa fa-chart-bar fa-w-16 fa-2x\"><path fill=\"currentColor\" d=\"M396.8 352h22.4c6.4 0 12.8-6.4 12.8-12.8V108.8c0-6.4-6.4-12.8-12.8-12.8h-22.4c-6.4 0-12.8 6.4-12.8 12.8v230.4c0 6.4 6.4 12.8 12.8 12.8zm-192 0h22.4c6.4 0 12.8-6.4 12.8-12.8V140.8c0-6.4-6.4-12.8-12.8-12.8h-22.4c-6.4 0-12.8 6.4-12.8 12.8v198.4c0 6.4 6.4 12.8 12.8 12.8zm96 0h22.4c6.4 0 12.8-6.4 12.8-12.8V204.8c0-6.4-6.4-12.8-12.8-12.8h-22.4c-6.4 0-12.8 6.4-12.8 12.8v134.4c0 6.4 6.4 12.8 12.8 12.8zM496 400H48V80c0-8.84-7.16-16-16-16H16C7.16 64 0 71.16 0 80v336c0 17.67 14.33 32 32 32h464c8.84 0 16-7.16 16-16v-16c0-8.84-7.16-16-16-16zm-387.2-48h22.4c6.4 0 12.8-6.4 12.8-12.8v-70.4c0-6.4-6.4-12.8-12.8-12.8h-22.4c-6.4 0-12.8 6.4-12.8 12.8v70.4c0 6.4 6.4 12.8 12.8 12.8z\" class=\"\"><\/path><\/svg><\/i> <img decoding=\"async\" width=\"16\" height=\"16\" alt=\"Loading\" src=\"https:\/\/www.iser.edu.co\/wp-content\/plugins\/page-views-count\/ajax-loader-2x.gif\" border=0 \/><\/p>\n<div class=\"pvc_clear\"><\/div>\n","protected":false},"author":5,"featured_media":0,"parent":0,"menu_order":0,"comment_status":"closed","ping_status":"closed","template":"","meta":{"_kadence_starter_templates_imported_post":false,"_kad_post_transparent":"","_kad_post_title":"hide","_kad_post_layout":"fullwidth","_kad_post_sidebar_id":"","_kad_post_content_style":"unboxed","_kad_post_vertical_padding":"hide","_kad_post_feature":"hide","_kad_post_feature_position":"","_kad_post_header":false,"_kad_post_footer":false,"footnotes":""},"_links":{"self":[{"href":"https:\/\/www.iser.edu.co\/index.php\/wp-json\/wp\/v2\/pages\/23214"}],"collection":[{"href":"https:\/\/www.iser.edu.co\/index.php\/wp-json\/wp\/v2\/pages"}],"about":[{"href":"https:\/\/www.iser.edu.co\/index.php\/wp-json\/wp\/v2\/types\/page"}],"author":[{"embeddable":true,"href":"https:\/\/www.iser.edu.co\/index.php\/wp-json\/wp\/v2\/users\/5"}],"replies":[{"embeddable":true,"href":"https:\/\/www.iser.edu.co\/index.php\/wp-json\/wp\/v2\/comments?post=23214"}],"version-history":[{"count":4,"href":"https:\/\/www.iser.edu.co\/index.php\/wp-json\/wp\/v2\/pages\/23214\/revisions"}],"predecessor-version":[{"id":23219,"href":"https:\/\/www.iser.edu.co\/index.php\/wp-json\/wp\/v2\/pages\/23214\/revisions\/23219"}],"wp:attachment":[{"href":"https:\/\/www.iser.edu.co\/index.php\/wp-json\/wp\/v2\/media?parent=23214"}],"curies":[{"name":"wp","href":"https:\/\/api.w.org\/{rel}","templated":true}]}}