{"id":2502,"date":"2024-03-03T15:14:14","date_gmt":"2024-03-03T20:14:14","guid":{"rendered":"https:\/\/ww3.iser.edu.co\/?page_id=2502"},"modified":"2024-07-31T14:56:29","modified_gmt":"2024-07-31T19:56:29","slug":"nuestra-identidad-epistemologica","status":"publish","type":"page","link":"https:\/\/www.iser.edu.co\/index.php\/nuestra-identidad-epistemologica\/","title":{"rendered":"Nuestra Identidad Epistemol\u00f3gica"},"content":{"rendered":"\t\t<div data-elementor-type=\"wp-page\" data-elementor-id=\"2502\" class=\"elementor elementor-2502\" data-elementor-post-type=\"page\">\n\t\t\t\t\t\t<section class=\"elementor-section elementor-top-section elementor-element elementor-element-b887e66 elementor-section-boxed elementor-section-height-default elementor-section-height-default\" data-id=\"b887e66\" data-element_type=\"section\" data-settings=\"{&quot;jet_parallax_layout_list&quot;:[],&quot;_ha_eqh_enable&quot;:false}\">\n\t\t\t\t\t\t<div class=\"elementor-container elementor-column-gap-default\">\n\t\t\t\t\t<div class=\"elementor-column elementor-col-100 elementor-top-column elementor-element elementor-element-77b455d\" data-id=\"77b455d\" data-element_type=\"column\">\n\t\t\t<div class=\"elementor-widget-wrap elementor-element-populated\">\n\t\t\t\t\t\t<div class=\"elementor-element elementor-element-caa668e elementor-widget-divider--view-line elementor-widget elementor-widget-divider\" data-id=\"caa668e\" data-element_type=\"widget\" data-widget_type=\"divider.default\">\n\t\t\t\t<div class=\"elementor-widget-container\">\n\t\t\t\t\t<div class=\"elementor-divider\">\n\t\t\t<span class=\"elementor-divider-separator\">\n\t\t\t\t\t\t<\/span>\n\t\t<\/div>\n\t\t\t\t<\/div>\n\t\t\t\t<\/div>\n\t\t\t\t\t<\/div>\n\t\t<\/div>\n\t\t\t\t\t<\/div>\n\t\t<\/section>\n\t\t\t\t<section class=\"elementor-section elementor-top-section elementor-element elementor-element-1481943 elementor-section-boxed elementor-section-height-default elementor-section-height-default\" data-id=\"1481943\" data-element_type=\"section\" data-settings=\"{&quot;jet_parallax_layout_list&quot;:[],&quot;_ha_eqh_enable&quot;:false}\">\n\t\t\t\t\t\t<div class=\"elementor-container elementor-column-gap-default\">\n\t\t\t\t\t<div class=\"elementor-column elementor-col-100 elementor-top-column elementor-element elementor-element-be03281\" data-id=\"be03281\" data-element_type=\"column\">\n\t\t\t<div class=\"elementor-widget-wrap elementor-element-populated\">\n\t\t\t\t\t\t<div class=\"elementor-element elementor-element-1e6b21d elementor-widget elementor-widget-heading\" data-id=\"1e6b21d\" data-element_type=\"widget\" data-widget_type=\"heading.default\">\n\t\t\t\t<div class=\"elementor-widget-container\">\n\t\t\t<h2 class=\"elementor-heading-title elementor-size-default\">Identidad Epistemol\u00f3gica<\/h2>\t\t<\/div>\n\t\t\t\t<\/div>\n\t\t\t\t\t<\/div>\n\t\t<\/div>\n\t\t\t\t\t<\/div>\n\t\t<\/section>\n\t\t\t\t<section class=\"elementor-section elementor-top-section elementor-element elementor-element-369c947 elementor-section-boxed elementor-section-height-default elementor-section-height-default\" data-id=\"369c947\" data-element_type=\"section\" data-settings=\"{&quot;jet_parallax_layout_list&quot;:[],&quot;_ha_eqh_enable&quot;:false}\">\n\t\t\t\t\t\t<div class=\"elementor-container elementor-column-gap-default\">\n\t\t\t\t\t<div class=\"elementor-column elementor-col-100 elementor-top-column elementor-element elementor-element-94e26e1\" data-id=\"94e26e1\" data-element_type=\"column\">\n\t\t\t<div class=\"elementor-widget-wrap elementor-element-populated\">\n\t\t\t\t\t\t<div class=\"elementor-element elementor-element-27ce790 elementor-widget-divider--view-line elementor-widget elementor-widget-divider\" data-id=\"27ce790\" data-element_type=\"widget\" data-widget_type=\"divider.default\">\n\t\t\t\t<div class=\"elementor-widget-container\">\n\t\t\t\t\t<div class=\"elementor-divider\">\n\t\t\t<span class=\"elementor-divider-separator\">\n\t\t\t\t\t\t<\/span>\n\t\t<\/div>\n\t\t\t\t<\/div>\n\t\t\t\t<\/div>\n\t\t\t\t\t<\/div>\n\t\t<\/div>\n\t\t\t\t\t<\/div>\n\t\t<\/section>\n\t\t\t\t<section class=\"elementor-section elementor-top-section elementor-element elementor-element-0e5bd80 elementor-section-boxed elementor-section-height-default elementor-section-height-default\" data-id=\"0e5bd80\" data-element_type=\"section\" data-settings=\"{&quot;jet_parallax_layout_list&quot;:[],&quot;_ha_eqh_enable&quot;:false}\">\n\t\t\t\t\t\t<div class=\"elementor-container elementor-column-gap-default\">\n\t\t\t\t\t<div class=\"elementor-column elementor-col-100 elementor-top-column elementor-element elementor-element-6dc8eca\" data-id=\"6dc8eca\" data-element_type=\"column\">\n\t\t\t<div class=\"elementor-widget-wrap elementor-element-populated\">\n\t\t\t\t\t\t<div class=\"elementor-element elementor-element-64defdd elementor-widget elementor-widget-text-editor\" data-id=\"64defdd\" data-element_type=\"widget\" data-widget_type=\"text-editor.default\">\n\t\t\t\t<div class=\"elementor-widget-container\">\n\t\t\t\t\t\t\t<p style=\"text-align: justify;\">Para el Instituto es claro que la Humanidad ha entrado en un nuevo proceso civilizatorio lo que ha implicado el desaf\u00edo, tanto de revisar profundamente los referentes establecidos como de asumir la construcci\u00f3n de aquellos que los nuevos tiempos precisan. En efecto, la UNESCO (2005), ha planteado\u00a0 la idea de que la nueva revoluci\u00f3n cient\u00edfico-tecnol\u00f3gica est\u00e1 suscitando profundos e importantes\u00a0 cambios en la fisonom\u00eda del conocimiento, la estructura de los mercados laborales y el significado y el sentido de las cualificaciones laborales y profesionales, lo que plantea la necesidad de preparar el talento humano atendiendo las nuevas perspectivas, para que las sociedades puedan aprovechar favorablemente las nuevas condiciones hist\u00f3ricas y, por lo mismo, hacer que sus condiciones de desarrollo evolucionen favorablemente. Igualmente, este organismo (UNESCO, 2005), hace uso del concepto de sociedad del conocimiento para referirse a la importancia que este adquiere y, que, por lo mismo, requerir\u00e1 la generaci\u00f3n de condiciones propicias para la preparaci\u00f3n del talento humano.<\/p><p style=\"text-align: justify;\">Desde una perspectiva similar, el Informe Delors (1996), observa que las nuevas tecnolog\u00edas han logrado tales niveles de desarrollo que se est\u00e1n extendiendo de manera muy acelerada por todo el mundo, por lo cual las diversas sociedades deben preparar tanto las condiciones para su favorable y productivo desarrollo dentro de las mismas, como para la generaci\u00f3n de un impacto positivo dentro de las econom\u00edas nacionales. La preparaci\u00f3n del talento humano que contribuya a ello se presenta por lo tanto como una tarea importante. As\u00ed mismo, el documento coordinado por G\u00f3mez Buend\u00eda (1998), tambi\u00e9n observa que las competencias que requiere un mundo caracterizado por las nuevas tecnolog\u00edas y a la vez responsables del dinamismo y la competitividad de los diferentes sectores de la econom\u00eda, deben caracterizarse por la adopci\u00f3n y la adaptaci\u00f3n a las mismas, por lo cual una tarea debe ser la de combatir la escasez de talento humano, as\u00ed como el desarrollo de la capacidad para estar a la vanguardia de la innovaci\u00f3n.<\/p><p style=\"text-align: justify;\">Por lo anterior, la labor del Instituto se inscribe dentro de Sistema Nacional de la Educaci\u00f3n Terciaria y, por lo tanto, asume el prop\u00f3sito de contribuir a la generaci\u00f3n de las condiciones que contribuyan tanto a la cualificaci\u00f3n del talento humano que requiere la sociedad como al fortalecimiento de las competencias que son necesarias para dar mayor capacidad de respuesta a los desaf\u00edos de productividad que enfrentan los diferentes sectores de la econom\u00eda regional y nacional. Igualmente, hace eco, dentro de sus tareas misionales al llamando del MEN (2016), en el sentido de formular propuestas y adelantar acciones que contribuyan al desarrollo del pa\u00eds y por ello mismo, sus propuestas educativas asumir\u00e1n los\u00a0 nuevos saberes y orientaciones t\u00e9cnicas y tecnol\u00f3gicas, para atender los retos que asume el pa\u00eds en su idea no solo de generar una sociedad m\u00e1s justa, pac\u00edfica, incluyente\u00a0 y participativa sino tambi\u00e9n el de lograr unos mayores niveles de desarrollo social y econ\u00f3mico.<\/p><p style=\"text-align: justify;\">En tal sentido, para el Instituto es claro que los saberes t\u00e9cnicos y tecnol\u00f3gicos, dentro del nuevo panorama epistemol\u00f3gico, adquieren no solo mayor envergadura, sino que tambi\u00e9n se convierten en saberes de crucial importancia en la formaci\u00f3n de talento humano, as\u00ed como para el desarrollo nacional. Ahora bien, el denominado Marco Nacional de Cualificaciones-MNC (MEN et al, 2017), ha identificado y planteado los \u00e1mbitos de cualificaci\u00f3n que buscan responder tanto a las exigencias del desarrollo como a la demanda, por lo cual se hace necesario llevar a cabo una oferta calificada de los programas. Igualmente, conviene observar que la propuesta se inscribe, por su titulaci\u00f3n y su contenido, en el prop\u00f3sito de atender la necesidad de unificar las denominaciones sobre profesiones, oficios y competencias, espec\u00edficamente, las establecidas por la Academia, la Clasificaci\u00f3n Internacional Uniforme de Ocupaciones Adaptada para Colombia (CIUO 88 A.C.) y la Clasificaci\u00f3n Industrial Internacional Uniforme de todas las actividades econ\u00f3micas- CIIU\u00a0 para facilitar la movilidad educativa y laboral, la homologaci\u00f3n de saberes y competencias, as\u00ed como los aprendizajes formales e informales.<\/p><p style=\"text-align: justify;\">De la misma manera, se espera que el di\u00e1logo entre el Marco Nacional de Cualificaciones y la Academia, permita mejorar los est\u00e1ndares de calidad y competitividad. Por lo tanto, para el Instituto esta propuesta de respuesta frente a las demandas de formaci\u00f3n de talento humano har\u00e1 parte de su filosof\u00eda en la formulaci\u00f3n de sus programas, tanto T\u00e9cnico Profesionales como Tecnol\u00f3gicos, buscando con ello favorecer un proceso que, sin duda, contribuir\u00e1 a un di\u00e1logo m\u00e1s fruct\u00edfero entre los diferentes sectores vinculados al desarrollo, la educaci\u00f3n para el trabajo y una educaci\u00f3n pertinente y de calidad. Finalmente, debe observarse que la instituci\u00f3n, igualmente, mantendr\u00e1 una actitud abierta sobre la posibilidad de adelantar procesos que conduzcan a la vinculaci\u00f3n de la formaci\u00f3n profesional universitaria a su quehacer.<\/p>\t\t\t\t\t\t<\/div>\n\t\t\t\t<\/div>\n\t\t\t\t\t<\/div>\n\t\t<\/div>\n\t\t\t\t\t<\/div>\n\t\t<\/section>\n\t\t\t\t<section class=\"elementor-section elementor-top-section elementor-element elementor-element-aeb6571 elementor-section-boxed elementor-section-height-default elementor-section-height-default\" data-id=\"aeb6571\" data-element_type=\"section\" data-settings=\"{&quot;jet_parallax_layout_list&quot;:[],&quot;_ha_eqh_enable&quot;:false}\">\n\t\t\t\t\t\t<div class=\"elementor-container elementor-column-gap-default\">\n\t\t\t\t\t<div class=\"elementor-column elementor-col-100 elementor-top-column elementor-element elementor-element-097f267\" data-id=\"097f267\" data-element_type=\"column\">\n\t\t\t<div class=\"elementor-widget-wrap elementor-element-populated\">\n\t\t\t\t\t\t<div class=\"elementor-element elementor-element-ad44bec elementor-widget-divider--view-line elementor-widget elementor-widget-divider\" data-id=\"ad44bec\" data-element_type=\"widget\" data-widget_type=\"divider.default\">\n\t\t\t\t<div class=\"elementor-widget-container\">\n\t\t\t\t\t<div class=\"elementor-divider\">\n\t\t\t<span class=\"elementor-divider-separator\">\n\t\t\t\t\t\t<\/span>\n\t\t<\/div>\n\t\t\t\t<\/div>\n\t\t\t\t<\/div>\n\t\t\t\t\t<\/div>\n\t\t<\/div>\n\t\t\t\t\t<\/div>\n\t\t<\/section>\n\t\t\t\t<\/div>\n\t\t","protected":false},"excerpt":{"rendered":"<p>Identidad Epistemol\u00f3gica Para el Instituto es claro que la Humanidad ha entrado en un nuevo proceso civilizatorio lo que ha implicado el desaf\u00edo, tanto de revisar profundamente los referentes establecidos como de asumir la construcci\u00f3n de aquellos que los nuevos tiempos precisan. En efecto, la UNESCO (2005), ha planteado\u00a0 la idea de que la nueva&#8230;<\/p>\n<div class=\"pvc_clear\"><\/div>\n<p id=\"pvc_stats_2502\" class=\"pvc_stats all  \" data-element-id=\"2502\" style=\"\"><i class=\"pvc-stats-icon medium\" aria-hidden=\"true\"><svg aria-hidden=\"true\" focusable=\"false\" data-prefix=\"far\" data-icon=\"chart-bar\" role=\"img\" xmlns=\"http:\/\/www.w3.org\/2000\/svg\" viewBox=\"0 0 512 512\" class=\"svg-inline--fa fa-chart-bar fa-w-16 fa-2x\"><path fill=\"currentColor\" d=\"M396.8 352h22.4c6.4 0 12.8-6.4 12.8-12.8V108.8c0-6.4-6.4-12.8-12.8-12.8h-22.4c-6.4 0-12.8 6.4-12.8 12.8v230.4c0 6.4 6.4 12.8 12.8 12.8zm-192 0h22.4c6.4 0 12.8-6.4 12.8-12.8V140.8c0-6.4-6.4-12.8-12.8-12.8h-22.4c-6.4 0-12.8 6.4-12.8 12.8v198.4c0 6.4 6.4 12.8 12.8 12.8zm96 0h22.4c6.4 0 12.8-6.4 12.8-12.8V204.8c0-6.4-6.4-12.8-12.8-12.8h-22.4c-6.4 0-12.8 6.4-12.8 12.8v134.4c0 6.4 6.4 12.8 12.8 12.8zM496 400H48V80c0-8.84-7.16-16-16-16H16C7.16 64 0 71.16 0 80v336c0 17.67 14.33 32 32 32h464c8.84 0 16-7.16 16-16v-16c0-8.84-7.16-16-16-16zm-387.2-48h22.4c6.4 0 12.8-6.4 12.8-12.8v-70.4c0-6.4-6.4-12.8-12.8-12.8h-22.4c-6.4 0-12.8 6.4-12.8 12.8v70.4c0 6.4 6.4 12.8 12.8 12.8z\" class=\"\"><\/path><\/svg><\/i> <img decoding=\"async\" width=\"16\" height=\"16\" alt=\"Loading\" src=\"https:\/\/www.iser.edu.co\/wp-content\/plugins\/page-views-count\/ajax-loader-2x.gif\" border=0 \/><\/p>\n<div class=\"pvc_clear\"><\/div>\n","protected":false},"author":1,"featured_media":0,"parent":0,"menu_order":0,"comment_status":"closed","ping_status":"closed","template":"","meta":{"_kadence_starter_templates_imported_post":false,"_kad_post_transparent":"","_kad_post_title":"hide","_kad_post_layout":"fullwidth","_kad_post_sidebar_id":"","_kad_post_content_style":"unboxed","_kad_post_vertical_padding":"hide","_kad_post_feature":"hide","_kad_post_feature_position":"","_kad_post_header":false,"_kad_post_footer":false,"footnotes":""},"_links":{"self":[{"href":"https:\/\/www.iser.edu.co\/index.php\/wp-json\/wp\/v2\/pages\/2502"}],"collection":[{"href":"https:\/\/www.iser.edu.co\/index.php\/wp-json\/wp\/v2\/pages"}],"about":[{"href":"https:\/\/www.iser.edu.co\/index.php\/wp-json\/wp\/v2\/types\/page"}],"author":[{"embeddable":true,"href":"https:\/\/www.iser.edu.co\/index.php\/wp-json\/wp\/v2\/users\/1"}],"replies":[{"embeddable":true,"href":"https:\/\/www.iser.edu.co\/index.php\/wp-json\/wp\/v2\/comments?post=2502"}],"version-history":[{"count":0,"href":"https:\/\/www.iser.edu.co\/index.php\/wp-json\/wp\/v2\/pages\/2502\/revisions"}],"wp:attachment":[{"href":"https:\/\/www.iser.edu.co\/index.php\/wp-json\/wp\/v2\/media?parent=2502"}],"curies":[{"name":"wp","href":"https:\/\/api.w.org\/{rel}","templated":true}]}}