{"id":2514,"date":"2024-03-03T15:19:42","date_gmt":"2024-03-03T20:19:42","guid":{"rendered":"https:\/\/ww3.iser.edu.co\/?page_id=2514"},"modified":"2024-07-31T14:30:59","modified_gmt":"2024-07-31T19:30:59","slug":"nosotros","status":"publish","type":"page","link":"https:\/\/www.iser.edu.co\/index.php\/nosotros\/","title":{"rendered":"Nosotros"},"content":{"rendered":"\t\t<div data-elementor-type=\"wp-page\" data-elementor-id=\"2514\" class=\"elementor elementor-2514\" data-elementor-post-type=\"page\">\n\t\t\t\t\t\t<section class=\"elementor-section elementor-top-section elementor-element elementor-element-43711d2 elementor-section-boxed elementor-section-height-default elementor-section-height-default\" data-id=\"43711d2\" data-element_type=\"section\" data-settings=\"{&quot;jet_parallax_layout_list&quot;:[],&quot;_ha_eqh_enable&quot;:false}\">\n\t\t\t\t\t\t<div class=\"elementor-container elementor-column-gap-default\">\n\t\t\t\t\t<div class=\"elementor-column elementor-col-100 elementor-top-column elementor-element elementor-element-ce7f9d9\" data-id=\"ce7f9d9\" data-element_type=\"column\">\n\t\t\t<div class=\"elementor-widget-wrap elementor-element-populated\">\n\t\t\t\t\t\t<div class=\"elementor-element elementor-element-8dbabac elementor-widget-divider--view-line elementor-widget elementor-widget-divider\" data-id=\"8dbabac\" data-element_type=\"widget\" data-widget_type=\"divider.default\">\n\t\t\t\t<div class=\"elementor-widget-container\">\n\t\t\t\t\t<div class=\"elementor-divider\">\n\t\t\t<span class=\"elementor-divider-separator\">\n\t\t\t\t\t\t<\/span>\n\t\t<\/div>\n\t\t\t\t<\/div>\n\t\t\t\t<\/div>\n\t\t\t\t\t<\/div>\n\t\t<\/div>\n\t\t\t\t\t<\/div>\n\t\t<\/section>\n\t\t\t\t<section class=\"elementor-section elementor-top-section elementor-element elementor-element-e83e9fb elementor-section-boxed elementor-section-height-default elementor-section-height-default\" data-id=\"e83e9fb\" data-element_type=\"section\" data-settings=\"{&quot;jet_parallax_layout_list&quot;:[],&quot;_ha_eqh_enable&quot;:false}\">\n\t\t\t\t\t\t<div class=\"elementor-container elementor-column-gap-default\">\n\t\t\t\t\t<div class=\"elementor-column elementor-col-100 elementor-top-column elementor-element elementor-element-405200e\" data-id=\"405200e\" data-element_type=\"column\">\n\t\t\t<div class=\"elementor-widget-wrap elementor-element-populated\">\n\t\t\t\t\t\t<div class=\"elementor-element elementor-element-094b75e elementor-widget elementor-widget-heading\" data-id=\"094b75e\" data-element_type=\"widget\" data-widget_type=\"heading.default\">\n\t\t\t\t<div class=\"elementor-widget-container\">\n\t\t\t<h2 class=\"elementor-heading-title elementor-size-default\">Nosotros<\/h2>\t\t<\/div>\n\t\t\t\t<\/div>\n\t\t\t\t\t<\/div>\n\t\t<\/div>\n\t\t\t\t\t<\/div>\n\t\t<\/section>\n\t\t\t\t<section class=\"elementor-section elementor-top-section elementor-element elementor-element-67c2f31 elementor-section-boxed elementor-section-height-default elementor-section-height-default\" data-id=\"67c2f31\" data-element_type=\"section\" data-settings=\"{&quot;jet_parallax_layout_list&quot;:[],&quot;_ha_eqh_enable&quot;:false}\">\n\t\t\t\t\t\t<div class=\"elementor-container elementor-column-gap-default\">\n\t\t\t\t\t<div class=\"elementor-column elementor-col-100 elementor-top-column elementor-element elementor-element-eefc04a\" data-id=\"eefc04a\" data-element_type=\"column\">\n\t\t\t<div class=\"elementor-widget-wrap elementor-element-populated\">\n\t\t\t\t\t\t<div class=\"elementor-element elementor-element-4c503a7 elementor-widget-divider--view-line elementor-widget elementor-widget-divider\" data-id=\"4c503a7\" data-element_type=\"widget\" data-widget_type=\"divider.default\">\n\t\t\t\t<div class=\"elementor-widget-container\">\n\t\t\t\t\t<div class=\"elementor-divider\">\n\t\t\t<span class=\"elementor-divider-separator\">\n\t\t\t\t\t\t<\/span>\n\t\t<\/div>\n\t\t\t\t<\/div>\n\t\t\t\t<\/div>\n\t\t\t\t\t<\/div>\n\t\t<\/div>\n\t\t\t\t\t<\/div>\n\t\t<\/section>\n\t\t\t\t<section class=\"elementor-section elementor-top-section elementor-element elementor-element-67e0220 elementor-section-boxed elementor-section-height-default elementor-section-height-default\" data-id=\"67e0220\" data-element_type=\"section\" data-settings=\"{&quot;jet_parallax_layout_list&quot;:[],&quot;_ha_eqh_enable&quot;:false}\">\n\t\t\t\t\t\t<div class=\"elementor-container elementor-column-gap-default\">\n\t\t\t\t\t<div class=\"elementor-column elementor-col-100 elementor-top-column elementor-element elementor-element-865ffd0\" data-id=\"865ffd0\" data-element_type=\"column\">\n\t\t\t<div class=\"elementor-widget-wrap elementor-element-populated\">\n\t\t\t\t\t\t<div class=\"elementor-element elementor-element-a17851d elementor-widget elementor-widget-text-editor\" data-id=\"a17851d\" data-element_type=\"widget\" data-widget_type=\"text-editor.default\">\n\t\t\t\t<div class=\"elementor-widget-container\">\n\t\t\t\t\t\t\t<h1 style=\"line-height: 13.5pt; margin: 0cm 0cm 15pt; text-align: center;\"><span style=\"color: #1b9e88;\"><strong>Naturaleza Jur\u00eddica<\/strong><\/span><\/h1><p style=\"text-align: justify; line-height: 13.5pt;\"><span style=\"color: #333333;\">El Instituto Superior de Educaci\u00f3n Rural es un establecimiento p\u00fablico del orden departamental de acuerdo a la Ordenanza 0015 del 11 de Agosto de 2009, vinculado y vigilado por el Ministerio de Educaci\u00f3n Nacional, creado mediante Decreto Ley 2365 del 18 de septiembre de 1956, reorganizado de conformidad al Decreto 758 de 1988, con Personer\u00eda Jur\u00eddica, Autonom\u00eda Administrativa y Patrimonio Independiente, adscrito al Departamento Norte de Santander y con car\u00e1cter acad\u00e9mico de Instituci\u00f3n Tecnol\u00f3gica. (Art\u00edculo 2 del Acuerdo No. 010 de 02 de diciembre de 1993, modificado mediante Acuerdo 02 del 20 de junio de 2010)<\/span><\/p><p>\u00a0<\/p><h1 style=\"line-height: 13.5pt; text-align: center;\"><span style=\"color: #1b9e88;\"><strong>Objetivos Institucionales<\/strong><\/span><\/h1><p style=\"text-align: justify; line-height: 13.5pt;\"><em><span style=\"color: #333333; font-style: normal;\">Adem\u00e1s de los objetivos establecidos, tanto en la Constituci\u00f3n Pol\u00edtica de Colombia como en la Ley 30 de 1992, que reglamenta la din\u00e1mica de la Educaci\u00f3n Superior, el Instituto asume, entre otros, los siguientes:<\/span><\/em><\/p><p style=\"text-align: justify; line-height: 13.5pt;\"><span style=\"color: #333333;\"><strong>a)<\/strong> Ser una instituci\u00f3n en cuya visi\u00f3n y misi\u00f3n se visibilice\u00a0\u00a0 una apuesta clara y bien definida por el desarrollo del mundo rural, a partir de los presupuestos conceptuales del Desarrollo Humano.<\/span><\/p><p style=\"text-align: justify; line-height: 13.5pt;\"><span style=\"color: #333333;\"><strong>b)<\/strong> Ofrecer programas de pregrado y postgrado a nivel t\u00e9cnico y tecnol\u00f3gico con excelencia y pertinencia para satisfacer las expectativas en los \u00e1mbitos local, regional y nacional que a su vez se inscriban dentro de las din\u00e1micas globales que caracterizan el mundo de hoy.<\/span><\/p><p style=\"text-align: justify; line-height: 13.5pt;\"><span style=\"color: #333333;\"><strong>c) <\/strong>Promover el enriquecimiento del quehacer institucional cualificando su compromiso y su responsabilidad social con el desarrollo local, regional y nacional, con perspectiva global.<\/span><\/p><p style=\"text-align: justify; line-height: 13.5pt;\"><span style=\"color: #333333;\">d) Crear un ambiente \u00f3ptimo para el desarrollo de la investigaci\u00f3n, mediante el est\u00edmulo a la conformaci\u00f3n de grupos de investigaci\u00f3n, semilleros, grupos de estudio y el espacio para el debate cient\u00edfico e intelectual.<\/span><\/p><p style=\"text-align: justify; line-height: 13.5pt;\"><span style=\"color: #333333;\"><strong>e)<\/strong> Articular su presencia y acci\u00f3n con los entornos en los cuales ejerce su influencia ofertando, con pertinencia y calidad, programas de educaci\u00f3n continua y de formaci\u00f3n para el trabajo y el desarrollo humano, as\u00ed como el desarrollo de convenios y acuerdos de cooperaci\u00f3n interinstitucional.<\/span><\/p><p style=\"text-align: justify; line-height: 13.5pt;\"><span style=\"color: #333333;\"><strong>f)<\/strong> Ofertar con un enfoque de pertinencia y calidad servicios de consultor\u00eda, asesor\u00eda, asistencia t\u00e9cnica, capacitaci\u00f3n, entre otros, a sus grupos de inter\u00e9s en el \u00e1mbito local, regional y nacional.<\/span><\/p><p style=\"text-align: justify; line-height: 13.5pt;\"><span style=\"color: #333333;\"><strong>g)<\/strong> Generar pol\u00edticas institucionales que atiendan tanto el desaf\u00edo de facilitar el acceso a la educaci\u00f3n superior como de los procesos de inclusi\u00f3n social.<\/span><\/p><p style=\"text-align: justify; line-height: 13.5pt;\"><span style=\"color: #333333;\"><strong>h)<\/strong> Cualificar el talento humano de la Instituci\u00f3n apoyando procesos de profesionalizaci\u00f3n y capacitaci\u00f3n en las diferentes ramas del saber.<\/span><\/p><p style=\"text-align: justify; line-height: 13.5pt;\"><span style=\"color: #333333;\"><strong>i)<\/strong> Desarrollar una pol\u00edtica y unas pr\u00e1cticas organizacionales que no solo den coherencia y unidad al funcionamiento institucional, sino que tambi\u00e9n garanticen un ambiente de trabajo respetuoso, digno y de reconocimiento.<\/span><\/p><p>\u00a0<\/p><h1 style=\"line-height: 13.5pt; text-align: center;\"><span style=\"color: #1b9e88;\"><strong>Funciones Misionales<\/strong><\/span><\/h1><p style=\"margin-left: 36.0pt; text-align: justify; text-indent: -18.0pt; line-height: 13.5pt; mso-list: l1 level1 lfo1; tab-stops: list 36.0pt;\"><!-- [if !supportLists]--><span style=\"font-size: 10.0pt; mso-bidi-font-size: 12.0pt; font-family: Symbol; mso-fareast-font-family: Symbol; mso-bidi-font-family: Symbol; color: #333333;\">\u00b7<span style=\"font-variant-numeric: normal; font-variant-east-asian: normal; font-variant-alternates: normal; font-kerning: auto; font-optical-sizing: auto; font-feature-settings: normal; font-variation-settings: normal; font-variant-position: normal; font-stretch: normal; font-size: 7pt; line-height: normal; font-family: 'Times New Roman';\">\u00a0\u00a0\u00a0\u00a0\u00a0\u00a0\u00a0 <\/span><\/span><!--[endif]--><span style=\"color: #333333;\">Adelantar programas acad\u00e9micos en los campos de acci\u00f3n que correspondan a la naturaleza de instituci\u00f3n tecnol\u00f3gica.<\/span><\/p><p style=\"margin-left: 36.0pt; text-align: justify; text-indent: -18.0pt; line-height: 13.5pt; mso-list: l0 level1 lfo2; tab-stops: list 36.0pt;\"><!-- [if !supportLists]--><span style=\"font-size: 10.0pt; mso-bidi-font-size: 12.0pt; font-family: Symbol; mso-fareast-font-family: Symbol; mso-bidi-font-family: Symbol; color: #333333;\">\u00b7<span style=\"font-variant-numeric: normal; font-variant-east-asian: normal; font-variant-alternates: normal; font-kerning: auto; font-optical-sizing: auto; font-feature-settings: normal; font-variation-settings: normal; font-variant-position: normal; font-stretch: normal; font-size: 7pt; line-height: normal; font-family: 'Times New Roman';\">\u00a0\u00a0\u00a0\u00a0\u00a0\u00a0\u00a0 <\/span><\/span><!--[endif]--><span style=\"color: #333333;\">Realizar actividades de investigaci\u00f3n y de extensi\u00f3n.<\/span><\/p><h1>\u00a0<\/h1><h1 style=\"line-height: 13.5pt; margin: 0cm 0cm 15pt; text-align: center;\"><span style=\"color: #1b9e88;\"><strong>Principios Institucionales<\/strong><\/span><\/h1><p style=\"text-align: justify; line-height: 13.5pt;\"><em><span style=\"color: #333333; font-style: normal;\">El desarrollo del quehacer institucional se sustenta en los siguientes principios<\/span><\/em><span style=\"color: #333333;\">:<\/span><\/p><p style=\"text-align: justify; line-height: 13.5pt;\"><span style=\"color: #1b9e88;\"><strong>Autonom\u00eda<\/strong><\/span><span style=\"color: #333333;\"><br \/>El Instituto desarrollara su misi\u00f3n con el pleno y responsable uso de la autonom\u00eda que la ley concede, tanto para su gobierno como para el desarrollo de sus prop\u00f3sitos misionales.<\/span><\/p><p style=\"text-align: justify; line-height: 13.5pt;\"><span style=\"color: #1b9e88;\"><strong>Integridad<\/strong><\/span><span style=\"color: #333333;\"><br \/>La instituci\u00f3n desarrollar\u00e1 y honrar\u00e1 sus compromisos misionales con calidad, coherencia, transparencia y respeto.<\/span><\/p><p style=\"text-align: justify; line-height: 13.5pt;\"><span style=\"color: #1b9e88;\"><strong>Pertinencia<\/strong><\/span><span style=\"color: #333333;\"><br \/>Los compromisos misionales responder\u00e1n a las expectativas del contexto, con un claro sentido de la oportunidad, la relevancia y la conveniencia.<\/span><\/p><p style=\"text-align: justify; line-height: 13.5pt;\"><span style=\"color: #1b9e88;\"><strong>Inclusi\u00f3n<\/strong><\/span><span style=\"color: #333333;\"><br \/>La pol\u00edtica y la filosof\u00eda institucional se caracterizar\u00e1 por reconocer y asumir la diversidad, como algo inherente a la condici\u00f3n humana y, en consecuencia, propiciar\u00e1 la real y efectiva participaci\u00f3n de todos los actores sociales.<\/span><\/p><p style=\"text-align: justify; line-height: 13.5pt;\"><span style=\"color: #1b9e88;\"><strong>Equidad<\/strong><\/span><span style=\"color: #333333;\"><br \/>Las diversas actuaciones, procedimientos y decisiones institucionales se caracterizar\u00e1n por el adecuado reconocimiento y respeto de las diferencias individuales.<\/span><\/p><p style=\"text-align: justify; line-height: 13.5pt;\"><span style=\"color: #1b9e88;\"><strong>Bioeticidad<\/strong><\/span><span style=\"color: #333333;\"><br \/>El quehacer institucional considerara en todas sus actuaciones el debido respeto y reconocimiento de las diferentes expresiones de vida y su, consiguiente, protecci\u00f3n y cuidado.<\/span><\/p><p style=\"text-align: justify; line-height: 13.5pt;\"><span style=\"color: #1b9e88;\"><strong>Sostenibilidad<\/strong><\/span><span style=\"color: #333333;\"><br \/>La instituci\u00f3n mantendr\u00e1 una pol\u00edtica de manejo de sus diversos recursos de tal manera que se asegure su permanente renovaci\u00f3n y continuidad.<\/span><\/p><h1>\u00a0<\/h1><h1 style=\"line-height: 13.5pt; text-align: center;\"><span style=\"color: #1b9e88;\"><strong>Valores Institucionales<\/strong><\/span><\/h1><p style=\"text-align: justify; line-height: 13.5pt;\"><em><span style=\"color: #333333; font-style: normal;\">Las diferentes acciones propias del quehacer institucional se regir\u00e1n por los siguientes valores:<\/span><\/em><\/p><p style=\"text-align: justify; line-height: 13.5pt;\"><span style=\"color: #1b9e88;\"><strong>Responsabilidad<\/strong><\/span><span style=\"color: #333333;\"><br \/>El Instituto asumir\u00e1 el pleno cumplimiento de sus obligaciones y compromisos consciente del impacto y el resultado esperado en su contexto.<\/span><\/p><p style=\"text-align: justify; line-height: 13.5pt;\"><span style=\"color: #1b9e88;\"><strong>Solidaridad<\/strong><\/span><span style=\"color: #333333;\"><br \/>El instituto y su talento humano de acuerdo con sus posibilidades se unir\u00e1n y colaborar\u00e1n mutuamente como un todo en pro del bienestar de los sujetos, los grupos y las comunidades.<\/span><strong><span style=\"color: #287328;\">\u00a0<\/span><\/strong><\/p><p style=\"text-align: justify; line-height: 13.5pt;\"><span style=\"color: #1b9e88;\"><strong>Justicia<\/strong><\/span><span style=\"color: #333333;\"><br \/>Su acci\u00f3n estar\u00e1 enmarcada en la imparcialidad garantizando los derechos de las personas, con equidad, igualdad y sin discriminaci\u00f3n.<\/span><\/p><p style=\"text-align: justify; line-height: 13.5pt;\"><span style=\"color: #1b9e88;\"><strong>Honestidad<\/strong><\/span><span style=\"color: #333333;\"><br \/>Su actuaci\u00f3n estar\u00e1 enmarcada con fundamento en la verdad, cumpliendo sus deberes con transparencia y rectitud, favoreciendo el inter\u00e9s general sobre el particular.<\/span><\/p><p style=\"text-align: justify; line-height: 13.5pt;\"><span style=\"color: #1b9e88;\"><strong>Compromiso<\/strong><\/span><span style=\"color: #333333;\"><br \/>Sus actores ser\u00e1n conscientes de la importancia de su rol en la comunidad educativa y estar\u00e1n dispuestos a comprender y resolver las necesidades con las que interact\u00faa.<\/span><\/p><p style=\"text-align: justify; line-height: 13.5pt;\"><span style=\"color: #1b9e88;\"><strong>Respeto<\/strong><\/span><span style=\"color: #333333;\"><br \/>En sus diferentes actuaciones y relaciones el Instituto siempre tendr\u00e1 y manifestar\u00e1 un especial reconocimiento, valoraci\u00f3n y trato de manera digna a todas las personas de los diferentes sujetos e instituciones sin importar su condici\u00f3n.<\/span><\/p><p style=\"text-align: justify; line-height: 13.5pt;\"><span style=\"color: #1b9e88;\"><strong>Diligencia<\/strong><\/span><span style=\"color: #333333;\"><br \/>En sus actividades y servicios, el talento humano cumplir\u00e1 con los deberes, funciones y responsabilidades asignadas de la mejor manera posible, con atenci\u00f3n, prontitud, destreza y eficiencia, para as\u00ed optimizar el uso de los recursos.<\/span><\/p><h1>\u00a0<\/h1><h1 style=\"line-height: 13.5pt; text-align: center;\"><span style=\"color: #1b9e88;\"><strong>Pol\u00edtica de Comunicaci\u00f3n<\/strong><\/span><\/h1><p style=\"text-align: justify; line-height: 13.5pt;\"><span style=\"color: #1b9e88;\"><a style=\"color: #1b9e88;\" href=\"https:\/\/www.iser.edu.co\/wp-content\/uploads\/2024\/03\/politica_de_comunicacion.pdf\" target=\"_blank\" rel=\"noopener\"><b>Resoluci\u00f3n 696 del 03 de septiembre de 2012\u00a0<\/b><\/a><\/span><span style=\"color: black;\">&#8220;Por la cual se adopta la Pol\u00edtica de Comunicaci\u00f3n del Instituto Superior de Educaci\u00f3n Rural ISER&#8221;<\/span><\/p><h1>\u00a0<\/h1><h1 style=\"line-height: 13.5pt; text-align: center;\"><span style=\"color: #1b9e88;\"><strong>Manual de Comunicaci\u00f3n P\u00fablica<\/strong><\/span><\/h1><p style=\"text-align: justify; line-height: 13.5pt;\"><span style=\"color: #333333;\"><a href=\"https:\/\/www.iser.edu.co\/wp-content\/uploads\/2024\/03\/res_120_12_05_2014.pdf\" target=\"_blank\" rel=\"noopener\"><b><span style=\"color: #1b9e88;\">Resoluci\u00f3n 120 del 12 de mayo de 2014<\/span>\u00a0<\/b><\/a>&#8220;Por la cual se adopta el Manual de Comunicaci\u00f3n P\u00fablica del Instituto Superior de Educaci\u00f3n Rural de Pamplona ISER&#8221;<\/span><\/p><h1>\u00a0<\/h1><h1 style=\"line-height: 13.5pt; text-align: center;\"><span style=\"color: #1b9e88;\"><strong>Pol\u00edtica de Informaci\u00f3n<\/strong><\/span><\/h1><p style=\"text-align: justify; line-height: 13.5pt;\"><span style=\"color: #333333;\"><a href=\"https:\/\/www.iser.edu.co\/wp-content\/uploads\/2024\/03\/politica_de_informacion.pdf\" target=\"_blank\" rel=\"noopener\"><b><span style=\"color: #1b9e88;\">Resoluci\u00f3n 381 del 02 de diciembre de 2008<\/span><\/b><\/a><\/span><u><span style=\"color: black;\">\u00a0<\/span><\/u><span style=\"color: black;\">&#8220;Por la cual se adopta la Pol\u00edtica de Informaci\u00f3n del Instituto Superior de Educaci\u00f3n Rural ISER&#8221;<\/span><\/p><h1>\u00a0<\/h1><h1 style=\"line-height: 13.5pt; text-align: center;\"><span style=\"color: #1b9e88;\"><strong>Pol\u00edticas de operaci\u00f3n<\/strong><\/span><\/h1><p style=\"text-align: justify; line-height: 13.5pt;\"><span style=\"color: #1b9e88;\"><b><u><a style=\"color: #1b9e88;\" href=\"https:\/\/www.iser.edu.co\/wp-content\/uploads\/2024\/03\/politicas_de_operacion.pdf\" target=\"_blank\" rel=\"noopener\">Resoluci\u00f3n 386 del 04 d<\/a><a style=\"color: #1b9e88;\" href=\"https:\/\/www.iser.edu.co\/wp-content\/uploads\/2024\/03\/politicas_de_operacion.pdf\" target=\"_blank\" rel=\"noopener\">e diciembre de 2008<\/a><\/u><\/b><\/span><span style=\"color: black;\"><span style=\"color: #1b9e88;\">\u00a0<\/span>&#8220;Por la cual se adoptan las Pol\u00edticas de Operaci\u00f3n del Instituto Superior de Educaci\u00f3n Rural ISER&#8221;<\/span><\/p>\t\t\t\t\t\t<\/div>\n\t\t\t\t<\/div>\n\t\t\t\t\t<\/div>\n\t\t<\/div>\n\t\t\t\t\t<\/div>\n\t\t<\/section>\n\t\t\t\t<section class=\"elementor-section elementor-top-section elementor-element elementor-element-8f67074 elementor-section-boxed elementor-section-height-default elementor-section-height-default\" data-id=\"8f67074\" data-element_type=\"section\" data-settings=\"{&quot;jet_parallax_layout_list&quot;:[],&quot;_ha_eqh_enable&quot;:false}\">\n\t\t\t\t\t\t<div class=\"elementor-container elementor-column-gap-default\">\n\t\t\t\t\t<div class=\"elementor-column elementor-col-100 elementor-top-column elementor-element elementor-element-9950e09\" data-id=\"9950e09\" data-element_type=\"column\">\n\t\t\t<div class=\"elementor-widget-wrap elementor-element-populated\">\n\t\t\t\t\t\t<div class=\"elementor-element elementor-element-95e998d elementor-widget-divider--view-line elementor-widget elementor-widget-divider\" data-id=\"95e998d\" data-element_type=\"widget\" data-widget_type=\"divider.default\">\n\t\t\t\t<div class=\"elementor-widget-container\">\n\t\t\t\t\t<div class=\"elementor-divider\">\n\t\t\t<span class=\"elementor-divider-separator\">\n\t\t\t\t\t\t<\/span>\n\t\t<\/div>\n\t\t\t\t<\/div>\n\t\t\t\t<\/div>\n\t\t\t\t\t<\/div>\n\t\t<\/div>\n\t\t\t\t\t<\/div>\n\t\t<\/section>\n\t\t\t\t<\/div>\n\t\t","protected":false},"excerpt":{"rendered":"<p>Nosotros Naturaleza Jur\u00eddica El Instituto Superior de Educaci\u00f3n Rural es un establecimiento p\u00fablico del orden departamental de acuerdo a la Ordenanza 0015 del 11 de Agosto de 2009, vinculado y vigilado por el Ministerio de Educaci\u00f3n Nacional, creado mediante Decreto Ley 2365 del 18 de septiembre de 1956, reorganizado de conformidad al Decreto 758 de&#8230;<\/p>\n<div class=\"pvc_clear\"><\/div>\n<p id=\"pvc_stats_2514\" class=\"pvc_stats all  \" data-element-id=\"2514\" style=\"\"><i class=\"pvc-stats-icon medium\" aria-hidden=\"true\"><svg aria-hidden=\"true\" focusable=\"false\" data-prefix=\"far\" data-icon=\"chart-bar\" role=\"img\" xmlns=\"http:\/\/www.w3.org\/2000\/svg\" viewBox=\"0 0 512 512\" class=\"svg-inline--fa fa-chart-bar fa-w-16 fa-2x\"><path fill=\"currentColor\" d=\"M396.8 352h22.4c6.4 0 12.8-6.4 12.8-12.8V108.8c0-6.4-6.4-12.8-12.8-12.8h-22.4c-6.4 0-12.8 6.4-12.8 12.8v230.4c0 6.4 6.4 12.8 12.8 12.8zm-192 0h22.4c6.4 0 12.8-6.4 12.8-12.8V140.8c0-6.4-6.4-12.8-12.8-12.8h-22.4c-6.4 0-12.8 6.4-12.8 12.8v198.4c0 6.4 6.4 12.8 12.8 12.8zm96 0h22.4c6.4 0 12.8-6.4 12.8-12.8V204.8c0-6.4-6.4-12.8-12.8-12.8h-22.4c-6.4 0-12.8 6.4-12.8 12.8v134.4c0 6.4 6.4 12.8 12.8 12.8zM496 400H48V80c0-8.84-7.16-16-16-16H16C7.16 64 0 71.16 0 80v336c0 17.67 14.33 32 32 32h464c8.84 0 16-7.16 16-16v-16c0-8.84-7.16-16-16-16zm-387.2-48h22.4c6.4 0 12.8-6.4 12.8-12.8v-70.4c0-6.4-6.4-12.8-12.8-12.8h-22.4c-6.4 0-12.8 6.4-12.8 12.8v70.4c0 6.4 6.4 12.8 12.8 12.8z\" class=\"\"><\/path><\/svg><\/i> <img decoding=\"async\" width=\"16\" height=\"16\" alt=\"Loading\" src=\"https:\/\/www.iser.edu.co\/wp-content\/plugins\/page-views-count\/ajax-loader-2x.gif\" border=0 \/><\/p>\n<div class=\"pvc_clear\"><\/div>\n","protected":false},"author":1,"featured_media":0,"parent":0,"menu_order":0,"comment_status":"closed","ping_status":"closed","template":"","meta":{"_kadence_starter_templates_imported_post":false,"_kad_post_transparent":"","_kad_post_title":"hide","_kad_post_layout":"fullwidth","_kad_post_sidebar_id":"","_kad_post_content_style":"unboxed","_kad_post_vertical_padding":"hide","_kad_post_feature":"hide","_kad_post_feature_position":"","_kad_post_header":false,"_kad_post_footer":false,"footnotes":""},"_links":{"self":[{"href":"https:\/\/www.iser.edu.co\/index.php\/wp-json\/wp\/v2\/pages\/2514"}],"collection":[{"href":"https:\/\/www.iser.edu.co\/index.php\/wp-json\/wp\/v2\/pages"}],"about":[{"href":"https:\/\/www.iser.edu.co\/index.php\/wp-json\/wp\/v2\/types\/page"}],"author":[{"embeddable":true,"href":"https:\/\/www.iser.edu.co\/index.php\/wp-json\/wp\/v2\/users\/1"}],"replies":[{"embeddable":true,"href":"https:\/\/www.iser.edu.co\/index.php\/wp-json\/wp\/v2\/comments?post=2514"}],"version-history":[{"count":0,"href":"https:\/\/www.iser.edu.co\/index.php\/wp-json\/wp\/v2\/pages\/2514\/revisions"}],"wp:attachment":[{"href":"https:\/\/www.iser.edu.co\/index.php\/wp-json\/wp\/v2\/media?parent=2514"}],"curies":[{"name":"wp","href":"https:\/\/api.w.org\/{rel}","templated":true}]}}