{"id":25262,"date":"2026-04-20T01:30:57","date_gmt":"2026-04-20T06:30:57","guid":{"rendered":"https:\/\/www.iser.edu.co\/?page_id=25262"},"modified":"2026-04-22T17:22:31","modified_gmt":"2026-04-22T22:22:31","slug":"oferta-academica-de-cesar","status":"publish","type":"page","link":"https:\/\/www.iser.edu.co\/index.php\/oferta-academica-de-cesar\/","title":{"rendered":"OFERTA ACADEMICA DE CESAR"},"content":{"rendered":"\t\t<div data-elementor-type=\"wp-page\" data-elementor-id=\"25262\" class=\"elementor elementor-25262\" data-elementor-post-type=\"page\">\n\t\t\t\t\t\t<section class=\"elementor-section elementor-top-section elementor-element elementor-element-5655c11 elementor-section-full_width elementor-section-height-default elementor-section-height-default\" data-id=\"5655c11\" data-element_type=\"section\" data-settings=\"{&quot;jet_parallax_layout_list&quot;:[],&quot;_ha_eqh_enable&quot;:false}\">\n\t\t\t\t\t\t<div class=\"elementor-container elementor-column-gap-default\">\n\t\t\t\t\t<div class=\"elementor-column elementor-col-100 elementor-top-column elementor-element elementor-element-6ab2708\" data-id=\"6ab2708\" data-element_type=\"column\">\n\t\t\t<div class=\"elementor-widget-wrap elementor-element-populated\">\n\t\t\t\t\t\t<div class=\"elementor-element elementor-element-37b9bfb elementor-widget-divider--view-line elementor-widget elementor-widget-divider\" data-id=\"37b9bfb\" data-element_type=\"widget\" data-widget_type=\"divider.default\">\n\t\t\t\t<div class=\"elementor-widget-container\">\n\t\t\t\t\t<div class=\"elementor-divider\">\n\t\t\t<span class=\"elementor-divider-separator\">\n\t\t\t\t\t\t<\/span>\n\t\t<\/div>\n\t\t\t\t<\/div>\n\t\t\t\t<\/div>\n\t\t\t\t\t<\/div>\n\t\t<\/div>\n\t\t\t\t\t<\/div>\n\t\t<\/section>\n\t\t<div class=\"elementor-element elementor-element-7f14db8 e-flex e-con-boxed e-con e-parent\" data-id=\"7f14db8\" data-element_type=\"container\" data-settings=\"{&quot;jet_parallax_layout_list&quot;:[],&quot;_ha_eqh_enable&quot;:false}\">\n\t\t\t\t\t<div class=\"e-con-inner\">\n\t\t<div class=\"elementor-element elementor-element-e58792b e-con-full e-flex e-con e-child\" data-id=\"e58792b\" data-element_type=\"container\" data-settings=\"{&quot;jet_parallax_layout_list&quot;:[],&quot;_ha_eqh_enable&quot;:false}\">\n\t\t\t\t<div class=\"elementor-element elementor-element-c0a3afe elementor-view-default elementor-widget elementor-widget-icon\" data-id=\"c0a3afe\" data-element_type=\"widget\" data-widget_type=\"icon.default\">\n\t\t\t\t<div class=\"elementor-widget-container\">\n\t\t\t\t\t<div class=\"elementor-icon-wrapper\">\n\t\t\t<div class=\"elementor-icon\">\n\t\t\t<i aria-hidden=\"true\" class=\"fas fa-play\"><\/i>\t\t\t<\/div>\n\t\t<\/div>\n\t\t\t\t<\/div>\n\t\t\t\t<\/div>\n\t\t\t\t<\/div>\n\t\t<div class=\"elementor-element elementor-element-90e0938 e-con-full e-flex e-con e-child\" data-id=\"90e0938\" data-element_type=\"container\" data-settings=\"{&quot;jet_parallax_layout_list&quot;:[],&quot;_ha_eqh_enable&quot;:false}\">\n\t\t\t\t<div class=\"elementor-element elementor-element-8bab7f0 elementor-widget elementor-widget-heading\" data-id=\"8bab7f0\" data-element_type=\"widget\" data-widget_type=\"heading.default\">\n\t\t\t\t<div class=\"elementor-widget-container\">\n\t\t\t<h1 class=\"elementor-heading-title elementor-size-default\">Oferta acad\u00e9mica de Cesar<\/h1>\t\t<\/div>\n\t\t\t\t<\/div>\n\t\t\t\t<\/div>\n\t\t\t\t\t<\/div>\n\t\t\t\t<\/div>\n\t\t<div class=\"elementor-element elementor-element-20f5cd1 e-grid e-con-boxed e-con e-parent\" data-id=\"20f5cd1\" data-element_type=\"container\" data-settings=\"{&quot;jet_parallax_layout_list&quot;:[],&quot;_ha_eqh_enable&quot;:false}\">\n\t\t\t\t\t<div class=\"e-con-inner\">\n\t\t\t\t<div class=\"elementor-element elementor-element-f9f2ea9 elementor-widget elementor-widget-bdt-marker\" data-id=\"f9f2ea9\" data-element_type=\"widget\" data-widget_type=\"bdt-marker.default\">\n\t\t\t\t<div class=\"elementor-widget-container\">\n\t\t\t\n\t\t<div class=\"bdt-marker-wrapper bdt-inline bdt-dark bdt-marker-animated\" id=\"bdt-marker-f9f2ea9\" data-bdt-scrollspy=\"target: .bdt-marker-wrapper &gt; a.bdt-marker-item; cls:bdt-animation-scale-up; delay: 300;\" data-bdt-lightbox=\"toggle: .bdt-marker-lightbox-item; animation: slide;\">\n\n\t\t\t<img fetchpriority=\"high\" decoding=\"async\" width=\"570\" height=\"880\" src=\"data:image\/gif;base64,R0lGODlhAQABAAAAACH5BAEKAAEALAAAAAABAAEAAAICTAEAOw==\" class=\"attachment-full size-full wp-image-25188 lazyload\" alt=\"Mapa de Cesar\" sizes=\"(max-width: 570px) 100vw, 570px\" data-src=\"https:\/\/www.iser.edu.co\/wp-content\/uploads\/2026\/04\/Mapa-Cesar-e1776666701267.png\" data-srcset=\"https:\/\/www.iser.edu.co\/wp-content\/uploads\/2026\/04\/Mapa-Cesar-e1776666701267.png 570w, https:\/\/www.iser.edu.co\/wp-content\/uploads\/2026\/04\/Mapa-Cesar-e1776666701267-194x300.png 194w\">\t\t\t\t<a class=\"bdt-marker-item bdt-position-absolute bdt-marker bdt-icon elementor-repeater-item-b0bbfb7 bdt-tippy-tooltip\" data-tippy-content=\"&lt;p&gt;Pueblo Bello&lt;\/p&gt;\" href=\"https:\/\/www.iser.edu.co\/index.php\/oferta-academica-de-pueblo-bello\" data-tippy=\"\" data-tippy-placement=\"top\" data-tippy-animation=\"scale\" data-tippy-offset=\"[7,10]\" data-tippy-arrow=\"true\">\n\n\t\t\t\t\t<img decoding=\"async\" width=\"150\" height=\"150\" src=\"data:image\/gif;base64,R0lGODlhAQABAAAAACH5BAEKAAEALAAAAAABAAEAAAICTAEAOw==\" class=\"attachment-thumbnail size-thumbnail lazyload\" alt=\"ISER\" data-src=\"https:\/\/www.iser.edu.co\/wp-content\/uploads\/2024\/12\/453487925_1243489797063163_7106251695730360501_n-1-150x150.jpg\">\n\t\t\t\t<\/a>\n\t\t\t\t\t\t\t\t<a class=\"bdt-marker-item bdt-position-absolute bdt-marker bdt-icon elementor-repeater-item-8a0b8d6 bdt-tippy-tooltip\" data-tippy-content=\"&lt;p&gt;La Jagua de Ibirico&lt;\/p&gt;\" href=\"https:\/\/www.iser.edu.co\/index.php\/oferta-academica-de-la-jagua-de-ibirico\" data-tippy=\"\" data-tippy-placement=\"top\" data-tippy-animation=\"scale\" data-tippy-offset=\"[7,10]\" data-tippy-arrow=\"true\">\n\n\t\t\t\t\t<img decoding=\"async\" width=\"150\" height=\"150\" src=\"data:image\/gif;base64,R0lGODlhAQABAAAAACH5BAEKAAEALAAAAAABAAEAAAICTAEAOw==\" class=\"attachment-thumbnail size-thumbnail lazyload\" alt=\"ISER\" data-src=\"https:\/\/www.iser.edu.co\/wp-content\/uploads\/2024\/12\/453487925_1243489797063163_7106251695730360501_n-1-150x150.jpg\">\n\t\t\t\t<\/a>\n\t\t\t\t\t\t\t\t<a class=\"bdt-marker-item bdt-position-absolute bdt-marker bdt-icon elementor-repeater-item-588c0d3 bdt-tippy-tooltip\" data-tippy-content=\"&lt;p&gt;Agust\u00edn Codazzi&lt;\/p&gt;\" href=\"https:\/\/www.iser.edu.co\/index.php\/oferta-academica-de-agustin-codazzi\" data-tippy=\"\" data-tippy-placement=\"top\" data-tippy-animation=\"scale\" data-tippy-offset=\"[7,10]\" data-tippy-arrow=\"true\">\n\n\t\t\t\t\t<img decoding=\"async\" width=\"150\" height=\"150\" src=\"data:image\/gif;base64,R0lGODlhAQABAAAAACH5BAEKAAEALAAAAAABAAEAAAICTAEAOw==\" class=\"attachment-thumbnail size-thumbnail lazyload\" alt=\"ISER\" data-src=\"https:\/\/www.iser.edu.co\/wp-content\/uploads\/2024\/12\/453487925_1243489797063163_7106251695730360501_n-1-150x150.jpg\">\n\t\t\t\t<\/a>\n\t\t\t\t\n\t\t<\/div>\n\n\t\t\n\t\t\n\t\t\t\t<\/div>\n\t\t\t\t<\/div>\n\t\t\t\t<div class=\"elementor-element elementor-element-d7d80ea elementor-widget elementor-widget-text-editor\" data-id=\"d7d80ea\" data-element_type=\"widget\" data-widget_type=\"text-editor.default\">\n\t\t\t\t<div class=\"elementor-widget-container\">\n\t\t\t\t\t\t\t<div style=\"text-align: justify;\"><p>Cesar es energ\u00eda, cultura y oportunidades. El ISER hace presencia en <a href=\"https:\/\/www.iser.edu.co\/index.php\/oferta-academica-de-pueblo-bello\">Pueblo Bello<\/a>, <a href=\"http:\/\/iser.edu.co\/index.php\/oferta-academica-de-la-jagua-de-ibirico\" rel=\"nofollow noopener\" target=\"_blank\">La Jagua de Ibirico<\/a> y <a href=\"https:\/\/www.iser.edu.co\/index.php\/oferta-academica-de-agustin-codazzi\">Agust\u00edn Codazzi<\/a> llevando formaci\u00f3n que conecta con las realidades del territorio y potencia el talento local.<\/p><p>Es momento de aprovechar lo que tienes cerca y convertirlo en tu mayor oportunidad.<\/p><p>Explora el mapa, ubica tu municipio y encuentra el programa ideal para ti.<\/p><\/div>\t\t\t\t\t\t<\/div>\n\t\t\t\t<\/div>\n\t\t\t\t\t<\/div>\n\t\t\t\t<\/div>\n\t\t\t\t<section class=\"elementor-section elementor-top-section elementor-element elementor-element-25f0592 elementor-section-boxed elementor-section-height-default elementor-section-height-default\" data-id=\"25f0592\" data-element_type=\"section\" data-settings=\"{&quot;jet_parallax_layout_list&quot;:[],&quot;_ha_eqh_enable&quot;:false}\">\n\t\t\t\t\t\t<div class=\"elementor-container elementor-column-gap-default\">\n\t\t\t\t\t<div class=\"elementor-column elementor-col-100 elementor-top-column elementor-element elementor-element-4e31fee\" data-id=\"4e31fee\" data-element_type=\"column\">\n\t\t\t<div class=\"elementor-widget-wrap elementor-element-populated\">\n\t\t\t\t\t\t<div class=\"elementor-element elementor-element-e88df39 elementor-widget-divider--view-line elementor-widget elementor-widget-divider\" data-id=\"e88df39\" data-element_type=\"widget\" data-widget_type=\"divider.default\">\n\t\t\t\t<div class=\"elementor-widget-container\">\n\t\t\t\t\t<div class=\"elementor-divider\">\n\t\t\t<span class=\"elementor-divider-separator\">\n\t\t\t\t\t\t<\/span>\n\t\t<\/div>\n\t\t\t\t<\/div>\n\t\t\t\t<\/div>\n\t\t\t\t\t<\/div>\n\t\t<\/div>\n\t\t\t\t\t<\/div>\n\t\t<\/section>\n\t\t\t\t<\/div>\n\t\t","protected":false},"excerpt":{"rendered":"<p>Oferta acad\u00e9mica de Cesar Cesar es energ\u00eda, cultura y oportunidades. El ISER hace presencia en Pueblo Bello, La Jagua de Ibirico y Agust\u00edn Codazzi llevando formaci\u00f3n que conecta con las realidades del territorio y potencia el talento local. Es momento de aprovechar lo que tienes cerca y convertirlo en tu mayor oportunidad. Explora el mapa,&#8230;<\/p>\n<div class=\"pvc_clear\"><\/div>\n<p id=\"pvc_stats_25262\" class=\"pvc_stats all  \" data-element-id=\"25262\" style=\"\"><i class=\"pvc-stats-icon medium\" aria-hidden=\"true\"><svg aria-hidden=\"true\" focusable=\"false\" data-prefix=\"far\" data-icon=\"chart-bar\" role=\"img\" xmlns=\"http:\/\/www.w3.org\/2000\/svg\" viewBox=\"0 0 512 512\" class=\"svg-inline--fa fa-chart-bar fa-w-16 fa-2x\"><path fill=\"currentColor\" d=\"M396.8 352h22.4c6.4 0 12.8-6.4 12.8-12.8V108.8c0-6.4-6.4-12.8-12.8-12.8h-22.4c-6.4 0-12.8 6.4-12.8 12.8v230.4c0 6.4 6.4 12.8 12.8 12.8zm-192 0h22.4c6.4 0 12.8-6.4 12.8-12.8V140.8c0-6.4-6.4-12.8-12.8-12.8h-22.4c-6.4 0-12.8 6.4-12.8 12.8v198.4c0 6.4 6.4 12.8 12.8 12.8zm96 0h22.4c6.4 0 12.8-6.4 12.8-12.8V204.8c0-6.4-6.4-12.8-12.8-12.8h-22.4c-6.4 0-12.8 6.4-12.8 12.8v134.4c0 6.4 6.4 12.8 12.8 12.8zM496 400H48V80c0-8.84-7.16-16-16-16H16C7.16 64 0 71.16 0 80v336c0 17.67 14.33 32 32 32h464c8.84 0 16-7.16 16-16v-16c0-8.84-7.16-16-16-16zm-387.2-48h22.4c6.4 0 12.8-6.4 12.8-12.8v-70.4c0-6.4-6.4-12.8-12.8-12.8h-22.4c-6.4 0-12.8 6.4-12.8 12.8v70.4c0 6.4 6.4 12.8 12.8 12.8z\" class=\"\"><\/path><\/svg><\/i> <img decoding=\"async\" width=\"16\" height=\"16\" alt=\"Loading\" src=\"https:\/\/www.iser.edu.co\/wp-content\/plugins\/page-views-count\/ajax-loader-2x.gif\" border=0 \/><\/p>\n<div class=\"pvc_clear\"><\/div>\n","protected":false},"author":5,"featured_media":0,"parent":0,"menu_order":0,"comment_status":"closed","ping_status":"closed","template":"","meta":{"_kadence_starter_templates_imported_post":false,"_kad_post_transparent":"","_kad_post_title":"hide","_kad_post_layout":"fullwidth","_kad_post_sidebar_id":"","_kad_post_content_style":"unboxed","_kad_post_vertical_padding":"hide","_kad_post_feature":"hide","_kad_post_feature_position":"","_kad_post_header":false,"_kad_post_footer":false,"footnotes":""},"_links":{"self":[{"href":"https:\/\/www.iser.edu.co\/index.php\/wp-json\/wp\/v2\/pages\/25262"}],"collection":[{"href":"https:\/\/www.iser.edu.co\/index.php\/wp-json\/wp\/v2\/pages"}],"about":[{"href":"https:\/\/www.iser.edu.co\/index.php\/wp-json\/wp\/v2\/types\/page"}],"author":[{"embeddable":true,"href":"https:\/\/www.iser.edu.co\/index.php\/wp-json\/wp\/v2\/users\/5"}],"replies":[{"embeddable":true,"href":"https:\/\/www.iser.edu.co\/index.php\/wp-json\/wp\/v2\/comments?post=25262"}],"version-history":[{"count":22,"href":"https:\/\/www.iser.edu.co\/index.php\/wp-json\/wp\/v2\/pages\/25262\/revisions"}],"predecessor-version":[{"id":25734,"href":"https:\/\/www.iser.edu.co\/index.php\/wp-json\/wp\/v2\/pages\/25262\/revisions\/25734"}],"wp:attachment":[{"href":"https:\/\/www.iser.edu.co\/index.php\/wp-json\/wp\/v2\/media?parent=25262"}],"curies":[{"name":"wp","href":"https:\/\/api.w.org\/{rel}","templated":true}]}}