{"id":2578,"date":"2024-03-03T15:35:31","date_gmt":"2024-03-03T20:35:31","guid":{"rendered":"https:\/\/ww3.iser.edu.co\/?page_id=2578"},"modified":"2024-07-31T15:02:38","modified_gmt":"2024-07-31T20:02:38","slug":"nuestra-identidad-corporativa","status":"publish","type":"page","link":"https:\/\/www.iser.edu.co\/index.php\/nuestra-identidad-corporativa\/","title":{"rendered":"Nuestra Identidad Corporativa"},"content":{"rendered":"\t\t<div data-elementor-type=\"wp-page\" data-elementor-id=\"2578\" class=\"elementor elementor-2578\" data-elementor-post-type=\"page\">\n\t\t\t\t\t\t<section class=\"elementor-section elementor-top-section elementor-element elementor-element-6cfd1bd elementor-section-boxed elementor-section-height-default elementor-section-height-default\" data-id=\"6cfd1bd\" data-element_type=\"section\" data-settings=\"{&quot;jet_parallax_layout_list&quot;:[],&quot;_ha_eqh_enable&quot;:false}\">\n\t\t\t\t\t\t<div class=\"elementor-container elementor-column-gap-default\">\n\t\t\t\t\t<div class=\"elementor-column elementor-col-100 elementor-top-column elementor-element elementor-element-14d34f6\" data-id=\"14d34f6\" data-element_type=\"column\">\n\t\t\t<div class=\"elementor-widget-wrap elementor-element-populated\">\n\t\t\t\t\t\t<div class=\"elementor-element elementor-element-8c6c9f0 elementor-widget-divider--view-line elementor-widget elementor-widget-divider\" data-id=\"8c6c9f0\" data-element_type=\"widget\" data-widget_type=\"divider.default\">\n\t\t\t\t<div class=\"elementor-widget-container\">\n\t\t\t\t\t<div class=\"elementor-divider\">\n\t\t\t<span class=\"elementor-divider-separator\">\n\t\t\t\t\t\t<\/span>\n\t\t<\/div>\n\t\t\t\t<\/div>\n\t\t\t\t<\/div>\n\t\t\t\t\t<\/div>\n\t\t<\/div>\n\t\t\t\t\t<\/div>\n\t\t<\/section>\n\t\t\t\t<section class=\"elementor-section elementor-top-section elementor-element elementor-element-0e22eb8 elementor-section-boxed elementor-section-height-default elementor-section-height-default\" data-id=\"0e22eb8\" data-element_type=\"section\" data-settings=\"{&quot;jet_parallax_layout_list&quot;:[],&quot;_ha_eqh_enable&quot;:false}\">\n\t\t\t\t\t\t<div class=\"elementor-container elementor-column-gap-default\">\n\t\t\t\t\t<div class=\"elementor-column elementor-col-100 elementor-top-column elementor-element elementor-element-2e62599\" data-id=\"2e62599\" data-element_type=\"column\">\n\t\t\t<div class=\"elementor-widget-wrap elementor-element-populated\">\n\t\t\t\t\t\t<div class=\"elementor-element elementor-element-7c93451 elementor-widget elementor-widget-heading\" data-id=\"7c93451\" data-element_type=\"widget\" data-widget_type=\"heading.default\">\n\t\t\t\t<div class=\"elementor-widget-container\">\n\t\t\t<h2 class=\"elementor-heading-title elementor-size-default\">Nuestra Identidad Corporativa<\/h2>\t\t<\/div>\n\t\t\t\t<\/div>\n\t\t\t\t\t<\/div>\n\t\t<\/div>\n\t\t\t\t\t<\/div>\n\t\t<\/section>\n\t\t\t\t<section class=\"elementor-section elementor-top-section elementor-element elementor-element-78789f5 elementor-section-boxed elementor-section-height-default elementor-section-height-default\" data-id=\"78789f5\" data-element_type=\"section\" data-settings=\"{&quot;jet_parallax_layout_list&quot;:[],&quot;_ha_eqh_enable&quot;:false}\">\n\t\t\t\t\t\t<div class=\"elementor-container elementor-column-gap-default\">\n\t\t\t\t\t<div class=\"elementor-column elementor-col-100 elementor-top-column elementor-element elementor-element-a897a92\" data-id=\"a897a92\" data-element_type=\"column\">\n\t\t\t<div class=\"elementor-widget-wrap elementor-element-populated\">\n\t\t\t\t\t\t<div class=\"elementor-element elementor-element-933d8bb elementor-widget-divider--view-line elementor-widget elementor-widget-divider\" data-id=\"933d8bb\" data-element_type=\"widget\" data-widget_type=\"divider.default\">\n\t\t\t\t<div class=\"elementor-widget-container\">\n\t\t\t\t\t<div class=\"elementor-divider\">\n\t\t\t<span class=\"elementor-divider-separator\">\n\t\t\t\t\t\t<\/span>\n\t\t<\/div>\n\t\t\t\t<\/div>\n\t\t\t\t<\/div>\n\t\t\t\t\t<\/div>\n\t\t<\/div>\n\t\t\t\t\t<\/div>\n\t\t<\/section>\n\t\t\t\t<section class=\"elementor-section elementor-top-section elementor-element elementor-element-cb68bde elementor-section-boxed elementor-section-height-default elementor-section-height-default\" data-id=\"cb68bde\" data-element_type=\"section\" data-settings=\"{&quot;jet_parallax_layout_list&quot;:[],&quot;_ha_eqh_enable&quot;:false}\">\n\t\t\t\t\t\t<div class=\"elementor-container elementor-column-gap-default\">\n\t\t\t\t\t<div class=\"elementor-column elementor-col-100 elementor-top-column elementor-element elementor-element-2054117\" data-id=\"2054117\" data-element_type=\"column\">\n\t\t\t<div class=\"elementor-widget-wrap elementor-element-populated\">\n\t\t\t\t\t\t<div class=\"elementor-element elementor-element-3f97742 elementor-widget elementor-widget-text-editor\" data-id=\"3f97742\" data-element_type=\"widget\" data-widget_type=\"text-editor.default\">\n\t\t\t\t<div class=\"elementor-widget-container\">\n\t\t\t\t\t\t\t<h1 style=\"text-align: center;\"><span style=\"color: #1b9e88;\"><strong>Nuestra denominaci\u00f3n<\/strong><\/span><\/h1><p style=\"text-align: justify;\">Para todos los efectos tanto legales como oper\u00edsticos la instituci\u00f3n se denominar\u00e1 de las siguientes formas Instituto Superior de Educaci\u00f3n Rural &#8211; ISER o su sigla de manera individual ISER, en correspondencia con su naturaleza jur\u00eddica, tipolog\u00eda, identidad y misi\u00f3n institucional, proyecci\u00f3n acad\u00e9mica y normatividad como Instituci\u00f3n de Educaci\u00f3n Superior (IES) en Colombia.<\/p><p style=\"text-align: justify;\">Lo anterior, como una marca que al igual que sus s\u00edmbolos estar\u00e1n regulados para su uso por el manual de imagen corporativa y pol\u00edticas de propiedad intelectual en respaldo a los servicios acad\u00e9micos prestados, publicaciones y dem\u00e1s productos acad\u00e9micos generados de conformidad con su misi\u00f3n institucional.<\/p><h1>\u00a0<\/h1><h1 style=\"text-align: center;\"><span style=\"color: #1b9e88;\"><strong>Nuestra Bandera<\/strong><\/span><\/h1><p style=\"text-align: justify;\">La insignia ondeante del ISER es generosa en significaci\u00f3n para quienes tienen la fortuna de gozar de un paisaje amplio y puro y para quienes creen en los j\u00f3venes que all\u00ed se forman. Por tanto, el verde frescor de sus campos cultivados se encuentra en la parte superior de la bandera y en mayor proporci\u00f3n porque es tambi\u00e9n la esperanza en la promisoria juventud Iserista.\u00a0 El amarillo ubicado en una franja central inferior sugiere abundancia, trigales maduros y riqueza de esp\u00edritu.\u00a0 El rojo ubicado en la parte inferior en igual proporci\u00f3n al color amarillo significa vida, ardor juvenil y el entusiasmo que pone a sus labores el estudiante del Instituto Superior de Educaci\u00f3n Rural \u2013 ISER.<\/p><p><img fetchpriority=\"high\" decoding=\"async\" class=\"aligncenter size-full wp-image-9619 lazyload\" src=\"data:image\/gif;base64,R0lGODlhAQABAAAAACH5BAEKAAEALAAAAAABAAEAAAICTAEAOw==\" alt=\"\" width=\"662\" height=\"160\" data-src=\"https:\/\/www.iser.edu.co\/wp-content\/uploads\/2024\/05\/Bandera.jpg\"><\/p><h1>\u00a0<\/h1><h1 style=\"text-align: center;\"><span style=\"color: #1b9e88;\"><strong>Nuestro Escudo<\/strong><\/span><\/h1><p style=\"text-align: justify;\">Los diferentes elementos que contiene el escudo guardan un sentido y significado con la historia y tradici\u00f3n educativa del Instituto Superior de Educaci\u00f3n Rural \u2013 ISER as\u00ed:<\/p><p style=\"text-align: justify;\">El c\u00edrculo es la base sobre la cual se apoyan los elementos constitutivos del logo-s\u00edmbolo y encierra el concepto de perfecci\u00f3n, globalizaci\u00f3n y dinamismo. El hombre est\u00e1 representado, por una forma geom\u00e9trica semejante a una (i) latina min\u00fascula, significando la comunidad y se encuentra ubicado en el centro del c\u00edrculo, parti\u00e9ndolo en dos. Alrededor del c\u00edrculo negro, que representa a su vez la cabeza del hombre y el punto de la (i) latina, est\u00e1n dibujados los orbitales at\u00f3micos para dar forma a la imagen del \u00e1tomo, expresando as\u00ed el concepto de docencia, educaci\u00f3n integral, conocimiento cient\u00edfico y ciencia. En el semic\u00edrculo superior est\u00e1 representado por medio de un pi\u00f1\u00f3n de m\u00e1quina, expresando la correlaci\u00f3n entre t\u00e9cnica, tecnolog\u00eda y ciencia. En el semic\u00edrculo inferior se encuentran las espigas simbolizando el crecimiento, la fertilidad y la madurez.<\/p><p style=\"text-align: justify;\">Todo lo anterior se apoya sobre un libro, elemento de vital importancia en todo trabajo intelectual y a fin a todas las ramas del saber, ventana que lleva al conocimiento del hombre y de todo lo que le rodea.<\/p><p><img decoding=\"async\" class=\"aligncenter wp-image-13318 size-full lazyload\" src=\"data:image\/gif;base64,R0lGODlhAQABAAAAACH5BAEKAAEALAAAAAABAAEAAAICTAEAOw==\" alt=\"\" width=\"392\" height=\"355\" data-src=\"https:\/\/www.iser.edu.co\/wp-content\/uploads\/2024\/07\/iser-logo.jpg\"><\/p><h1>\u00a0<\/h1><h1 style=\"text-align: center;\"><span style=\"color: #1b9e88;\"><strong>Nuestro Himno<\/strong><\/span><\/h1><p style=\"text-align: justify;\">Gracias al talento del m\u00fasico Fernando Castro y a la letra de Dar\u00edo Sequedad, la Instituci\u00f3n tambi\u00e9n posee un himno como otro de sus distintivos y cuya letra es como sigue:<\/p><h1>\u00a0<\/h1><h1 style=\"text-align: center;\"><span style=\"color: #1b9e88;\"><strong><span style=\"font-family: 'Arial',sans-serif;\">Coro<\/span><\/strong><\/span><span style=\"font-family: 'Arial',sans-serif;\"><br \/><em>Con acento glorioso entonemos<\/em><i><br \/><em>nuestro himno con gran sentimiento<\/em><br \/><em>y felices al mundo marchemos<\/em><br \/><em>a llevar a otras mentes aliento.<\/em><\/i><\/span><\/h1><h1 style=\"text-align: center; margin: 0cm 0cm 15.0pt 0cm;\" align=\"center\"><span style=\"color: #1b9e88;\"><strong><span style=\"font-family: 'Arial',sans-serif;\">I<\/span><\/strong><\/span><span style=\"font-family: 'Arial',sans-serif;\"><br \/><em>Es el ISER crisol formativo<\/em><i><br \/><em>de las mentes y almas altruistas<\/em><br \/><em>ser sus hijos honroso motivo<\/em><br \/><em>y muy noble llamarse Iserista.<\/em><\/i><\/span><\/h1><h1 style=\"text-align: center; margin: 0cm 0cm 15.0pt 0cm;\" align=\"center\"><span style=\"color: #1b9e88;\"><strong><span style=\"font-family: 'Arial',sans-serif;\">II<\/span><\/strong><\/span><span style=\"font-family: 'Arial',sans-serif;\"><br \/><em>De la espiga su fruto dorado<\/em><i><br \/><em>simboliza esplendor de mi raza<\/em><br \/><em>del vacuno su esbozo grabado<\/em><br \/><em>un anhelo que mi pueblo traza.<\/em><\/i><\/span><\/h1><h1 style=\"text-align: center; margin: 0cm 0cm 15.0pt 0cm;\" align=\"center\"><span style=\"color: #1b9e88;\"><strong><span style=\"font-family: 'Arial',sans-serif;\">III<\/span><\/strong><\/span><span style=\"font-family: 'Arial',sans-serif;\"><br \/><em>Muy altiva llevamos la frente<\/em><i><br \/><em>por tener en nosotros la oferta<\/em><br \/><em>se ilumine del campo la gente<\/em><br \/><em>que al azar la semilla le inserta.<\/em><\/i><\/span><\/h1><h1 style=\"text-align: center; margin: 0cm 0cm 15.0pt 0cm;\" align=\"center\"><span style=\"color: #1b9e88;\"><strong><span style=\"font-family: 'Arial',sans-serif;\">IV<\/span><\/strong><\/span><span style=\"font-family: 'Arial',sans-serif;\"><br \/><em>El ISER semillero valioso<\/em><i><br \/><em>de abnegada juventud ardiente<\/em><br \/><em>por hacer un Colombia grandioso<\/em><br \/><em>que en sus campos labora el valiente<\/em><\/i><\/span><\/h1><h1 style=\"text-align: center; margin: 0cm 0cm 15.0pt 0cm;\" align=\"center\"><span style=\"color: #1b9e88;\"><strong><span style=\"font-family: 'Arial',sans-serif;\">V<\/span><\/strong><\/span><span style=\"font-family: 'Arial',sans-serif;\"><br \/><em>Cuan hermoso milagro se ofrece<\/em><i><br \/><em>germinar del apreciado grano<\/em><br \/><em>por humilde mano que obedece<\/em><br \/><em>a la mente Iserista de hermano.<\/em><\/i><\/span><\/h1><p align=\"center\">\u00a0<\/p>\t\t\t\t\t\t<\/div>\n\t\t\t\t<\/div>\n\t\t\t\t\t<\/div>\n\t\t<\/div>\n\t\t\t\t\t<\/div>\n\t\t<\/section>\n\t\t\t\t<section class=\"elementor-section elementor-top-section elementor-element elementor-element-11ebeae elementor-section-boxed elementor-section-height-default elementor-section-height-default\" data-id=\"11ebeae\" data-element_type=\"section\" data-settings=\"{&quot;jet_parallax_layout_list&quot;:[],&quot;_ha_eqh_enable&quot;:false}\">\n\t\t\t\t\t\t<div class=\"elementor-container elementor-column-gap-default\">\n\t\t\t\t\t<div class=\"elementor-column elementor-col-100 elementor-top-column elementor-element elementor-element-8ee9215\" data-id=\"8ee9215\" data-element_type=\"column\">\n\t\t\t<div class=\"elementor-widget-wrap elementor-element-populated\">\n\t\t\t\t\t\t<div class=\"elementor-element elementor-element-63191b1 elementor-widget elementor-widget-video\" data-id=\"63191b1\" data-element_type=\"widget\" data-settings=\"{&quot;youtube_url&quot;:&quot;https:\\\/\\\/youtu.be\\\/8inquESb8vc?si=ydtRrqD5p0DHIFGi&quot;,&quot;video_type&quot;:&quot;youtube&quot;,&quot;controls&quot;:&quot;yes&quot;}\" data-widget_type=\"video.default\">\n\t\t\t\t<div class=\"elementor-widget-container\">\n\t\t\t\t\t<div class=\"elementor-wrapper elementor-open-inline\">\n\t\t\t<div class=\"elementor-video\"><\/div>\t\t<\/div>\n\t\t\t\t<\/div>\n\t\t\t\t<\/div>\n\t\t\t\t\t<\/div>\n\t\t<\/div>\n\t\t\t\t\t<\/div>\n\t\t<\/section>\n\t\t\t\t<section class=\"elementor-section elementor-top-section elementor-element elementor-element-0f57c99 elementor-section-boxed elementor-section-height-default elementor-section-height-default\" data-id=\"0f57c99\" data-element_type=\"section\" data-settings=\"{&quot;jet_parallax_layout_list&quot;:[],&quot;_ha_eqh_enable&quot;:false}\">\n\t\t\t\t\t\t<div class=\"elementor-container elementor-column-gap-default\">\n\t\t\t\t\t<div class=\"elementor-column elementor-col-100 elementor-top-column elementor-element elementor-element-fed657d\" data-id=\"fed657d\" data-element_type=\"column\">\n\t\t\t<div class=\"elementor-widget-wrap elementor-element-populated\">\n\t\t\t\t\t\t<div class=\"elementor-element elementor-element-38119cc elementor-widget-divider--view-line elementor-widget elementor-widget-divider\" data-id=\"38119cc\" data-element_type=\"widget\" data-widget_type=\"divider.default\">\n\t\t\t\t<div class=\"elementor-widget-container\">\n\t\t\t\t\t<div class=\"elementor-divider\">\n\t\t\t<span class=\"elementor-divider-separator\">\n\t\t\t\t\t\t<\/span>\n\t\t<\/div>\n\t\t\t\t<\/div>\n\t\t\t\t<\/div>\n\t\t\t\t\t<\/div>\n\t\t<\/div>\n\t\t\t\t\t<\/div>\n\t\t<\/section>\n\t\t\t\t<\/div>\n\t\t","protected":false},"excerpt":{"rendered":"<p>Nuestra Identidad Corporativa Nuestra denominaci\u00f3n Para todos los efectos tanto legales como oper\u00edsticos la instituci\u00f3n se denominar\u00e1 de las siguientes formas Instituto Superior de Educaci\u00f3n Rural &#8211; ISER o su sigla de manera individual ISER, en correspondencia con su naturaleza jur\u00eddica, tipolog\u00eda, identidad y misi\u00f3n institucional, proyecci\u00f3n acad\u00e9mica y normatividad como Instituci\u00f3n de Educaci\u00f3n Superior&#8230;<\/p>\n<div class=\"pvc_clear\"><\/div>\n<p id=\"pvc_stats_2578\" class=\"pvc_stats all  \" data-element-id=\"2578\" style=\"\"><i class=\"pvc-stats-icon medium\" aria-hidden=\"true\"><svg aria-hidden=\"true\" focusable=\"false\" data-prefix=\"far\" data-icon=\"chart-bar\" role=\"img\" xmlns=\"http:\/\/www.w3.org\/2000\/svg\" viewBox=\"0 0 512 512\" class=\"svg-inline--fa fa-chart-bar fa-w-16 fa-2x\"><path fill=\"currentColor\" d=\"M396.8 352h22.4c6.4 0 12.8-6.4 12.8-12.8V108.8c0-6.4-6.4-12.8-12.8-12.8h-22.4c-6.4 0-12.8 6.4-12.8 12.8v230.4c0 6.4 6.4 12.8 12.8 12.8zm-192 0h22.4c6.4 0 12.8-6.4 12.8-12.8V140.8c0-6.4-6.4-12.8-12.8-12.8h-22.4c-6.4 0-12.8 6.4-12.8 12.8v198.4c0 6.4 6.4 12.8 12.8 12.8zm96 0h22.4c6.4 0 12.8-6.4 12.8-12.8V204.8c0-6.4-6.4-12.8-12.8-12.8h-22.4c-6.4 0-12.8 6.4-12.8 12.8v134.4c0 6.4 6.4 12.8 12.8 12.8zM496 400H48V80c0-8.84-7.16-16-16-16H16C7.16 64 0 71.16 0 80v336c0 17.67 14.33 32 32 32h464c8.84 0 16-7.16 16-16v-16c0-8.84-7.16-16-16-16zm-387.2-48h22.4c6.4 0 12.8-6.4 12.8-12.8v-70.4c0-6.4-6.4-12.8-12.8-12.8h-22.4c-6.4 0-12.8 6.4-12.8 12.8v70.4c0 6.4 6.4 12.8 12.8 12.8z\" class=\"\"><\/path><\/svg><\/i> <img decoding=\"async\" width=\"16\" height=\"16\" alt=\"Loading\" src=\"https:\/\/www.iser.edu.co\/wp-content\/plugins\/page-views-count\/ajax-loader-2x.gif\" border=0 \/><\/p>\n<div class=\"pvc_clear\"><\/div>\n","protected":false},"author":1,"featured_media":0,"parent":0,"menu_order":0,"comment_status":"closed","ping_status":"closed","template":"","meta":{"_kadence_starter_templates_imported_post":false,"_kad_post_transparent":"","_kad_post_title":"hide","_kad_post_layout":"fullwidth","_kad_post_sidebar_id":"","_kad_post_content_style":"unboxed","_kad_post_vertical_padding":"hide","_kad_post_feature":"hide","_kad_post_feature_position":"","_kad_post_header":false,"_kad_post_footer":false,"footnotes":""},"_links":{"self":[{"href":"https:\/\/www.iser.edu.co\/index.php\/wp-json\/wp\/v2\/pages\/2578"}],"collection":[{"href":"https:\/\/www.iser.edu.co\/index.php\/wp-json\/wp\/v2\/pages"}],"about":[{"href":"https:\/\/www.iser.edu.co\/index.php\/wp-json\/wp\/v2\/types\/page"}],"author":[{"embeddable":true,"href":"https:\/\/www.iser.edu.co\/index.php\/wp-json\/wp\/v2\/users\/1"}],"replies":[{"embeddable":true,"href":"https:\/\/www.iser.edu.co\/index.php\/wp-json\/wp\/v2\/comments?post=2578"}],"version-history":[{"count":0,"href":"https:\/\/www.iser.edu.co\/index.php\/wp-json\/wp\/v2\/pages\/2578\/revisions"}],"wp:attachment":[{"href":"https:\/\/www.iser.edu.co\/index.php\/wp-json\/wp\/v2\/media?parent=2578"}],"curies":[{"name":"wp","href":"https:\/\/api.w.org\/{rel}","templated":true}]}}