{"id":2690,"date":"2024-03-03T17:48:14","date_gmt":"2024-03-03T22:48:14","guid":{"rendered":"https:\/\/ww3.iser.edu.co\/?page_id=2690"},"modified":"2024-06-24T16:01:14","modified_gmt":"2024-06-24T21:01:14","slug":"estatutos","status":"publish","type":"page","link":"https:\/\/www.iser.edu.co\/index.php\/estatutos\/","title":{"rendered":"Estatutos"},"content":{"rendered":"\t\t<div data-elementor-type=\"wp-page\" data-elementor-id=\"2690\" class=\"elementor elementor-2690\" data-elementor-post-type=\"page\">\n\t\t\t\t\t\t<section class=\"elementor-section elementor-top-section elementor-element elementor-element-bf315c6 elementor-section-boxed elementor-section-height-default elementor-section-height-default\" data-id=\"bf315c6\" data-element_type=\"section\" data-settings=\"{&quot;jet_parallax_layout_list&quot;:[],&quot;_ha_eqh_enable&quot;:false}\">\n\t\t\t\t\t\t<div class=\"elementor-container elementor-column-gap-default\">\n\t\t\t\t\t<div class=\"elementor-column elementor-col-100 elementor-top-column elementor-element elementor-element-71935c0\" data-id=\"71935c0\" data-element_type=\"column\">\n\t\t\t<div class=\"elementor-widget-wrap elementor-element-populated\">\n\t\t\t\t\t\t<div class=\"elementor-element elementor-element-c8d2761 elementor-widget-divider--view-line elementor-widget elementor-widget-divider\" data-id=\"c8d2761\" data-element_type=\"widget\" data-widget_type=\"divider.default\">\n\t\t\t\t<div class=\"elementor-widget-container\">\n\t\t\t\t\t<div class=\"elementor-divider\">\n\t\t\t<span class=\"elementor-divider-separator\">\n\t\t\t\t\t\t<\/span>\n\t\t<\/div>\n\t\t\t\t<\/div>\n\t\t\t\t<\/div>\n\t\t\t\t\t<\/div>\n\t\t<\/div>\n\t\t\t\t\t<\/div>\n\t\t<\/section>\n\t\t\t\t<section class=\"elementor-section elementor-top-section elementor-element elementor-element-03f6173 elementor-section-boxed elementor-section-height-default elementor-section-height-default\" data-id=\"03f6173\" data-element_type=\"section\" data-settings=\"{&quot;jet_parallax_layout_list&quot;:[],&quot;_ha_eqh_enable&quot;:false}\">\n\t\t\t\t\t\t<div class=\"elementor-container elementor-column-gap-default\">\n\t\t\t\t\t<div class=\"elementor-column elementor-col-100 elementor-top-column elementor-element elementor-element-a04458d\" data-id=\"a04458d\" data-element_type=\"column\">\n\t\t\t<div class=\"elementor-widget-wrap elementor-element-populated\">\n\t\t\t\t\t\t<div class=\"elementor-element elementor-element-eee77b4 elementor-widget elementor-widget-heading\" data-id=\"eee77b4\" data-element_type=\"widget\" data-widget_type=\"heading.default\">\n\t\t\t\t<div class=\"elementor-widget-container\">\n\t\t\t<h1 class=\"elementor-heading-title elementor-size-default\">Estatutos<\/h1>\t\t<\/div>\n\t\t\t\t<\/div>\n\t\t\t\t\t<\/div>\n\t\t<\/div>\n\t\t\t\t\t<\/div>\n\t\t<\/section>\n\t\t\t\t<section class=\"elementor-section elementor-top-section elementor-element elementor-element-ad41138 elementor-section-boxed elementor-section-height-default elementor-section-height-default\" data-id=\"ad41138\" data-element_type=\"section\" data-settings=\"{&quot;jet_parallax_layout_list&quot;:[],&quot;_ha_eqh_enable&quot;:false}\">\n\t\t\t\t\t\t<div class=\"elementor-container elementor-column-gap-default\">\n\t\t\t\t\t<div class=\"elementor-column elementor-col-100 elementor-top-column elementor-element elementor-element-430f997\" data-id=\"430f997\" data-element_type=\"column\">\n\t\t\t<div class=\"elementor-widget-wrap elementor-element-populated\">\n\t\t\t\t\t\t<div class=\"elementor-element elementor-element-a5be9a9 elementor-widget-divider--view-line elementor-widget elementor-widget-divider\" data-id=\"a5be9a9\" data-element_type=\"widget\" data-widget_type=\"divider.default\">\n\t\t\t\t<div class=\"elementor-widget-container\">\n\t\t\t\t\t<div class=\"elementor-divider\">\n\t\t\t<span class=\"elementor-divider-separator\">\n\t\t\t\t\t\t<\/span>\n\t\t<\/div>\n\t\t\t\t<\/div>\n\t\t\t\t<\/div>\n\t\t\t\t\t<\/div>\n\t\t<\/div>\n\t\t\t\t\t<\/div>\n\t\t<\/section>\n\t\t\t\t<section class=\"elementor-section elementor-top-section elementor-element elementor-element-7effc85 elementor-section-boxed elementor-section-height-default elementor-section-height-default\" data-id=\"7effc85\" data-element_type=\"section\" data-settings=\"{&quot;jet_parallax_layout_list&quot;:[],&quot;_ha_eqh_enable&quot;:false}\">\n\t\t\t\t\t\t<div class=\"elementor-container elementor-column-gap-default\">\n\t\t\t\t\t<div class=\"elementor-column elementor-col-100 elementor-top-column elementor-element elementor-element-a1063ae\" data-id=\"a1063ae\" data-element_type=\"column\">\n\t\t\t<div class=\"elementor-widget-wrap elementor-element-populated\">\n\t\t\t\t\t\t<div class=\"elementor-element elementor-element-595231a elementor-widget elementor-widget-toggle\" data-id=\"595231a\" data-element_type=\"widget\" data-widget_type=\"toggle.default\">\n\t\t\t\t<div class=\"elementor-widget-container\">\n\t\t\t\t\t<div class=\"elementor-toggle\">\n\t\t\t\t\t\t\t<div class=\"elementor-toggle-item\">\n\t\t\t\t\t<div id=\"elementor-tab-title-9361\" class=\"elementor-tab-title\" data-tab=\"1\" role=\"button\" aria-controls=\"elementor-tab-content-9361\" aria-expanded=\"false\">\n\t\t\t\t\t\t\t\t\t\t\t\t<span class=\"elementor-toggle-icon elementor-toggle-icon-left\" aria-hidden=\"true\">\n\t\t\t\t\t\t\t\t\t\t\t\t\t\t\t<span class=\"elementor-toggle-icon-closed\"><i class=\"fas fa-angle-double-down\"><\/i><\/span>\n\t\t\t\t\t\t\t\t<span class=\"elementor-toggle-icon-opened\"><i class=\"elementor-toggle-icon-opened fas fa-angle-double-up\"><\/i><\/span>\n\t\t\t\t\t\t\t\t\t\t\t\t\t<\/span>\n\t\t\t\t\t\t\t\t\t\t\t\t<a class=\"elementor-toggle-title\" tabindex=\"0\"><center> ESTATUTO GENERAL <\/center><\/a>\n\t\t\t\t\t<\/div>\n\n\t\t\t\t\t<div id=\"elementor-tab-content-9361\" class=\"elementor-tab-content elementor-clearfix\" data-tab=\"1\" role=\"region\" aria-labelledby=\"elementor-tab-title-9361\"><p><a href=\"https:\/\/www.iser.edu.co\/wp-content\/uploads\/2024\/03\/acuerdo_01_1989.pdf\" target=\"_blank\" rel=\"noopener\"><b>Acuerdo 01 del 27 de febrero de 1989<\/b><\/a> &#8211; \u201cPor el cual se expide el Estatuto General del Instituto Superior de Educaci\u00f3n Rural ISER, de Pamplona, Norte de Santander\u201d<\/p><p><a href=\"https:\/\/www.iser.edu.co\/wp-content\/uploads\/2024\/03\/estatuto_general.pdf\" target=\"_blank\" rel=\"noopener\"><b>Acuerdo 010 del 02 de diciembre de 1993<\/b><\/a><a href=\"https:\/\/www.iser.edu.co\/wp-content\/uploads\/2024\/03\/estatuto_general.pdf\" target=\"_blank\" rel=\"noopener\">\u00a0<\/a> &#8211; \u201cPor el cual se expide el Estatuto General del Instituto Superior de Educaci\u00f3n Rural ISER de Pamplona\u201d<\/p><p><a href=\"https:\/\/www.iser.edu.co\/wp-content\/uploads\/2024\/03\/acuerdo_020_22_09_2016.pdf\" target=\"_blank\" rel=\"noopener\"><b>Acuerdo 020 del 22 de septiembre de 2016<\/b><\/a><strong>\u00a0 &#8211; <\/strong>\u201cPor el cual se modifica parcialmente el Acuerdo 010 de 1993 \u2013 Estatuto General del Instituto Superior de Educaci\u00f3n Rural \u2013 ISER de Pamplona\u201d<\/p><\/div>\n\t\t\t\t<\/div>\n\t\t\t\t\t\t\t<div class=\"elementor-toggle-item\">\n\t\t\t\t\t<div id=\"elementor-tab-title-9362\" class=\"elementor-tab-title\" data-tab=\"2\" role=\"button\" aria-controls=\"elementor-tab-content-9362\" aria-expanded=\"false\">\n\t\t\t\t\t\t\t\t\t\t\t\t<span class=\"elementor-toggle-icon elementor-toggle-icon-left\" aria-hidden=\"true\">\n\t\t\t\t\t\t\t\t\t\t\t\t\t\t\t<span class=\"elementor-toggle-icon-closed\"><i class=\"fas fa-angle-double-down\"><\/i><\/span>\n\t\t\t\t\t\t\t\t<span class=\"elementor-toggle-icon-opened\"><i class=\"elementor-toggle-icon-opened fas fa-angle-double-up\"><\/i><\/span>\n\t\t\t\t\t\t\t\t\t\t\t\t\t<\/span>\n\t\t\t\t\t\t\t\t\t\t\t\t<a class=\"elementor-toggle-title\" tabindex=\"0\"><center> ESTATUTO DOCENTE <\/center><\/a>\n\t\t\t\t\t<\/div>\n\n\t\t\t\t\t<div id=\"elementor-tab-content-9362\" class=\"elementor-tab-content elementor-clearfix\" data-tab=\"2\" role=\"region\" aria-labelledby=\"elementor-tab-title-9362\"><p><a href=\"https:\/\/www.iser.edu.co\/wp-content\/uploads\/2024\/03\/estatuto_docente.pdf\" target=\"_blank\" rel=\"noopener\"><b>Acuerdo 039 del 09 de diciembre de 1999<\/b><\/a><b>\u00a0<\/b>\u201cPor el cual se derogan los Acuerdos 035 \u2013 Estatuto Docente, 020 \u2013 Puntos de Actividad Docente, 010 \u2013 Instrumentos de Evaluaci\u00f3n Docente y se adopta el Estatuto Docente para los profesores de Educaci\u00f3n Superior del Instituto Superior de Edcuaci\u00f3n Rural de Pamplona\u201d<\/p><p><a href=\"https:\/\/www.iser.edu.co\/wp-content\/uploads\/2024\/03\/acuerdo_004_29_02_2012.pdf\" target=\"_blank\" rel=\"noopener\"><b>Acuerdo 004 del 29 de febrero de 2012<\/b><\/a><b>\u00a0<\/b>\u201cPor el cual se modifica el Art\u00edculo 4\u00b0 del Acuerdo No 039 del 09 de diciembre de 1999\u201d<\/p><p><a href=\"https:\/\/www.iser.edu.co\/wp-content\/uploads\/2024\/03\/consejo_directivo_acuerdo_005.pdf\" target=\"_blank\" rel=\"noopener\"><b>Acuerdo 005 del 13 de febrero de 2015<\/b><\/a><a href=\"https:\/\/www.iser.edu.co\/wp-content\/uploads\/2024\/03\/consejo_directivo_acuerdo_005.pdf\" target=\"_blank\" rel=\"noopener\">\u00a0<\/a>\u00a0\u201cPor el cual se modifican los Art\u00edculos 10 y 24 del Acuerdo No 039 de 1999 Estatuto Docente\u201d<\/p><p><b><a href=\"https:\/\/www.iser.edu.co\/wp-content\/uploads\/2024\/03\/acuerdo_031_09_11_2016.pdf\" target=\"_blank\" rel=\"noopener\">Acuerdo 031 del 09 de noviembre de 2016<\/a>\u00a0<\/b>\u201cPor el cual se modifica parcialmente el acuerdo 039 del 9 de diciembre de 1999, mediante el cual se adopta el Estatuto Docente para los profesores del Instituto Superior de Educaci\u00f3n Rural ISER de Pamplona\u201d<\/p><p><a href=\"https:\/\/www.iser.edu.co\/wp-content\/uploads\/2024\/03\/acuerdo_010_21_junio.pdf\" target=\"_blank\" rel=\"noopener\"><b>Acuerdo 010 del 21 de junio de 2017<\/b><\/a><b>\u00a0<\/b>\u201cPor el cual se modifica parcialmente el Estatuto Docente para los profesores del Instituto Superior de Educaci\u00f3n Rural \u2013 ISER de Pamplona\u201d<\/p><p><a href=\"https:\/\/www.iser.edu.co\/wp-content\/uploads\/2024\/03\/acuerdo_018_13_dic.pdf\" target=\"_blank\" rel=\"noopener\"><b>Acuerdo 018 del 13 de diciembre de 2017<\/b><\/a><a href=\"https:\/\/www.iser.edu.co\/wp-content\/uploads\/2024\/03\/acuerdo_018_13_dic.pdf\" target=\"_blank\" rel=\"noopener\">\u00a0<\/a>\u201cPor el cual se modifica parcialmente el Estatuto docente para los profesores del Instituto Superior de Educaci\u00f3n Rural \u2013 ISER de Pamplona\u201d<\/p><\/div>\n\t\t\t\t<\/div>\n\t\t\t\t\t\t\t<div class=\"elementor-toggle-item\">\n\t\t\t\t\t<div id=\"elementor-tab-title-9363\" class=\"elementor-tab-title\" data-tab=\"3\" role=\"button\" aria-controls=\"elementor-tab-content-9363\" aria-expanded=\"false\">\n\t\t\t\t\t\t\t\t\t\t\t\t<span class=\"elementor-toggle-icon elementor-toggle-icon-left\" aria-hidden=\"true\">\n\t\t\t\t\t\t\t\t\t\t\t\t\t\t\t<span class=\"elementor-toggle-icon-closed\"><i class=\"fas fa-angle-double-down\"><\/i><\/span>\n\t\t\t\t\t\t\t\t<span class=\"elementor-toggle-icon-opened\"><i class=\"elementor-toggle-icon-opened fas fa-angle-double-up\"><\/i><\/span>\n\t\t\t\t\t\t\t\t\t\t\t\t\t<\/span>\n\t\t\t\t\t\t\t\t\t\t\t\t<a class=\"elementor-toggle-title\" tabindex=\"0\"><center> ESTATUTO PRESUPUESTAL<\/center><\/a>\n\t\t\t\t\t<\/div>\n\n\t\t\t\t\t<div id=\"elementor-tab-content-9363\" class=\"elementor-tab-content elementor-clearfix\" data-tab=\"3\" role=\"region\" aria-labelledby=\"elementor-tab-title-9363\"><p><a href=\"https:\/\/www.iser.edu.co\/wp-content\/uploads\/2024\/03\/acuerdo_007_30_julio.pdf\" target=\"_blank\" rel=\"noopener\"><b>Acuerdo 007 del 30 de julio de 2020<\/b><\/a>\u00a0\u201cPor medio del cual se deroga el estatuto presupuestal dispuesto en el Acuerdo 013 de 2011 y se crea el nuevo estatuto presupuestal del Instituto Superior de Educaci\u00f3n Rural \u2013 ISER\u201d<\/p><\/div>\n\t\t\t\t<\/div>\n\t\t\t\t\t\t\t\t<\/div>\n\t\t\t\t<\/div>\n\t\t\t\t<\/div>\n\t\t\t\t\t<\/div>\n\t\t<\/div>\n\t\t\t\t\t<\/div>\n\t\t<\/section>\n\t\t\t\t<\/div>\n\t\t","protected":false},"excerpt":{"rendered":"<p>Estatutos ESTATUTO GENERAL Acuerdo 01 del 27 de febrero de 1989 &#8211; \u201cPor el cual se expide el Estatuto General del Instituto Superior de Educaci\u00f3n Rural ISER, de Pamplona, Norte de Santander\u201d Acuerdo 010 del 02 de diciembre de 1993\u00a0 &#8211; \u201cPor el cual se expide el Estatuto General del Instituto Superior de Educaci\u00f3n Rural&#8230;<\/p>\n<div class=\"pvc_clear\"><\/div>\n<p id=\"pvc_stats_2690\" class=\"pvc_stats all  \" data-element-id=\"2690\" style=\"\"><i class=\"pvc-stats-icon medium\" aria-hidden=\"true\"><svg aria-hidden=\"true\" focusable=\"false\" data-prefix=\"far\" data-icon=\"chart-bar\" role=\"img\" xmlns=\"http:\/\/www.w3.org\/2000\/svg\" viewBox=\"0 0 512 512\" class=\"svg-inline--fa fa-chart-bar fa-w-16 fa-2x\"><path fill=\"currentColor\" d=\"M396.8 352h22.4c6.4 0 12.8-6.4 12.8-12.8V108.8c0-6.4-6.4-12.8-12.8-12.8h-22.4c-6.4 0-12.8 6.4-12.8 12.8v230.4c0 6.4 6.4 12.8 12.8 12.8zm-192 0h22.4c6.4 0 12.8-6.4 12.8-12.8V140.8c0-6.4-6.4-12.8-12.8-12.8h-22.4c-6.4 0-12.8 6.4-12.8 12.8v198.4c0 6.4 6.4 12.8 12.8 12.8zm96 0h22.4c6.4 0 12.8-6.4 12.8-12.8V204.8c0-6.4-6.4-12.8-12.8-12.8h-22.4c-6.4 0-12.8 6.4-12.8 12.8v134.4c0 6.4 6.4 12.8 12.8 12.8zM496 400H48V80c0-8.84-7.16-16-16-16H16C7.16 64 0 71.16 0 80v336c0 17.67 14.33 32 32 32h464c8.84 0 16-7.16 16-16v-16c0-8.84-7.16-16-16-16zm-387.2-48h22.4c6.4 0 12.8-6.4 12.8-12.8v-70.4c0-6.4-6.4-12.8-12.8-12.8h-22.4c-6.4 0-12.8 6.4-12.8 12.8v70.4c0 6.4 6.4 12.8 12.8 12.8z\" class=\"\"><\/path><\/svg><\/i> <img decoding=\"async\" width=\"16\" height=\"16\" alt=\"Loading\" src=\"https:\/\/www.iser.edu.co\/wp-content\/plugins\/page-views-count\/ajax-loader-2x.gif\" border=0 \/><\/p>\n<div class=\"pvc_clear\"><\/div>\n","protected":false},"author":1,"featured_media":0,"parent":0,"menu_order":0,"comment_status":"closed","ping_status":"closed","template":"","meta":{"_kadence_starter_templates_imported_post":false,"_kad_post_transparent":"","_kad_post_title":"hide","_kad_post_layout":"fullwidth","_kad_post_sidebar_id":"","_kad_post_content_style":"unboxed","_kad_post_vertical_padding":"hide","_kad_post_feature":"hide","_kad_post_feature_position":"","_kad_post_header":false,"_kad_post_footer":false,"footnotes":""},"_links":{"self":[{"href":"https:\/\/www.iser.edu.co\/index.php\/wp-json\/wp\/v2\/pages\/2690"}],"collection":[{"href":"https:\/\/www.iser.edu.co\/index.php\/wp-json\/wp\/v2\/pages"}],"about":[{"href":"https:\/\/www.iser.edu.co\/index.php\/wp-json\/wp\/v2\/types\/page"}],"author":[{"embeddable":true,"href":"https:\/\/www.iser.edu.co\/index.php\/wp-json\/wp\/v2\/users\/1"}],"replies":[{"embeddable":true,"href":"https:\/\/www.iser.edu.co\/index.php\/wp-json\/wp\/v2\/comments?post=2690"}],"version-history":[{"count":0,"href":"https:\/\/www.iser.edu.co\/index.php\/wp-json\/wp\/v2\/pages\/2690\/revisions"}],"wp:attachment":[{"href":"https:\/\/www.iser.edu.co\/index.php\/wp-json\/wp\/v2\/media?parent=2690"}],"curies":[{"name":"wp","href":"https:\/\/api.w.org\/{rel}","templated":true}]}}