{"id":4911,"date":"2024-03-22T11:40:36","date_gmt":"2024-03-22T16:40:36","guid":{"rendered":"https:\/\/www.iser.edu.co\/?page_id=4911"},"modified":"2024-03-22T11:48:00","modified_gmt":"2024-03-22T16:48:00","slug":"convocatorias-de-investigacion","status":"publish","type":"page","link":"https:\/\/www.iser.edu.co\/index.php\/convocatorias-de-investigacion\/","title":{"rendered":"Convocatorias de investigacion"},"content":{"rendered":"\t\t<div data-elementor-type=\"wp-page\" data-elementor-id=\"4911\" class=\"elementor elementor-4911\" data-elementor-post-type=\"page\">\n\t\t\t\t\t\t<section class=\"elementor-section elementor-top-section elementor-element elementor-element-b80d397 elementor-section-boxed elementor-section-height-default elementor-section-height-default\" data-id=\"b80d397\" data-element_type=\"section\" data-settings=\"{&quot;jet_parallax_layout_list&quot;:[],&quot;_ha_eqh_enable&quot;:false}\">\n\t\t\t\t\t\t<div class=\"elementor-container elementor-column-gap-default\">\n\t\t\t\t\t<div class=\"elementor-column elementor-col-100 elementor-top-column elementor-element elementor-element-64e2147\" data-id=\"64e2147\" data-element_type=\"column\">\n\t\t\t<div class=\"elementor-widget-wrap elementor-element-populated\">\n\t\t\t\t\t\t<div class=\"elementor-element elementor-element-4046576 elementor-widget elementor-widget-heading\" data-id=\"4046576\" data-element_type=\"widget\" data-widget_type=\"heading.default\">\n\t\t\t\t<div class=\"elementor-widget-container\">\n\t\t\t<h2 class=\"elementor-heading-title elementor-size-default\">Convocatorias de Investigaci\u00f3n<\/h2>\t\t<\/div>\n\t\t\t\t<\/div>\n\t\t\t\t\t<\/div>\n\t\t<\/div>\n\t\t\t\t\t<\/div>\n\t\t<\/section>\n\t\t\t\t<section class=\"elementor-section elementor-top-section elementor-element elementor-element-1f0085b elementor-section-boxed elementor-section-height-default elementor-section-height-default\" data-id=\"1f0085b\" data-element_type=\"section\" data-settings=\"{&quot;jet_parallax_layout_list&quot;:[],&quot;_ha_eqh_enable&quot;:false}\">\n\t\t\t\t\t\t<div class=\"elementor-container elementor-column-gap-default\">\n\t\t\t\t\t<div class=\"elementor-column elementor-col-100 elementor-top-column elementor-element elementor-element-89d1e53\" data-id=\"89d1e53\" data-element_type=\"column\">\n\t\t\t<div class=\"elementor-widget-wrap elementor-element-populated\">\n\t\t\t\t\t\t<div class=\"elementor-element elementor-element-1d83941 elementor-widget elementor-widget-text-editor\" data-id=\"1d83941\" data-element_type=\"widget\" data-widget_type=\"text-editor.default\">\n\t\t\t\t<div class=\"elementor-widget-container\">\n\t\t\t\t\t\t\t<p><span style=\"color: #007339;\"><strong>Convocatorias 2023<\/strong><\/span><\/p><p>\u00a0<\/p><ul><li><strong>Convocatoria 001 de 2023<\/strong>\u00a0&#8211;\u00a0Banco de proyectos de investigaci\u00f3n ISER 2023 &#8211;\u00a0<a href=\"https:\/\/www.iser.edu.co\/wp-content\/uploads\/2024\/03\/convocaoria_investiga_1.pdf\">Ver t\u00e9rminos de la convocatoria<\/a><a href=\"http:\/\/179.1.133.5\/iser\/hermesoft\/portalIG\/home_1\/recursos\/documentos_generales\/2021\/02032021\/inv_convocatorias_01.pdf\" rel=\"nofollow\" target=\"_blank\"><br \/><\/a><\/li><li><strong>Convocatoria 002 de 2023\u00a0<\/strong>&#8211; Conformaci\u00f3n de banco de hojas de vida para evaluadores externos de investigaci\u00f3n ISER 2023 &#8211;\u00a0<a href=\"https:\/\/www.iser.edu.co\/wp-content\/uploads\/2024\/03\/convocaoria_investiga_2.pdf\">Ver t\u00e9rminos de la convocatoria<\/a><\/li><li><strong>Convocatoria 003 de 2023<\/strong>\u00a0&#8211; Para la edici\u00f3n del Vol. 13 de mayo 2023 de la Revista de Investigaci\u00f3n: Distancia al D\u00eda &#8211;\u00a0<a href=\"https:\/\/www.iser.edu.co\/wp-content\/uploads\/2024\/03\/convocaoria_investiga_3.pdf\">Ver t\u00e9rminos de la convocatoria<\/a><\/li><li><strong>Convocatoria 004 de 2023-<\/strong><a href=\"https:\/\/www.iser.edu.co\/wp-content\/uploads\/2024\/03\/convocatoeriainvestigaciondocu.doc\">Ver t\u00e9rminos de la convocatoria<\/a><\/li><\/ul><p><span style=\"color: #007339;\"><strong>Convocatorias 2022<\/strong><\/span><\/p><p>\u00a0<\/p><ul><li><strong>Convocatoria 001 de 2022<\/strong>\u00a0&#8211;\u00a0Banco de proyectos de investigaci\u00f3n ISER 2022 &#8211;\u00a0<a href=\"https:\/\/www.iser.edu.co\/wp-content\/uploads\/2024\/03\/inv_convocatoria_001_2022.pdf\">Ver t\u00e9rminos de la convocatoria<\/a>\u00a0&#8211;\u00a0<a href=\"https:\/\/www.iser.edu.co\/wp-content\/uploads\/2024\/03\/inv_resultados_banco_proy_2022.pdf\">Ver Reultados Convocatoria 001<\/a><a href=\"http:\/\/179.1.133.5\/iser\/hermesoft\/portalIG\/home_1\/recursos\/documentos_generales\/2021\/02032021\/inv_convocatorias_01.pdf\" rel=\"nofollow\" target=\"_blank\"><br \/><\/a><\/li><li><strong>Convocatoria 002 de 2022\u00a0<\/strong>&#8211; Conformaci\u00f3n de banco de hojas de vida para evaluadores externos de investigaci\u00f3n ISER 2022 &#8211;\u00a0<a href=\"https:\/\/www.iser.edu.co\/wp-content\/uploads\/2024\/03\/inv_convocatoria_002_2022.pdf\">Ver t\u00e9rminos de la convocatoria<\/a>\u00a0&#8211;\u00a0<a href=\"https:\/\/www.iser.edu.co\/wp-content\/uploads\/2024\/03\/inv_resultados_conv_002_2022.pdf\">Ver Resultados Convocatoria 002<\/a><\/li><li><strong>Convocatoria 003 de 2022<\/strong>\u00a0&#8211; Para la edici\u00f3n del Vol. 12 de mayo 2022 de la Revista de Investigaci\u00f3n: Distancia al D\u00eda &#8211;\u00a0<a href=\"https:\/\/www.iser.edu.co\/wp-content\/uploads\/2024\/03\/inv_convocatoria_003_2022.pdf\">Ver t\u00e9rminos de la convocatoria<\/a><\/li><\/ul><p><span style=\"color: #007339;\"><strong>Convocatorias 2021<\/strong><\/span><\/p><p>\u00a0<\/p><ul><li><strong>Convocatoria 001 de 2021<\/strong>\u00a0&#8211;\u00a0Banco de proyectos de investigaci\u00f3n ISER 2021 &#8211;\u00a0<a href=\"https:\/\/www.iser.edu.co\/wp-content\/uploads\/2024\/03\/inv_convocatorias_01.pdf\">Ver t\u00e9rminos de la convocatoria<\/a>\u00a0&#8211;\u00a0<a href=\"https:\/\/www.iser.edu.co\/wp-content\/uploads\/2024\/03\/resultados_conv_inv_001.pdf\">Ver Reultados Convocatoria 001<\/a><a href=\"http:\/\/179.1.133.5\/iser\/hermesoft\/portalIG\/home_1\/recursos\/documentos_generales\/2021\/02032021\/inv_convocatorias_01.pdf\" rel=\"nofollow\" target=\"_blank\"><br \/><\/a><\/li><li><strong>Convocatoria 002 de 2021\u00a0<\/strong>&#8211; Conformaci\u00f3n de banco de hojas de vida para evaluadores externos de investigaci\u00f3n ISER 2020 &#8211;\u00a0<a href=\"https:\/\/www.iser.edu.co\/wp-content\/uploads\/2024\/03\/inv_convocatorias_02.pdf\">Ver t\u00e9rminos de la convocatoria<\/a>\u00a0&#8211;\u00a0<a href=\"https:\/\/www.iser.edu.co\/wp-content\/uploads\/2024\/03\/inv_resultados_convocatoria_00.pdf\">Ver Resultados Convocatoria 002<\/a><\/li><li><strong>Convocatoria 003 de 2020<\/strong>\u00a0&#8211; Para la edici\u00f3n del Vol. 12 de noviembre 2020 de la Revista de Investigaci\u00f3n: Distancia al D\u00eda &#8211;\u00a0<a href=\"https:\/\/www.iser.edu.co\/wp-content\/uploads\/2024\/03\/inv_convocatorias_03.pdf\">Ver t\u00e9rminos de la convocatoria<\/a><\/li><\/ul><p><span style=\"color: #007339;\"><strong>Convocatorias 2020<\/strong><\/span><\/p><p>\u00a0<\/p><ul><li><strong>Convocatoria 001 de 2020<\/strong>\u00a0&#8211; Banco de proyectos de investigaci\u00f3n ISER 2020 &#8211;\u00a0<a href=\"https:\/\/www.iser.edu.co\/wp-content\/uploads\/2024\/03\/inv_convocatoria_001_2020.pdf\">Ver t\u00e9rminos de la convocatoria<\/a>\u00a0 &#8211;\u00a0<strong><a href=\"https:\/\/www.iser.edu.co\/wp-content\/uploads\/2024\/03\/inv_resultados_conv_001_004.pdf\">Ver Resultados Convocatoria<\/a><\/strong><\/li><li><strong>Convocatoria 002 de 2020\u00a0<\/strong>&#8211; Conformaci\u00f3n de banco de hojas de vida para evaluadores externos de investigaci\u00f3n ISER 2020 &#8211;\u00a0<a href=\"https:\/\/www.iser.edu.co\/wp-content\/uploads\/2024\/03\/inv_convocatoria_002_2020.pdf\">Ver t\u00e9rminos de la convocatoria<\/a><\/li><li><strong>Convocatoria 003 de 2020<\/strong>\u00a0&#8211; Para la edici\u00f3n del Vol. 11 de mayo 2020 de la Revista de Investigaci\u00f3n: Distancia al D\u00eda &#8211;\u00a0<a href=\"https:\/\/www.iser.edu.co\/wp-content\/uploads\/2024\/03\/inv_convocatoria_003_2020.pdf\">Ver t\u00e9rminos de la convocatoria<\/a><\/li><li>Modificaci\u00f3n Calendario\u00a0<strong>Convocatoria 001 de 2020<\/strong>\u00a0&#8211; Banco de Proyectos de Investigaci\u00f3n ISER 2020 &#8211;\u00a0<a href=\"https:\/\/www.iser.edu.co\/wp-content\/uploads\/2024\/03\/inv_modificacion_calend_conv.pdf\">Ver modificaciones calendario<\/a><\/li><li><strong>Convocatoria 004 de 2020<\/strong>\u00a0&#8211; Banco de Proyectos de Investigaci\u00f3n ISER 2020 &#8211;\u00a0<a href=\"https:\/\/www.iser.edu.co\/wp-content\/uploads\/2024\/03\/inv_convocatoria_004_2020.pdf\">Ver t\u00e9rminos de la convocatoria<\/a>\u00a0 &#8211;\u00a0\u00a0<strong><a href=\"http:\/\/179.1.133.5\/iser\/hermesoft\/portalIG\/home_1\/recursos\/documentos_generales\/2020\/15072020\/inv_resultados_conv_001_004.pdf\" rel=\"nofollow\" target=\"_blank\">Ver <\/a><a href=\"https:\/\/www.iser.edu.co\/wp-content\/uploads\/2024\/03\/inv_resultados_conv_001_004.pdf\">Resultados Convocatoria<\/a><\/strong><\/li><\/ul><p><span style=\"color: #007339;\"><strong>Convocatorias 2019<\/strong><\/span><\/p><p>\u00a0<\/p><ul><li><strong>Convocatoria No 001 de 2019\u00a0<\/strong>Banco de Proyectos de Investigaci\u00f3n ISER 2019.\u00a0<strong><a href=\"https:\/\/www.iser.edu.co\/wp-content\/uploads\/2024\/03\/Convocatoria-Inv.-001-de-2019.pdf\">Ver t\u00e9rminos de la convocatoria<\/a><\/strong><\/li><li><strong><a href=\"https:\/\/www.iser.edu.co\/wp-content\/uploads\/2024\/03\/inv_resultados_conv_001.pdf\">Resultados Convocatoria No 001 de 2019\u00a0<\/a><\/strong>Banco de Proyectos de Investigaci\u00f3n ISER 2019<\/li><li><strong>Convocatoria No 002 de 2019<\/strong>\u00a0Conformaci\u00f3n de Banco de Hojas de Vida para Evaluadores Externos de Investigaci\u00f3n ISER &#8211;\u00a0<strong><a href=\"https:\/\/www.iser.edu.co\/wp-content\/uploads\/2024\/03\/Convocatoria-Inv.-002-de-2019.pdf\">Ver t\u00e9rminos de la convocatoria<\/a><\/strong><\/li><li><strong><a href=\"http:\/\/www.iser.edu.co\/iser\/hermesoft\/portalIG\/home_1\/recursos\/documentos_generales\/2019\/09042019\/inv_resultados_conv_002.pdf\">Resultados Convocatoria No 002 de 2019<\/a>\u00a0<\/strong>Conformaci\u00f3n de Banco de Hojas de Vida para Evaluadores Externos de Investigaci\u00f3n ISER<\/li><li><strong>Convocatoria No 003 de 2019<\/strong>\u00a0Para la Edici\u00f3n del Volumen No 9 de Mayo de la Revista de Investigaci\u00f3n: Distancia al D\u00eda &#8211;\u00a0<strong><a href=\"https:\/\/www.iser.edu.co\/wp-content\/uploads\/2024\/03\/Convocatoria-Inv.-003-de-2019.pdf\">Ver t\u00e9rminos de la convocatoria<\/a><\/strong><\/li><li><strong>Convocatoria No 004 de 2019\u00a0<\/strong>Movilidad Internacional con \u00e9nfasis en pasant\u00edas en Investigaci\u00f3n &#8211; Nexo Global &#8211; Colciencias &#8211; ISER 2019 &#8211;\u00a0<a href=\"http:\/\/www.iser.edu.co\/iser\/hermesoft\/portalIG\/home_1\/recursos\/documentos_generales\/2019\/09042019\/inv_convocatoria_004_nexo_glob.pdf\"><strong>Ver t\u00e9rminos de la convocatoria<\/strong><\/a><\/li><\/ul><p><span style=\"color: #007339;\"><strong>Convocatorias 2018<\/strong><\/span><\/p><p>\u00a0<\/p><ul><li><strong>Convocatoria N\u00b0 001 de 2018<\/strong>\u00a0Banco de Proyectos de Investigaci\u00f3n ISER 2018 &#8211;\u00a0<a href=\"http:\/\/www.iser.edu.co\/iser\/hermesoft\/portalIG\/home_1\/recursos\/documentos_generales\/2018\/09022018\/inv_convocatoria_001_2018.pdf\"><strong>Ver t\u00e9rminos de la convocatoria<\/strong><\/a><\/li><li><strong>Convocatoria N\u00b0 002 de 2018<\/strong>\u00a0Para la Conformaci\u00f3n del Banco de Hojas de Vida para Evaluadores Externos de Investigaci\u00f3n ISER 2018 &#8211;<a href=\"http:\/\/www.iser.edu.co\/iser\/hermesoft\/portalIG\/home_1\/recursos\/documentos_generales\/2018\/09022018\/inv_convocatoria_002_2018.pdf\">\u00a0<strong>Ver t\u00e9rminos de la convocatoria<\/strong><\/a><\/li><li><strong>Convocatoria N\u00b0 003 de 2018\u00a0<\/strong>Convocatoria para la Edici\u00f3n del Vol. 8 de Noviembre de 2018 de la Revista de Investigaci\u00f3n: Distancia al D\u00eda &#8211;\u00a0<strong>Ver t\u00e9rminos de la convocatoria<\/strong><\/li><\/ul><p><span style=\"color: #007339;\"><strong>Convocatorias 2017<\/strong><\/span><\/p><p>\u00a0<\/p><ul><li><strong>Convocatoria N\u00b0 005 de 2017<\/strong>\u00a0para la edici\u00f3n del Vol. N\u00b0 5 de Mayo 2017 de la Revista de Investigaci\u00f3n: Distancia al D\u00eda &#8211;\u00a0<a href=\"http:\/\/www.iser.edu.co\/iser\/hermesoft\/portalIG\/home_1\/recursos\/documentos_generales\/2017\/05062017\/inv_conv_005_terminos_convocat.pdf\"><strong>Ver t\u00e9rminos de la convocatoria<\/strong><\/a><\/li><li><strong>Convocatoria N\u00b0 005 de 2017\u00a0<\/strong>&#8211;\u00a0<a href=\"http:\/\/www.iser.edu.co\/iser\/hermesoft\/portalIG\/home_1\/recursos\/documentos_generales\/2017\/05062017\/inv_conv_005_guia_articulos.pdf\"><strong>Ver gu\u00eda para la elaboraci\u00f3n de art\u00edculos<\/strong><\/a><\/li><li><strong>Convocatoria N\u00b0 007 de 2017\u00a0<\/strong>para la edci\u00f3n del Vol. 6 de noviembre de 2017 de la Revista de Investigaci\u00f3n: Distancia al D\u00eda &#8211;\u00a0<a href=\"http:\/\/www.iser.edu.co\/iser\/hermesoft\/portalIG\/home_1\/recursos\/documentos_generales\/2017\/15112017\/inv_convocatoria_007_2017.pdf\"><strong>Ver t\u00e9rminos de la convocatoria<\/strong><\/a><\/li><li><strong>Convocatoria N\u00b0 007 de 2017 &#8211;\u00a0<a href=\"http:\/\/www.iser.edu.co\/iser\/hermesoft\/portalIG\/home_1\/recursos\/documentos_generales\/2017\/15112017\/inv_conv_007_guia_articulos.pdf\">Ver gu\u00eda para la elaboraci\u00f3n de art\u00edculos<\/a><\/strong><\/li><\/ul>\t\t\t\t\t\t<\/div>\n\t\t\t\t<\/div>\n\t\t\t\t\t<\/div>\n\t\t<\/div>\n\t\t\t\t\t<\/div>\n\t\t<\/section>\n\t\t\t\t<\/div>\n\t\t","protected":false},"excerpt":{"rendered":"<p>Convocatorias de Investigaci\u00f3n Convocatorias 2023 \u00a0 Convocatoria 001 de 2023\u00a0&#8211;\u00a0Banco de proyectos de investigaci\u00f3n ISER 2023 &#8211;\u00a0Ver t\u00e9rminos de la convocatoria Convocatoria 002 de 2023\u00a0&#8211; Conformaci\u00f3n de banco de hojas de vida para evaluadores externos de investigaci\u00f3n ISER 2023 &#8211;\u00a0Ver t\u00e9rminos de la convocatoria Convocatoria 003 de 2023\u00a0&#8211; Para la edici\u00f3n del Vol. 13 de&#8230;<\/p>\n<div class=\"pvc_clear\"><\/div>\n<p id=\"pvc_stats_4911\" class=\"pvc_stats all  \" data-element-id=\"4911\" style=\"\"><i class=\"pvc-stats-icon medium\" aria-hidden=\"true\"><svg aria-hidden=\"true\" focusable=\"false\" data-prefix=\"far\" data-icon=\"chart-bar\" role=\"img\" xmlns=\"http:\/\/www.w3.org\/2000\/svg\" viewBox=\"0 0 512 512\" class=\"svg-inline--fa fa-chart-bar fa-w-16 fa-2x\"><path fill=\"currentColor\" d=\"M396.8 352h22.4c6.4 0 12.8-6.4 12.8-12.8V108.8c0-6.4-6.4-12.8-12.8-12.8h-22.4c-6.4 0-12.8 6.4-12.8 12.8v230.4c0 6.4 6.4 12.8 12.8 12.8zm-192 0h22.4c6.4 0 12.8-6.4 12.8-12.8V140.8c0-6.4-6.4-12.8-12.8-12.8h-22.4c-6.4 0-12.8 6.4-12.8 12.8v198.4c0 6.4 6.4 12.8 12.8 12.8zm96 0h22.4c6.4 0 12.8-6.4 12.8-12.8V204.8c0-6.4-6.4-12.8-12.8-12.8h-22.4c-6.4 0-12.8 6.4-12.8 12.8v134.4c0 6.4 6.4 12.8 12.8 12.8zM496 400H48V80c0-8.84-7.16-16-16-16H16C7.16 64 0 71.16 0 80v336c0 17.67 14.33 32 32 32h464c8.84 0 16-7.16 16-16v-16c0-8.84-7.16-16-16-16zm-387.2-48h22.4c6.4 0 12.8-6.4 12.8-12.8v-70.4c0-6.4-6.4-12.8-12.8-12.8h-22.4c-6.4 0-12.8 6.4-12.8 12.8v70.4c0 6.4 6.4 12.8 12.8 12.8z\" class=\"\"><\/path><\/svg><\/i> <img decoding=\"async\" width=\"16\" height=\"16\" alt=\"Loading\" src=\"https:\/\/www.iser.edu.co\/wp-content\/plugins\/page-views-count\/ajax-loader-2x.gif\" border=0 \/><\/p>\n<div class=\"pvc_clear\"><\/div>\n","protected":false},"author":1,"featured_media":0,"parent":0,"menu_order":0,"comment_status":"closed","ping_status":"closed","template":"","meta":{"_kadence_starter_templates_imported_post":false,"_kad_post_transparent":"","_kad_post_title":"hide","_kad_post_layout":"fullwidth","_kad_post_sidebar_id":"","_kad_post_content_style":"unboxed","_kad_post_vertical_padding":"hide","_kad_post_feature":"hide","_kad_post_feature_position":"","_kad_post_header":false,"_kad_post_footer":false,"footnotes":""},"_links":{"self":[{"href":"https:\/\/www.iser.edu.co\/index.php\/wp-json\/wp\/v2\/pages\/4911"}],"collection":[{"href":"https:\/\/www.iser.edu.co\/index.php\/wp-json\/wp\/v2\/pages"}],"about":[{"href":"https:\/\/www.iser.edu.co\/index.php\/wp-json\/wp\/v2\/types\/page"}],"author":[{"embeddable":true,"href":"https:\/\/www.iser.edu.co\/index.php\/wp-json\/wp\/v2\/users\/1"}],"replies":[{"embeddable":true,"href":"https:\/\/www.iser.edu.co\/index.php\/wp-json\/wp\/v2\/comments?post=4911"}],"version-history":[{"count":0,"href":"https:\/\/www.iser.edu.co\/index.php\/wp-json\/wp\/v2\/pages\/4911\/revisions"}],"wp:attachment":[{"href":"https:\/\/www.iser.edu.co\/index.php\/wp-json\/wp\/v2\/media?parent=4911"}],"curies":[{"name":"wp","href":"https:\/\/api.w.org\/{rel}","templated":true}]}}