{"id":4973,"date":"2024-03-22T12:03:43","date_gmt":"2024-03-22T17:03:43","guid":{"rendered":"https:\/\/www.iser.edu.co\/?page_id=4973"},"modified":"2024-03-22T12:05:01","modified_gmt":"2024-03-22T17:05:01","slug":"lineas-de-investigacion","status":"publish","type":"page","link":"https:\/\/www.iser.edu.co\/index.php\/lineas-de-investigacion\/","title":{"rendered":"L\u00edneas de Investigaci\u00f3n"},"content":{"rendered":"\t\t<div data-elementor-type=\"wp-page\" data-elementor-id=\"4973\" class=\"elementor elementor-4973\" data-elementor-post-type=\"page\">\n\t\t\t\t\t\t<section class=\"elementor-section elementor-top-section elementor-element elementor-element-5f4dbf7 elementor-section-boxed elementor-section-height-default elementor-section-height-default\" data-id=\"5f4dbf7\" data-element_type=\"section\" data-settings=\"{&quot;jet_parallax_layout_list&quot;:[],&quot;_ha_eqh_enable&quot;:false}\">\n\t\t\t\t\t\t<div class=\"elementor-container elementor-column-gap-default\">\n\t\t\t\t\t<div class=\"elementor-column elementor-col-100 elementor-top-column elementor-element elementor-element-bce154f\" data-id=\"bce154f\" data-element_type=\"column\">\n\t\t\t<div class=\"elementor-widget-wrap elementor-element-populated\">\n\t\t\t\t\t\t<div class=\"elementor-element elementor-element-b3d22dd elementor-widget elementor-widget-heading\" data-id=\"b3d22dd\" data-element_type=\"widget\" data-widget_type=\"heading.default\">\n\t\t\t\t<div class=\"elementor-widget-container\">\n\t\t\t<h2 class=\"elementor-heading-title elementor-size-default\">L\u00edneas de Investigaci\u00f3n<\/h2>\t\t<\/div>\n\t\t\t\t<\/div>\n\t\t\t\t\t<\/div>\n\t\t<\/div>\n\t\t\t\t\t<\/div>\n\t\t<\/section>\n\t\t\t\t<section class=\"elementor-section elementor-top-section elementor-element elementor-element-f37e33c elementor-section-boxed elementor-section-height-default elementor-section-height-default\" data-id=\"f37e33c\" data-element_type=\"section\" data-settings=\"{&quot;jet_parallax_layout_list&quot;:[],&quot;_ha_eqh_enable&quot;:false}\">\n\t\t\t\t\t\t<div class=\"elementor-container elementor-column-gap-default\">\n\t\t\t\t\t<div class=\"elementor-column elementor-col-100 elementor-top-column elementor-element elementor-element-f85bed1\" data-id=\"f85bed1\" data-element_type=\"column\">\n\t\t\t<div class=\"elementor-widget-wrap elementor-element-populated\">\n\t\t\t\t\t\t<div class=\"elementor-element elementor-element-9005cfb elementor-widget elementor-widget-text-editor\" data-id=\"9005cfb\" data-element_type=\"widget\" data-widget_type=\"text-editor.default\">\n\t\t\t\t<div class=\"elementor-widget-container\">\n\t\t\t\t\t\t\t<p style=\"margin: 0px 0px 20px; color: rgb(51, 51, 51); font-family: Arial, Helvetica, sans-serif; font-size: 12px; text-align: justify;\"><span style=\"color: rgb(40, 115, 40);\"><span style=\"font-size: small;\"><strong>Econom\u00eda y Desarrollo Regional<\/strong><\/span><\/span><\/p><p style=\"margin: 0px 0px 20px; color: rgb(51, 51, 51); font-family: Arial, Helvetica, sans-serif; font-size: 12px; text-align: justify;\"><span style=\"font-family: arial, helvetica, sans-serif;\"><span style=\"font-size: small;\"><\/span><\/span><\/p><p style=\"margin: 0px 0px 20px; color: rgb(51, 51, 51); font-family: Arial, Helvetica, sans-serif; font-size: 12px; text-align: justify;\"><span style=\"font-family: arial, helvetica, sans-serif;\"><span style=\"font-size: small;\">Dentro de este componente de investigaci\u00f3n se desea Analizar las manifestaciones regional-territoriales de los procesos econ\u00f3micos, sociales y ambientales, complejizados a ra\u00edz de la creciente integraci\u00f3n internacional y globalizaci\u00f3n, as\u00ed como de los efectos derivados de las pol\u00edticas y programas de desarrollo regional instrumentados. Tomando como eje de an\u00e1lisis el \u201cterritorio\u201d (regi\u00f3n, municipio, comunidad, etc.), dentro de la paradoja \u201cglobal-local\u201d, realizando diagn\u00f3sticos y apoyando el dise\u00f1o de estrategias en la planeaci\u00f3n y el desarrollo regional y local sustentable.<\/span><\/span><\/p><p style=\"margin: 0px 0px 20px; color: rgb(51, 51, 51); font-family: Arial, Helvetica, sans-serif; font-size: 12px; text-align: justify;\"><span style=\"font-family: arial, helvetica, sans-serif;\"><span style=\"font-size: small;\"><\/span><\/span><\/p><p style=\"margin: 0px 0px 20px; color: rgb(51, 51, 51); font-family: Arial, Helvetica, sans-serif; font-size: 12px; text-align: justify;\"><span style=\"font-family: arial, helvetica, sans-serif;\"><span style=\"font-size: small;\">En particular, los temas de desarrollo regional transfronterizo, competitividad internacional de nuestra regi\u00f3n, servicios y desarrollo regional, globalizaci\u00f3n y territorio y desarrollo regional sustentable son centrales en esta l\u00ednea de investigaci\u00f3n.<\/span><\/span><\/p><p style=\"margin: 0px 0px 20px; color: rgb(51, 51, 51); font-family: Arial, Helvetica, sans-serif; font-size: 12px; text-align: justify;\"><span style=\"font-family: arial, helvetica, sans-serif;\"><span style=\"font-size: small;\"><\/span><\/span><\/p><p style=\"margin: 0px 0px 20px; color: rgb(51, 51, 51); font-family: Arial, Helvetica, sans-serif; font-size: 12px; text-align: justify;\"><span style=\"font-family: arial, helvetica, sans-serif;\"><span style=\"font-size: small;\">Con las tendencias de la econom\u00eda internacional y la producci\u00f3n reciente de teor\u00edas del desarrollo y los modelos productivos; analizar, evaluar y generar propuestas para los problemas del desarrollo regional y local. Usando herramientas t\u00e9cnicas y metodol\u00f3gicas del an\u00e1lisis regional que les permitan:<\/span><\/span><\/p><p style=\"margin: 0px 0px 20px; color: rgb(51, 51, 51); font-family: Arial, Helvetica, sans-serif; font-size: 12px; text-align: justify;\"><span style=\"font-family: arial, helvetica, sans-serif;\"><span style=\"font-size: small;\"><\/span><\/span><\/p><ol style=\"color: rgb(51, 51, 51); font-family: Arial, Helvetica, sans-serif; font-size: 12px; text-align: justify;\"><li><span style=\"font-family: arial, helvetica, sans-serif;\"><span style=\"font-size: small;\">Identificar fuentes, generar y analizar la informaci\u00f3n existente sobre la realidad econ\u00f3mica.<\/span><\/span><\/li><li><span style=\"font-family: arial, helvetica, sans-serif;\"><span style=\"font-size: small;\">Analizar la nueva geograf\u00eda econ\u00f3mica.<\/span><\/span><\/li><li><span style=\"font-family: arial, helvetica, sans-serif;\"><span style=\"font-size: small;\">Delimitar los espacios regionales en el contexto de la globalizaci\u00f3n e internacionalizaci\u00f3n de la producci\u00f3n.<\/span><\/span><\/li><li><span style=\"font-family: arial, helvetica, sans-serif;\"><span style=\"font-size: small;\">Dise\u00f1ar y evaluar programas y planes de desarrollo.<\/span><\/span><\/li><li><span style=\"font-family: arial, helvetica, sans-serif;\"><span style=\"font-size: small;\">Integrar equipos interdisciplinarios para proponer, aplicar y evaluar estrategias de desarrollo sustentable.<\/span><\/span><\/li><li><span style=\"font-family: arial, helvetica, sans-serif;\"><span style=\"font-size: small;\">Desarrollar propuestas y an\u00e1lisis de indicadores sobre desarrollo social.<\/span><\/span><\/li><\/ol><p style=\"margin: 0px 0px 20px; color: rgb(51, 51, 51); font-family: Arial, Helvetica, sans-serif; font-size: 12px; text-align: justify;\"><span style=\"font-family: arial, helvetica, sans-serif;\"><span style=\"font-size: small;\"><\/span><\/span><\/p><p style=\"margin: 0px 0px 20px; color: rgb(51, 51, 51); font-family: Arial, Helvetica, sans-serif; font-size: 12px; text-align: justify;\"><span style=\"font-family: arial, helvetica, sans-serif;\"><span style=\"color: rgb(40, 115, 40);\"><span style=\"font-size: small;\"><strong>Innovaci\u00f3n y Transferencia de Tecnolog\u00eda<\/strong><\/span><\/span><\/span><\/p><p style=\"margin: 0px 0px 20px; color: rgb(51, 51, 51); font-family: Arial, Helvetica, sans-serif; font-size: 12px; text-align: justify;\"><span style=\"font-family: arial, helvetica, sans-serif;\"><span style=\"font-size: small;\"><\/span><\/span><\/p><p style=\"margin: 0px 0px 20px; color: rgb(51, 51, 51); font-family: Arial, Helvetica, sans-serif; font-size: 12px; text-align: justify;\"><span style=\"font-family: arial, helvetica, sans-serif;\"><span style=\"font-size: small;\">Este componente de investigaci\u00f3n se relaciona con el desarrollo de nuevos procesos y productos, con la adquisici\u00f3n y adaptaci\u00f3n de nuevas tecnolog\u00edas y cambios gerenciales y organizacionales. Esta innovaci\u00f3n puede ser de dominio tecnol\u00f3gico y de dominio no material (en los campos comercial, organizacional e institucional).<\/span><\/span><\/p><p style=\"margin: 0px 0px 20px; color: rgb(51, 51, 51); font-family: Arial, Helvetica, sans-serif; font-size: 12px; text-align: justify;\"><span style=\"font-family: arial, helvetica, sans-serif;\"><span style=\"font-size: small;\"><\/span><\/span><\/p><p style=\"margin: 0px 0px 20px; color: rgb(51, 51, 51); font-family: Arial, Helvetica, sans-serif; font-size: 12px; text-align: justify;\"><span style=\"font-family: arial, helvetica, sans-serif;\"><span style=\"font-size: small;\">Dentro de los aspectos que abarca, est\u00e1 el reconocimiento de la oportunidad, la generaci\u00f3n de la idea y la formulaci\u00f3n de la misma, incluyendo las tecnolog\u00edas de proceso, equipo y operaci\u00f3n. As\u00ed mismo el proceso de apropiaci\u00f3n e incorporaci\u00f3n del conocimiento y de las nuevas pr\u00e1cticas generadas en los proyectos de investigaci\u00f3n.<\/span><\/span><\/p><p style=\"margin: 0px 0px 20px; color: rgb(51, 51, 51); font-family: Arial, Helvetica, sans-serif; font-size: 12px; text-align: justify;\"><span style=\"font-family: arial, helvetica, sans-serif;\"><span style=\"font-size: small;\"><\/span><\/span><\/p><p style=\"margin: 0px 0px 20px; color: rgb(51, 51, 51); font-family: Arial, Helvetica, sans-serif; font-size: 12px; text-align: justify;\"><span style=\"font-family: arial, helvetica, sans-serif;\"><span style=\"font-size: small;\">Dentro de los objetivos que persigue esta l\u00ednea de investigaci\u00f3n, est\u00e1n:<\/span><\/span><\/p><p style=\"margin: 0px 0px 20px; color: rgb(51, 51, 51); font-family: Arial, Helvetica, sans-serif; font-size: 12px; text-align: justify;\"><span style=\"font-family: arial, helvetica, sans-serif;\"><span style=\"font-size: small;\"><\/span><\/span><\/p><ol style=\"color: rgb(51, 51, 51); font-family: Arial, Helvetica, sans-serif; font-size: 12px; text-align: justify;\"><li><span style=\"font-family: arial, helvetica, sans-serif;\"><span style=\"font-size: small;\">Investigaci\u00f3n y Desarrollo de nuevos productos y procesos<\/span><\/span><\/li><li><span style=\"font-family: arial, helvetica, sans-serif;\"><span style=\"font-size: small;\">Nuevas tecnolog\u00edas.<\/span><\/span><\/li><li><span style=\"font-family: arial, helvetica, sans-serif;\"><span style=\"font-size: small;\">Energ\u00edas alternativas.<\/span><\/span><\/li><li><span style=\"font-family: arial, helvetica, sans-serif;\"><span style=\"font-size: small;\">Tecnolog\u00edas de electr\u00f3nica, telecomunicaciones e inform\u00e1tica.<\/span><\/span><\/li><li><span style=\"font-family: arial, helvetica, sans-serif;\"><span style=\"font-size: small;\">Tecnolog\u00edas limpias y eficientes.<\/span><\/span><\/li><li><span style=\"font-family: arial, helvetica, sans-serif;\"><span style=\"font-size: small;\">Nuevos servicios tecnol\u00f3gicos que mejoren la productividad o competitividad.<\/span><\/span><\/li><li><span style=\"font-family: arial, helvetica, sans-serif;\"><span style=\"font-size: small;\">Generaci\u00f3n de empresas<\/span><\/span><\/li><li><span style=\"font-family: arial, helvetica, sans-serif;\"><span style=\"font-size: small;\">Transferencia de tecnolog\u00eda y apropiaci\u00f3n social del conocimiento.<\/span><\/span><\/li><\/ol><p style=\"margin: 0px 0px 20px; color: rgb(51, 51, 51); font-family: Arial, Helvetica, sans-serif; font-size: 12px; text-align: justify;\"><span style=\"font-family: arial, helvetica, sans-serif;\"><span style=\"font-size: small;\"><\/span><\/span><\/p><p style=\"margin: 0px 0px 20px; color: rgb(51, 51, 51); font-family: Arial, Helvetica, sans-serif; font-size: 12px; text-align: justify;\"><span style=\"font-family: arial, helvetica, sans-serif;\"><span style=\"color: rgb(40, 115, 40);\"><span style=\"font-size: small;\"><strong>Pedagog\u00eda y Did\u00e1ctica<\/strong><\/span><\/span><\/span><\/p><p style=\"margin: 0px 0px 20px; color: rgb(51, 51, 51); font-family: Arial, Helvetica, sans-serif; font-size: 12px; text-align: justify;\"><span style=\"font-family: arial, helvetica, sans-serif;\"><span style=\"font-size: small;\"><\/span><\/span><\/p><p style=\"margin: 0px 0px 20px; color: rgb(51, 51, 51); font-family: Arial, Helvetica, sans-serif; font-size: 12px; text-align: justify;\"><span style=\"font-family: arial, helvetica, sans-serif;\"><span style=\"font-size: small;\">La did\u00e1ctica implica el dominio del saber que se va a ense\u00f1ar para decidir qu\u00e9 es lo que se aprende de ese saber. Esta funci\u00f3n de convertir en ense\u00f1able de una ciencia, una disciplina o una profesi\u00f3n comprende: la reflexi\u00f3n sobre los problemas de la sociedad que atiende el saber espec\u00edfico, los problemas de formaci\u00f3n, los prop\u00f3sitos de formaci\u00f3n, el objeto de formaci\u00f3n, los objetivos, contenidos, m\u00e9todos, las actividades y los recursos que el profesor decide utilizar para avanzar en el proceso de ense\u00f1anza \u2013 aprendizaje.<\/span><\/span><\/p><p style=\"margin: 0px 0px 20px; color: rgb(51, 51, 51); font-family: Arial, Helvetica, sans-serif; font-size: 12px; text-align: justify;\"><span style=\"font-family: arial, helvetica, sans-serif;\"><span style=\"font-size: small;\"><\/span><\/span><\/p><p style=\"margin: 0px 0px 20px; color: rgb(51, 51, 51); font-family: Arial, Helvetica, sans-serif; font-size: 12px; text-align: justify;\"><span style=\"font-family: arial, helvetica, sans-serif;\"><span style=\"font-size: small;\">La pedagog\u00eda hace alusi\u00f3n al proceso de formaci\u00f3n, permite su orientaci\u00f3n con criterio cient\u00edfico. La pedagog\u00eda estudia todo tipo de proceso formativo en sus distintas manifestaciones. La educaci\u00f3n es entendida como una actividad social. Es un hecho cultural, de larga data, una acci\u00f3n continua, en la cual participa la sociedad en su conjunto de manera consciente o (familia, iglesia, medios de comunicaci\u00f3n, grupos y organizaciones sociales, instituciones educativas). La formaci\u00f3n es entendida como el proceso y el resultado orientado a preparar al hombre en todos los aspectos de su personalidad.<\/span><\/span><\/p><p style=\"margin: 0px 0px 20px; color: rgb(51, 51, 51); font-family: Arial, Helvetica, sans-serif; font-size: 12px; text-align: justify;\"><span style=\"font-family: arial, helvetica, sans-serif;\"><span style=\"font-size: small;\"><\/span><\/span><\/p><p style=\"margin: 0px 0px 20px; color: rgb(51, 51, 51); font-family: Arial, Helvetica, sans-serif; font-size: 12px; text-align: justify;\"><span style=\"font-family: arial, helvetica, sans-serif;\"><span style=\"font-size: small;\">Su objetivo principal es indagar sobre las formas como se desarrolla la pr\u00e1ctica pedag\u00f3gica en los programas de formaci\u00f3n de docentes, identificando en principio el saber pedag\u00f3gico que circula o construyen los docentes en formaci\u00f3n; y en segundo lugar los modelos de pr\u00e1ctica que subyacen en la pr\u00e1ctica y la manera como \u00e9sta se operacionaliza:<\/span><\/span><\/p><p style=\"margin: 0px 0px 20px; color: rgb(51, 51, 51); font-family: Arial, Helvetica, sans-serif; font-size: 12px; text-align: justify;\"><span style=\"font-family: arial, helvetica, sans-serif;\"><span style=\"font-size: small;\"><\/span><\/span><\/p><ol style=\"color: rgb(51, 51, 51); font-family: Arial, Helvetica, sans-serif; font-size: 12px; text-align: justify;\"><li><span style=\"font-family: arial, helvetica, sans-serif;\"><span style=\"font-size: small;\">Construcci\u00f3n de los saberes a trav\u00e9s de los tiempos.<\/span><\/span><\/li><li><span style=\"font-family: arial, helvetica, sans-serif;\"><span style=\"font-size: small;\">La relaci\u00f3n de ese saber con otras disciplinas.<\/span><\/span><\/li><li><span style=\"font-family: arial, helvetica, sans-serif;\"><span style=\"font-size: small;\">La funci\u00f3n social que cumple el educador en la sociedad.<\/span><\/span><\/li><li><span style=\"font-family: arial, helvetica, sans-serif;\"><span style=\"font-size: small;\">Las actividades curriculares que se deben desarrollar en la ense\u00f1anzas de las licenciaturas.<\/span><\/span><\/li><li><span style=\"font-family: arial, helvetica, sans-serif;\"><span style=\"font-size: small;\">Los ambientes de aprendizaje propicios para la construcci\u00f3n de esos conceptos.<\/span><\/span><\/li><li><span style=\"font-family: arial, helvetica, sans-serif;\"><span style=\"font-size: small;\">Los materiales educativos o recursos did\u00e1cticos a utilizar en esos ambientes de aprendizaje.<\/span><\/span><\/li><\/ol><p style=\"margin: 0px 0px 20px; color: rgb(51, 51, 51); font-family: Arial, Helvetica, sans-serif; font-size: 12px; text-align: justify;\"><span style=\"font-family: arial, helvetica, sans-serif;\"><span style=\"font-size: small;\"><\/span><\/span><\/p><p style=\"margin: 0px 0px 20px; color: rgb(51, 51, 51); font-family: Arial, Helvetica, sans-serif; font-size: 12px; text-align: justify;\"><span style=\"font-family: arial, helvetica, sans-serif;\"><span style=\"color: rgb(40, 115, 40);\"><span style=\"font-size: small;\"><strong>Estudios Sociales y Humanos<\/strong><\/span><\/span><\/span><\/p><p style=\"margin: 0px 0px 20px; color: rgb(51, 51, 51); font-family: Arial, Helvetica, sans-serif; font-size: 12px; text-align: justify;\"><span style=\"font-family: arial, helvetica, sans-serif;\"><span style=\"font-size: small;\"><\/span><\/span><\/p><p style=\"margin: 0px 0px 20px; color: rgb(51, 51, 51); font-family: Arial, Helvetica, sans-serif; font-size: 12px; text-align: justify;\"><span style=\"font-family: arial, helvetica, sans-serif;\"><span style=\"font-size: small;\">Surge con el objeto de encauzar a docentes y estudiantes hacia la cultura investigativa desde las \u00e1reas de las Ciencias Humanas y sociales; para propender por un mejor conocimiento de las problem\u00e1ticas y la sociedad; conocimiento pertinente por la profundizaci\u00f3n en relaci\u00f3n con los problemas b\u00e1sicos de la naci\u00f3n, las regiones y las organizaciones, en procura del bienestar de las personas. Pertinente por estar a la vanguardia de los avances de la ciencia, la tecnolog\u00eda y las innovaciones que transitan en el mundo. En conclusi\u00f3n, la l\u00ednea busca y abre espacios para generar el conocimiento sobre los seres humanos y la sociedad en que vivimos, para dar cuenta de las disyuntivas sociales b\u00e1sicas y abordar la investigaci\u00f3n sobre problemas en uni\u00f3n con las ciencias sociales.<\/span><\/span><\/p><p style=\"margin: 0px 0px 20px; color: rgb(51, 51, 51); font-family: Arial, Helvetica, sans-serif; font-size: 12px; text-align: justify;\"><span style=\"font-family: arial, helvetica, sans-serif;\"><span style=\"font-size: small;\"><\/span><\/span><\/p><p style=\"margin: 0px 0px 20px; color: rgb(51, 51, 51); font-family: Arial, Helvetica, sans-serif; font-size: 12px; text-align: justify;\"><span style=\"font-family: arial, helvetica, sans-serif;\"><span style=\"font-size: small;\">Las tem\u00e1ticas que fundamentan la l\u00ednea de investigaci\u00f3n son:<\/span><\/span><\/p><p style=\"margin: 0px 0px 20px; color: rgb(51, 51, 51); font-family: Arial, Helvetica, sans-serif; font-size: 12px; text-align: justify;\"><span style=\"font-family: arial, helvetica, sans-serif;\"><span style=\"font-size: small;\"><\/span><\/span><\/p><ol style=\"color: rgb(51, 51, 51); font-family: Arial, Helvetica, sans-serif; font-size: 12px; text-align: justify;\"><span style=\"font-family: arial, helvetica, sans-serif;\"><span style=\"font-size: small;\"><\/span><\/span><li><span style=\"font-family: arial, helvetica, sans-serif;\"><span style=\"font-size: small;\">Diversidad \u00c9tnica y cultura<\/span><\/span><\/li><span style=\"font-family: arial, helvetica, sans-serif;\"><span style=\"font-size: small;\"><\/span><\/span><li><span style=\"font-family: arial, helvetica, sans-serif;\"><span style=\"font-size: small;\">Derechos, justicia y equidad<\/span><\/span><\/li><span style=\"font-family: arial, helvetica, sans-serif;\"><span style=\"font-size: small;\"><\/span><\/span><li><span style=\"font-family: arial, helvetica, sans-serif;\"><span style=\"font-size: small;\">Desarrollo humano y social<\/span><\/span><\/li><span style=\"font-family: arial, helvetica, sans-serif;\"><span style=\"font-size: small;\"><\/span><\/span><li><span style=\"font-family: arial, helvetica, sans-serif;\"><span style=\"font-size: small;\">Desarrollo rural y urbano<\/span><\/span><\/li><span style=\"font-family: arial, helvetica, sans-serif;\"><span style=\"font-size: small;\"><\/span><\/span><li><span style=\"font-family: arial, helvetica, sans-serif;\"><span style=\"font-size: small;\">\u00c9tica y Calidad de Vida<\/span><\/span><\/li><span style=\"font-family: arial, helvetica, sans-serif;\"><span style=\"font-size: small;\"><\/span><\/span><li><span style=\"font-family: arial, helvetica, sans-serif;\"><span style=\"font-size: small;\">Innovaci\u00f3n, Competitividad y Sostenibilidad<\/span><\/span><\/li><span style=\"font-family: arial, helvetica, sans-serif;\"><span style=\"font-size: small;\"><\/span><\/span><li><span style=\"font-family: arial, helvetica, sans-serif;\"><span style=\"font-size: small;\">Conflictos sociopol\u00edticos<\/span><\/span><\/li><span style=\"font-family: arial, helvetica, sans-serif;\"><span style=\"font-size: small;\"><\/span><\/span><li><span style=\"font-family: arial, helvetica, sans-serif;\"><span style=\"font-size: small;\">Inclusi\u00f3n &#8211; exclusi\u00f3n social<\/span><\/span><\/li><span style=\"font-family: arial, helvetica, sans-serif;\"><span style=\"font-size: small;\"><\/span><\/span><li><span style=\"font-family: arial, helvetica, sans-serif;\"><span style=\"font-size: small;\">Tecnolog\u00edas de la informaci\u00f3n y la comunicaci\u00f3n<\/span><\/span><\/li><span style=\"font-family: arial, helvetica, sans-serif;\"><span style=\"font-size: small;\"><\/span><\/span><li style=\"text-align: justify;\"><span style=\"font-family: arial, helvetica, sans-serif;\"><span style=\"font-size: small;\">Procesos socio-educativos<\/span><\/span><\/li><\/ol>\t\t\t\t\t\t<\/div>\n\t\t\t\t<\/div>\n\t\t\t\t\t<\/div>\n\t\t<\/div>\n\t\t\t\t\t<\/div>\n\t\t<\/section>\n\t\t\t\t<\/div>\n\t\t","protected":false},"excerpt":{"rendered":"<p>L\u00edneas de Investigaci\u00f3n Econom\u00eda y Desarrollo Regional Dentro de este componente de investigaci\u00f3n se desea Analizar las manifestaciones regional-territoriales de los procesos econ\u00f3micos, sociales y ambientales, complejizados a ra\u00edz de la creciente integraci\u00f3n internacional y globalizaci\u00f3n, as\u00ed como de los efectos derivados de las pol\u00edticas y programas de desarrollo regional instrumentados. Tomando como eje de&#8230;<\/p>\n<div class=\"pvc_clear\"><\/div>\n<p id=\"pvc_stats_4973\" class=\"pvc_stats all  \" data-element-id=\"4973\" style=\"\"><i class=\"pvc-stats-icon medium\" aria-hidden=\"true\"><svg aria-hidden=\"true\" focusable=\"false\" data-prefix=\"far\" data-icon=\"chart-bar\" role=\"img\" xmlns=\"http:\/\/www.w3.org\/2000\/svg\" viewBox=\"0 0 512 512\" class=\"svg-inline--fa fa-chart-bar fa-w-16 fa-2x\"><path fill=\"currentColor\" d=\"M396.8 352h22.4c6.4 0 12.8-6.4 12.8-12.8V108.8c0-6.4-6.4-12.8-12.8-12.8h-22.4c-6.4 0-12.8 6.4-12.8 12.8v230.4c0 6.4 6.4 12.8 12.8 12.8zm-192 0h22.4c6.4 0 12.8-6.4 12.8-12.8V140.8c0-6.4-6.4-12.8-12.8-12.8h-22.4c-6.4 0-12.8 6.4-12.8 12.8v198.4c0 6.4 6.4 12.8 12.8 12.8zm96 0h22.4c6.4 0 12.8-6.4 12.8-12.8V204.8c0-6.4-6.4-12.8-12.8-12.8h-22.4c-6.4 0-12.8 6.4-12.8 12.8v134.4c0 6.4 6.4 12.8 12.8 12.8zM496 400H48V80c0-8.84-7.16-16-16-16H16C7.16 64 0 71.16 0 80v336c0 17.67 14.33 32 32 32h464c8.84 0 16-7.16 16-16v-16c0-8.84-7.16-16-16-16zm-387.2-48h22.4c6.4 0 12.8-6.4 12.8-12.8v-70.4c0-6.4-6.4-12.8-12.8-12.8h-22.4c-6.4 0-12.8 6.4-12.8 12.8v70.4c0 6.4 6.4 12.8 12.8 12.8z\" class=\"\"><\/path><\/svg><\/i> <img decoding=\"async\" width=\"16\" height=\"16\" alt=\"Loading\" src=\"https:\/\/www.iser.edu.co\/wp-content\/plugins\/page-views-count\/ajax-loader-2x.gif\" border=0 \/><\/p>\n<div class=\"pvc_clear\"><\/div>\n","protected":false},"author":1,"featured_media":0,"parent":0,"menu_order":0,"comment_status":"closed","ping_status":"closed","template":"","meta":{"_kadence_starter_templates_imported_post":false,"_kad_post_transparent":"","_kad_post_title":"hide","_kad_post_layout":"fullwidth","_kad_post_sidebar_id":"","_kad_post_content_style":"unboxed","_kad_post_vertical_padding":"hide","_kad_post_feature":"hide","_kad_post_feature_position":"","_kad_post_header":false,"_kad_post_footer":false,"footnotes":""},"_links":{"self":[{"href":"https:\/\/www.iser.edu.co\/index.php\/wp-json\/wp\/v2\/pages\/4973"}],"collection":[{"href":"https:\/\/www.iser.edu.co\/index.php\/wp-json\/wp\/v2\/pages"}],"about":[{"href":"https:\/\/www.iser.edu.co\/index.php\/wp-json\/wp\/v2\/types\/page"}],"author":[{"embeddable":true,"href":"https:\/\/www.iser.edu.co\/index.php\/wp-json\/wp\/v2\/users\/1"}],"replies":[{"embeddable":true,"href":"https:\/\/www.iser.edu.co\/index.php\/wp-json\/wp\/v2\/comments?post=4973"}],"version-history":[{"count":0,"href":"https:\/\/www.iser.edu.co\/index.php\/wp-json\/wp\/v2\/pages\/4973\/revisions"}],"wp:attachment":[{"href":"https:\/\/www.iser.edu.co\/index.php\/wp-json\/wp\/v2\/media?parent=4973"}],"curies":[{"name":"wp","href":"https:\/\/api.w.org\/{rel}","templated":true}]}}