{"id":5017,"date":"2024-03-22T12:15:15","date_gmt":"2024-03-22T17:15:15","guid":{"rendered":"https:\/\/www.iser.edu.co\/?page_id=5017"},"modified":"2024-03-22T12:16:47","modified_gmt":"2024-03-22T17:16:47","slug":"participacion-en-eventos-de-investigacion","status":"publish","type":"page","link":"https:\/\/www.iser.edu.co\/index.php\/participacion-en-eventos-de-investigacion\/","title":{"rendered":"Participaci\u00f3n en Eventos de Investigaci\u00f3n"},"content":{"rendered":"\t\t<div data-elementor-type=\"wp-page\" data-elementor-id=\"5017\" class=\"elementor elementor-5017\" data-elementor-post-type=\"page\">\n\t\t\t\t\t\t<section class=\"elementor-section elementor-top-section elementor-element elementor-element-f17c240 elementor-section-boxed elementor-section-height-default elementor-section-height-default\" data-id=\"f17c240\" data-element_type=\"section\" data-settings=\"{&quot;jet_parallax_layout_list&quot;:[],&quot;_ha_eqh_enable&quot;:false}\">\n\t\t\t\t\t\t<div class=\"elementor-container elementor-column-gap-default\">\n\t\t\t\t\t<div class=\"elementor-column elementor-col-100 elementor-top-column elementor-element elementor-element-c10667b\" data-id=\"c10667b\" data-element_type=\"column\">\n\t\t\t<div class=\"elementor-widget-wrap elementor-element-populated\">\n\t\t\t\t\t\t<div class=\"elementor-element elementor-element-cc98f4e elementor-widget elementor-widget-heading\" data-id=\"cc98f4e\" data-element_type=\"widget\" data-widget_type=\"heading.default\">\n\t\t\t\t<div class=\"elementor-widget-container\">\n\t\t\t<h2 class=\"elementor-heading-title elementor-size-default\"><h1 style=\"font-family: Arial, Helvetica, sans-serif; margin-bottom: 20px; font-size: 24px; color: rgb(39, 114, 39); white-space-collapse: collapse;\">Participaci\u00f3n en Eventos de Investigaci\u00f3n<\/h1><\/h2>\t\t<\/div>\n\t\t\t\t<\/div>\n\t\t\t\t\t<\/div>\n\t\t<\/div>\n\t\t\t\t\t<\/div>\n\t\t<\/section>\n\t\t\t\t<section class=\"elementor-section elementor-top-section elementor-element elementor-element-2bea504 elementor-section-boxed elementor-section-height-default elementor-section-height-default\" data-id=\"2bea504\" data-element_type=\"section\" data-settings=\"{&quot;jet_parallax_layout_list&quot;:[],&quot;_ha_eqh_enable&quot;:false}\">\n\t\t\t\t\t\t<div class=\"elementor-container elementor-column-gap-default\">\n\t\t\t\t\t<div class=\"elementor-column elementor-col-100 elementor-top-column elementor-element elementor-element-815f7bb\" data-id=\"815f7bb\" data-element_type=\"column\">\n\t\t\t<div class=\"elementor-widget-wrap elementor-element-populated\">\n\t\t\t\t\t\t<div class=\"elementor-element elementor-element-01667c6 elementor-widget elementor-widget-text-editor\" data-id=\"01667c6\" data-element_type=\"widget\" data-widget_type=\"text-editor.default\">\n\t\t\t\t<div class=\"elementor-widget-container\">\n\t\t\t\t\t\t\t<p style=\"margin: 0px 0px 20px; color: #333333; font-family: Arial, Helvetica, sans-serif; font-size: 12px;\"><strong><span style=\"font-family: arial, helvetica, sans-serif;\"><span style=\"font-size: medium;\"><span style=\"color: #287328;\">Vigencia 2019<\/span><\/span><\/span><\/strong><\/p><table style=\"color: #333333; font-family: Arial, Helvetica, sans-serif; font-size: 12px; text-align: justify;\" border=\"1\"><tbody><tr><td><p style=\"margin: 0px 0px 20px;\" align=\"center\"><span style=\"font-family: arial, helvetica, sans-serif;\"><span style=\"font-size: small;\">V Encuentro Regional de Semilleros de Investigaci\u00f3n- REDCOLSI-2019-Pamplona (11 Proyectos: 4 Meritorios\/ 2 Cupo al Nacional- 15 Evaluadores)<\/span><\/span><\/p><\/td><\/tr><tr><td><p style=\"margin: 0px 0px 20px;\" align=\"center\"><span style=\"font-family: arial, helvetica, sans-serif;\"><span style=\"font-size: small;\">II congreso nacional de evaluaci\u00f3n, calidad y acreditaci\u00f3n en educaci\u00f3n superior: retos de la educaci\u00f3n rural en Colombia- Pamplona (3 ponencias).<\/span><\/span><\/p><\/td><\/tr><tr><td><p style=\"margin: 0px 0px 20px;\" align=\"center\"><span style=\"font-family: arial, helvetica, sans-serif;\"><span style=\"font-size: small;\">Convocatoria Para Misi\u00f3n Acad\u00e9mica Brasil del 12 al 20 octubre de 2019 (3 Proyectos).<\/span><\/span><\/p><\/td><\/tr><tr><td style=\"text-align: center;\"><span style=\"font-family: arial, helvetica, sans-serif;\"><span style=\"font-size: small;\">XII Convenci\u00f3n Internacional Sobre Medio Ambiente Y Desarrollo. &#8220;Por La Integraci\u00f3n Y Cooperaci\u00f3n Para La Sostenibilidad&#8221;. 1 y el 5 de julio del 2019 en el Palacio de Convenciones de La Habana\u00a0\u00a0\u00a0 &#8211; Cuba 2019\u00a0 (1 Ponencia).<\/span><\/span><\/td><\/tr><tr><td style=\"text-align: center;\"><span style=\"font-family: arial, helvetica, sans-serif;\"><span style=\"font-size: small;\">XII Iberoamerican Congress of Food Engineering CIBIA 2019 that was held from July 1 to 4 at Universidade do Algarve, 2019- Portugal. (2 Ponencias).<\/span><\/span><\/td><\/tr><tr><td style=\"text-align: center;\"><span style=\"font-family: arial, helvetica, sans-serif;\"><span style=\"font-size: small;\">Encuentro-Taller \u201cHerramientas para la gesti\u00f3n de la informaci\u00f3n cient\u00edfica colombiana\u201d. 2019-Bucaramanga (1 asistente).<\/span><\/span><\/td><\/tr><tr><td style=\"text-align: center;\"><span style=\"font-family: arial, helvetica, sans-serif;\"><span style=\"font-size: small;\">VI Simposio Internacional Agroalimentario- 2019-Monter\u00eda-Cordoba (2 ponencias).<\/span><\/span><\/td><\/tr><tr><td><p style=\"margin: 0px 0px 20px;\" align=\"center\"><span style=\"font-family: arial, helvetica, sans-serif;\"><span style=\"font-size: small;\">Convocatoria Social SKIN-Seguros Bol\u00edvar \u2013 2019 &#8211; Bogot\u00e1 (1 ponencia).<\/span><\/span><\/p><\/td><\/tr><tr><td style=\"text-align: center;\"><span style=\"font-family: arial, helvetica, sans-serif;\"><span style=\"font-size: small;\">XXII encuentro nacional y XVI encuentro internacional de semilleros de investigaci\u00f3n \u2013 fundaci\u00f3n REDCOLSI &#8211; 2019-Valledupar (2 ponencias- 1 evaluador).<\/span><\/span><\/td><\/tr><tr><td style=\"text-align: center;\"><span style=\"font-family: arial, helvetica, sans-serif;\"><span style=\"font-size: small;\">VI Feria de la Ciencia y I Seminario de Investigaci\u00f3n 2019 &#8211; Cucuta (1 ponencia).<\/span><\/span><\/td><\/tr><tr><td style=\"text-align: center;\"><span style=\"font-family: arial, helvetica, sans-serif;\"><span style=\"font-size: small;\">XV encuentro nacional y VIII internacional de investigadores de las ciencias pecuarios-2019 &#8211; Medell\u00edn ( 3 ponencias).<br \/><\/span><\/span><\/td><\/tr><tr><td style=\"text-align: center;\"><span style=\"font-family: arial, helvetica, sans-serif;\"><span style=\"font-size: small;\">Primer Simposio del Oriente por la Investigaci\u00f3n e Innovaci\u00f3n Educativa Rural, 2019 &#8211; El Cerrito, Santander.(1 ponencia).<\/span><\/span><\/td><\/tr><tr><td style=\"text-align: center;\"><span style=\"font-family: arial, helvetica, sans-serif;\"><span style=\"font-size: small;\">VI semana internacional de ciencia, tecnolog\u00eda e innovaci\u00f3n &#8211; SIES+ 2019 &#8211; C\u00facuta &#8211; (4 ponencias)<\/span><\/span><\/td><\/tr><\/tbody><\/table><p style=\"margin: 0px 0px 20px; color: #333333; font-family: Arial, Helvetica, sans-serif; font-size: 12px;\"><strong><span style=\"font-family: arial, helvetica, sans-serif;\"><span style=\"font-size: medium;\"><span style=\"color: #287328;\">Vigencia 2018<\/span><\/span><\/span><\/strong><\/p><table style=\"color: #333333; font-family: Arial, Helvetica, sans-serif; font-size: 12px; border-color: #000000; border-width: 1px; text-align: center;\" border=\"1\"><tbody><tr><td><p style=\"margin: 0px 0px 20px;\" align=\"center\"><span style=\"font-family: arial, helvetica, sans-serif;\"><span style=\"font-size: small;\">IV Encuentro Regional de Semilleros de Investigaci\u00f3n- REDCOLSI-2018- C\u00facuta (12 Proyectos: 3 Meritorios \/ 3 Cupos al Nacional &#8211; 14 Evaluadores)<\/span><\/span><\/p><\/td><\/tr><tr><td><span style=\"font-family: arial, helvetica, sans-serif;\"><span style=\"font-size: small;\">1er Encuentro Internacional De Semilleros De Investigaci\u00f3n En Ingenier\u00eda De Alimentos Y Afines (ENSIAL)- C\u00facuta (1 ponencia)<\/span><\/span><\/td><\/tr><tr><td><p style=\"margin: 0px 0px 20px;\" align=\"center\"><span style=\"font-family: arial, helvetica, sans-serif;\"><span style=\"font-size: small;\">I congreso nacional de evaluaci\u00f3n, calidad y acreditaci\u00f3n en educaci\u00f3n superior: retos de la educaci\u00f3n rural en Colombia- Pamplona (2 ponencias)<\/span><\/span><\/p><\/td><\/tr><tr><td><p style=\"margin: 0px 0px 20px;\" align=\"center\"><span style=\"font-family: arial, helvetica, sans-serif;\"><span style=\"font-size: small;\">XXI Encuentro Nacional Y XV Encuentro Internacional De Semilleros De Investigaci\u00f3n \u2013 Fundaci\u00f3n REDCOLSI- 2018 \u2013 Pasto (3 Proyectos)<\/span><\/span><\/p><\/td><\/tr><tr><td><span style=\"font-family: arial, helvetica, sans-serif;\"><span style=\"font-size: small;\">XIV Congreso internacional de ciencia y tecnolog\u00eda de alimentos &#8211; CONACTA 2018- Bogota (2 ponencias)<\/span><\/span><\/td><\/tr><tr><td><p style=\"margin: 0px 0px 20px;\"><span style=\"font-family: arial, helvetica, sans-serif;\"><span style=\"font-size: small;\">19th IUFoST World Food Science and Technology Congress &#8211; India (2 ponencias)<\/span><\/span><\/p><\/td><\/tr><tr><td><span style=\"font-family: arial, helvetica, sans-serif;\"><span style=\"font-size: small;\">Primer congreso nacional de emprendimiento, investigaci\u00f3n e innovaci\u00f3n- C\u00facuta (17 asistentes)<\/span><\/span><\/td><\/tr><tr><td><p style=\"margin: 0px 0px 20px;\" align=\"center\"><span style=\"font-family: arial, helvetica, sans-serif;\"><span style=\"font-size: small;\">Avances y Retos de las Alianzas Rurales de Educaci\u00f3n Desarrollo (ARED) &#8211; Bogot\u00e1.<\/span><\/span><\/p><\/td><\/tr><\/tbody><\/table><p style=\"margin: 0px 0px 20px; color: #333333; font-family: Arial, Helvetica, sans-serif; font-size: 12px;\"><strong><span style=\"font-family: arial, helvetica, sans-serif;\"><span style=\"font-size: medium;\"><span style=\"color: #287328;\">Vigencia 2017<\/span><\/span><\/span><\/strong><\/p><table style=\"color: #333333; font-family: Arial, Helvetica, sans-serif; font-size: 12px; text-align: center; border: 1px solid #000000;\" border=\"1\"><tbody><tr><td><p style=\"margin: 0px 0px 20px;\" align=\"center\"><span style=\"font-family: arial, helvetica, sans-serif;\"><span style=\"font-size: small;\">III Encuentro Regional de Semilleros de Investigaci\u00f3n- REDCOLSI-2017-Oca\u00f1a (16 Proyectos: 6 Meritorios\/ 2 Cupo al Nacional- 3 Evaluadores)<\/span><\/span><\/p><\/td><\/tr><tr><td><p style=\"margin: 0px 0px 20px;\" align=\"center\"><span style=\"font-family: arial, helvetica, sans-serif;\"><span style=\"font-size: small;\">1er Encuentro Empresarial Sector Rural Ambiental y Minero, con los Semilleros de Investigaci\u00f3n de la Zona Fronteriza Nororiental- C\u00facuta (2 ponencias).<\/span><\/span><\/p><\/td><\/tr><tr><td><p style=\"margin: 0px 0px 20px;\" align=\"center\"><span style=\"font-family: arial, helvetica, sans-serif;\"><span style=\"font-size: small;\">S\u00e9ptima Conferencia Internacional sobre Estudios Alimentarios y la Red de Investigaci\u00f3n sobre Estudios Alimentarios-Roma-Italia (26-27 Octubre 2017).<\/span><\/span><\/p><\/td><\/tr><tr><td><span style=\"font-family: arial, helvetica, sans-serif;\"><span style=\"font-size: small;\">Congreso Mundial de Medicina Alternativas \u2013 CAM-2017- Cartagena (1 ponente)<\/span><\/span><\/td><\/tr><tr><td><p style=\"margin: 0px 0px 20px;\" align=\"center\"><span style=\"font-family: arial, helvetica, sans-serif;\"><span style=\"font-size: small;\">Foro innovaciones del sector agrario: Un paso hacia la competitividad-UNAD-2017-Pamplona (1ponencia).<\/span><\/span><\/p><\/td><\/tr><tr><td><span style=\"font-family: arial, helvetica, sans-serif;\"><span style=\"font-size: small;\">VI Muestra Agroindustrial y I Simposio de la Agroindustria Regional \u2013C\u00facuta (1ponencia)<\/span><\/span><\/td><\/tr><tr><td><p style=\"margin: 0px 0px 20px;\" align=\"center\"><span style=\"font-family: arial, helvetica, sans-serif;\"><span style=\"font-size: small;\">Taller sobre Internacionalizaci\u00f3n de la investigaci\u00f3n en la UFPS-C\u00facuta.<\/span><\/span><\/p><\/td><\/tr><tr><td><span style=\"font-family: arial, helvetica, sans-serif;\"><span style=\"font-size: small;\">Conformaci\u00f3n de mesas de trabajo de investigaci\u00f3n de SIES+- C\u00facuta<\/span><\/span><\/td><\/tr><tr><td><p style=\"margin: 0px 0px 20px;\" align=\"center\"><span style=\"font-family: arial, helvetica, sans-serif;\"><span style=\"font-size: small;\">Lanzamiento de la Plataforma SUNN MEET UP de proyectos de innovaci\u00f3n COLCIENCIAS-C\u00facuta.<\/span><\/span><\/p><\/td><\/tr><tr><td><p style=\"margin: 0px 0px 20px;\" align=\"center\"><span style=\"font-family: arial, helvetica, sans-serif;\"><span style=\"font-size: small;\">Participaci\u00f3n en el X Encuentro Nacional y IV Internacional de Semilleros de Investigaci\u00f3n-Barranquilla (2 Proyectos).<\/span><\/span><\/p><\/td><\/tr><tr><td><p style=\"margin: 0px 0px 20px;\" align=\"center\"><span style=\"font-family: arial, helvetica, sans-serif;\"><span style=\"font-size: small;\">I Encuentro Interinstitucional Semilleros De Investigaci\u00f3n &#8211; Alianza SIES +C\u00facuta\u00a0 (10 Proyectos: 1er Puesto del encuentro- 1 Evaluador)<\/span><\/span><\/p><\/td><\/tr><tr><td><span style=\"font-family: arial, helvetica, sans-serif;\"><span style=\"font-size: small;\">Congreso Iberoamericano en Ciencias Agroalimentarias y IV Seminario Internacional de Investigaciones Agroindustriales. Guadalajara de Buga. (1 ponencia).<\/span><\/span><\/td><\/tr><\/tbody><\/table><p style=\"margin: 0px 0px 20px; color: #333333; font-family: Arial, Helvetica, sans-serif; font-size: 12px;\"><span style=\"font-family: arial, helvetica, sans-serif;\"><span style=\"color: #287328;\"><strong><span style=\"font-size: medium;\">Vigencias 2014 a 2016<\/span><\/strong><\/span><\/span><\/p><table style=\"color: #333333; font-family: Arial, Helvetica, sans-serif; font-size: 12px; text-align: justify;\" border=\"2\"><tbody><tr style=\"text-align: center;\"><td><span style=\"font-family: arial, helvetica, sans-serif;\"><span style=\"font-size: small;\">\u00a0Quinto Encuentro Departamental De Semilleros De Investigaci\u00f3n (C\u00facuta-Norte de Santander)\u00a0<\/span><\/span><\/td><\/tr><tr style=\"text-align: center;\"><td><span style=\"font-family: arial, helvetica, sans-serif;\"><span style=\"font-family: arial, helvetica, sans-serif;\"><span style=\"font-size: small;\">IV y V Encuentro De Semilleros De Investigaci\u00f3n (ENSI) (Oca\u00f1a-Norte de Santander)<br \/><\/span><\/span><\/span><ul><li>La instituci\u00f3n present\u00f3 14 proyectos, de los cuales 9 fueron seleccionados para el\u00a0 Departamental De Semilleros De Investigaci\u00f3n. Red Colombiana de Semilleros De Investigaci\u00f3n -2016.<strong>\u00a0<\/strong><\/li><li>Dos proyetos obtuvieron los mejores puntajes del evento.<strong>\u00a0<\/strong><\/li><li>2 docentes evaluadores de proyetos de investigaci\u00f3n en el evento.<\/li><\/ul><\/td><\/tr><tr style=\"text-align: center;\"><td><span style=\"font-family: arial, helvetica, sans-serif;\"><span style=\"font-size: small;\">Primer Encuentro Departamental De Semilleros De Investigaci\u00f3n. (REDCOLSI) (C\u00facuta-Norte de Santander)<\/span><\/span><\/td><\/tr><tr style=\"text-align: center;\"><td><span style=\"font-family: arial, helvetica, sans-serif;\"><span style=\"font-size: small;\">XVIII Encuentro\u00a0 nacional y XII internacional de\u00a0 semilleros de investigaci\u00f3n\u00a0 RED COLSI-\u00a0 Nodo Valle Del Cauca-Cali.<br \/><\/span><\/span><\/td><\/tr><tr><td style=\"text-align: center;\"><span style=\"font-family: arial, helvetica, sans-serif;\"><span style=\"font-family: arial, helvetica, sans-serif;\"><span style=\"font-size: small;\">I Congreso Internacional De Conservaci\u00f3n Para La Industria Agroalimentaria- Pasto Nari\u00f1o<br \/><\/span><\/span><\/span><ul><li>La instituci\u00f3n present\u00f3 4 ponencias en el congreso.<\/li><\/ul><\/td><\/tr><tr><td style=\"text-align: center;\"><span style=\"font-family: arial, helvetica, sans-serif;\"><span style=\"font-size: small;\">II Semana Internacional Y X Semana De Ciencia, Tecnolog\u00eda\u00a0 E Innovaci\u00f3n-UFPS<\/span><\/span><\/td><\/tr><tr><td style=\"text-align: center;\"><span style=\"font-family: arial, helvetica, sans-serif;\"><span style=\"font-family: arial, helvetica, sans-serif;\"><span style=\"font-size: small;\">Organizador Segundo Encuentro Departamental de Semilleros de Investigaci\u00f3n-2016. (REDCOLSI)<br \/><\/span><\/span><\/span><ul><li>La instituci\u00f3n present\u00f3 14 proyectos, de los cuales 7 fueron seleccionados para el\u00a0 XIX Encuentro Nacional y XII Internacional de Semilleros de Investigaci\u00f3n-2016.<\/li><li>18 docentes evaluadores de proyetos de investigaci\u00f3n en el evento.<\/li><\/ul><\/td><\/tr><tr style=\"text-align: center;\"><td><span style=\"font-family: arial, helvetica, sans-serif;\"><span style=\"font-size: small;\">S\u00e9ptimo Simposio Internacional de Innovaci\u00f3n y Desarrollo de Alimentos, INNOVA 2015 y D\u00e9cimo Congreso Iberoamericano de Ingenier\u00eda de alimentos, CIBIA Montevideo, Uruguay<br \/><\/span><\/span><\/td><\/tr><tr><td style=\"text-align: center;\"><span style=\"font-family: arial, helvetica, sans-serif;\"><span style=\"font-size: small;\">III Congreso Internacional Agroalimentario CIAA. Universidad de Pamplona<\/span><\/span><\/td><\/tr><tr style=\"text-align: center;\"><td><span style=\"font-family: arial, helvetica, sans-serif;\"><span style=\"font-size: small;\">Congreso Internacional en Innovaci\u00f3n y Apropiaci\u00f3n de las Tecnolog\u00edas de la Informaci\u00f3n y las Comunicaciones &#8211; CIINATIC 2016.<br \/><\/span><\/span><ul><li style=\"text-align: center;\"><span style=\"font-family: arial, helvetica, sans-serif;\"><span style=\"font-size: small;\">La instituci\u00f3n presento 1 ponencia<\/span><\/span><\/li><\/ul><\/td><\/tr><\/tbody><\/table>\t\t\t\t\t\t<\/div>\n\t\t\t\t<\/div>\n\t\t\t\t\t<\/div>\n\t\t<\/div>\n\t\t\t\t\t<\/div>\n\t\t<\/section>\n\t\t\t\t<\/div>\n\t\t","protected":false},"excerpt":{"rendered":"<p>Participaci\u00f3n en Eventos de Investigaci\u00f3n Vigencia 2019 V Encuentro Regional de Semilleros de Investigaci\u00f3n- REDCOLSI-2019-Pamplona (11 Proyectos: 4 Meritorios\/ 2 Cupo al Nacional- 15 Evaluadores) II congreso nacional de evaluaci\u00f3n, calidad y acreditaci\u00f3n en educaci\u00f3n superior: retos de la educaci\u00f3n rural en Colombia- Pamplona (3 ponencias). Convocatoria Para Misi\u00f3n Acad\u00e9mica Brasil del 12 al 20&#8230;<\/p>\n<div class=\"pvc_clear\"><\/div>\n<p id=\"pvc_stats_5017\" class=\"pvc_stats all  \" data-element-id=\"5017\" style=\"\"><i class=\"pvc-stats-icon medium\" aria-hidden=\"true\"><svg aria-hidden=\"true\" focusable=\"false\" data-prefix=\"far\" data-icon=\"chart-bar\" role=\"img\" xmlns=\"http:\/\/www.w3.org\/2000\/svg\" viewBox=\"0 0 512 512\" class=\"svg-inline--fa fa-chart-bar fa-w-16 fa-2x\"><path fill=\"currentColor\" d=\"M396.8 352h22.4c6.4 0 12.8-6.4 12.8-12.8V108.8c0-6.4-6.4-12.8-12.8-12.8h-22.4c-6.4 0-12.8 6.4-12.8 12.8v230.4c0 6.4 6.4 12.8 12.8 12.8zm-192 0h22.4c6.4 0 12.8-6.4 12.8-12.8V140.8c0-6.4-6.4-12.8-12.8-12.8h-22.4c-6.4 0-12.8 6.4-12.8 12.8v198.4c0 6.4 6.4 12.8 12.8 12.8zm96 0h22.4c6.4 0 12.8-6.4 12.8-12.8V204.8c0-6.4-6.4-12.8-12.8-12.8h-22.4c-6.4 0-12.8 6.4-12.8 12.8v134.4c0 6.4 6.4 12.8 12.8 12.8zM496 400H48V80c0-8.84-7.16-16-16-16H16C7.16 64 0 71.16 0 80v336c0 17.67 14.33 32 32 32h464c8.84 0 16-7.16 16-16v-16c0-8.84-7.16-16-16-16zm-387.2-48h22.4c6.4 0 12.8-6.4 12.8-12.8v-70.4c0-6.4-6.4-12.8-12.8-12.8h-22.4c-6.4 0-12.8 6.4-12.8 12.8v70.4c0 6.4 6.4 12.8 12.8 12.8z\" class=\"\"><\/path><\/svg><\/i> <img decoding=\"async\" width=\"16\" height=\"16\" alt=\"Loading\" src=\"https:\/\/www.iser.edu.co\/wp-content\/plugins\/page-views-count\/ajax-loader-2x.gif\" border=0 \/><\/p>\n<div class=\"pvc_clear\"><\/div>\n","protected":false},"author":1,"featured_media":0,"parent":0,"menu_order":0,"comment_status":"closed","ping_status":"closed","template":"","meta":{"_kadence_starter_templates_imported_post":false,"_kad_post_transparent":"","_kad_post_title":"hide","_kad_post_layout":"fullwidth","_kad_post_sidebar_id":"","_kad_post_content_style":"unboxed","_kad_post_vertical_padding":"hide","_kad_post_feature":"hide","_kad_post_feature_position":"","_kad_post_header":false,"_kad_post_footer":false,"footnotes":""},"_links":{"self":[{"href":"https:\/\/www.iser.edu.co\/index.php\/wp-json\/wp\/v2\/pages\/5017"}],"collection":[{"href":"https:\/\/www.iser.edu.co\/index.php\/wp-json\/wp\/v2\/pages"}],"about":[{"href":"https:\/\/www.iser.edu.co\/index.php\/wp-json\/wp\/v2\/types\/page"}],"author":[{"embeddable":true,"href":"https:\/\/www.iser.edu.co\/index.php\/wp-json\/wp\/v2\/users\/1"}],"replies":[{"embeddable":true,"href":"https:\/\/www.iser.edu.co\/index.php\/wp-json\/wp\/v2\/comments?post=5017"}],"version-history":[{"count":0,"href":"https:\/\/www.iser.edu.co\/index.php\/wp-json\/wp\/v2\/pages\/5017\/revisions"}],"wp:attachment":[{"href":"https:\/\/www.iser.edu.co\/index.php\/wp-json\/wp\/v2\/media?parent=5017"}],"curies":[{"name":"wp","href":"https:\/\/api.w.org\/{rel}","templated":true}]}}