{"id":5087,"date":"2024-03-22T14:05:05","date_gmt":"2024-03-22T19:05:05","guid":{"rendered":"https:\/\/www.iser.edu.co\/?page_id=5087"},"modified":"2026-04-08T18:08:30","modified_gmt":"2026-04-08T23:08:30","slug":"admisiones-registro-y-control-academico","status":"publish","type":"page","link":"https:\/\/www.iser.edu.co\/index.php\/admisiones-registro-y-control-academico\/","title":{"rendered":"Admisiones, Registro y Control Acad\u00e9mico"},"content":{"rendered":"\t\t<div data-elementor-type=\"wp-page\" data-elementor-id=\"5087\" class=\"elementor elementor-5087\" data-elementor-post-type=\"page\">\n\t\t\t\t\t\t<section class=\"elementor-section elementor-top-section elementor-element elementor-element-268fada elementor-section-boxed elementor-section-height-default elementor-section-height-default\" data-id=\"268fada\" data-element_type=\"section\" data-settings=\"{&quot;jet_parallax_layout_list&quot;:[],&quot;_ha_eqh_enable&quot;:false}\">\n\t\t\t\t\t\t<div class=\"elementor-container elementor-column-gap-default\">\n\t\t\t\t\t<div class=\"elementor-column elementor-col-100 elementor-top-column elementor-element elementor-element-8cf233d\" data-id=\"8cf233d\" data-element_type=\"column\">\n\t\t\t<div class=\"elementor-widget-wrap elementor-element-populated\">\n\t\t\t\t\t\t<div class=\"elementor-element elementor-element-ef95ddf elementor-widget-divider--view-line elementor-widget elementor-widget-divider\" data-id=\"ef95ddf\" data-element_type=\"widget\" data-widget_type=\"divider.default\">\n\t\t\t\t<div class=\"elementor-widget-container\">\n\t\t\t\t\t<div class=\"elementor-divider\">\n\t\t\t<span class=\"elementor-divider-separator\">\n\t\t\t\t\t\t<\/span>\n\t\t<\/div>\n\t\t\t\t<\/div>\n\t\t\t\t<\/div>\n\t\t\t\t\t<\/div>\n\t\t<\/div>\n\t\t\t\t\t<\/div>\n\t\t<\/section>\n\t\t\t\t<section class=\"elementor-section elementor-top-section elementor-element elementor-element-436b648 elementor-section-boxed elementor-section-height-default elementor-section-height-default\" data-id=\"436b648\" data-element_type=\"section\" data-settings=\"{&quot;jet_parallax_layout_list&quot;:[],&quot;_ha_eqh_enable&quot;:false}\">\n\t\t\t\t\t\t<div class=\"elementor-container elementor-column-gap-default\">\n\t\t\t\t\t<div class=\"elementor-column elementor-col-100 elementor-top-column elementor-element elementor-element-4b98633\" data-id=\"4b98633\" data-element_type=\"column\">\n\t\t\t<div class=\"elementor-widget-wrap elementor-element-populated\">\n\t\t\t\t\t\t<div class=\"elementor-element elementor-element-87d7fd6 elementor-widget elementor-widget-heading\" data-id=\"87d7fd6\" data-element_type=\"widget\" data-widget_type=\"heading.default\">\n\t\t\t\t<div class=\"elementor-widget-container\">\n\t\t\t<h2 class=\"elementor-heading-title elementor-size-default\"><h1 style=\"font-family: Arial, Helvetica, sans-serif; margin-bottom: 20px; font-size: 24px; color: #1b9e88; white-space-collapse: collapse;\">Admisiones, Registro y Control Acad\u00e9mico<\/h1><\/h2>\t\t<\/div>\n\t\t\t\t<\/div>\n\t\t\t\t\t<\/div>\n\t\t<\/div>\n\t\t\t\t\t<\/div>\n\t\t<\/section>\n\t\t\t\t<section class=\"elementor-section elementor-top-section elementor-element elementor-element-f5d6054 elementor-section-boxed elementor-section-height-default elementor-section-height-default\" data-id=\"f5d6054\" data-element_type=\"section\" data-settings=\"{&quot;jet_parallax_layout_list&quot;:[],&quot;_ha_eqh_enable&quot;:false}\">\n\t\t\t\t\t\t<div class=\"elementor-container elementor-column-gap-default\">\n\t\t\t\t\t<div class=\"elementor-column elementor-col-100 elementor-top-column elementor-element elementor-element-e7a039a\" data-id=\"e7a039a\" data-element_type=\"column\">\n\t\t\t<div class=\"elementor-widget-wrap elementor-element-populated\">\n\t\t\t\t\t\t<div class=\"elementor-element elementor-element-170a0de elementor-widget-divider--view-line elementor-widget elementor-widget-divider\" data-id=\"170a0de\" data-element_type=\"widget\" data-widget_type=\"divider.default\">\n\t\t\t\t<div class=\"elementor-widget-container\">\n\t\t\t\t\t<div class=\"elementor-divider\">\n\t\t\t<span class=\"elementor-divider-separator\">\n\t\t\t\t\t\t<\/span>\n\t\t<\/div>\n\t\t\t\t<\/div>\n\t\t\t\t<\/div>\n\t\t\t\t\t<\/div>\n\t\t<\/div>\n\t\t\t\t\t<\/div>\n\t\t<\/section>\n\t\t\t\t<section class=\"elementor-section elementor-top-section elementor-element elementor-element-0867d82 elementor-section-boxed elementor-section-height-default elementor-section-height-default\" data-id=\"0867d82\" data-element_type=\"section\" data-settings=\"{&quot;jet_parallax_layout_list&quot;:[],&quot;_ha_eqh_enable&quot;:false}\">\n\t\t\t\t\t\t<div class=\"elementor-container elementor-column-gap-default\">\n\t\t\t\t\t<div class=\"elementor-column elementor-col-100 elementor-top-column elementor-element elementor-element-9a2e2ce\" data-id=\"9a2e2ce\" data-element_type=\"column\">\n\t\t\t<div class=\"elementor-widget-wrap elementor-element-populated\">\n\t\t\t\t\t\t<div class=\"elementor-element elementor-element-4c3b50e elementor-widget__width-initial elementor-widget elementor-widget-text-editor\" data-id=\"4c3b50e\" data-element_type=\"widget\" data-widget_type=\"text-editor.default\">\n\t\t\t\t<div class=\"elementor-widget-container\">\n\t\t\t\t\t\t\t<ul><li><strong>Ing. Nubia Yanneth Molina P\u00e9rez<\/strong><br \/>Profesional Universitaria de Admisiones Registro y Control Acad\u00e9mico<br \/>directorregistro@iser.edu.co &#8211;\u00a0<strong>Ext.<\/strong>\u00a0102<\/li><\/ul><p><strong>Proceso de Inscripci\u00f3n, Selecci\u00f3n y Admisi\u00f3n<\/strong><\/p><p><strong>Inscripci\u00f3n Estudiantes Nuevos<\/strong><\/p><ol><li>Realice su inscripci\u00f3n en l\u00ednea a trav\u00e9s de www.iser.edu.co<\/li><\/ol><div>\u00a0<\/div><p><strong><em>En el siguiente enlace deber\u00e1s cargar en formato PDF los documentos que se enlistan a continuaci\u00f3n<\/em><\/strong><\/p><ol start=\"2\"><li>Formulario de inscripci\u00f3n en l\u00ednea impreso<br \/>3. Dos (2) fotos recientes fondo blanco tama\u00f1o 3X4, una (1) pegada en el espacio dispuesto para ello dentro del formulario y la otra debidamente marcada al reverso con nombre completo y n\u00famero de documento<br \/>4. Fotocopia de pago por concepto de inscripci\u00f3n<br \/>5. Fotocopia de resultados Ex\u00e1men de Estado de la Rep\u00fablica de Colombia &#8211; Pruebas Saber 11 o ICFES<br \/>6. Fotocopia de acta de grado de bachiller<br \/>7. fotocopia del diploma de bachiller<br \/>8. Fotocopia del documento de identidad (tarjeta de identidad o c\u00e9dula de ciudadan\u00eda)<br \/>9. Fotocopia de la libreta militar, si la tiene (no es obligatorio)<br \/>10. Fotocopia del \u00faltimo recibo de luz\u00a0<\/li><\/ol><p><strong>Los documentos deben ser entregados en una Carpeta Multigu\u00eda tama\u00f1o oficio con gancho pl\u00e1stico y marbete.<\/strong><\/p><ul><li><strong><a href=\"https:\/\/ww1.iser.edu.co\/iser\/academusoft\/academico\/inscripcionLinea4\/ind_ins_pub_seguro.jsp\" target=\"_blank\" rel=\"noopener nofollow\">Inscripci\u00f3n en L\u00ednea Estudiantes Nuevos<\/a><\/strong><\/li><\/ul><p><strong>Inscripci\u00f3n Estudiantes Reingreso, Transferencia Interna y Transferencia Externa<\/strong><\/p><ul><li><a href=\"https:\/\/ww1.iser.edu.co\/iser\/academusoft\/academico\/inscripcion\/ins_control_acceso.jsp?proceso=3\" target=\"_blank\" rel=\"noopener nofollow\">Inscripci\u00f3n en L\u00ednea Transferencia Interna<\/a><\/li><li><a href=\"https:\/\/ww1.iser.edu.co\/iser\/academusoft\/academico\/inscripcion\/ins_control_acceso.jsp?proceso=2\" target=\"_blank\" rel=\"noopener nofollow\">Inscripci\u00f3n en L\u00ednea Transferencia Externa<\/a><\/li><li><strong><a href=\"https:\/\/ww1.iser.edu.co\/iser\/academusoft\/academico\/inscripcion\/ins_control_acceso.jsp?proceso=4\" target=\"_blank\" rel=\"noopener nofollow\">Inscripci\u00f3n en L\u00ednea Estudiantes de Reingreso<\/a>\u00a0<\/strong><\/li><\/ul><ul><li><strong><a href=\"https:\/\/academicoiser.q10.com\/SolicitudesInstitucionales\/ConsultarSolicitud\" rel=\"nofollow noopener\" target=\"_blank\">Seguimiento Solicitud de Reingreso y\/o Transferencia Interna<\/a><\/strong><\/li><\/ul>\t\t\t\t\t\t<\/div>\n\t\t\t\t<\/div>\n\t\t\t\t\t<\/div>\n\t\t<\/div>\n\t\t\t\t\t<\/div>\n\t\t<\/section>\n\t\t\t\t<section class=\"elementor-section elementor-top-section elementor-element elementor-element-369ccd1 elementor-section-boxed elementor-section-height-default elementor-section-height-default\" data-id=\"369ccd1\" data-element_type=\"section\" data-settings=\"{&quot;jet_parallax_layout_list&quot;:[],&quot;_ha_eqh_enable&quot;:false}\">\n\t\t\t\t\t\t<div class=\"elementor-container elementor-column-gap-default\">\n\t\t\t\t\t<div class=\"elementor-column elementor-col-100 elementor-top-column elementor-element elementor-element-0b1adb0\" data-id=\"0b1adb0\" data-element_type=\"column\">\n\t\t\t<div class=\"elementor-widget-wrap elementor-element-populated\">\n\t\t\t\t\t\t<div class=\"elementor-element elementor-element-f794edf elementor-widget elementor-widget-video\" data-id=\"f794edf\" data-element_type=\"widget\" data-settings=\"{&quot;video_type&quot;:&quot;hosted&quot;,&quot;controls&quot;:&quot;yes&quot;}\" data-widget_type=\"video.default\">\n\t\t\t\t<div class=\"elementor-widget-container\">\n\t\t\t\t\t<div class=\"e-hosted-video elementor-wrapper elementor-open-inline\">\n\t\t\t\t\t<video class=\"elementor-video\" src=\"https:\/\/www.iser.edu.co\/wp-content\/uploads\/2025\/07\/WhatsApp-Video-2025-07-23-at-5.51.37-PM.mp4\" controls=\"\" preload=\"metadata\" controlsList=\"nodownload\"><\/video>\n\t\t\t\t<\/div>\n\t\t\t\t<\/div>\n\t\t\t\t<\/div>\n\t\t\t\t\t<\/div>\n\t\t<\/div>\n\t\t\t\t\t<\/div>\n\t\t<\/section>\n\t\t\t\t<section class=\"elementor-section elementor-top-section elementor-element elementor-element-24c3801 elementor-section-boxed elementor-section-height-default elementor-section-height-default\" data-id=\"24c3801\" data-element_type=\"section\" data-settings=\"{&quot;jet_parallax_layout_list&quot;:[],&quot;_ha_eqh_enable&quot;:false}\">\n\t\t\t\t\t\t<div class=\"elementor-container elementor-column-gap-default\">\n\t\t\t\t\t<div class=\"elementor-column elementor-col-100 elementor-top-column elementor-element elementor-element-2891dc5\" data-id=\"2891dc5\" data-element_type=\"column\">\n\t\t\t<div class=\"elementor-widget-wrap elementor-element-populated\">\n\t\t\t\t\t\t<div class=\"elementor-element elementor-element-efeb573 elementor-widget elementor-widget-bdt-accordion\" data-id=\"efeb573\" data-element_type=\"widget\" data-widget_type=\"bdt-accordion.default\">\n\t\t\t\t<div class=\"elementor-widget-container\">\n\t\t\t        <div class=\"bdt-ep-accordion-container\">\n            <div id=\"bdt-ep-accordion-efeb573\" class=\"bdt-ep-accordion bdt-accordion\" data-bdt-accordion=\"{&quot;collapsible&quot;:true,&quot;multiple&quot;:false,&quot;transition&quot;:&quot;ease-in-out&quot;}\" data-settings=\"{&quot;id&quot;:&quot;bdt-ep-accordion-efeb573&quot;,&quot;activeHash&quot;:&quot;no&quot;,&quot;activeScrollspy&quot;:null,&quot;hashTopOffset&quot;:false,&quot;hashScrollspyTime&quot;:false}\">\n                                    <div class=\"bdt-ep-accordion-item\">\n                        <div class=\"bdt-ep-accordion-title bdt-accordion-title bdt-flex bdt-flex-middle bdt-flex-between\" id=\"bdt-ep-accordion-derechos-pecuniarios\" data-accordion-index=\"0\"  data-title=\"derechos-pecuniarios\">\n\n                                                            <span class=\"bdt-ep-accordion-icon bdt-flex-align-right\" aria-hidden=\"true\">\n\n                                                                            <span class=\"bdt-ep-accordion-icon-closed\">\n                                            <i aria-hidden=\"true\" class=\"fa-fw fas fa-plus\"><\/i>                                        <\/span>\n                                    \n                                                                            <span class=\"bdt-ep-accordion-icon-opened\">\n                                            <i aria-hidden=\"true\" class=\"fa-fw fas fa-minus\"><\/i>                                        <\/span>\n                                    \n                                <\/span>\n                            \n                            <span role=\"heading\" class=\"bdt-ep-title-text bdt-flex bdt-flex-middle\">\n\n                                                                Derechos Pecuniarios                            <\/span>\n\n                        <\/div>\n                        <div class=\"bdt-ep-accordion-content bdt-accordion-content\">\n                            <ul><li><strong><a href=\"https:\/\/www.iser.edu.co\/wp-content\/uploads\/2025\/01\/Res-932-del-26-dic-2024.pdf\">Resoluci\u00f3n 932 del 26 de diciembre de 2024<\/a><\/strong>\u00a0\u201cPor la cual se hace la conversi\u00f3n del valor de los derechos pecuniarios del Instituto Superior de Educaci\u00f3n Rural \u2013 ISER para la vigencia 2025\u201d<\/li><li>\u00a0<\/li><li><a href=\"https:\/\/www.iser.edu.co\/wp-content\/uploads\/2024\/10\/Res-573-del-30-jul-2024.pdf\"><strong>Resoluci\u00f3n 573 del 30 de julio de 2024<\/strong><\/a> \u201cpor la cual se hace la conversi\u00f3n del valor de los derechos pecuniarios de los programas a distancia del instituto superior de educaci\u00f3n Rural- ISER para la vigencia 2024\u201d<\/li><li><strong style=\"color: var(--global-palette4); letter-spacing: 0px;\"><a href=\"https:\/\/www.iser.edu.co\/wp-content\/uploads\/2024\/03\/840_2023-1.pdf\">Resoluci\u00f3n 840 del 5 de diciembre 2023<\/a><a href=\"https:\/\/www.iser.edu.co\/iser\/hermesoft\/portalIG\/home_1\/recursos\/resoluciones_rectoria\/2023\/12122023\/840_2023.pdf\">\u00a0<\/a><\/strong><span style=\"color: var(--global-palette4); letter-spacing: 0px;\">\u201cpor\u00a0la cual se hace la conversi\u00f3n del valor de los derechos pecuniarios del\u00a0<\/span><span style=\"color: var(--global-palette4); letter-spacing: 0px;\">Instituto Superior de Educaci\u00f3n Rural-ISER para la vigencia 2024\u201d<\/span><\/li><li><strong><a href=\"https:\/\/www.iser.edu.co\/wp-content\/uploads\/2024\/03\/0222023.pdf\">Acuerdo 022 del 9 de agosto de 2023<\/a><\/strong> \u201cPor medio del cual se modifica parcialmente el acuerdo 021 del 13 diciembre<br \/>de 2019, Por el Cual se establecen los derechos pecuniarios para el Instituto Superior de Educaci\u00f3n Rural ISER de Pamplona\u201d\u00a0<\/li><li><a href=\"http:\/\/www.iser.edu.co\/iser\/hermesoft\/portalIG\/home_1\/recursos\/acuerdos_directivo\/2019\/14122019\/acuerdo_021_13_diciembre.pdf\"><strong>Acuerdo 021 del 13 de diciembre de 2019<\/strong><\/a>\u00a0&#8220;Por medio del cual se establecen los derechos pecuniarios para el Instituto Superior de Educaci\u00f3n Rural &#8211; ISER&#8221;<\/li><\/ul>                        <\/div>\n                    <\/div>\n                                    <div class=\"bdt-ep-accordion-item\">\n                        <div class=\"bdt-ep-accordion-title bdt-accordion-title bdt-flex bdt-flex-middle bdt-flex-between\" id=\"bdt-ep-accordion-requisitos-de-grado\" data-accordion-index=\"1\"  data-title=\"requisitos-de-grado\">\n\n                                                            <span class=\"bdt-ep-accordion-icon bdt-flex-align-right\" aria-hidden=\"true\">\n\n                                                                            <span class=\"bdt-ep-accordion-icon-closed\">\n                                            <i aria-hidden=\"true\" class=\"fa-fw fas fa-plus\"><\/i>                                        <\/span>\n                                    \n                                                                            <span class=\"bdt-ep-accordion-icon-opened\">\n                                            <i aria-hidden=\"true\" class=\"fa-fw fas fa-minus\"><\/i>                                        <\/span>\n                                    \n                                <\/span>\n                            \n                            <span role=\"heading\" class=\"bdt-ep-title-text bdt-flex bdt-flex-middle\">\n\n                                                                Requisitos de Grado                            <\/span>\n\n                        <\/div>\n                        <div class=\"bdt-ep-accordion-content bdt-accordion-content\">\n                            <ol><li>Fotocopia de la c\u00e9dula de ciudadan\u00eda (legible)<\/li><li>Fotocopia ICFES<\/li><li>Fotocopia de Diploma de Bachiller<\/li><li>Fotocopia Acta de Grado de Bachiller<\/li><li>Fotocopia resultados Prueba SABER TYT<\/li><li>2 cursos preparatorios Prueba SABER TyT (comun\u00edcate con t\u00fa facultad)<\/li><li>Aprobar la prueba Institucional en comprensi\u00f3n lectora y producci\u00f3n escrita en segunda lengua (preferiblemente Ingl\u00e9s) (comun\u00edcate al correo: auxiliarcienciassociales@iser.edu.co \/ 316 761 9368 &#8211; auxiliaringenierias@iser.edu.co \/ 316 665 9718<\/li><li>Acta de sustentaci\u00f3n de Trabajo de Grado<\/li><li>60 horas de Servicio Social certificada por la oficina de Extensi\u00f3n (comun\u00edcate al correo: (extension@iser.edu.co \/ 316 669 9361)<\/li><li>Dos cursos de competencia de Inform\u00e1tica, cuya vigencia no puede ser superior a dos a\u00f1os. (comun\u00edcate con el proceso de Extensi\u00f3n).<\/li><li>Diligenciar la encuesta <a href=\"http:\/\/www.graduadoscolombia.edu.co\/encuesta\/\" rel=\"nofollow noopener\" target=\"_blank\"><strong>Momento Cero,<\/strong><\/a> si tienes dudas comun\u00edcate al correo: egresados@iser.edu.co o al Cel. 316 669 9361<\/li><li>Estar a Paz y Salvo acad\u00e9mica y financieramente.<\/li><li>Para iniciar el proceso de grado se debe tener registradas las notas de la totalidad de las asignaturas del plan de estudio (Verificar en el campus las calificaciones)<\/li><li>Imprimir el Registro extendido de calificaciones<\/li><li>Haber cursado las 3 Electivas ofertados por la oficina de Bienestar (Verificar en el campus las calificaciones, si no aparecen favor ac\u00e9rcate a la oficina de Admisiones, Registro y Control Acad\u00e9mico)<\/li><li>Comprobante de los derechos de Grado<\/li><li>Tener un promedio acumulado igual o superior a 3.20, el estudiante que tenga un promedio acumulado inferior a 3.2 deber\u00e1 presentar un examen de suficiencia para optar al T\u00edtulo, el cual debe cancelar seg\u00fan derechos pecuniarios. (en el Reglamento Acad\u00e9mico Estudiantil, Acuerdo 014 del 27 de julio de 2018, T\u00edtulo V, Cap\u00edtulo I, Articulo 91 con sus par\u00e1grafos., se define el examen de suficiencia para optar al t\u00edtulo: son pruebas de revisi\u00f3n general de conocimiento que se aplica por \u00fanica vez y contemplan todos los componentes curriculares que conforman el plan de estudio, el cual debe ser aprobado con tres punto veinte (3.20)<\/li><li>Foto fondo blanco tama\u00f1o 3*4 para carnet de egresado.<\/li><\/ol><p><strong><em>Recepci\u00f3n de documentos en la oficina de Admisiones, Registro y Control Acad\u00e9mico Grados por Ceremonia o Grados por Secretar\u00eda, en las FECHAS ESTABLECIDAS seg\u00fan calendario acad\u00e9mico<\/em><\/strong><\/p>                        <\/div>\n                    <\/div>\n                                    <div class=\"bdt-ep-accordion-item\">\n                        <div class=\"bdt-ep-accordion-title bdt-accordion-title bdt-flex bdt-flex-middle bdt-flex-between\" id=\"bdt-ep-accordion-constancias-y-certificados\" data-accordion-index=\"2\"  data-title=\"constancias-y-certificados\">\n\n                                                            <span class=\"bdt-ep-accordion-icon bdt-flex-align-right\" aria-hidden=\"true\">\n\n                                                                            <span class=\"bdt-ep-accordion-icon-closed\">\n                                            <i aria-hidden=\"true\" class=\"fa-fw fas fa-plus\"><\/i>                                        <\/span>\n                                    \n                                                                            <span class=\"bdt-ep-accordion-icon-opened\">\n                                            <i aria-hidden=\"true\" class=\"fa-fw fas fa-minus\"><\/i>                                        <\/span>\n                                    \n                                <\/span>\n                            \n                            <span role=\"heading\" class=\"bdt-ep-title-text bdt-flex bdt-flex-middle\">\n\n                                                                Constancias y Certificados                            <\/span>\n\n                        <\/div>\n                        <div class=\"bdt-ep-accordion-content bdt-accordion-content\">\n                            <p><strong>Certificado y constancia de buena conducta<\/strong> $28.000<br \/><strong>Certificado y constancia estudiantil<\/strong> $28.000<br \/><strong>Certificado de notas por semestre<\/strong> $43.000<br \/><strong>Certificado de notas egresado t\u00e9cnico profesional<\/strong> $114.000<br \/><strong>Certificado de notas egresado tecnolog\u00eda<\/strong> $171.000<br \/><strong>Certificado de notas licenciatura<\/strong> $356.000<br \/><strong>Contenidos program\u00e1ticos por semestre<\/strong> $71.000<\/p><p><em><strong>Comun\u00edcate con la oficina de pagadur\u00eda pagaduria@iser.edu.co \/ 317 492 7919 y solicita tu <\/strong><strong>liquidaci\u00f3n, a<\/strong><strong>dem\u00e1s, debes cancelar la estampilla en Rentas Departamentales<\/strong><\/em><\/p><p><strong>Estudiantes Activos<\/strong>\u00a0se Except\u00faan del cobro de estampilla las 2 primeras certificaciones en cada vigencia. Seg\u00fan Art. 306 del cap\u00edtulo VIII de la Ordenanza No.010 del 21 de septiembre de 2018, del nuevo Estatuto Tributario del Departamento Norte de Santander.<\/p><p><em><strong>Si vives fuera de Pamplona debes realizar las siguientes consignaciones en las siguientes cuentas Bancarias del Banco de Bogot\u00e1<\/strong><\/em><\/p><p>1. <strong>Cuenta de ahorros<\/strong> 260-47883-9 \/ <strong>Nombre de la cuenta:<\/strong> Tesorer\u00eda general del Dpto. estampilla Pro-Desarrollo \/ <strong>Concepto:<\/strong> Pro-Desarrollo Departamental \/ <strong>Valor:<\/strong> $3.000<br \/>2. <strong>Cuenta de ahorros<\/strong> 260-47884-7 \/ <strong>Nombre de la cuenta:<\/strong> Estampilla Pro-Desarrollo Fronterizo \/ <strong>Concepto:<\/strong> Pro-Desarrollo Fronterizo \/ <strong>Valor:<\/strong> $ 3.000<br \/>3. <strong>Cuenta de ahorros<\/strong> 260-47886-2 \/ <strong>Nombre de la cuenta:<\/strong> Tesorer\u00eda General del Dpto. estampilla Pro-Electrificaci\u00f3n \/ <strong>Concepto:<\/strong> Pro-Electrificaci\u00f3n Rural \/ <strong>Valor:<\/strong> $3.000<br \/>4. <strong>Cuenta de ahorros<\/strong> 260-47887-0 \/ <strong>Nombre de la cuenta:<\/strong> Tesorer\u00eda General del Dpto. estampilla Pro-Cultura \/ <strong>Concepto:<\/strong> Pro-Cultura \/ <strong>Valor:<\/strong> $13.000<br \/>5. <strong>Cuenta Corriente<\/strong> 260-75958-4 \/ <strong>Nombre de la cuenta:<\/strong> Tesorer\u00eda General del Dpto. Recaudo Estampilla Acad\u00e9mica y Cient\u00edfica \/ <strong>Concepto:<\/strong> Pro-Desarrollo Acad\u00e9mico \/ <strong>Valor:<\/strong> $4.000<br \/>6. <strong>Cuenta de ahorros<\/strong> 260-26025-2 \/ <strong>Nombre de la cuenta:<\/strong> Tesorer\u00eda General del Dpto. Recaudo Estampilla Erasmo Meoz \/ <strong>Concepto:<\/strong> Pro-Hospital Erasmo Meoz \/ <strong>Valor:<\/strong> $5.000<\/p><p><strong>NOTA:<\/strong> Por cada certificado (tr\u00e1mite) solicitado se debes comprar una estampilla.<\/p><p><strong>Tiempo de entrega:<\/strong> 5 d\u00edas h\u00e1biles contados a partir de un d\u00eda despu\u00e9s de la fecha de recibida la solicitud en la oficina de Admisiones, Registro y control Acad\u00e9mico, siempre y cuando las notas est\u00e9n en el sistema (a\u00f1o 2010 en adelante), para certificaciones anteriores a 2010 el tiempo de entrega es de 8 a 10 d\u00edas h\u00e1biles.<\/p>                        <\/div>\n                    <\/div>\n                            <\/div>\n        <\/div>\n\t\t<\/div>\n\t\t\t\t<\/div>\n\t\t\t\t\t<\/div>\n\t\t<\/div>\n\t\t\t\t\t<\/div>\n\t\t<\/section>\n\t\t\t\t<\/div>\n\t\t","protected":false},"excerpt":{"rendered":"<p>Admisiones, Registro y Control Acad\u00e9mico Ing. Nubia Yanneth Molina P\u00e9rezProfesional Universitaria de Admisiones Registro y Control Acad\u00e9micodirectorregistro@iser.edu.co &#8211;\u00a0Ext.\u00a0102 Proceso de Inscripci\u00f3n, Selecci\u00f3n y Admisi\u00f3n Inscripci\u00f3n Estudiantes Nuevos Realice su inscripci\u00f3n en l\u00ednea a trav\u00e9s de www.iser.edu.co \u00a0 En el siguiente enlace deber\u00e1s cargar en formato PDF los documentos que se enlistan a continuaci\u00f3n Formulario de&#8230;<\/p>\n<div class=\"pvc_clear\"><\/div>\n<p id=\"pvc_stats_5087\" class=\"pvc_stats all  \" data-element-id=\"5087\" style=\"\"><i class=\"pvc-stats-icon medium\" aria-hidden=\"true\"><svg aria-hidden=\"true\" focusable=\"false\" data-prefix=\"far\" data-icon=\"chart-bar\" role=\"img\" xmlns=\"http:\/\/www.w3.org\/2000\/svg\" viewBox=\"0 0 512 512\" class=\"svg-inline--fa fa-chart-bar fa-w-16 fa-2x\"><path fill=\"currentColor\" d=\"M396.8 352h22.4c6.4 0 12.8-6.4 12.8-12.8V108.8c0-6.4-6.4-12.8-12.8-12.8h-22.4c-6.4 0-12.8 6.4-12.8 12.8v230.4c0 6.4 6.4 12.8 12.8 12.8zm-192 0h22.4c6.4 0 12.8-6.4 12.8-12.8V140.8c0-6.4-6.4-12.8-12.8-12.8h-22.4c-6.4 0-12.8 6.4-12.8 12.8v198.4c0 6.4 6.4 12.8 12.8 12.8zm96 0h22.4c6.4 0 12.8-6.4 12.8-12.8V204.8c0-6.4-6.4-12.8-12.8-12.8h-22.4c-6.4 0-12.8 6.4-12.8 12.8v134.4c0 6.4 6.4 12.8 12.8 12.8zM496 400H48V80c0-8.84-7.16-16-16-16H16C7.16 64 0 71.16 0 80v336c0 17.67 14.33 32 32 32h464c8.84 0 16-7.16 16-16v-16c0-8.84-7.16-16-16-16zm-387.2-48h22.4c6.4 0 12.8-6.4 12.8-12.8v-70.4c0-6.4-6.4-12.8-12.8-12.8h-22.4c-6.4 0-12.8 6.4-12.8 12.8v70.4c0 6.4 6.4 12.8 12.8 12.8z\" class=\"\"><\/path><\/svg><\/i> <img decoding=\"async\" width=\"16\" height=\"16\" alt=\"Loading\" src=\"https:\/\/www.iser.edu.co\/wp-content\/plugins\/page-views-count\/ajax-loader-2x.gif\" border=0 \/><\/p>\n<div class=\"pvc_clear\"><\/div>\n","protected":false},"author":1,"featured_media":0,"parent":0,"menu_order":0,"comment_status":"closed","ping_status":"closed","template":"","meta":{"_kadence_starter_templates_imported_post":false,"_kad_post_transparent":"","_kad_post_title":"hide","_kad_post_layout":"fullwidth","_kad_post_sidebar_id":"","_kad_post_content_style":"unboxed","_kad_post_vertical_padding":"hide","_kad_post_feature":"hide","_kad_post_feature_position":"","_kad_post_header":false,"_kad_post_footer":false,"footnotes":""},"_links":{"self":[{"href":"https:\/\/www.iser.edu.co\/index.php\/wp-json\/wp\/v2\/pages\/5087"}],"collection":[{"href":"https:\/\/www.iser.edu.co\/index.php\/wp-json\/wp\/v2\/pages"}],"about":[{"href":"https:\/\/www.iser.edu.co\/index.php\/wp-json\/wp\/v2\/types\/page"}],"author":[{"embeddable":true,"href":"https:\/\/www.iser.edu.co\/index.php\/wp-json\/wp\/v2\/users\/1"}],"replies":[{"embeddable":true,"href":"https:\/\/www.iser.edu.co\/index.php\/wp-json\/wp\/v2\/comments?post=5087"}],"version-history":[{"count":10,"href":"https:\/\/www.iser.edu.co\/index.php\/wp-json\/wp\/v2\/pages\/5087\/revisions"}],"predecessor-version":[{"id":24791,"href":"https:\/\/www.iser.edu.co\/index.php\/wp-json\/wp\/v2\/pages\/5087\/revisions\/24791"}],"wp:attachment":[{"href":"https:\/\/www.iser.edu.co\/index.php\/wp-json\/wp\/v2\/media?parent=5087"}],"curies":[{"name":"wp","href":"https:\/\/api.w.org\/{rel}","templated":true}]}}