{"id":5350,"date":"2024-03-22T20:51:47","date_gmt":"2024-03-23T01:51:47","guid":{"rendered":"https:\/\/www.iser.edu.co\/?page_id=5350"},"modified":"2024-03-22T20:53:25","modified_gmt":"2024-03-23T01:53:25","slug":"gestion-de-recursos-fisicos-y-medios-educativos","status":"publish","type":"page","link":"https:\/\/www.iser.edu.co\/index.php\/gestion-de-recursos-fisicos-y-medios-educativos\/","title":{"rendered":"Gesti\u00f3n de Recursos F\u00edsicos y Medios Educativos"},"content":{"rendered":"\t\t<div data-elementor-type=\"wp-page\" data-elementor-id=\"5350\" class=\"elementor elementor-5350\" data-elementor-post-type=\"page\">\n\t\t\t\t\t\t<section class=\"elementor-section elementor-top-section elementor-element elementor-element-84881fd elementor-section-boxed elementor-section-height-default elementor-section-height-default\" data-id=\"84881fd\" data-element_type=\"section\" data-settings=\"{&quot;jet_parallax_layout_list&quot;:[],&quot;_ha_eqh_enable&quot;:false}\">\n\t\t\t\t\t\t<div class=\"elementor-container elementor-column-gap-default\">\n\t\t\t\t\t<div class=\"elementor-column elementor-col-100 elementor-top-column elementor-element elementor-element-0359a94\" data-id=\"0359a94\" data-element_type=\"column\">\n\t\t\t<div class=\"elementor-widget-wrap elementor-element-populated\">\n\t\t\t\t\t\t<div class=\"elementor-element elementor-element-968f6b2 elementor-widget elementor-widget-heading\" data-id=\"968f6b2\" data-element_type=\"widget\" data-widget_type=\"heading.default\">\n\t\t\t\t<div class=\"elementor-widget-container\">\n\t\t\t<h2 class=\"elementor-heading-title elementor-size-default\"><h1 style=\"font-family: Arial, Helvetica, sans-serif; margin-bottom: 20px; font-size: 24px; color: rgb(39, 114, 39); white-space-collapse: collapse;\">Gesti\u00f3n de Recursos F\u00edsicos y Medios Educativos<\/h1><\/h2>\t\t<\/div>\n\t\t\t\t<\/div>\n\t\t\t\t\t<\/div>\n\t\t<\/div>\n\t\t\t\t\t<\/div>\n\t\t<\/section>\n\t\t\t\t<section class=\"elementor-section elementor-top-section elementor-element elementor-element-56cd346 elementor-section-boxed elementor-section-height-default elementor-section-height-default\" data-id=\"56cd346\" data-element_type=\"section\" data-settings=\"{&quot;jet_parallax_layout_list&quot;:[],&quot;_ha_eqh_enable&quot;:false}\">\n\t\t\t\t\t\t<div class=\"elementor-container elementor-column-gap-default\">\n\t\t\t\t\t<div class=\"elementor-column elementor-col-100 elementor-top-column elementor-element elementor-element-a37393f\" data-id=\"a37393f\" data-element_type=\"column\">\n\t\t\t<div class=\"elementor-widget-wrap elementor-element-populated\">\n\t\t\t\t\t\t<div class=\"elementor-element elementor-element-c8118ad elementor-widget elementor-widget-text-editor\" data-id=\"c8118ad\" data-element_type=\"widget\" data-widget_type=\"text-editor.default\">\n\t\t\t\t<div class=\"elementor-widget-container\">\n\t\t\t\t\t\t\t<p style=\"margin: 0px 0px 20px; color: #333333; font-family: Arial, Helvetica, sans-serif; font-size: 12px; text-align: justify;\"><span style=\"font-family: arial, helvetica, sans-serif;\"><span style=\"font-size: small;\"><span style=\"color: #287328;\"><strong>Ruth Yanira BUitrago<\/strong><\/span><br \/>T\u00e9cnico Administrativo Gesti\u00f3n de Recursos F\u00edsicos y Medios Educativos<br \/>recursoseducativos@iser.edu.co<\/span><\/span><\/p><div style=\"font-family: Arial, Helvetica, sans-serif; font-size: 12px; text-align: justify; color: #000000;\"><span style=\"font-family: arial, helvetica, sans-serif;\"><span style=\"font-size: small;\"><a style=\"color: #006699;\" href=\"http:\/\/www.iser.edu.co\/iser\/hermesoft\/portalIG\/home_1\/recursos\/acuerdos_directivo\/2020\/25012021\/acuerdo_016_02_diciembre.pdf\"><strong>Acuerdo 016 del 02 de diciembre de 2020<\/strong><\/a>\u00a0&#8220;Por el cual se adopta la Pol\u00edtica de Renovaci\u00f3n de Infraestructura F\u00edsica y Tecnol\u00f3gica del Instituto Superior de Educaci\u00f3n Rural ISER&#8221;<\/span><\/span><\/div><div style=\"font-family: Arial, Helvetica, sans-serif; font-size: 12px; text-align: justify; color: #000000;\"><span style=\"font-family: arial, helvetica, sans-serif;\"><span style=\"font-size: small;\">\u00a0<\/span><\/span><\/div>\t\t\t\t\t\t<\/div>\n\t\t\t\t<\/div>\n\t\t\t\t\t<\/div>\n\t\t<\/div>\n\t\t\t\t\t<\/div>\n\t\t<\/section>\n\t\t\t\t<\/div>\n\t\t","protected":false},"excerpt":{"rendered":"<p>Gesti\u00f3n de Recursos F\u00edsicos y Medios Educativos Ruth Yanira BUitragoT\u00e9cnico Administrativo Gesti\u00f3n de Recursos F\u00edsicos y Medios Educativosrecursoseducativos@iser.edu.co Acuerdo 016 del 02 de diciembre de 2020\u00a0&#8220;Por el cual se adopta la Pol\u00edtica de Renovaci\u00f3n de Infraestructura F\u00edsica y Tecnol\u00f3gica del Instituto Superior de Educaci\u00f3n Rural ISER&#8221;\u00a0<\/p>\n<div class=\"pvc_clear\"><\/div>\n<p id=\"pvc_stats_5350\" class=\"pvc_stats all  \" data-element-id=\"5350\" style=\"\"><i class=\"pvc-stats-icon medium\" aria-hidden=\"true\"><svg aria-hidden=\"true\" focusable=\"false\" data-prefix=\"far\" data-icon=\"chart-bar\" role=\"img\" xmlns=\"http:\/\/www.w3.org\/2000\/svg\" viewBox=\"0 0 512 512\" class=\"svg-inline--fa fa-chart-bar fa-w-16 fa-2x\"><path fill=\"currentColor\" d=\"M396.8 352h22.4c6.4 0 12.8-6.4 12.8-12.8V108.8c0-6.4-6.4-12.8-12.8-12.8h-22.4c-6.4 0-12.8 6.4-12.8 12.8v230.4c0 6.4 6.4 12.8 12.8 12.8zm-192 0h22.4c6.4 0 12.8-6.4 12.8-12.8V140.8c0-6.4-6.4-12.8-12.8-12.8h-22.4c-6.4 0-12.8 6.4-12.8 12.8v198.4c0 6.4 6.4 12.8 12.8 12.8zm96 0h22.4c6.4 0 12.8-6.4 12.8-12.8V204.8c0-6.4-6.4-12.8-12.8-12.8h-22.4c-6.4 0-12.8 6.4-12.8 12.8v134.4c0 6.4 6.4 12.8 12.8 12.8zM496 400H48V80c0-8.84-7.16-16-16-16H16C7.16 64 0 71.16 0 80v336c0 17.67 14.33 32 32 32h464c8.84 0 16-7.16 16-16v-16c0-8.84-7.16-16-16-16zm-387.2-48h22.4c6.4 0 12.8-6.4 12.8-12.8v-70.4c0-6.4-6.4-12.8-12.8-12.8h-22.4c-6.4 0-12.8 6.4-12.8 12.8v70.4c0 6.4 6.4 12.8 12.8 12.8z\" class=\"\"><\/path><\/svg><\/i> <img decoding=\"async\" width=\"16\" height=\"16\" alt=\"Loading\" src=\"https:\/\/www.iser.edu.co\/wp-content\/plugins\/page-views-count\/ajax-loader-2x.gif\" border=0 \/><\/p>\n<div class=\"pvc_clear\"><\/div>\n","protected":false},"author":1,"featured_media":0,"parent":0,"menu_order":0,"comment_status":"closed","ping_status":"closed","template":"","meta":{"_kadence_starter_templates_imported_post":false,"_kad_post_transparent":"","_kad_post_title":"hide","_kad_post_layout":"fullwidth","_kad_post_sidebar_id":"","_kad_post_content_style":"unboxed","_kad_post_vertical_padding":"hide","_kad_post_feature":"hide","_kad_post_feature_position":"","_kad_post_header":false,"_kad_post_footer":false,"footnotes":""},"_links":{"self":[{"href":"https:\/\/www.iser.edu.co\/index.php\/wp-json\/wp\/v2\/pages\/5350"}],"collection":[{"href":"https:\/\/www.iser.edu.co\/index.php\/wp-json\/wp\/v2\/pages"}],"about":[{"href":"https:\/\/www.iser.edu.co\/index.php\/wp-json\/wp\/v2\/types\/page"}],"author":[{"embeddable":true,"href":"https:\/\/www.iser.edu.co\/index.php\/wp-json\/wp\/v2\/users\/1"}],"replies":[{"embeddable":true,"href":"https:\/\/www.iser.edu.co\/index.php\/wp-json\/wp\/v2\/comments?post=5350"}],"version-history":[{"count":0,"href":"https:\/\/www.iser.edu.co\/index.php\/wp-json\/wp\/v2\/pages\/5350\/revisions"}],"wp:attachment":[{"href":"https:\/\/www.iser.edu.co\/index.php\/wp-json\/wp\/v2\/media?parent=5350"}],"curies":[{"name":"wp","href":"https:\/\/api.w.org\/{rel}","templated":true}]}}