{"id":5358,"date":"2024-03-23T17:42:19","date_gmt":"2024-03-23T22:42:19","guid":{"rendered":"https:\/\/www.iser.edu.co\/?page_id=5358"},"modified":"2024-09-12T09:42:42","modified_gmt":"2024-09-12T14:42:42","slug":"recursos-de-imagen-corporativa","status":"publish","type":"page","link":"https:\/\/www.iser.edu.co\/index.php\/recursos-de-imagen-corporativa\/","title":{"rendered":"Recursos de Imagen Corporativa"},"content":{"rendered":"\t\t<div data-elementor-type=\"wp-page\" data-elementor-id=\"5358\" class=\"elementor elementor-5358\" data-elementor-post-type=\"page\">\n\t\t\t\t\t\t<section class=\"elementor-section elementor-top-section elementor-element elementor-element-5aac787 elementor-section-boxed elementor-section-height-default elementor-section-height-default\" data-id=\"5aac787\" data-element_type=\"section\" data-settings=\"{&quot;jet_parallax_layout_list&quot;:[],&quot;_ha_eqh_enable&quot;:false}\">\n\t\t\t\t\t\t<div class=\"elementor-container elementor-column-gap-default\">\n\t\t\t\t\t<div class=\"elementor-column elementor-col-100 elementor-top-column elementor-element elementor-element-3dddb0b\" data-id=\"3dddb0b\" data-element_type=\"column\">\n\t\t\t<div class=\"elementor-widget-wrap elementor-element-populated\">\n\t\t\t\t\t\t<div class=\"elementor-element elementor-element-ec2e43d elementor-widget-divider--view-line elementor-widget elementor-widget-divider\" data-id=\"ec2e43d\" data-element_type=\"widget\" data-widget_type=\"divider.default\">\n\t\t\t\t<div class=\"elementor-widget-container\">\n\t\t\t\t\t<div class=\"elementor-divider\">\n\t\t\t<span class=\"elementor-divider-separator\">\n\t\t\t\t\t\t<\/span>\n\t\t<\/div>\n\t\t\t\t<\/div>\n\t\t\t\t<\/div>\n\t\t\t\t\t<\/div>\n\t\t<\/div>\n\t\t\t\t\t<\/div>\n\t\t<\/section>\n\t\t\t\t<section class=\"elementor-section elementor-top-section elementor-element elementor-element-7b73e5e elementor-section-boxed elementor-section-height-default elementor-section-height-default\" data-id=\"7b73e5e\" data-element_type=\"section\" data-settings=\"{&quot;jet_parallax_layout_list&quot;:[],&quot;_ha_eqh_enable&quot;:false}\">\n\t\t\t\t\t\t<div class=\"elementor-container elementor-column-gap-default\">\n\t\t\t\t\t<div class=\"elementor-column elementor-col-100 elementor-top-column elementor-element elementor-element-c2b74bd\" data-id=\"c2b74bd\" data-element_type=\"column\">\n\t\t\t<div class=\"elementor-widget-wrap elementor-element-populated\">\n\t\t\t\t\t\t<div class=\"elementor-element elementor-element-9954359 elementor-widget elementor-widget-heading\" data-id=\"9954359\" data-element_type=\"widget\" data-widget_type=\"heading.default\">\n\t\t\t\t<div class=\"elementor-widget-container\">\n\t\t\t<h2 class=\"elementor-heading-title elementor-size-default\">Identidad Visual ISER<\/h2>\t\t<\/div>\n\t\t\t\t<\/div>\n\t\t\t\t<div class=\"elementor-element elementor-element-f3c1def elementor-widget-divider--view-line elementor-widget elementor-widget-divider\" data-id=\"f3c1def\" data-element_type=\"widget\" data-widget_type=\"divider.default\">\n\t\t\t\t<div class=\"elementor-widget-container\">\n\t\t\t\t\t<div class=\"elementor-divider\">\n\t\t\t<span class=\"elementor-divider-separator\">\n\t\t\t\t\t\t<\/span>\n\t\t<\/div>\n\t\t\t\t<\/div>\n\t\t\t\t<\/div>\n\t\t\t\t\t<\/div>\n\t\t<\/div>\n\t\t\t\t\t<\/div>\n\t\t<\/section>\n\t\t\t\t<section class=\"elementor-section elementor-top-section elementor-element elementor-element-485f3fe elementor-section-boxed elementor-section-height-default elementor-section-height-default\" data-id=\"485f3fe\" data-element_type=\"section\" data-settings=\"{&quot;jet_parallax_layout_list&quot;:[],&quot;_ha_eqh_enable&quot;:false}\">\n\t\t\t\t\t\t<div class=\"elementor-container elementor-column-gap-default\">\n\t\t\t\t\t<div class=\"elementor-column elementor-col-100 elementor-top-column elementor-element elementor-element-5d7a6cd\" data-id=\"5d7a6cd\" data-element_type=\"column\">\n\t\t\t<div class=\"elementor-widget-wrap elementor-element-populated\">\n\t\t\t\t\t\t<div class=\"elementor-element elementor-element-926b18b elementor-widget elementor-widget-text-editor\" data-id=\"926b18b\" data-element_type=\"widget\" data-widget_type=\"text-editor.default\">\n\t\t\t\t<div class=\"elementor-widget-container\">\n\t\t\t\t\t\t\t<p>La identidad visual del Instituto Superior de Educaci\u00f3n Rural &#8211; ISER se encuentra alineada con la identidad corporativa y esta a su vez, con los principios, valores y apuestas institucionales contemplados en el Proyecto Educativo Institucional, estos elementos la identifican como instituci\u00f3n t\u00e9cnica y tecnol\u00f3gica y sirven para diferenciarla de otras instituciones de educaci\u00f3n superior.<\/p><p>La identidad visual del Instituto Superior de Educaci\u00f3n Rural &#8211; ISER, est\u00e1 conformada por su logo s\u00edmbolo, paleta de colores, tipograf\u00edas y otros elementos visuales a utilizar en la publicidad. Sus usos construyen la identidad visual del ISER en medios tradicionales y digitales.<\/p><p>El uso correcto de los recursos de identidad visual y los lineamientos establecidos, permiten reforzar el posicionamiento institucional y de la marca Instituto Superior de Educaci\u00f3n Rural &#8211; ISER, ante los diferentes grupos de valor, bajo el concepto de ruralidad que caracteriza a la instituci\u00f3n.<\/p><p>Los logo s\u00edmbolos y archivos autorizados en alta resoluci\u00f3n y en los formatos para el dise\u00f1o de piezas, son suministrados por el proceso Gesti\u00f3n de Comunicaci\u00f3n y Relaciones P\u00fablicas, previa solicitud a trav\u00e9s del correo electr\u00f3nico relacionespublicas@iser.edu.co<\/p><p>\u00a0<\/p><ul><li><a href=\"https:\/\/www.iser.edu.co\/wp-content\/uploads\/2024\/09\/M-GCRP-01-MANUAL-ID-VISUAL-V.01.pdf\"><strong>Manual de Identidad Visual<\/strong><\/a><\/li><li><a href=\"https:\/\/www.iser.edu.co\/wp-content\/uploads\/2024\/07\/res-560-del-22-jul-2024.pdf\"><strong>Resoluci\u00f3n 560 del 22 de julio de 2024<\/strong><\/a> &#8220;Por medio de la cual se adopta el Manual de Identidad Visual del Instituto Superior de Educaci\u00f3n Rural ISER&#8221;<\/li><\/ul>\t\t\t\t\t\t<\/div>\n\t\t\t\t<\/div>\n\t\t\t\t\t<\/div>\n\t\t<\/div>\n\t\t\t\t\t<\/div>\n\t\t<\/section>\n\t\t\t\t<\/div>\n\t\t","protected":false},"excerpt":{"rendered":"<p>Identidad Visual ISER La identidad visual del Instituto Superior de Educaci\u00f3n Rural &#8211; ISER se encuentra alineada con la identidad corporativa y esta a su vez, con los principios, valores y apuestas institucionales contemplados en el Proyecto Educativo Institucional, estos elementos la identifican como instituci\u00f3n t\u00e9cnica y tecnol\u00f3gica y sirven para diferenciarla de otras instituciones&#8230;<\/p>\n<div class=\"pvc_clear\"><\/div>\n<p id=\"pvc_stats_5358\" class=\"pvc_stats all  \" data-element-id=\"5358\" style=\"\"><i class=\"pvc-stats-icon medium\" aria-hidden=\"true\"><svg aria-hidden=\"true\" focusable=\"false\" data-prefix=\"far\" data-icon=\"chart-bar\" role=\"img\" xmlns=\"http:\/\/www.w3.org\/2000\/svg\" viewBox=\"0 0 512 512\" class=\"svg-inline--fa fa-chart-bar fa-w-16 fa-2x\"><path fill=\"currentColor\" d=\"M396.8 352h22.4c6.4 0 12.8-6.4 12.8-12.8V108.8c0-6.4-6.4-12.8-12.8-12.8h-22.4c-6.4 0-12.8 6.4-12.8 12.8v230.4c0 6.4 6.4 12.8 12.8 12.8zm-192 0h22.4c6.4 0 12.8-6.4 12.8-12.8V140.8c0-6.4-6.4-12.8-12.8-12.8h-22.4c-6.4 0-12.8 6.4-12.8 12.8v198.4c0 6.4 6.4 12.8 12.8 12.8zm96 0h22.4c6.4 0 12.8-6.4 12.8-12.8V204.8c0-6.4-6.4-12.8-12.8-12.8h-22.4c-6.4 0-12.8 6.4-12.8 12.8v134.4c0 6.4 6.4 12.8 12.8 12.8zM496 400H48V80c0-8.84-7.16-16-16-16H16C7.16 64 0 71.16 0 80v336c0 17.67 14.33 32 32 32h464c8.84 0 16-7.16 16-16v-16c0-8.84-7.16-16-16-16zm-387.2-48h22.4c6.4 0 12.8-6.4 12.8-12.8v-70.4c0-6.4-6.4-12.8-12.8-12.8h-22.4c-6.4 0-12.8 6.4-12.8 12.8v70.4c0 6.4 6.4 12.8 12.8 12.8z\" class=\"\"><\/path><\/svg><\/i> <img decoding=\"async\" width=\"16\" height=\"16\" alt=\"Loading\" src=\"https:\/\/www.iser.edu.co\/wp-content\/plugins\/page-views-count\/ajax-loader-2x.gif\" border=0 \/><\/p>\n<div class=\"pvc_clear\"><\/div>\n","protected":false},"author":1,"featured_media":0,"parent":0,"menu_order":0,"comment_status":"closed","ping_status":"closed","template":"","meta":{"_kadence_starter_templates_imported_post":false,"_kad_post_transparent":"","_kad_post_title":"hide","_kad_post_layout":"fullwidth","_kad_post_sidebar_id":"","_kad_post_content_style":"unboxed","_kad_post_vertical_padding":"hide","_kad_post_feature":"hide","_kad_post_feature_position":"","_kad_post_header":false,"_kad_post_footer":false,"footnotes":""},"_links":{"self":[{"href":"https:\/\/www.iser.edu.co\/index.php\/wp-json\/wp\/v2\/pages\/5358"}],"collection":[{"href":"https:\/\/www.iser.edu.co\/index.php\/wp-json\/wp\/v2\/pages"}],"about":[{"href":"https:\/\/www.iser.edu.co\/index.php\/wp-json\/wp\/v2\/types\/page"}],"author":[{"embeddable":true,"href":"https:\/\/www.iser.edu.co\/index.php\/wp-json\/wp\/v2\/users\/1"}],"replies":[{"embeddable":true,"href":"https:\/\/www.iser.edu.co\/index.php\/wp-json\/wp\/v2\/comments?post=5358"}],"version-history":[{"count":0,"href":"https:\/\/www.iser.edu.co\/index.php\/wp-json\/wp\/v2\/pages\/5358\/revisions"}],"wp:attachment":[{"href":"https:\/\/www.iser.edu.co\/index.php\/wp-json\/wp\/v2\/media?parent=5358"}],"curies":[{"name":"wp","href":"https:\/\/api.w.org\/{rel}","templated":true}]}}