{"id":7705,"date":"2024-05-05T09:46:25","date_gmt":"2024-05-05T14:46:25","guid":{"rendered":"https:\/\/www.iser.edu.co\/?page_id=7705"},"modified":"2026-02-03T11:31:28","modified_gmt":"2026-02-03T16:31:28","slug":"tramites-y-servicios","status":"publish","type":"page","link":"https:\/\/www.iser.edu.co\/index.php\/tramites-y-servicios\/","title":{"rendered":"Tr\u00e1mites y Servicios"},"content":{"rendered":"\t\t<div data-elementor-type=\"wp-page\" data-elementor-id=\"7705\" class=\"elementor elementor-7705\" data-elementor-post-type=\"page\">\n\t\t\t\t\t\t<section class=\"elementor-section elementor-top-section elementor-element elementor-element-a95eba4 elementor-section-boxed elementor-section-height-default elementor-section-height-default\" data-id=\"a95eba4\" data-element_type=\"section\" data-settings=\"{&quot;jet_parallax_layout_list&quot;:[],&quot;_ha_eqh_enable&quot;:false}\">\n\t\t\t\t\t\t<div class=\"elementor-container elementor-column-gap-default\">\n\t\t\t\t\t<div class=\"elementor-column elementor-col-100 elementor-top-column elementor-element elementor-element-824b753\" data-id=\"824b753\" data-element_type=\"column\">\n\t\t\t<div class=\"elementor-widget-wrap elementor-element-populated\">\n\t\t\t\t\t\t<div class=\"elementor-element elementor-element-c85483a elementor-widget-divider--view-line elementor-widget elementor-widget-divider\" data-id=\"c85483a\" data-element_type=\"widget\" data-widget_type=\"divider.default\">\n\t\t\t\t<div class=\"elementor-widget-container\">\n\t\t\t\t\t<div class=\"elementor-divider\">\n\t\t\t<span class=\"elementor-divider-separator\">\n\t\t\t\t\t\t<\/span>\n\t\t<\/div>\n\t\t\t\t<\/div>\n\t\t\t\t<\/div>\n\t\t\t\t\t<\/div>\n\t\t<\/div>\n\t\t\t\t\t<\/div>\n\t\t<\/section>\n\t\t\t\t<section class=\"elementor-section elementor-top-section elementor-element elementor-element-f90e3ba elementor-section-boxed elementor-section-height-default elementor-section-height-default\" data-id=\"f90e3ba\" data-element_type=\"section\" data-settings=\"{&quot;jet_parallax_layout_list&quot;:[],&quot;_ha_eqh_enable&quot;:false}\">\n\t\t\t\t\t\t<div class=\"elementor-container elementor-column-gap-default\">\n\t\t\t\t\t<div class=\"elementor-column elementor-col-100 elementor-top-column elementor-element elementor-element-d3ef09f\" data-id=\"d3ef09f\" data-element_type=\"column\">\n\t\t\t<div class=\"elementor-widget-wrap elementor-element-populated\">\n\t\t\t\t\t\t<div class=\"elementor-element elementor-element-3d70d77 elementor-widget elementor-widget-heading\" data-id=\"3d70d77\" data-element_type=\"widget\" data-widget_type=\"heading.default\">\n\t\t\t\t<div class=\"elementor-widget-container\">\n\t\t\t<h2 class=\"elementor-heading-title elementor-size-default\">Tr\u00e1mites y Servicios<\/h2>\t\t<\/div>\n\t\t\t\t<\/div>\n\t\t\t\t<div class=\"elementor-element elementor-element-6ef9b6e elementor-widget-divider--view-line elementor-widget elementor-widget-divider\" data-id=\"6ef9b6e\" data-element_type=\"widget\" data-widget_type=\"divider.default\">\n\t\t\t\t<div class=\"elementor-widget-container\">\n\t\t\t\t\t<div class=\"elementor-divider\">\n\t\t\t<span class=\"elementor-divider-separator\">\n\t\t\t\t\t\t<\/span>\n\t\t<\/div>\n\t\t\t\t<\/div>\n\t\t\t\t<\/div>\n\t\t\t\t\t<\/div>\n\t\t<\/div>\n\t\t\t\t\t<\/div>\n\t\t<\/section>\n\t\t\t\t<section class=\"elementor-section elementor-top-section elementor-element elementor-element-c4ef6fb elementor-section-boxed elementor-section-height-default elementor-section-height-default\" data-id=\"c4ef6fb\" data-element_type=\"section\" data-settings=\"{&quot;jet_parallax_layout_list&quot;:[],&quot;_ha_eqh_enable&quot;:false}\">\n\t\t\t\t\t\t<div class=\"elementor-container elementor-column-gap-default\">\n\t\t\t\t\t<div class=\"elementor-column elementor-col-100 elementor-top-column elementor-element elementor-element-c2eb54e\" data-id=\"c2eb54e\" data-element_type=\"column\">\n\t\t\t<div class=\"elementor-widget-wrap elementor-element-populated\">\n\t\t\t\t\t\t<div class=\"elementor-element elementor-element-294e206 elementor-widget elementor-widget-text-editor\" data-id=\"294e206\" data-element_type=\"widget\" data-widget_type=\"text-editor.default\">\n\t\t\t\t<div class=\"elementor-widget-container\">\n\t\t\t\t\t\t\t<div class=\"entry-content\">\u00a0<\/div><p style=\"text-align: center;\"><strong>Tr\u00e1mites y Servicios<\/strong><\/p><ul><li>\u00bfQu\u00e9 es la Ley sobre racionalizaci\u00f3n de tr\u00e1mites y procesos administrativos?<\/li><\/ul><p>Ley 962 de 2005<\/p><ul><li>\u00bfPara qu\u00e9 sirve la Ley 962 de 2005?<\/li><li>\u00bfQu\u00e9 Proh\u00edbe la Ley 962 de 2005?<\/li><li>\u00bfQu\u00e9 busca el Decreto Antitr\u00e1mites 019 de 2012?<\/li><\/ul><p>A continuaci\u00f3n, los tr\u00e1mites certificados por el SUIT que usted puede realizar en el ISER son:<\/p><p>\u00a0<\/p><ul><li><a href=\"https:\/\/www.iser.edu.co\/wp-content\/uploads\/2026\/02\/GD-PPOLITICA-ATENCION-CIUDADANO.pdf\">Pol\u00edtica de atenci\u00f3n del ciudadano<\/a><\/li><li><a href=\"https:\/\/www.iser.edu.co\/wp-content\/uploads\/2026\/02\/GD-MANUAL-ATENCION-AL-CIUDADANO.pdf\">Manual de atenci\u00f3n del ciudadano<\/a><\/li><li><a href=\"https:\/\/www.iser.edu.co\/wp-content\/uploads\/2026\/02\/GD-CARTA-DEL-TRATO-DIGNO.pdf\">Carta del trato digno al ciudadano<\/a><\/li><li><a href=\"https:\/\/www.iser.edu.co\/wp-content\/uploads\/2026\/02\/GD-LINEAMIENTOS-ATENCION-PREFERENCIAL.pdf\">Lineamientos de atenci\u00f3n preferencial<\/a><\/li><li><a href=\"https:\/\/www.iser.edu.co\/wp-content\/uploads\/2026\/02\/GD-CERTIFICACION-CONSTANCIAS-Y-DUPLICADOS.pdf\">Instructivo expedici\u00f3n de certificaciones, constancias y duplicado de documentos<\/a><\/li><li><a href=\"https:\/\/visorsuit.funcionpublica.gov.co\/auth\/visor?fi=24444\" target=\"_blank\" rel=\"noopener nofollow\">Grado de pregrado y posgrado<\/a>\u00a0 \u00a0\u00a0<\/li><li><a href=\"https:\/\/visorsuit.funcionpublica.gov.co\/auth\/visor?fi=35036\" target=\"_blank\" rel=\"noopener nofollow\">Matr\u00edculas aspirantes admitidos a programas de pregrado<\/a><\/li><li><a href=\"https:\/\/visorsuit.funcionpublica.gov.co\/auth\/visor?fi=35037\" target=\"_blank\" rel=\"noopener nofollow\">Cancelaci\u00f3n de la matr\u00edcula acad\u00e9mica<\/a>\u00a0<\/li><li><a href=\"https:\/\/visorsuit.funcionpublica.gov.co\/auth\/visor?fi=39797\" target=\"_blank\" rel=\"noopener nofollow\">Inscripci\u00f3n y matr\u00edcula a programas de trabajo y desarrollo humano<\/a>\u00a0<\/li><li><a href=\"https:\/\/visorsuit.funcionpublica.gov.co\/auth\/visor?fi=11158\" target=\"_blank\" rel=\"noopener nofollow\">Reingreso a un programa acad\u00e9mico<\/a>\u00a0<\/li><li><a href=\"https:\/\/visorsuit.funcionpublica.gov.co\/auth\/visor?fi=14102\" target=\"_blank\" rel=\"noopener nofollow\">Inscripciones aspirantes a programas de pregrados<\/a>\u00a0<\/li><li><a href=\"https:\/\/visorsuit.funcionpublica.gov.co\/auth\/visor?fi=14656\" target=\"_blank\" rel=\"noopener nofollow\">Contenido del programa acad\u00e9mico<\/a>\u00a0<\/li><li><a href=\"https:\/\/visorsuit.funcionpublica.gov.co\/auth\/visor?fi=16048\" target=\"_blank\" rel=\"noopener nofollow\">Registro de asignaturas<\/a>\u00a0<\/li><li><a href=\"https:\/\/visorsuit.funcionpublica.gov.co\/auth\/visor?fi=18901\" target=\"_blank\" rel=\"noopener nofollow\">Carnetizaci\u00f3n<\/a><\/li><li><a href=\"https:\/\/visorsuit.funcionpublica.gov.co\/auth\/visor?fi=21211\" target=\"_blank\" rel=\"noopener nofollow\">Renovaci\u00f3n de matr\u00edcula de estudiantes<\/a><\/li><li><a href=\"https:\/\/visorsuit.funcionpublica.gov.co\/auth\/visor?fi=64843\" target=\"_blank\" rel=\"noopener nofollow\">Transferencia de estudiantes de pregrado<\/a> \u00a0<\/li><li><a href=\"https:\/\/visorsuit.funcionpublica.gov.co\/auth\/visor?fi=75913\" target=\"_blank\" rel=\"noopener nofollow\">Cursos intersemestrales<\/a><\/li><\/ul><p><a href=\"https:\/\/www1.funcionpublica.gov.co\/web\/suit\/buscadortramites\" rel=\"nofollow noopener\" target=\"_blank\">Buscador Tramites SUIT DAFP-INDEXER &#8211; SUIT &#8211; Funci\u00f3n P\u00fablica (funcionpublica.gov.co)<\/a><\/p><p style=\"text-align: justify;\">\u00a0<\/p>\t\t\t\t\t\t<\/div>\n\t\t\t\t<\/div>\n\t\t\t\t\t<\/div>\n\t\t<\/div>\n\t\t\t\t\t<\/div>\n\t\t<\/section>\n\t\t\t\t<\/div>\n\t\t","protected":false},"excerpt":{"rendered":"<p>Tr\u00e1mites y Servicios \u00a0 Tr\u00e1mites y Servicios \u00bfQu\u00e9 es la Ley sobre racionalizaci\u00f3n de tr\u00e1mites y procesos administrativos? Ley 962 de 2005 \u00bfPara qu\u00e9 sirve la Ley 962 de 2005? \u00bfQu\u00e9 Proh\u00edbe la Ley 962 de 2005? \u00bfQu\u00e9 busca el Decreto Antitr\u00e1mites 019 de 2012? A continuaci\u00f3n, los tr\u00e1mites certificados por el SUIT que usted&#8230;<\/p>\n<div class=\"pvc_clear\"><\/div>\n<p id=\"pvc_stats_7705\" class=\"pvc_stats all  \" data-element-id=\"7705\" style=\"\"><i class=\"pvc-stats-icon medium\" aria-hidden=\"true\"><svg aria-hidden=\"true\" focusable=\"false\" data-prefix=\"far\" data-icon=\"chart-bar\" role=\"img\" xmlns=\"http:\/\/www.w3.org\/2000\/svg\" viewBox=\"0 0 512 512\" class=\"svg-inline--fa fa-chart-bar fa-w-16 fa-2x\"><path fill=\"currentColor\" d=\"M396.8 352h22.4c6.4 0 12.8-6.4 12.8-12.8V108.8c0-6.4-6.4-12.8-12.8-12.8h-22.4c-6.4 0-12.8 6.4-12.8 12.8v230.4c0 6.4 6.4 12.8 12.8 12.8zm-192 0h22.4c6.4 0 12.8-6.4 12.8-12.8V140.8c0-6.4-6.4-12.8-12.8-12.8h-22.4c-6.4 0-12.8 6.4-12.8 12.8v198.4c0 6.4 6.4 12.8 12.8 12.8zm96 0h22.4c6.4 0 12.8-6.4 12.8-12.8V204.8c0-6.4-6.4-12.8-12.8-12.8h-22.4c-6.4 0-12.8 6.4-12.8 12.8v134.4c0 6.4 6.4 12.8 12.8 12.8zM496 400H48V80c0-8.84-7.16-16-16-16H16C7.16 64 0 71.16 0 80v336c0 17.67 14.33 32 32 32h464c8.84 0 16-7.16 16-16v-16c0-8.84-7.16-16-16-16zm-387.2-48h22.4c6.4 0 12.8-6.4 12.8-12.8v-70.4c0-6.4-6.4-12.8-12.8-12.8h-22.4c-6.4 0-12.8 6.4-12.8 12.8v70.4c0 6.4 6.4 12.8 12.8 12.8z\" class=\"\"><\/path><\/svg><\/i> <img decoding=\"async\" width=\"16\" height=\"16\" alt=\"Loading\" src=\"https:\/\/www.iser.edu.co\/wp-content\/plugins\/page-views-count\/ajax-loader-2x.gif\" border=0 \/><\/p>\n<div class=\"pvc_clear\"><\/div>\n","protected":false},"author":1,"featured_media":0,"parent":0,"menu_order":0,"comment_status":"closed","ping_status":"closed","template":"","meta":{"_kadence_starter_templates_imported_post":false,"_kad_post_transparent":"","_kad_post_title":"hide","_kad_post_layout":"fullwidth","_kad_post_sidebar_id":"","_kad_post_content_style":"unboxed","_kad_post_vertical_padding":"hide","_kad_post_feature":"hide","_kad_post_feature_position":"","_kad_post_header":false,"_kad_post_footer":false,"footnotes":""},"_links":{"self":[{"href":"https:\/\/www.iser.edu.co\/index.php\/wp-json\/wp\/v2\/pages\/7705"}],"collection":[{"href":"https:\/\/www.iser.edu.co\/index.php\/wp-json\/wp\/v2\/pages"}],"about":[{"href":"https:\/\/www.iser.edu.co\/index.php\/wp-json\/wp\/v2\/types\/page"}],"author":[{"embeddable":true,"href":"https:\/\/www.iser.edu.co\/index.php\/wp-json\/wp\/v2\/users\/1"}],"replies":[{"embeddable":true,"href":"https:\/\/www.iser.edu.co\/index.php\/wp-json\/wp\/v2\/comments?post=7705"}],"version-history":[{"count":5,"href":"https:\/\/www.iser.edu.co\/index.php\/wp-json\/wp\/v2\/pages\/7705\/revisions"}],"predecessor-version":[{"id":22605,"href":"https:\/\/www.iser.edu.co\/index.php\/wp-json\/wp\/v2\/pages\/7705\/revisions\/22605"}],"wp:attachment":[{"href":"https:\/\/www.iser.edu.co\/index.php\/wp-json\/wp\/v2\/media?parent=7705"}],"curies":[{"name":"wp","href":"https:\/\/api.w.org\/{rel}","templated":true}]}}