{"id":7958,"date":"2024-05-05T13:04:09","date_gmt":"2024-05-05T18:04:09","guid":{"rendered":"https:\/\/www.iser.edu.co\/?page_id=7958"},"modified":"2024-07-18T15:51:33","modified_gmt":"2024-07-18T20:51:33","slug":"gestion-documental","status":"publish","type":"page","link":"https:\/\/www.iser.edu.co\/index.php\/gestion-documental\/","title":{"rendered":"Gesti\u00f3n Documental"},"content":{"rendered":"\t\t<div data-elementor-type=\"wp-page\" data-elementor-id=\"7958\" class=\"elementor elementor-7958\" data-elementor-post-type=\"page\">\n\t\t\t\t\t\t<section class=\"elementor-section elementor-top-section elementor-element elementor-element-aa75b42 elementor-section-boxed elementor-section-height-default elementor-section-height-default\" data-id=\"aa75b42\" data-element_type=\"section\" data-settings=\"{&quot;jet_parallax_layout_list&quot;:[],&quot;_ha_eqh_enable&quot;:false}\">\n\t\t\t\t\t\t<div class=\"elementor-container elementor-column-gap-default\">\n\t\t\t\t\t<div class=\"elementor-column elementor-col-100 elementor-top-column elementor-element elementor-element-63a41bb\" data-id=\"63a41bb\" data-element_type=\"column\">\n\t\t\t<div class=\"elementor-widget-wrap elementor-element-populated\">\n\t\t\t\t\t\t<div class=\"elementor-element elementor-element-1ea3d43 elementor-widget-divider--view-line elementor-widget elementor-widget-divider\" data-id=\"1ea3d43\" data-element_type=\"widget\" data-widget_type=\"divider.default\">\n\t\t\t\t<div class=\"elementor-widget-container\">\n\t\t\t\t\t<div class=\"elementor-divider\">\n\t\t\t<span class=\"elementor-divider-separator\">\n\t\t\t\t\t\t<\/span>\n\t\t<\/div>\n\t\t\t\t<\/div>\n\t\t\t\t<\/div>\n\t\t\t\t\t<\/div>\n\t\t<\/div>\n\t\t\t\t\t<\/div>\n\t\t<\/section>\n\t\t\t\t<section class=\"elementor-section elementor-top-section elementor-element elementor-element-7ec9eb4 elementor-section-boxed elementor-section-height-default elementor-section-height-default\" data-id=\"7ec9eb4\" data-element_type=\"section\" data-settings=\"{&quot;jet_parallax_layout_list&quot;:[],&quot;_ha_eqh_enable&quot;:false}\">\n\t\t\t\t\t\t<div class=\"elementor-container elementor-column-gap-default\">\n\t\t\t\t\t<div class=\"elementor-column elementor-col-100 elementor-top-column elementor-element elementor-element-3b5ac3c\" data-id=\"3b5ac3c\" data-element_type=\"column\">\n\t\t\t<div class=\"elementor-widget-wrap elementor-element-populated\">\n\t\t\t\t\t\t<div class=\"elementor-element elementor-element-9c998d7 elementor-widget elementor-widget-heading\" data-id=\"9c998d7\" data-element_type=\"widget\" data-widget_type=\"heading.default\">\n\t\t\t\t<div class=\"elementor-widget-container\">\n\t\t\t<h2 class=\"elementor-heading-title elementor-size-default\">Gesti\u00f3n Documental<\/h2>\t\t<\/div>\n\t\t\t\t<\/div>\n\t\t\t\t<div class=\"elementor-element elementor-element-14feea9 elementor-widget-divider--view-line elementor-widget elementor-widget-divider\" data-id=\"14feea9\" data-element_type=\"widget\" data-widget_type=\"divider.default\">\n\t\t\t\t<div class=\"elementor-widget-container\">\n\t\t\t\t\t<div class=\"elementor-divider\">\n\t\t\t<span class=\"elementor-divider-separator\">\n\t\t\t\t\t\t<\/span>\n\t\t<\/div>\n\t\t\t\t<\/div>\n\t\t\t\t<\/div>\n\t\t\t\t\t<\/div>\n\t\t<\/div>\n\t\t\t\t\t<\/div>\n\t\t<\/section>\n\t\t\t\t<section class=\"elementor-section elementor-top-section elementor-element elementor-element-4df5838 elementor-section-boxed elementor-section-height-default elementor-section-height-default\" data-id=\"4df5838\" data-element_type=\"section\" data-settings=\"{&quot;jet_parallax_layout_list&quot;:[],&quot;_ha_eqh_enable&quot;:false}\">\n\t\t\t\t\t\t<div class=\"elementor-container elementor-column-gap-default\">\n\t\t\t\t\t<div class=\"elementor-column elementor-col-50 elementor-top-column elementor-element elementor-element-9da5d97\" data-id=\"9da5d97\" data-element_type=\"column\">\n\t\t\t<div class=\"elementor-widget-wrap elementor-element-populated\">\n\t\t\t\t\t\t<div class=\"elementor-element elementor-element-659db68 elementor-widget elementor-widget-text-editor\" data-id=\"659db68\" data-element_type=\"widget\" data-widget_type=\"text-editor.default\">\n\t\t\t\t<div class=\"elementor-widget-container\">\n\t\t\t\t\t\t\t<ul><li style=\"text-align: justify;\"><a href=\"https:\/\/www.iser.edu.co\/wp-content\/uploads\/2024\/05\/resolucion_392_26_agosto.pdf\"><strong>Resoluci\u00f3n 392 del 26 de agosto de 2019<\/strong><\/a> \u201cPor la cual se adoptan los instrumentos archiv\u00edsticos y de gesti\u00f3n de la informaci\u00f3n p\u00fablica.<\/li><\/ul>\t\t\t\t\t\t<\/div>\n\t\t\t\t<\/div>\n\t\t\t\t<section class=\"elementor-section elementor-inner-section elementor-element elementor-element-530b2dd elementor-section-boxed elementor-section-height-default elementor-section-height-default\" data-id=\"530b2dd\" data-element_type=\"section\" data-settings=\"{&quot;jet_parallax_layout_list&quot;:[],&quot;_ha_eqh_enable&quot;:false}\">\n\t\t\t\t\t\t<div class=\"elementor-container elementor-column-gap-default\">\n\t\t\t\t\t<div class=\"elementor-column elementor-col-100 elementor-inner-column elementor-element elementor-element-755be4e\" data-id=\"755be4e\" data-element_type=\"column\">\n\t\t\t<div class=\"elementor-widget-wrap elementor-element-populated\">\n\t\t\t\t\t\t<div class=\"elementor-element elementor-element-c2a3306 elementor-widget elementor-widget-toggle\" data-id=\"c2a3306\" data-element_type=\"widget\" data-widget_type=\"toggle.default\">\n\t\t\t\t<div class=\"elementor-widget-container\">\n\t\t\t\t\t<div class=\"elementor-toggle\">\n\t\t\t\t\t\t\t<div class=\"elementor-toggle-item\">\n\t\t\t\t\t<div id=\"elementor-tab-title-2041\" class=\"elementor-tab-title\" data-tab=\"1\" role=\"button\" aria-controls=\"elementor-tab-content-2041\" aria-expanded=\"false\">\n\t\t\t\t\t\t\t\t\t\t\t\t<span class=\"elementor-toggle-icon elementor-toggle-icon-left\" aria-hidden=\"true\">\n\t\t\t\t\t\t\t\t\t\t\t\t\t\t\t<span class=\"elementor-toggle-icon-closed\"><i class=\"fas fa-angle-double-down\"><\/i><\/span>\n\t\t\t\t\t\t\t\t<span class=\"elementor-toggle-icon-opened\"><i class=\"elementor-toggle-icon-opened fas fa-angle-double-up\"><\/i><\/span>\n\t\t\t\t\t\t\t\t\t\t\t\t\t<\/span>\n\t\t\t\t\t\t\t\t\t\t\t\t<a class=\"elementor-toggle-title\" tabindex=\"0\"><center> Instrumentos Gesti\u00f3n de la Informaci\u00f3n P\u00fablica <\/center><\/a>\n\t\t\t\t\t<\/div>\n\n\t\t\t\t\t<div id=\"elementor-tab-content-2041\" class=\"elementor-tab-content elementor-clearfix\" data-tab=\"1\" role=\"region\" aria-labelledby=\"elementor-tab-title-2041\"><ul><li><span style=\"color: #000000;\"><a class=\"kt-lightbox\" style=\"color: #000000;\" href=\"https:\/\/www.iser.edu.co\/wp-content\/uploads\/2024\/05\/certif_archivo_general_nacion.jpg\" target=\"_blank\" rel=\"noopener\">Certificaci\u00f3n de Inscripci\u00f3n Registro \u00danico de Series Documentales<\/a>\u00a0\u2013\u00a0<a href=\"https:\/\/www.iser.edu.co\/wp-content\/uploads\/2024\/05\/certif_archivo_general_nacion.jpg\" target=\"_blank\" rel=\"noopener\">TRD 23<\/a><\/span><\/li><li><span style=\"color: #000000;\"><a style=\"color: #000000;\" href=\"https:\/\/www.iser.edu.co\/wp-content\/uploads\/2024\/05\/acta_eliminacion_documentos.pdf\" target=\"_blank\" rel=\"noopener\">Acta de Eliminaci\u00f3n Documentos de Archivo \u2013 Aprobaci\u00f3n Comit\u00e9 de Archivo febrero 23 de 2016<\/a><\/span><\/li><li><span style=\"color: #000000;\"><a style=\"color: #000000;\" href=\"https:\/\/www.iser.edu.co\/wp-content\/uploads\/2024\/05\/gd_acta_elimina_doc_210519.pdf\" target=\"_blank\" rel=\"noopener\">Acta de eliminaci\u00f3n de documentos 21 de mayo de 2019<\/a><\/span><\/li><li><span style=\"color: #000000;\"><a style=\"color: #000000;\" href=\"https:\/\/www.iser.edu.co\/wp-content\/uploads\/2024\/05\/gd_acta_elimina_doc_300519.pdf\" target=\"_blank\" rel=\"noopener\">Acta de eliminaci\u00f3n de documentos 30 de mayo de 2019<\/a><\/span><\/li><li><span style=\"color: #000000;\"><a style=\"color: #000000;\" href=\"https:\/\/www.iser.edu.co\/wp-content\/uploads\/2024\/05\/acta_eliminacion_003_2019.pdf\" target=\"_blank\" rel=\"noopener\">Acta 003 de eliminaci\u00f3n de documentos 18 de diciembre de 2019<\/a><\/span><\/li><li><span style=\"color: #000000;\"><a style=\"color: #000000;\" href=\"https:\/\/www.iser.edu.co\/wp-content\/uploads\/2024\/05\/acta_eliminacion_004_2019.pdf\" target=\"_blank\" rel=\"noopener\">Acta 004 de eliminaci\u00f3n de documentos 18 de diciembre de 2019<\/a>\u00a0<\/span><\/li><li><a href=\"https:\/\/www.iser.edu.co\/wp-content\/uploads\/2024\/05\/gd_reg_activos_informacion-2.xls\"><span style=\"color: #000000;\">Registro de Activos de Informaci\u00f3n<\/span><\/a><\/li><li><span style=\"color: #000000;\"><a style=\"color: #000000;\" href=\"https:\/\/www.iser.edu.co\/wp-content\/uploads\/2024\/05\/gd_indice_inf_clas_reserv-1.xls\" target=\"_blank\" rel=\"noopener\">\u00cdndice de Informaci\u00f3n Clasificada y Reservada<\/a><\/span><\/li><li><span style=\"color: #000000;\"><a style=\"color: #000000;\" href=\"https:\/\/www.iser.edu.co\/wp-content\/uploads\/2024\/05\/gd_esquema_inf_publicada.xls\" target=\"_blank\" rel=\"noopener\">Esquema de Publicaci\u00f3n de Informaci\u00f3n<\/a><\/span><\/li><li><span style=\"color: #000000;\"><a style=\"color: #000000;\" href=\"https:\/\/www.iser.edu.co\/wp-content\/uploads\/2024\/05\/resolucion_192_16_mayo.pdf\" target=\"_blank\" rel=\"noopener\">Costo de Reproducci\u00f3n de Documentos<\/a><\/span><\/li><li><span style=\"color: #000000;\"><a style=\"color: #000000;\" href=\"https:\/\/www.iser.edu.co\/wp-content\/uploads\/2024\/05\/gd_plan_inst_archivo_pinar.pdf\" target=\"_blank\" rel=\"noopener\">Plan Institucional de Archivos \u2013 PINAR<\/a><\/span><\/li><li><span style=\"color: #000000;\"><a style=\"color: #000000;\" href=\"https:\/\/www.iser.edu.co\/wp-content\/uploads\/2024\/05\/gd_certificado_rusd_tvd.pdf\" target=\"_blank\" rel=\"noopener\">Programa de Gesti\u00f3n Documental<\/a><\/span><\/li><li><span style=\"color: #000000;\"><a style=\"color: #000000;\" href=\"https:\/\/www.iser.edu.co\/wp-content\/uploads\/2024\/05\/gd_cuadro_clasif_documental.pdf\" target=\"_blank\" rel=\"noopener\">Cuadro de Clasificaci\u00f3n Documental<\/a><\/span><\/li><li><span style=\"color: #000000;\"><a style=\"color: #000000;\" href=\"https:\/\/www.iser.edu.co\/wp-content\/uploads\/2024\/05\/gd_certificado_rusd_tvd.pdf\" target=\"_blank\" rel=\"noopener\">Certificado RUSD \u2013 TVD<\/a><\/span><\/li><li><span style=\"color: #000000;\"><a style=\"color: #000000;\" href=\"https:\/\/www.iser.edu.co\/index.php\/tramites-y-servicios\/\">Tr\u00e1mites y Servicios Inscritos en SUIT<\/a><\/span><\/li><\/ul><\/div>\n\t\t\t\t<\/div>\n\t\t\t\t\t\t\t\t<\/div>\n\t\t\t\t<\/div>\n\t\t\t\t<\/div>\n\t\t\t\t\t<\/div>\n\t\t<\/div>\n\t\t\t\t\t<\/div>\n\t\t<\/section>\n\t\t\t\t\t<\/div>\n\t\t<\/div>\n\t\t\t\t<div class=\"elementor-column elementor-col-50 elementor-top-column elementor-element elementor-element-083188a\" data-id=\"083188a\" data-element_type=\"column\">\n\t\t\t<div class=\"elementor-widget-wrap elementor-element-populated\">\n\t\t\t\t\t\t<div class=\"elementor-element elementor-element-c916ead elementor-widget elementor-widget-text-editor\" data-id=\"c916ead\" data-element_type=\"widget\" data-widget_type=\"text-editor.default\">\n\t\t\t\t<div class=\"elementor-widget-container\">\n\t\t\t\t\t\t\t<ul><li style=\"text-align: justify;\"><strong><a href=\"https:\/\/www.iser.edu.co\/wp-content\/uploads\/2024\/05\/trd_acuerdo_021_2015.pdf\" target=\"_blank\" rel=\"noopener\">Acuerdo 021 de 2015<\/a>\u00a0<\/strong>del Consejo Departamental de Archivos de Norte de Santander \u201cPor el cual se convalidan las Tablas de Retenci\u00f3n Documental del Instituto Superior de Educaci\u00f3n Rural \u2013 ISER de Pamplona, Norte de Santander<\/li><\/ul>\t\t\t\t\t\t<\/div>\n\t\t\t\t<\/div>\n\t\t\t\t<section class=\"elementor-section elementor-inner-section elementor-element elementor-element-695ec88 elementor-section-boxed elementor-section-height-default elementor-section-height-default\" data-id=\"695ec88\" data-element_type=\"section\" data-settings=\"{&quot;jet_parallax_layout_list&quot;:[],&quot;_ha_eqh_enable&quot;:false}\">\n\t\t\t\t\t\t<div class=\"elementor-container elementor-column-gap-default\">\n\t\t\t\t\t<div class=\"elementor-column elementor-col-100 elementor-inner-column elementor-element elementor-element-a6f5dfe\" data-id=\"a6f5dfe\" data-element_type=\"column\">\n\t\t\t<div class=\"elementor-widget-wrap elementor-element-populated\">\n\t\t\t\t\t\t<div class=\"elementor-element elementor-element-37d4bf4 elementor-widget elementor-widget-toggle\" data-id=\"37d4bf4\" data-element_type=\"widget\" data-widget_type=\"toggle.default\">\n\t\t\t\t<div class=\"elementor-widget-container\">\n\t\t\t\t\t<div class=\"elementor-toggle\">\n\t\t\t\t\t\t\t<div class=\"elementor-toggle-item\">\n\t\t\t\t\t<div id=\"elementor-tab-title-5851\" class=\"elementor-tab-title\" data-tab=\"1\" role=\"button\" aria-controls=\"elementor-tab-content-5851\" aria-expanded=\"false\">\n\t\t\t\t\t\t\t\t\t\t\t\t<span class=\"elementor-toggle-icon elementor-toggle-icon-left\" aria-hidden=\"true\">\n\t\t\t\t\t\t\t\t\t\t\t\t\t\t\t<span class=\"elementor-toggle-icon-closed\"><i class=\"fas fa-angle-double-down\"><\/i><\/span>\n\t\t\t\t\t\t\t\t<span class=\"elementor-toggle-icon-opened\"><i class=\"elementor-toggle-icon-opened fas fa-angle-double-up\"><\/i><\/span>\n\t\t\t\t\t\t\t\t\t\t\t\t\t<\/span>\n\t\t\t\t\t\t\t\t\t\t\t\t<a class=\"elementor-toggle-title\" tabindex=\"0\"><center> Tablas de Valoraci\u00f3n Documental <\/center><\/a>\n\t\t\t\t\t<\/div>\n\n\t\t\t\t\t<div id=\"elementor-tab-content-5851\" class=\"elementor-tab-content elementor-clearfix\" data-tab=\"1\" role=\"region\" aria-labelledby=\"elementor-tab-title-5851\"><ul><li><span style=\"color: #000000;\"><a style=\"color: #000000;\" href=\"https:\/\/www.iser.edu.co\/wp-content\/uploads\/2024\/05\/Tabla-de-Valoracion-Documental_Periodo-1956-1962.pdf\" target=\"_blank\" rel=\"noopener\">Periodo 1956 \u2013 1962<\/a><\/span><\/li><li><span style=\"color: #000000;\"><a style=\"color: #000000;\" href=\"https:\/\/www.iser.edu.co\/wp-content\/uploads\/2024\/05\/Tabla-de-Valoracion-Documental_Periodo-1963-1988.pdf\" target=\"_blank\" rel=\"noopener\">Periodo 1963 \u2013 1988<\/a><\/span><\/li><li><span style=\"color: #000000;\"><a style=\"color: #000000;\" href=\"https:\/\/www.iser.edu.co\/wp-content\/uploads\/2024\/05\/Tabla-de-Valoracion-Documental_Periodo-1989-2003.pdf\" target=\"_blank\" rel=\"noopener\">Periodo 1989 \u2013 2003<\/a><\/span><\/li><\/ul><\/div>\n\t\t\t\t<\/div>\n\t\t\t\t\t\t\t\t<\/div>\n\t\t\t\t<\/div>\n\t\t\t\t<\/div>\n\t\t\t\t\t<\/div>\n\t\t<\/div>\n\t\t\t\t\t<\/div>\n\t\t<\/section>\n\t\t\t\t\t<\/div>\n\t\t<\/div>\n\t\t\t\t\t<\/div>\n\t\t<\/section>\n\t\t\t\t<section class=\"elementor-section elementor-top-section elementor-element elementor-element-a6b51ea elementor-section-boxed elementor-section-height-default elementor-section-height-default\" data-id=\"a6b51ea\" data-element_type=\"section\" data-settings=\"{&quot;jet_parallax_layout_list&quot;:[],&quot;_ha_eqh_enable&quot;:false}\">\n\t\t\t\t\t\t<div class=\"elementor-container elementor-column-gap-default\">\n\t\t\t\t\t<div class=\"elementor-column elementor-col-100 elementor-top-column elementor-element elementor-element-027b086\" data-id=\"027b086\" data-element_type=\"column\">\n\t\t\t<div class=\"elementor-widget-wrap elementor-element-populated\">\n\t\t\t\t\t\t<div class=\"elementor-element elementor-element-a6885ea elementor-widget-divider--view-line elementor-widget elementor-widget-divider\" data-id=\"a6885ea\" data-element_type=\"widget\" data-widget_type=\"divider.default\">\n\t\t\t\t<div class=\"elementor-widget-container\">\n\t\t\t\t\t<div class=\"elementor-divider\">\n\t\t\t<span class=\"elementor-divider-separator\">\n\t\t\t\t\t\t<\/span>\n\t\t<\/div>\n\t\t\t\t<\/div>\n\t\t\t\t<\/div>\n\t\t\t\t\t<\/div>\n\t\t<\/div>\n\t\t\t\t\t<\/div>\n\t\t<\/section>\n\t\t\t\t<section class=\"elementor-section elementor-top-section elementor-element elementor-element-0b5dd81 elementor-section-boxed elementor-section-height-default elementor-section-height-default\" data-id=\"0b5dd81\" data-element_type=\"section\" data-settings=\"{&quot;jet_parallax_layout_list&quot;:[],&quot;_ha_eqh_enable&quot;:false}\">\n\t\t\t\t\t\t<div class=\"elementor-container elementor-column-gap-default\">\n\t\t\t\t\t<div class=\"elementor-column elementor-col-100 elementor-top-column elementor-element elementor-element-f4c4c6f\" data-id=\"f4c4c6f\" data-element_type=\"column\">\n\t\t\t<div class=\"elementor-widget-wrap\">\n\t\t\t\t\t\t\t<\/div>\n\t\t<\/div>\n\t\t\t\t\t<\/div>\n\t\t<\/section>\n\t\t\t\t<section class=\"elementor-section elementor-top-section elementor-element elementor-element-fdec774 elementor-section-boxed elementor-section-height-default elementor-section-height-default\" data-id=\"fdec774\" data-element_type=\"section\" data-settings=\"{&quot;jet_parallax_layout_list&quot;:[],&quot;_ha_eqh_enable&quot;:false}\">\n\t\t\t\t\t\t<div class=\"elementor-container elementor-column-gap-default\">\n\t\t\t\t\t<div class=\"elementor-column elementor-col-100 elementor-top-column elementor-element elementor-element-675e084\" data-id=\"675e084\" data-element_type=\"column\">\n\t\t\t<div class=\"elementor-widget-wrap elementor-element-populated\">\n\t\t\t\t\t\t<div class=\"elementor-element elementor-element-16e05a2 elementor-widget elementor-widget-text-editor\" data-id=\"16e05a2\" data-element_type=\"widget\" data-widget_type=\"text-editor.default\">\n\t\t\t\t<div class=\"elementor-widget-container\">\n\t\t\t\t\t\t\t<table style=\"font-family: var(--global-body-font-family);\" width=\"483\"><tbody><tr><td><p style=\"text-align: center;\"><strong>Dependencia<\/strong><\/p><\/td><td><p style=\"text-align: center;\"><strong>Descargar Documento<\/strong><\/p><\/td><\/tr><tr><td><p>Rectoria<\/p><\/td><td><p style=\"text-align: center;\"><a href=\"https:\/\/www.iser.edu.co\/wp-content\/uploads\/2024\/05\/trd_100_rectoria.pdf\" target=\"_blank\" rel=\"noopener\">TRD \u2013 100<\/a><\/p><\/td><\/tr><tr><td><p>Presupuesto<\/p><\/td><td><p style=\"text-align: center;\"><a href=\"https:\/\/www.iser.edu.co\/wp-content\/uploads\/2024\/05\/trd_101_presupuesto.pdf\" target=\"_blank\" rel=\"noopener\">TRD \u2013 101<\/a><\/p><\/td><\/tr><tr><td><p>Control Interno<\/p><\/td><td><p style=\"text-align: center;\"><a href=\"https:\/\/www.iser.edu.co\/wp-content\/uploads\/2024\/05\/trd_102_control_interno.pdf\" target=\"_blank\" rel=\"noopener\">TRD \u2013 102<\/a><\/p><\/td><\/tr><tr><td><p>Planeaci\u00f3n y Mercadeo<\/p><\/td><td><p style=\"text-align: center;\"><a href=\"https:\/\/www.iser.edu.co\/wp-content\/uploads\/2024\/05\/trd_103_planeacion_mercadeo.pdf\" target=\"_blank\" rel=\"noopener\">TRD \u2013 103<\/a><\/p><\/td><\/tr><tr><td><p>Pagadur\u00eda<\/p><\/td><td><p style=\"text-align: center;\"><a href=\"https:\/\/www.iser.edu.co\/wp-content\/uploads\/2024\/05\/trd_104_pagaduria.pdf\" target=\"_blank\" rel=\"noopener\">TRD \u2013 104<\/a><\/p><\/td><\/tr><tr><td><p>Asesor\u00eda Jur\u00edca<\/p><\/td><td><p style=\"text-align: center;\"><a href=\"https:\/\/www.iser.edu.co\/wp-content\/uploads\/2024\/05\/trd_105_juridica.pdf\" target=\"_blank\" rel=\"noopener\">TRD \u2013 105<\/a><\/p><\/td><\/tr><tr><td><p>Secretar\u00eda General<\/p><\/td><td><p style=\"text-align: center;\"><a href=\"https:\/\/www.iser.edu.co\/wp-content\/uploads\/2024\/05\/trd_200_sec_general.pdf\" target=\"_blank\" rel=\"noopener\">TRD \u2013 200<\/a><\/p><\/td><\/tr><tr><td><p>Contabilidad<\/p><\/td><td><p style=\"text-align: center;\"><a href=\"https:\/\/www.iser.edu.co\/wp-content\/uploads\/2024\/05\/trd_201_contabilidad.pdf\" target=\"_blank\" rel=\"noopener\">TRD \u2013 201<\/a><\/p><\/td><\/tr><tr><td><p>Talento Humano y Bienstar Institucional<\/p><\/td><td><p style=\"text-align: center;\"><a href=\"https:\/\/www.iser.edu.co\/wp-content\/uploads\/2024\/05\/trd_202_talento_bienestar.pdf\" target=\"_blank\" rel=\"noopener\">TRD \u2013 202<\/a><\/p><\/td><\/tr><tr><td><p style=\"text-align: left;\">Cartera<\/p><\/td><td><p style=\"text-align: center;\"><a href=\"https:\/\/www.iser.edu.co\/wp-content\/uploads\/2024\/05\/trd_203_cartera.pdf\" target=\"_blank\" rel=\"noopener\">TRD \u2013 203<\/a><\/p><\/td><\/tr><tr><td><p>Almac\u00e9n y Servicios Generales<\/p><\/td><td><p style=\"text-align: center;\"><a href=\"https:\/\/www.iser.edu.co\/wp-content\/uploads\/2024\/05\/trd_204_almacen_serv_generales.pdf\" target=\"_blank\" rel=\"noopener\">TRD \u2013 204<\/a><\/p><\/td><\/tr><tr><td><p>Archivo<\/p><\/td><td><p style=\"text-align: center;\"><a href=\"https:\/\/www.iser.edu.co\/wp-content\/uploads\/2024\/05\/trd_205_archivo.pdf\" target=\"_blank\" rel=\"noopener\">TRD \u2013 205<\/a><\/p><\/td><\/tr><tr><td><p>Recepci\u00f3n y Correspondencia<\/p><\/td><td><p style=\"text-align: center;\"><a href=\"https:\/\/www.iser.edu.co\/wp-content\/uploads\/2024\/05\/trd_206_recepcion_corresponden.pdf\" target=\"_blank\" rel=\"noopener\">TRD \u2013 206<\/a><\/p><\/td><\/tr><tr><td><p>Vicerrector\u00eda Acad\u00e9mica<\/p><\/td><td><p style=\"text-align: center;\"><a href=\"https:\/\/www.iser.edu.co\/wp-content\/uploads\/2024\/05\/trd_300_vice_academica.pdf\" target=\"_blank\" rel=\"noopener\">TRD \u2013 300<\/a><\/p><\/td><\/tr><tr><td><p>Coordinaci\u00f3n de Sistemas<\/p><\/td><td><p style=\"text-align: center;\"><a href=\"https:\/\/www.iser.edu.co\/wp-content\/uploads\/2024\/05\/trd_301_sistemas.pdf\" target=\"_blank\" rel=\"noopener\">TRD \u2013 301<\/a><\/p><\/td><\/tr><tr><td><p>Admisiones, Registro y Control<\/p><\/td><td><p style=\"text-align: center;\"><a href=\"https:\/\/www.iser.edu.co\/wp-content\/uploads\/2024\/05\/trd_302_registro_y_control.pdf\" target=\"_blank\" rel=\"noopener\">TRD \u2013 302<\/a><\/p><\/td><\/tr><tr><td><p>Biblioteca<\/p><\/td><td><p style=\"text-align: center;\"><a href=\"https:\/\/www.iser.edu.co\/wp-content\/uploads\/2024\/05\/trd_303_biblioteca.pdf\" target=\"_blank\" rel=\"noopener\">TRD \u2013 303<\/a><\/p><\/td><\/tr><tr><td><p>Laboratorios<\/p><\/td><td><p style=\"text-align: center;\"><a href=\"https:\/\/www.iser.edu.co\/wp-content\/uploads\/2024\/05\/trd_304_laboratorios.pdf\" target=\"_blank\" rel=\"noopener\">TRD \u2013 304<\/a><\/p><\/td><\/tr><tr><td><p>Publicaciones<\/p><\/td><td><p style=\"text-align: center;\"><a href=\"https:\/\/www.iser.edu.co\/wp-content\/uploads\/2024\/05\/trd_305_publicaciones.pdf\" target=\"_blank\" rel=\"noopener\">TRD \u2013 305<\/a><\/p><\/td><\/tr><tr><td><p>Unidad de Ciencias Sociales y Administrativas<\/p><\/td><td><p style=\"text-align: center;\"><a href=\"https:\/\/www.iser.edu.co\/wp-content\/uploads\/2024\/05\/trd_310_unidad_sociales.pdf\" target=\"_blank\" rel=\"noopener\">TRD \u2013 310<\/a><\/p><\/td><\/tr><tr><td><p>Unidad de ingenier\u00edas e Inform\u00e1tica<\/p><\/td><td><p style=\"text-align: center;\"><a href=\"https:\/\/www.iser.edu.co\/wp-content\/uploads\/2024\/05\/trd_310_unidad_ingenierias.pdf\" target=\"_blank\" rel=\"noopener\">TRD \u2013 320<\/a><\/p><\/td><\/tr><tr><td><p>Granjas<\/p><\/td><td><p style=\"text-align: center;\"><a href=\"https:\/\/www.iser.edu.co\/wp-content\/uploads\/2024\/05\/trd_321_granjas.pdf\" target=\"_blank\" rel=\"noopener\">TRD \u2013 321<\/a><\/p><\/td><\/tr><tr><td><p>Unidad de Estudios Virtuales y a Distancia<\/p><\/td><td><p style=\"text-align: center;\"><a href=\"https:\/\/www.iser.edu.co\/wp-content\/uploads\/2024\/05\/trd_330_unidad_distancia.pdf\" target=\"_blank\" rel=\"noopener\">TRD \u2013 330<\/a><\/p><\/td><\/tr><\/tbody><\/table>\t\t\t\t\t\t<\/div>\n\t\t\t\t<\/div>\n\t\t\t\t<div class=\"elementor-element elementor-element-4849271 elementor-widget-divider--view-line elementor-widget elementor-widget-divider\" data-id=\"4849271\" data-element_type=\"widget\" data-widget_type=\"divider.default\">\n\t\t\t\t<div class=\"elementor-widget-container\">\n\t\t\t\t\t<div class=\"elementor-divider\">\n\t\t\t<span class=\"elementor-divider-separator\">\n\t\t\t\t\t\t<\/span>\n\t\t<\/div>\n\t\t\t\t<\/div>\n\t\t\t\t<\/div>\n\t\t\t\t\t<\/div>\n\t\t<\/div>\n\t\t\t\t\t<\/div>\n\t\t<\/section>\n\t\t\t\t<\/div>\n\t\t","protected":false},"excerpt":{"rendered":"<p>Gesti\u00f3n Documental Resoluci\u00f3n 392 del 26 de agosto de 2019 \u201cPor la cual se adoptan los instrumentos archiv\u00edsticos y de gesti\u00f3n de la informaci\u00f3n p\u00fablica. Instrumentos Gesti\u00f3n de la Informaci\u00f3n P\u00fablica Certificaci\u00f3n de Inscripci\u00f3n Registro \u00danico de Series Documentales\u00a0\u2013\u00a0TRD 23 Acta de Eliminaci\u00f3n Documentos de Archivo \u2013 Aprobaci\u00f3n Comit\u00e9 de Archivo febrero 23 de 2016&#8230;<\/p>\n<div class=\"pvc_clear\"><\/div>\n<p id=\"pvc_stats_7958\" class=\"pvc_stats all  \" data-element-id=\"7958\" style=\"\"><i class=\"pvc-stats-icon medium\" aria-hidden=\"true\"><svg aria-hidden=\"true\" focusable=\"false\" data-prefix=\"far\" data-icon=\"chart-bar\" role=\"img\" xmlns=\"http:\/\/www.w3.org\/2000\/svg\" viewBox=\"0 0 512 512\" class=\"svg-inline--fa fa-chart-bar fa-w-16 fa-2x\"><path fill=\"currentColor\" d=\"M396.8 352h22.4c6.4 0 12.8-6.4 12.8-12.8V108.8c0-6.4-6.4-12.8-12.8-12.8h-22.4c-6.4 0-12.8 6.4-12.8 12.8v230.4c0 6.4 6.4 12.8 12.8 12.8zm-192 0h22.4c6.4 0 12.8-6.4 12.8-12.8V140.8c0-6.4-6.4-12.8-12.8-12.8h-22.4c-6.4 0-12.8 6.4-12.8 12.8v198.4c0 6.4 6.4 12.8 12.8 12.8zm96 0h22.4c6.4 0 12.8-6.4 12.8-12.8V204.8c0-6.4-6.4-12.8-12.8-12.8h-22.4c-6.4 0-12.8 6.4-12.8 12.8v134.4c0 6.4 6.4 12.8 12.8 12.8zM496 400H48V80c0-8.84-7.16-16-16-16H16C7.16 64 0 71.16 0 80v336c0 17.67 14.33 32 32 32h464c8.84 0 16-7.16 16-16v-16c0-8.84-7.16-16-16-16zm-387.2-48h22.4c6.4 0 12.8-6.4 12.8-12.8v-70.4c0-6.4-6.4-12.8-12.8-12.8h-22.4c-6.4 0-12.8 6.4-12.8 12.8v70.4c0 6.4 6.4 12.8 12.8 12.8z\" class=\"\"><\/path><\/svg><\/i> <img decoding=\"async\" width=\"16\" height=\"16\" alt=\"Loading\" src=\"https:\/\/www.iser.edu.co\/wp-content\/plugins\/page-views-count\/ajax-loader-2x.gif\" border=0 \/><\/p>\n<div class=\"pvc_clear\"><\/div>\n","protected":false},"author":1,"featured_media":0,"parent":0,"menu_order":0,"comment_status":"closed","ping_status":"closed","template":"","meta":{"_kadence_starter_templates_imported_post":false,"_kad_post_transparent":"","_kad_post_title":"hide","_kad_post_layout":"fullwidth","_kad_post_sidebar_id":"","_kad_post_content_style":"unboxed","_kad_post_vertical_padding":"hide","_kad_post_feature":"hide","_kad_post_feature_position":"","_kad_post_header":false,"_kad_post_footer":false,"footnotes":""},"_links":{"self":[{"href":"https:\/\/www.iser.edu.co\/index.php\/wp-json\/wp\/v2\/pages\/7958"}],"collection":[{"href":"https:\/\/www.iser.edu.co\/index.php\/wp-json\/wp\/v2\/pages"}],"about":[{"href":"https:\/\/www.iser.edu.co\/index.php\/wp-json\/wp\/v2\/types\/page"}],"author":[{"embeddable":true,"href":"https:\/\/www.iser.edu.co\/index.php\/wp-json\/wp\/v2\/users\/1"}],"replies":[{"embeddable":true,"href":"https:\/\/www.iser.edu.co\/index.php\/wp-json\/wp\/v2\/comments?post=7958"}],"version-history":[{"count":0,"href":"https:\/\/www.iser.edu.co\/index.php\/wp-json\/wp\/v2\/pages\/7958\/revisions"}],"wp:attachment":[{"href":"https:\/\/www.iser.edu.co\/index.php\/wp-json\/wp\/v2\/media?parent=7958"}],"curies":[{"name":"wp","href":"https:\/\/api.w.org\/{rel}","templated":true}]}}